{"id":468,"date":"2025-01-22T15:25:58","date_gmt":"2025-01-22T18:25:58","guid":{"rendered":"https:\/\/wp.ufpel.edu.br\/redeteabrasil\/?page_id=468"},"modified":"2025-07-19T16:23:42","modified_gmt":"2025-07-19T19:23:42","slug":"inclusao-social","status":"publish","type":"page","link":"https:\/\/wp.ufpel.edu.br\/redeteabrasil\/inclusao-social\/","title":{"rendered":"Inclus\u00e3o Social"},"content":{"rendered":"<p style=\"padding-left: 40px;\"><span style=\"font-weight: 400;\">A categoria de <strong>INCLUS\u00c3O SOCIAL<\/strong> re\u00fane leis que incentivam a inclus\u00e3o e acessibilidade das pessoas com TEA em diferentes espa\u00e7os e contextos.<\/span><\/p>\n<table dir=\"ltr\" style=\"width: 694px;\" border=\"0\" cellspacing=\"20\" cellpadding=\"20\" data-sheets-root=\"1\" data-sheets-baot=\"1\">\n<colgroup>\n<col width=\"100\" \/>\n<col width=\"100\" \/>\n<col width=\"303\" \/><\/colgroup>\n<tbody>\n<tr>\n<td style=\"text-align: center; width: 162px;\"><span style=\"font-size: 14pt; color: #135685;\"><strong>Estado<\/strong><\/span><\/td>\n<td style=\"text-align: center; width: 325px;\"><span style=\"font-size: 14pt; color: #135685;\"><strong>Legisla\u00e7\u00e3o<\/strong><\/span><\/td>\n<td style=\"text-align: center; width: 437px;\"><span style=\"font-size: 14pt; color: #135685;\"><strong>Objetivo<\/strong><\/span><\/td>\n<\/tr>\n<tr>\n<td style=\"width: 162px;\">Rio Grande do Sul<\/td>\n<td style=\"width: 325px;\">Decreto n\u00b0 55.955, de 14 de julho de 2021<\/td>\n<td style=\"width: 437px;\">Institui carteira de identifica\u00e7\u00e3o da pessoa com Transtorno do Espectro Autista \u2013 CIPTEA \u2013 no \u00e2mbito do estado do Rio Grande do Sul.<\/td>\n<\/tr>\n<tr>\n<td style=\"width: 162px;\">Santa Catarina<\/td>\n<td style=\"width: 325px;\">Lei estadual n\u00ba 17.754,<br \/>\nde 10 de julho de 2019<\/td>\n<td style=\"width: 437px;\">Institui a Carteira de Identifica\u00e7\u00e3o do Autista no \u00e2mbito do Estado de Santa Catarina.<\/td>\n<\/tr>\n<tr>\n<td style=\"width: 162px;\">S\u00e3o Paulo<\/td>\n<td style=\"width: 325px;\">Lei n\u00ba 17.651, de 17 de mar\u00e7o de 2023<\/td>\n<td style=\"width: 437px;\">Disp\u00f5e sobre a emiss\u00e3o da Carteira de Identifica\u00e7\u00e3o da Pessoa com Transtorno do Espectro Autista &#8211; CIPTEA, no \u00e2mbito do Estado de S\u00e3o Paulo<\/td>\n<\/tr>\n<tr>\n<td style=\"width: 162px;\" rowspan=\"3\">\n<div>Rio de Janeiro<\/div>\n<\/td>\n<td style=\"width: 325px;\">Lei n\u00ba 8.879, de 05 de junho\u00a0 \u00a0de 2020<\/td>\n<td style=\"width: 437px;\">Disp\u00f5e sobre a emiss\u00e3o Carteira de Identifica\u00e7\u00e3o da Pessoa com Transtorno do Espectro Autista (CIPTEA), de expedi\u00e7\u00e3o gratuita, no \u00e2mbito do estado do Rio de Janeiro, na forma que menciona.<\/td>\n<\/tr>\n<tr>\n<td style=\"width: 325px;\">Lei n\u00ba 8.605, de 01 de novembro de 2019<\/td>\n<td style=\"width: 437px;\">O objetivo \u00e9 estabelecer um m\u00e9todo padronizado e oficial para a comprova\u00e7\u00e3o de defici\u00eancias e do autismo. Isso \u00e9 realizado atrav\u00e9s da exig\u00eancia de uma identidade especial emitida pelo Departamento de Tr\u00e2nsito do Estado do Rio de Janeiro (DETRAN) como forma v\u00e1lida de comprova\u00e7\u00e3o.<\/td>\n<\/tr>\n<tr>\n<td style=\"width: 325px;\">Lei n\u00ba 6924 de 26 de novembro de 2014<\/td>\n<td style=\"width: 437px;\">objetivo principal a inclus\u00e3o e o reconhecimento das pessoas com autismo dentro das pol\u00edticas municipais de apoio \u00e0 pessoa com defici\u00eancia. Esta lei altera a Lei n\u00ba 4.285, de 12 de mar\u00e7o de 2004, que trata da aplica\u00e7\u00e3o do art. 341 da Constitui\u00e7\u00e3o Estadual referente \u00e0 cria\u00e7\u00e3o de organismos deliberativos sobre a pol\u00edtica municipal de apoio \u00e0 pessoa com defici\u00eancia.<\/td>\n<\/tr>\n<tr>\n<td style=\"width: 162px;\">Minas Gerais<\/td>\n<td style=\"width: 325px;\">Decreto n\u00ba 48.321, de 16 de dezembro de 2021<\/td>\n<td style=\"width: 437px;\">Disp\u00f5e sobre a Carteira de Identifica\u00e7\u00e3o da Pessoa com Transtorno do Espectro Autista<\/td>\n<\/tr>\n<tr>\n<td style=\"width: 162px;\" rowspan=\"2\">\n<div>Distrito Federal<\/div>\n<\/td>\n<td style=\"width: 325px;\">Lei n\u00ba 7292, de 18 de julho de 2023<\/td>\n<td style=\"width: 437px;\">Altera a Lei n\u00ba 4.568, de 16 de maio de 2011, que &#8220;institui a obrigatoriedade de o Poder Executivo proporcionar tratamento especializado, educa\u00e7\u00e3o e assist\u00eancia espec\u00edficas a todos os autistas, independentemente de idade, no \u00e2mbito do Distrito Federal&#8221;.<\/td>\n<\/tr>\n<tr>\n<td style=\"width: 325px;\">Lei n\u00ba 6642, de 21 de julho de 2020<\/td>\n<td style=\"width: 437px;\">Disp\u00f5e sobre a institui\u00e7\u00e3o da Carteira de Identifica\u00e7\u00e3o da Pessoa com Transtorno do Espectro Autista Ciptea e d\u00e1 outras provid\u00eancias.<\/td>\n<\/tr>\n<tr>\n<td style=\"width: 162px;\" rowspan=\"5\">\n<div>Mato Grosso<\/div>\n<\/td>\n<td style=\"width: 325px;\">Lei n\u00ba 12.191, de 20 de julho de 2023<\/td>\n<td style=\"width: 437px;\">Institui o atendimento especializado nas provas realizadas no Departamento Estadual de Tr\u00e2nsito (DETRAN) de Mato Grosso para as pessoas com Transtorno do Espectro Autista (TEA).<\/td>\n<\/tr>\n<tr>\n<td style=\"width: 325px;\">Lei n\u00ba 12.072, de 17 de abril de 2023<\/td>\n<td style=\"width: 437px;\">Fica garantida \u00e0s pessoas com Transtorno do Espectro Autista (TEA) a realiza\u00e7\u00e3o de atividades laborais compat\u00edveis com sua aptid\u00e3o, forma\u00e7\u00e3o, experi\u00eancia e opini\u00e3o, sendo vedada sua discrimina\u00e7\u00e3o.<\/td>\n<\/tr>\n<tr>\n<td style=\"width: 325px;\">Lei n\u00ba 11.478, de 19 de julho de 2021<\/td>\n<td style=\"width: 437px;\">Disp\u00f5e sobre a inclus\u00e3o na C\u00e9dula de Identidade de informa\u00e7\u00e3o sobre a condi\u00e7\u00e3o de &#8220;Pessoa com Transtorno do Espectro Autista&#8221; no \u00e2mbito do Estado de Mato Grosso<\/td>\n<\/tr>\n<tr>\n<td style=\"width: 325px;\">Lei n\u00ba 11.352, de 03 de maio de 2021<\/td>\n<td style=\"width: 437px;\">Disp\u00f5e sobre a institui\u00e7\u00e3o do Cadastro Estadual da Pessoa com TEA &#8211; Transtorno do Espectro do Autismo.<\/td>\n<\/tr>\n<tr>\n<td style=\"width: 325px;\">Lei n\u00ba 10.997, de 13 de novembro de 2019<\/td>\n<td style=\"width: 437px;\">Disp\u00f5e sobre a cria\u00e7\u00e3o da Carteira de Identifica\u00e7\u00e3o do Autista &#8211; CIA no \u00e2mbito do Estado de Mato Grosso e d\u00e1 outras provid\u00eancias.<\/td>\n<\/tr>\n<tr>\n<td style=\"width: 162px;\">Mato Grosso do Sul<\/td>\n<td style=\"width: 325px;\">Lei n\u00ba 5.192, de 10 de maio de 2018<\/td>\n<td style=\"width: 437px;\">Disp\u00f5e sobre a institui\u00e7\u00e3o do Cadastro Estadual da Pessoa com Transtorno do Espectro do Autismo (TEA).<\/td>\n<\/tr>\n<tr>\n<td style=\"width: 162px;\">Goi\u00e1s<\/td>\n<td style=\"width: 325px;\">Lei n\u00ba 21.196, de 10 de dezembro de 2021<\/td>\n<td style=\"width: 437px;\">Institui a Carteira de Identifica\u00e7\u00e3o da Pessoa<br \/>\ncom Transtorno do Espectro Autista e d\u00e1 outras<br \/>\nprovid\u00eancias.<\/td>\n<\/tr>\n<tr>\n<td style=\"width: 162px;\" rowspan=\"2\">\n<div>Amap\u00e1<\/div>\n<\/td>\n<td style=\"width: 325px;\">Lei n\u00ba 2.471, de 30 de dezembro de 2019<\/td>\n<td style=\"width: 437px;\">Institui a Carteira de Identifica\u00e7\u00e3o da Pessoa com Autismo, a ser expedida para pessoa com Transtorno do Espectro do Autismo &#8211; TEA, v\u00e1lida no \u00e2mbito do Estado do Amap\u00e1 e d\u00e1 outras provid\u00eancias.<\/td>\n<\/tr>\n<tr>\n<td style=\"width: 325px;\">Lei n\u00ba 2.109, de 18 de novembro de 2016<\/td>\n<td style=\"width: 437px;\">Disp\u00f5e sobre a institui\u00e7\u00e3o de meia-entrada para pessoas com Transtorno do Espectro do Autismo (TEA) \u00e0s sess\u00f5es de cinema, teatro, espet\u00e1culos esportivos, shows e outros eventos culturais exibidos nas salas e casas de espet\u00e1culos instaladas no Estado do Amap\u00e1, e d\u00e1 outras provid\u00eancias.<\/td>\n<\/tr>\n<tr>\n<td style=\"width: 162px;\">Par\u00e1<\/td>\n<td style=\"width: 325px;\">Lei n\u00ba 9.905, de 5 de maio de 2023<\/td>\n<td style=\"width: 437px;\">Disp\u00f5e sobre a obrigatoriedade de inser\u00e7\u00e3o, nas<br \/>\nplacas de atendimento priorit\u00e1rio dos \u00f3rg\u00e3os da<br \/>\nadministra\u00e7\u00e3o p\u00fablica do Estado do Par\u00e1, do<br \/>\ns\u00edmbolo mundial da conscientiza\u00e7\u00e3o do Transtorno<br \/>\ndo Espectro Autista (TEA).<\/td>\n<\/tr>\n<tr>\n<td style=\"width: 162px;\">Amazonas<\/td>\n<td style=\"width: 325px;\">Decreto n\u00ba 42.900, de 22 de outubro de 2020<\/td>\n<td style=\"width: 437px;\">Regulamenta o artigo 110 da Lei Promulgada n\u00ba 241, de 27 de mar\u00e7o de 2015, que cria a Carteira de Identifica\u00e7\u00e3o para a Pessoa com Defici\u00eancia &#8211; CIPD, no \u00e2mbito do Estado do Amazonas, e d\u00e1 outras provid\u00eancias.<\/td>\n<\/tr>\n<tr>\n<td style=\"width: 162px;\" rowspan=\"2\">\n<div>Acre<\/div>\n<\/td>\n<td style=\"width: 325px;\">Lei n\u00ba 4.124, de 11 de julho de 2023<\/td>\n<td style=\"width: 437px;\">Objetivo a inclus\u00e3o de pessoas com s\u00edndrome de Down na legisla\u00e7\u00e3o que prev\u00ea a emiss\u00e3o da Carteira Estadual de Identifica\u00e7\u00e3o para pessoas com Transtorno do Espectro Autista (TEA)<\/td>\n<\/tr>\n<tr>\n<td style=\"width: 325px;\">Lei n\u00ba 3.799, de 28 de outubro de 2021<\/td>\n<td style=\"width: 437px;\">Institui o cart\u00e3o de identifica\u00e7\u00e3o para pessoa com Transtorno do Espectro Autista no estado do Acre e d\u00e1 outras provid\u00eancias.<\/td>\n<\/tr>\n<tr>\n<td style=\"width: 162px;\" rowspan=\"3\">\n<div>Roraima<\/div>\n<\/td>\n<td style=\"width: 325px;\">Lei n\u00ba 1.921, de 18 de janeiro de 2024<\/td>\n<td style=\"width: 437px;\">Regulamenta a utiliza\u00e7\u00e3o do banheiro familiar e frald\u00e1rios em locais de circula\u00e7\u00e3o, concentra\u00e7\u00e3o e perman\u00eancia de grande n\u00famero de pessoas, no \u00e2mbito do Estado de Roraima.<br \/>\nUso de banheiro familiar tamb\u00e9m por crian\u00e7as com TEA<\/td>\n<\/tr>\n<tr>\n<td style=\"width: 325px;\">Lei n\u00ba 1.707, de 21 de julho de 2022<\/td>\n<td style=\"width: 437px;\">Disp\u00f5e sobre a cria\u00e7\u00e3o do selo Empresa Amiga dos Autistas, destinado aos estabelecimentos empresariais que adotem pol\u00edtica interna de inser\u00e7\u00e3o de pessoas com Transtorno do Espectro Autista no mercado de trabalho.<\/td>\n<\/tr>\n<tr>\n<td style=\"width: 325px;\">Lei ordin\u00e1ria n\u00ba 1.306, de 03 de abril de 2019<\/td>\n<td style=\"width: 437px;\">Autoriza o poder executivo a instituir a carteira de identifica\u00e7\u00e3o do autista no \u00e2mbito do estado de Roraima e d\u00e1 outras provid\u00eancias.<\/td>\n<\/tr>\n<tr>\n<td style=\"width: 162px;\">Tocantins<\/td>\n<td style=\"width: 325px;\">Decreto no 6.619, de 24 de abril de 2023<\/td>\n<td style=\"width: 437px;\">Disp\u00f5e sobre a expedi\u00e7\u00e3o da Carteira de Identifica\u00e7\u00e3o da Pessoa com Transtorno do Espectro Autista (Ciptea), no \u00e2mbito do Estado do Tocantins, e adota outras provid\u00eancias.<\/td>\n<\/tr>\n<tr>\n<td style=\"width: 162px;\">Bahia<\/td>\n<td style=\"width: 325px;\">Decreto n\u00ba 22.293 de 27 de setembro de 2023<\/td>\n<td style=\"width: 437px;\">Disp\u00f5e sobre a emiss\u00e3o da Carteira de Identifica\u00e7\u00e3o da Pessoa com Transtorno do Espectro Autista &#8211; CIPTEA, no \u00e2mbito do Estado da Bahia, na forma que indica.<\/td>\n<\/tr>\n<tr>\n<td style=\"width: 162px;\">Piau\u00ed<\/td>\n<td style=\"width: 325px;\">Lei n\u00ba 7.761, de 29 de mar\u00e7o de 2022<\/td>\n<td style=\"width: 437px;\">Fica garantida ao portador de Transtorno do Espectro do Autismo a realiza\u00e7\u00e3o de atividades laborais compat\u00edveis com sua aptid\u00e3o, forma\u00e7\u00e3o, experi\u00eancia e opini\u00e3o, sendo vedada sua discrimina\u00e7\u00e3o.<\/td>\n<\/tr>\n<tr>\n<td style=\"width: 162px;\" rowspan=\"3\">\n<div>Alagoas<\/div>\n<\/td>\n<td style=\"width: 325px;\">Decreto n\u00ba 90.408, de 31 de mar\u00e7o de 2023<\/td>\n<td style=\"width: 437px;\">Regulamentando a Lei Estadual n\u00b0 8.270\/2020, que disp\u00f5e sobre o cart\u00e3o de identifica\u00e7\u00e3o para a pessoa com autismo no \u00e2mbito do estado de Alagoas<\/td>\n<\/tr>\n<tr>\n<td style=\"width: 325px;\">Lei n\u00ba 8.573, de 4 de janeiro de 2022<\/td>\n<td style=\"width: 437px;\">Obriga os estabelecimentos p\u00fablicos e privados do estado de Alagoas a inserir nas placas de atendimento priorit\u00e1rio o s\u00edmbolo mundial do Autismo.<\/td>\n<\/tr>\n<tr>\n<td style=\"width: 325px;\">Lei ordin\u00e1ria n\u00ba 8.270, de 07 de julho de 2020<\/td>\n<td style=\"width: 437px;\">Institui o cart\u00e3o de identifica\u00e7\u00e3o para pessoa com Transtorno do Espectro Autista no Estado de Alagoas e d\u00e1 outras provid\u00eancias.<\/td>\n<\/tr>\n<tr>\n<td style=\"width: 162px;\" rowspan=\"2\">\n<div>Rio Grande do Norte<\/div>\n<\/td>\n<td style=\"width: 325px;\">Lei n\u00ba 11.121, de 02 de junho de 2022<\/td>\n<td style=\"width: 437px;\">Cria o Selo &#8220;Empresa Amiga dos Autistas&#8221;.<\/td>\n<\/tr>\n<tr>\n<td style=\"width: 325px;\">Lei n\u00ba 10.818, de 14 de janeiro de 2021<\/td>\n<td style=\"width: 437px;\">Disp\u00f5e sobre a institui\u00e7\u00e3o do Cadastro da Pessoa com Transtorno do Espectro Autista (TEA), e d\u00e1 outras provid\u00eancias.<\/td>\n<\/tr>\n<tr>\n<td style=\"width: 162px;\">Para\u00edba<\/td>\n<td style=\"width: 325px;\">Lei n\u00ba 12.062, de 24 de setembro de 2021<\/td>\n<td style=\"width: 437px;\">Disp\u00f5e sobre a cria\u00e7\u00e3o do selo Empresa Amiga dos Autistas, destinado aos estabelecimentos comerciais que adotem pol\u00edtica interna de inser\u00e7\u00e3o de pessoas com Transtorno do Espectro Autista no mercado de trabalho no Estado da Para\u00edba.<\/td>\n<\/tr>\n<tr>\n<td style=\"width: 162px;\">Pernambuco<\/td>\n<td style=\"width: 325px;\">Decreto n\u00ba 54.159, de 16 de dezembro de 2022<\/td>\n<td style=\"width: 437px;\">Disp\u00f5e sobre a Carteira de Identifica\u00e7\u00e3o da Pessoa com Transtorno do Espectro Autista-Ciptea, no \u00e2mbito do Estado de Pernambuco.<\/td>\n<\/tr>\n<tr>\n<td style=\"width: 162px;\">Legisla\u00e7\u00e3o Federal<\/td>\n<td style=\"width: 325px;\">Decreto n\u00ba 4.229, de 13 de maio de 2002<\/td>\n<td style=\"width: 437px;\">Decreto que objetiva a inclus\u00e3o de pessoas com defici\u00eancia com diretrizes que visam garantir o acesso igualit\u00e1rio a servi\u00e7os p\u00fablicos como educa\u00e7\u00e3o, sa\u00fade e trabalho, al\u00e9m de promover a acessibilidade e a n\u00e3o discrimina\u00e7\u00e3o.<\/td>\n<\/tr>\n<\/tbody>\n<\/table>\n<p>&nbsp;<\/p>\n","protected":false},"excerpt":{"rendered":"<p>A categoria de INCLUS\u00c3O SOCIAL re\u00fane leis que incentivam a inclus\u00e3o e acessibilidade das pessoas com TEA em diferentes espa\u00e7os e contextos. Estado Legisla\u00e7\u00e3o Objetivo Rio Grande do Sul Decreto n\u00b0 55.955, de 14 de julho de 2021 Institui carteira de identifica\u00e7\u00e3o da pessoa com Transtorno do Espectro Autista \u2013 CIPTEA \u2013 no \u00e2mbito do [&hellip;]<\/p>\n","protected":false},"author":1375,"featured_media":0,"parent":0,"menu_order":0,"comment_status":"closed","ping_status":"closed","template":"","meta":{"footnotes":""},"class_list":["post-468","page","type-page","status-publish","hentry","post"],"jetpack_sharing_enabled":true,"_links":{"self":[{"href":"https:\/\/wp.ufpel.edu.br\/redeteabrasil\/wp-json\/wp\/v2\/pages\/468","targetHints":{"allow":["GET"]}}],"collection":[{"href":"https:\/\/wp.ufpel.edu.br\/redeteabrasil\/wp-json\/wp\/v2\/pages"}],"about":[{"href":"https:\/\/wp.ufpel.edu.br\/redeteabrasil\/wp-json\/wp\/v2\/types\/page"}],"author":[{"embeddable":true,"href":"https:\/\/wp.ufpel.edu.br\/redeteabrasil\/wp-json\/wp\/v2\/users\/1375"}],"replies":[{"embeddable":true,"href":"https:\/\/wp.ufpel.edu.br\/redeteabrasil\/wp-json\/wp\/v2\/comments?post=468"}],"version-history":[{"count":5,"href":"https:\/\/wp.ufpel.edu.br\/redeteabrasil\/wp-json\/wp\/v2\/pages\/468\/revisions"}],"predecessor-version":[{"id":837,"href":"https:\/\/wp.ufpel.edu.br\/redeteabrasil\/wp-json\/wp\/v2\/pages\/468\/revisions\/837"}],"wp:attachment":[{"href":"https:\/\/wp.ufpel.edu.br\/redeteabrasil\/wp-json\/wp\/v2\/media?parent=468"}],"curies":[{"name":"wp","href":"https:\/\/api.w.org\/{rel}","templated":true}]}}