{"id":423,"date":"2025-01-10T17:02:57","date_gmt":"2025-01-10T20:02:57","guid":{"rendered":"https:\/\/wp.ufpel.edu.br\/redeteabrasil\/?page_id=423"},"modified":"2025-02-13T14:36:37","modified_gmt":"2025-02-13T17:36:37","slug":"leis-do-rio-de-janeiro","status":"publish","type":"page","link":"https:\/\/wp.ufpel.edu.br\/redeteabrasil\/leis-do-rio-de-janeiro\/","title":{"rendered":"Leis do Rio de Janeiro"},"content":{"rendered":"<table dir=\"ltr\" style=\"width: 750px; height: 2331px;\" border=\"1\" cellspacing=\"0\" cellpadding=\"0\" data-sheets-root=\"1\" data-sheets-baot=\"1\">\n<colgroup>\n<col width=\"108\" \/>\n<col width=\"373\" \/>\n<col width=\"403\" \/><\/colgroup>\n<tbody>\n<tr>\n<td style=\"text-align: center; width: 123px;\"><span style=\"font-size: 14pt; color: #135685;\"><strong>Categoria<\/strong><\/span><\/td>\n<td style=\"text-align: center; width: 288px;\"><span style=\"font-size: 14pt; color: #135685;\"><strong>Legisla\u00e7\u00e3o<\/strong><\/span><\/td>\n<td style=\"text-align: center; width: 331px;\"><span style=\"font-size: 14pt; color: #135685;\"><strong>Objetivo<\/strong><\/span><\/td>\n<\/tr>\n<tr>\n<td style=\"width: 123px;\">C1 &#8211; Prote\u00e7\u00e3o Legal<\/td>\n<td style=\"width: 288px;\">Lei n\u00ba 9.347, de 25 de junho de 2021<\/td>\n<td style=\"width: 331px;\">Disp\u00f5e sobre a prioridade no atendimento a pessoas com defici\u00eancia por concession\u00e1rias de servi\u00e7os p\u00fablicos essenciais.<\/td>\n<\/tr>\n<tr>\n<td style=\"width: 123px;\">C1 &#8211; Prote\u00e7\u00e3o Legal<\/td>\n<td style=\"width: 288px;\">Lei n\u00ba 9.264, de 30 de abril de 2021<\/td>\n<td style=\"width: 331px;\">Objetivo alterar a Lei n\u00ba 9.040, de 02 de outubro de 2020, com a inclus\u00e3o de um novo par\u00e1grafo (\u00a7 9\u00ba) ao artigo 1\u00ba. Este par\u00e1grafo estabelece que genitores, tutores, curadores, cuidadores, t\u00e9cnicos de enfermagem e enfermeiros, que assistem pessoas com defici\u00eancia intelectual identificadas por laudo m\u00e9dico, s\u00e3o inclu\u00eddos nas prioridades de vacina\u00e7\u00e3o contra a COVID-19 dentro do estado.<\/td>\n<\/tr>\n<tr>\n<td style=\"width: 123px;\">C1 &#8211; Prote\u00e7\u00e3o Legal<\/td>\n<td style=\"width: 288px;\">Lei n\u00ba 6807 de 23 de junho de 2014<\/td>\n<td style=\"width: 331px;\">Obriga os \u00f3rg\u00e3os p\u00fablicos e os estabelecimentos privados a dar prefer\u00eancia no atendimento, n\u00e3o retendo, em filas, pessoas portadoras do Transtorno do Espectro do Autismo (TEA) e d\u00e1 outras provid\u00eancias.<\/td>\n<\/tr>\n<tr>\n<td style=\"width: 123px;\">C1 &#8211; Prote\u00e7\u00e3o Legal<\/td>\n<td style=\"width: 288px;\">Lei n\u00ba 10.186, de 23 de novembro de 2023<\/td>\n<td style=\"width: 331px;\">Altera a lei 9.425 de 29 de setembro de 2021, para ampliar o direito ao laudo m\u00e9dico por tempo indeterminado a pessoa com transtorno do espectro autista (TEA) e vedar a exig\u00eancia de renova\u00e7\u00e3o do laudo m\u00e9dico que atesta sua condi\u00e7\u00e3o por tempo indeterminado.<\/td>\n<\/tr>\n<tr>\n<td style=\"width: 123px;\">C2 &#8211; Inclus\u00e3o Social<\/td>\n<td style=\"width: 288px;\">Lei n\u00ba 8.879, de 05 de junho de 2020<\/td>\n<td style=\"width: 331px;\">Disp\u00f5e sobre a emiss\u00e3o Carteira de Identifica\u00e7\u00e3o da Pessoa com Transtorno do Espectro Autista (CIPTEA), de expedi\u00e7\u00e3o gratuita, no \u00e2mbito do estado do Rio de Janeiro, na forma que menciona.<\/td>\n<\/tr>\n<tr>\n<td style=\"width: 123px;\">C2 &#8211; Inclus\u00e3o Social<\/td>\n<td style=\"width: 288px;\">Lei n\u00ba 8.605, de 01 de novembro de 2019<\/td>\n<td style=\"width: 331px;\">O objetivo \u00e9 estabelecer um m\u00e9todo padronizado e oficial para a comprova\u00e7\u00e3o de defici\u00eancias e do autismo. Isso \u00e9 realizado atrav\u00e9s da exig\u00eancia de uma identidade especial emitida pelo Departamento de Tr\u00e2nsito do Estado do Rio de Janeiro (DETRAN) como forma v\u00e1lida de comprova\u00e7\u00e3o.<\/td>\n<\/tr>\n<tr>\n<td style=\"width: 123px;\">C2 &#8211; Inclus\u00e3o Social<\/td>\n<td style=\"width: 288px;\">Lei n\u00ba 6924 de 26 de novembro de 2014<\/td>\n<td style=\"width: 331px;\">objetivo principal a inclus\u00e3o e o reconhecimento das pessoas com autismo dentro das pol\u00edticas municipais de apoio \u00e0 pessoa com defici\u00eancia. Esta lei altera a Lei n\u00ba 4.285, de 12 de mar\u00e7o de 2004, que trata da aplica\u00e7\u00e3o do art. 341 da Constitui\u00e7\u00e3o Estadual referente \u00e0 cria\u00e7\u00e3o de organismos deliberativos sobre a pol\u00edtica municipal de apoio \u00e0 pessoa com defici\u00eancia.<\/td>\n<\/tr>\n<tr>\n<td style=\"width: 123px;\">C3 &#8211; Educa\u00e7\u00e3o<\/td>\n<td style=\"width: 288px;\">Lei n\u00ba 9.956, de 05 de janeiro de 2023<\/td>\n<td style=\"width: 331px;\">Disp\u00f5e sobre a autoriza\u00e7\u00e3o de implementa\u00e7\u00e3o do sistema de inclus\u00e3o escolar \u201cABA\u201d para crian\u00e7as com autismo nas escolas da rede p\u00fablica do estado do Rio de Janeiro.<\/td>\n<\/tr>\n<tr>\n<td style=\"width: 123px;\">C3 &#8211; Educa\u00e7\u00e3o<\/td>\n<td style=\"width: 288px;\">Lei n\u00ba 9.913, de 06 de dezembro de 2022<\/td>\n<td style=\"width: 331px;\">Disp\u00f5e sobre o treinamento e a capacita\u00e7\u00e3o dos profissionais que realizam o atendimento direto \u00e0s pessoas com Transtorno de Espectro Autista (TEA) no \u00e2mbito do estado do Rio de Janeiro.<\/td>\n<\/tr>\n<tr>\n<td style=\"width: 123px;\">C3 &#8211; Educa\u00e7\u00e3o<\/td>\n<td style=\"width: 288px;\">Lei n\u00ba 6708 de 13 de mar\u00e7o de 2014<\/td>\n<td style=\"width: 331px;\">Cria o programa de conscientiza\u00e7\u00e3o e obriga a inclus\u00e3o e reserva de vagas na rede p\u00fablica e privada de educa\u00e7\u00e3o no estado do Rio de Janeiro para crian\u00e7as e adolescentes com Transtorno do Espectro Autista e d\u00e1 outras provid\u00eancias.<\/td>\n<\/tr>\n<tr>\n<td style=\"width: 123px;\">C4 &#8211; Sa\u00fade<\/td>\n<td style=\"width: 288px;\">Lei n\u00ba 10.031, de 31 de maio de 2023<\/td>\n<td style=\"width: 331px;\">Disp\u00f5e sobre a aplica\u00e7\u00e3o do question\u00e1rio m-chat para realiza\u00e7\u00e3o do rastreamento de sinais precoces do autismo, nas crian\u00e7as com idade entre 16 e 30 meses, durante atendimentos em unidades de sa\u00fade p\u00fablicas e privadas do estado do Rio de Janeiro.<\/td>\n<\/tr>\n<tr>\n<td style=\"width: 123px;\">C4 &#8211; Sa\u00fade<\/td>\n<td style=\"width: 288px;\">Lei n\u00ba 8.964, de 03 de agosto de 2020<\/td>\n<td style=\"width: 331px;\">Obriga os estabelecimentos de sa\u00fade p\u00fablicos e privados a priorizar o atendimento de urg\u00eancia e emerg\u00eancia aos pacientes com imunodefici\u00eancias, hemonoglobinopatias, incluindo pessoas com autismo e\/ou transtorno mental, e d\u00e1 outras provid\u00eancias.<\/td>\n<\/tr>\n<tr>\n<td style=\"width: 123px;\">C4 &#8211; Sa\u00fade<\/td>\n<td style=\"width: 288px;\">Lei n\u00ba 7674 de 28 de agosto de 2017<\/td>\n<td style=\"width: 331px;\">Disp\u00f5e sobre a obrigatoriedade, do estado do rio de janeiro de realizar, no \u00e2mbito da secretaria de sa\u00fade, o censo quadrienal das pessoas com autismo e da outras provid\u00eancias.<\/td>\n<\/tr>\n<tr>\n<td style=\"width: 123px;\">C4 &#8211; Sa\u00fade<\/td>\n<td style=\"width: 288px;\">Lei n\u00ba 10.137, de 16 de outubro de 2023<\/td>\n<td style=\"width: 331px;\">Disp\u00f5e sobre o programa de terapia nutricional para pessoas com Transtorno do Espectro Autista (TEA) no \u00e2mbito do estado do Rio de Janeiro.<\/td>\n<\/tr>\n<tr>\n<td style=\"width: 123px;\">C4 &#8211; Sa\u00fade<\/td>\n<td style=\"width: 288px;\">Lei n\u00ba 6169, de 2 de mar\u00e7o de 2012<\/td>\n<td style=\"width: 331px;\">Disp\u00f5e sobre a implanta\u00e7\u00e3o dos centros de reabilita\u00e7\u00e3o integral para deficientes mentais e autistas no estado do Rio de Janeiro e d\u00e1 outras provid\u00eancias.<\/td>\n<\/tr>\n<tr>\n<td style=\"width: 123px;\">C5 &#8211; Conscientiza\u00e7\u00e3o<\/td>\n<td style=\"width: 288px;\">Lei n\u00ba 6801 de 10 de junho de 2014<\/td>\n<td style=\"width: 331px;\">Altera a lei n\u00ba 5645\/2010 e inclui no calend\u00e1rio oficial do estado do Rio de Janeiro a semana de conscientiza\u00e7\u00e3o do autismo, e d\u00e1 outras provid\u00eancias.<\/td>\n<\/tr>\n<tr>\n<td style=\"width: 123px;\">C5 &#8211; Conscientiza\u00e7\u00e3o<\/td>\n<td style=\"width: 288px;\">Lei n\u00ba 10.145, de 20 de outubro de 2023<\/td>\n<td style=\"width: 331px;\">Altera o anexo da lei n\u00ba 5.645, de 06 de janeiro de 2010, incluindo, no calend\u00e1rio oficial do estado do Rio de Janeiro, o \u201cDia estadual de conscientiza\u00e7\u00e3o sobre a S\u00edndrome de Asperger\u201d<\/td>\n<\/tr>\n<tr>\n<td style=\"width: 123px;\">C6 &#8211; Benef\u00edcios Fiscais<\/td>\n<td style=\"width: 288px;\">Lei n\u00ba 7552 de 12 de abril de 2017<\/td>\n<td style=\"width: 331px;\">Se refere ao processo de comprova\u00e7\u00e3o de defici\u00eancias para fins de isen\u00e7\u00e3o do Imposto sobre a Propriedade de Ve\u00edculos Automotores (IPVA). A altera\u00e7\u00e3o incide sobre o \u00a7 6\u00ba do artigo 5\u00ba, estabelecendo novos crit\u00e9rios para a comprova\u00e7\u00e3o das defici\u00eancias descritas nos incisos I a III e do autismo no inciso IV do mesmo artigo.<\/td>\n<\/tr>\n<tr>\n<td style=\"width: 123px;\">C6 &#8211; Benef\u00edcios Fiscais<\/td>\n<td style=\"width: 288px;\">Lei n\u00ba 7068 de 01 outubro 2015<\/td>\n<td style=\"width: 331px;\">disp\u00f5e sobre o Imposto sobre a Propriedade de Ve\u00edculos Automotores (IPVA) no Estado do Rio de Janeiro. Uma das altera\u00e7\u00f5es significativas introduzidas por esta lei est\u00e1 relacionada \u00e0 isen\u00e7\u00e3o de IPVA para determinados grupos, incluindo pessoas com defici\u00eancia e autistas.<\/td>\n<\/tr>\n<\/tbody>\n<\/table>\n<p>&nbsp;<\/p>\n","protected":false},"excerpt":{"rendered":"<p>Categoria Legisla\u00e7\u00e3o Objetivo C1 &#8211; Prote\u00e7\u00e3o Legal Lei n\u00ba 9.347, de 25 de junho de 2021 Disp\u00f5e sobre a prioridade no atendimento a pessoas com defici\u00eancia por concession\u00e1rias de servi\u00e7os p\u00fablicos essenciais. C1 &#8211; Prote\u00e7\u00e3o Legal Lei n\u00ba 9.264, de 30 de abril de 2021 Objetivo alterar a Lei n\u00ba 9.040, de 02 de outubro [&hellip;]<\/p>\n","protected":false},"author":1375,"featured_media":0,"parent":0,"menu_order":0,"comment_status":"closed","ping_status":"closed","template":"","meta":{"footnotes":""},"class_list":["post-423","page","type-page","status-publish","hentry","post"],"jetpack_sharing_enabled":true,"_links":{"self":[{"href":"https:\/\/wp.ufpel.edu.br\/redeteabrasil\/wp-json\/wp\/v2\/pages\/423","targetHints":{"allow":["GET"]}}],"collection":[{"href":"https:\/\/wp.ufpel.edu.br\/redeteabrasil\/wp-json\/wp\/v2\/pages"}],"about":[{"href":"https:\/\/wp.ufpel.edu.br\/redeteabrasil\/wp-json\/wp\/v2\/types\/page"}],"author":[{"embeddable":true,"href":"https:\/\/wp.ufpel.edu.br\/redeteabrasil\/wp-json\/wp\/v2\/users\/1375"}],"replies":[{"embeddable":true,"href":"https:\/\/wp.ufpel.edu.br\/redeteabrasil\/wp-json\/wp\/v2\/comments?post=423"}],"version-history":[{"count":4,"href":"https:\/\/wp.ufpel.edu.br\/redeteabrasil\/wp-json\/wp\/v2\/pages\/423\/revisions"}],"predecessor-version":[{"id":657,"href":"https:\/\/wp.ufpel.edu.br\/redeteabrasil\/wp-json\/wp\/v2\/pages\/423\/revisions\/657"}],"wp:attachment":[{"href":"https:\/\/wp.ufpel.edu.br\/redeteabrasil\/wp-json\/wp\/v2\/media?parent=423"}],"curies":[{"name":"wp","href":"https:\/\/api.w.org\/{rel}","templated":true}]}}