{"id":420,"date":"2025-01-10T16:48:36","date_gmt":"2025-01-10T19:48:36","guid":{"rendered":"https:\/\/wp.ufpel.edu.br\/redeteabrasil\/?page_id=420"},"modified":"2025-02-13T14:36:37","modified_gmt":"2025-02-13T17:36:37","slug":"leis-do-piaui","status":"publish","type":"page","link":"https:\/\/wp.ufpel.edu.br\/redeteabrasil\/leis-do-piaui\/","title":{"rendered":"Leis do Piau\u00ed"},"content":{"rendered":"<table dir=\"ltr\" style=\"width: 750px; height: 550px;\" border=\"1\" cellspacing=\"0\" cellpadding=\"0\" data-sheets-root=\"1\" data-sheets-baot=\"1\">\n<colgroup>\n<col width=\"108\" \/>\n<col width=\"373\" \/>\n<col width=\"403\" \/><\/colgroup>\n<tbody>\n<tr>\n<td style=\"text-align: center; width: 123px;\"><span style=\"font-size: 14pt; color: #135685;\"><strong>Categoria<\/strong><\/span><\/td>\n<td style=\"text-align: center; width: 296px;\"><span style=\"font-size: 14pt; color: #135685;\"><strong>Legisla\u00e7\u00e3o<\/strong><\/span><\/td>\n<td style=\"text-align: center; width: 323px;\"><span style=\"font-size: 14pt; color: #135685;\"><strong>Objetivo<\/strong><\/span><\/td>\n<\/tr>\n<tr>\n<td style=\"width: 123px;\">C1 &#8211; Prote\u00e7\u00e3o Legal<\/td>\n<td style=\"width: 296px;\">Lei n\u00ba 7.746, de 10 de mar\u00e7o de 2022<\/td>\n<td style=\"width: 323px;\">Institui a Pol\u00edtica de Atendimento Integrado \u00e0 Pessoa Autista no \u00e2mbito do estado do Piau\u00ed.<\/td>\n<\/tr>\n<tr>\n<td style=\"width: 123px;\">C2 &#8211; Inclus\u00e3o Social<\/td>\n<td style=\"width: 296px;\">Lei n\u00ba 7.761, de 29 de mar\u00e7o de 2022<\/td>\n<td style=\"width: 323px;\">Fica garantida ao portador de Transtorno do Espectro do Autismo a realiza\u00e7\u00e3o de atividades laborais compat\u00edveis com sua aptid\u00e3o, forma\u00e7\u00e3o, experi\u00eancia e opini\u00e3o, sendo vedada sua discrimina\u00e7\u00e3o.<\/td>\n<\/tr>\n<tr>\n<td style=\"width: 123px;\">C3 &#8211; Educa\u00e7\u00e3o<\/td>\n<td style=\"width: 296px;\">Lei n\u00ba 8.133, de 29 de agosto de 2023<\/td>\n<td style=\"width: 323px;\">Disp\u00f5e sobre a autoriza\u00e7\u00e3o de implementa\u00e7\u00e3o do sistema de inclus\u00e3o escolar &#8220;ABA&#8221; para crian\u00e7as com autismo nas escolas da rede p\u00fablica do Estado do Piau\u00ed.<\/td>\n<\/tr>\n<tr>\n<td style=\"width: 123px;\">C5 &#8211; Conscientiza\u00e7\u00e3o<\/td>\n<td style=\"width: 296px;\">Lei n\u00ba 8.109, de 03 de agosto de 2023<\/td>\n<td style=\"width: 323px;\">Reconhece a Utilidade P\u00fablica da Associa\u00e7\u00e3o dos Amigos e Familiares da Pessoa com Autismo &#8211; AAFAPA (Associa\u00e7\u00e3o Prismas).<\/td>\n<\/tr>\n<tr>\n<td style=\"width: 123px;\">C5 &#8211; Conscientiza\u00e7\u00e3o<\/td>\n<td style=\"width: 296px;\">Lei n\u00ba 8.081, de 20 de junho de 2023<\/td>\n<td style=\"width: 323px;\">Disp\u00f5e sobre a utiliza\u00e7\u00e3o do cord\u00e3o de girassol como s\u00edmbolo de identifica\u00e7\u00e3o das pessoas com defici\u00eancias ocultas no \u00e2mbito do estado do Piau\u00ed.<\/td>\n<\/tr>\n<tr>\n<td style=\"width: 123px;\">C6 &#8211; Benef\u00edcios Fiscais<\/td>\n<td style=\"width: 296px;\">Decreto n\u00ba 20.937, de 29 de abril de 2022<\/td>\n<td style=\"width: 323px;\">Altera os Decretos n\u00ba s 13.500, de 23 de dezembro de 2008, que consolida e regulamenta disposi\u00e7\u00f5es sobre o Imposto sobre Opera\u00e7\u00f5es Relativas \u00e0 Circula\u00e7\u00e3o de Mercadorias e Presta\u00e7\u00f5es de Servi\u00e7os de Transporte Interestadual e Intermunicipal e de Comunica\u00e7\u00e3o ICMS<\/td>\n<\/tr>\n<\/tbody>\n<\/table>\n<p>&nbsp;<\/p>\n","protected":false},"excerpt":{"rendered":"<p>Categoria Legisla\u00e7\u00e3o Objetivo C1 &#8211; Prote\u00e7\u00e3o Legal Lei n\u00ba 7.746, de 10 de mar\u00e7o de 2022 Institui a Pol\u00edtica de Atendimento Integrado \u00e0 Pessoa Autista no \u00e2mbito do estado do Piau\u00ed. C2 &#8211; Inclus\u00e3o Social Lei n\u00ba 7.761, de 29 de mar\u00e7o de 2022 Fica garantida ao portador de Transtorno do Espectro do Autismo a [&hellip;]<\/p>\n","protected":false},"author":1375,"featured_media":0,"parent":0,"menu_order":0,"comment_status":"closed","ping_status":"closed","template":"","meta":{"footnotes":""},"class_list":["post-420","page","type-page","status-publish","hentry","post"],"jetpack_sharing_enabled":true,"_links":{"self":[{"href":"https:\/\/wp.ufpel.edu.br\/redeteabrasil\/wp-json\/wp\/v2\/pages\/420","targetHints":{"allow":["GET"]}}],"collection":[{"href":"https:\/\/wp.ufpel.edu.br\/redeteabrasil\/wp-json\/wp\/v2\/pages"}],"about":[{"href":"https:\/\/wp.ufpel.edu.br\/redeteabrasil\/wp-json\/wp\/v2\/types\/page"}],"author":[{"embeddable":true,"href":"https:\/\/wp.ufpel.edu.br\/redeteabrasil\/wp-json\/wp\/v2\/users\/1375"}],"replies":[{"embeddable":true,"href":"https:\/\/wp.ufpel.edu.br\/redeteabrasil\/wp-json\/wp\/v2\/comments?post=420"}],"version-history":[{"count":4,"href":"https:\/\/wp.ufpel.edu.br\/redeteabrasil\/wp-json\/wp\/v2\/pages\/420\/revisions"}],"predecessor-version":[{"id":656,"href":"https:\/\/wp.ufpel.edu.br\/redeteabrasil\/wp-json\/wp\/v2\/pages\/420\/revisions\/656"}],"wp:attachment":[{"href":"https:\/\/wp.ufpel.edu.br\/redeteabrasil\/wp-json\/wp\/v2\/media?parent=420"}],"curies":[{"name":"wp","href":"https:\/\/api.w.org\/{rel}","templated":true}]}}