{"id":414,"date":"2025-01-10T16:39:57","date_gmt":"2025-01-10T19:39:57","guid":{"rendered":"https:\/\/wp.ufpel.edu.br\/redeteabrasil\/?page_id=414"},"modified":"2025-02-13T14:36:37","modified_gmt":"2025-02-13T17:36:37","slug":"leis-do-parana","status":"publish","type":"page","link":"https:\/\/wp.ufpel.edu.br\/redeteabrasil\/leis-do-parana\/","title":{"rendered":"Leis do Paran\u00e1"},"content":{"rendered":"<table dir=\"ltr\" style=\"width: 750px; height: 730px;\" border=\"1\" cellspacing=\"0\" cellpadding=\"0\" data-sheets-root=\"1\" data-sheets-baot=\"1\">\n<colgroup>\n<col width=\"108\" \/>\n<col width=\"373\" \/>\n<col width=\"403\" \/><\/colgroup>\n<tbody>\n<tr>\n<td style=\"text-align: center; width: 123px;\"><span style=\"font-size: 14pt; color: #135685;\"><strong>Categoria<\/strong><\/span><\/td>\n<td style=\"text-align: center; width: 294px;\"><span style=\"font-size: 14pt; color: #135685;\"><strong>Legisla\u00e7\u00e3o<\/strong><\/span><\/td>\n<td style=\"text-align: center; width: 325px;\"><span style=\"font-size: 14pt; color: #135685;\"><strong>Objetivo<\/strong><\/span><\/td>\n<\/tr>\n<tr>\n<td style=\"width: 123px;\">C1 &#8211; Prote\u00e7\u00e3o Legal<\/td>\n<td style=\"width: 294px;\">Lei n\u00ba 17677, de 10 de setembro de 2013<\/td>\n<td style=\"width: 325px;\">Pro\u00edbe a cobran\u00e7a de valores adicionais \u2013 sobretaxas para matr\u00edcula ou mensalidade de estudantes portadores de S\u00edndrome de Down, autismo, transtorno invasivo do desenvolvimento ou outras s\u00edndromes.<\/td>\n<\/tr>\n<tr>\n<td style=\"width: 123px;\">C1 &#8211; Prote\u00e7\u00e3o Legal<\/td>\n<td style=\"width: 294px;\">Lei n\u00ba 17555, de 30 de abril de 2013<\/td>\n<td style=\"width: 325px;\">Institui, no \u00e2mbito do Estado do Paran\u00e1, as diretrizes para a pol\u00edtica estadual de prote\u00e7\u00e3o dos direitos da pessoa com Transtorno do Espectro Autista &#8211; TEA.<\/td>\n<\/tr>\n<tr>\n<td style=\"width: 123px;\">C1 &#8211; Prote\u00e7\u00e3o Legal<\/td>\n<td style=\"width: 294px;\">Lei n\u00ba 19584, de 10 de julho de 2018<\/td>\n<td style=\"width: 325px;\">Altera a Lei n\u00ba 17.555, de 30 de abril de 2013, que instituiu, no \u00e2mbito do Estado do Paran\u00e1, as diretrizes para a Pol\u00edtica Estadual de Prote\u00e7\u00e3o dos Direitos da Pessoa com Transtorno do Espectro Autista.<\/td>\n<\/tr>\n<tr>\n<td style=\"width: 123px;\">C4 &#8211; Sa\u00fade<\/td>\n<td style=\"width: 294px;\">Lei n\u00ba 19590, de 10 de julho de 2018<\/td>\n<td style=\"width: 325px;\">Cria o Programa Censo de Pessoas com TEA e seus Familiares.<\/td>\n<\/tr>\n<tr>\n<td style=\"width: 123px;\">C5 &#8211; Conscientiza\u00e7\u00e3o<\/td>\n<td style=\"width: 294px;\">Lei n\u00ba 21225, de 6 de setembro de 2022<\/td>\n<td style=\"width: 325px;\">\nInstitui o Dia Estadual de Conscientiza\u00e7\u00e3o sobre a S\u00edndrome de Asperger a ser realizado anualmente em 18 de fevereiro.<\/td>\n<\/tr>\n<tr>\n<td style=\"width: 123px;\">C5 &#8211; Conscientiza\u00e7\u00e3o<\/td>\n<td style=\"width: 294px;\">Lei n\u00ba 21125, de 4 de julho de 2022<\/td>\n<td style=\"width: 325px;\">Concede o T\u00edtulo de Utilidade P\u00fablica ao Instituto Maringaense de Autismo, com sede no Munic\u00edpio de Maring\u00e1.<\/td>\n<\/tr>\n<tr>\n<td style=\"width: 123px;\">C5 &#8211; Conscientiza\u00e7\u00e3o<\/td>\n<td style=\"width: 294px;\">Lei n\u00ba 20864, de 07 de dezembro de 2021<\/td>\n<td style=\"width: 325px;\">Concede o T\u00edtulo de Utilidade P\u00fablica \u00e0 Associa\u00e7\u00e3o Autismo sem Barreiras \u2013 Associa\u00e7\u00e3o de Atendimento e Apoio \u00e0 Pessoa com Transtorno do Espectro Autista, com sede no Munic\u00edpio de Uni\u00e3o da Vit\u00f3ria.<\/td>\n<\/tr>\n<tr>\n<td style=\"width: 123px;\">C5 &#8211; Conscientiza\u00e7\u00e3o<\/td>\n<td style=\"width: 294px;\">Lei n\u00ba 19876, de 03 de julho de 2019<\/td>\n<td style=\"width: 325px;\">Altera a reda\u00e7\u00e3o da Lei n\u00ba 19.025, de 17 de maio de 2017, que instituiu a Semana Estadual da Conscientiza\u00e7\u00e3o Sobre o Transtorno do Espectro Autista.<\/td>\n<\/tr>\n<tr>\n<td style=\"width: 123px;\">C5 &#8211; Conscientiza\u00e7\u00e3o<\/td>\n<td style=\"width: 294px;\">Lei n\u00ba 19025, de 17 de maio de 2017<\/td>\n<td style=\"width: 325px;\">Institui a Semana Estadual da Conscientiza\u00e7\u00e3o Sobre o Transtorno do Espectro Autista.<\/td>\n<\/tr>\n<\/tbody>\n<\/table>\n<p>&nbsp;<\/p>\n","protected":false},"excerpt":{"rendered":"<p>Categoria Legisla\u00e7\u00e3o Objetivo C1 &#8211; Prote\u00e7\u00e3o Legal Lei n\u00ba 17677, de 10 de setembro de 2013 Pro\u00edbe a cobran\u00e7a de valores adicionais \u2013 sobretaxas para matr\u00edcula ou mensalidade de estudantes portadores de S\u00edndrome de Down, autismo, transtorno invasivo do desenvolvimento ou outras s\u00edndromes. C1 &#8211; Prote\u00e7\u00e3o Legal Lei n\u00ba 17555, de 30 de abril de [&hellip;]<\/p>\n","protected":false},"author":1375,"featured_media":0,"parent":0,"menu_order":0,"comment_status":"closed","ping_status":"closed","template":"","meta":{"footnotes":""},"class_list":["post-414","page","type-page","status-publish","hentry","post"],"jetpack_sharing_enabled":true,"_links":{"self":[{"href":"https:\/\/wp.ufpel.edu.br\/redeteabrasil\/wp-json\/wp\/v2\/pages\/414","targetHints":{"allow":["GET"]}}],"collection":[{"href":"https:\/\/wp.ufpel.edu.br\/redeteabrasil\/wp-json\/wp\/v2\/pages"}],"about":[{"href":"https:\/\/wp.ufpel.edu.br\/redeteabrasil\/wp-json\/wp\/v2\/types\/page"}],"author":[{"embeddable":true,"href":"https:\/\/wp.ufpel.edu.br\/redeteabrasil\/wp-json\/wp\/v2\/users\/1375"}],"replies":[{"embeddable":true,"href":"https:\/\/wp.ufpel.edu.br\/redeteabrasil\/wp-json\/wp\/v2\/comments?post=414"}],"version-history":[{"count":4,"href":"https:\/\/wp.ufpel.edu.br\/redeteabrasil\/wp-json\/wp\/v2\/pages\/414\/revisions"}],"predecessor-version":[{"id":654,"href":"https:\/\/wp.ufpel.edu.br\/redeteabrasil\/wp-json\/wp\/v2\/pages\/414\/revisions\/654"}],"wp:attachment":[{"href":"https:\/\/wp.ufpel.edu.br\/redeteabrasil\/wp-json\/wp\/v2\/media?parent=414"}],"curies":[{"name":"wp","href":"https:\/\/api.w.org\/{rel}","templated":true}]}}