{"id":411,"date":"2025-01-10T16:37:39","date_gmt":"2025-01-10T19:37:39","guid":{"rendered":"https:\/\/wp.ufpel.edu.br\/redeteabrasil\/?page_id=411"},"modified":"2025-02-13T14:36:07","modified_gmt":"2025-02-13T17:36:07","slug":"leis-da-paraiba","status":"publish","type":"page","link":"https:\/\/wp.ufpel.edu.br\/redeteabrasil\/leis-da-paraiba\/","title":{"rendered":"Leis da Para\u00edba"},"content":{"rendered":"<table dir=\"ltr\" style=\"width: 750px; height: 492px;\" border=\"1\" cellspacing=\"0\" cellpadding=\"0\" data-sheets-root=\"1\" data-sheets-baot=\"1\">\n<colgroup>\n<col width=\"108\" \/>\n<col width=\"373\" \/>\n<col width=\"403\" \/><\/colgroup>\n<tbody>\n<tr>\n<td style=\"text-align: center; width: 123px;\"><span style=\"font-size: 14pt; color: #135685;\"><strong>Categoria<\/strong><\/span><\/td>\n<td style=\"text-align: center; width: 293px;\"><span style=\"font-size: 14pt; color: #135685;\"><strong>Legisla\u00e7\u00e3o<\/strong><\/span><\/td>\n<td style=\"text-align: center; width: 326px;\"><span style=\"font-size: 14pt; color: #135685;\"><strong>Objetivo<\/strong><\/span><\/td>\n<\/tr>\n<tr>\n<td style=\"width: 123px;\">C2 &#8211; Inclus\u00e3o Social<\/td>\n<td style=\"width: 293px;\">Lei n\u00ba 12.062, de 24 de setembro de 2021<\/td>\n<td style=\"width: 326px;\">Disp\u00f5e sobre a cria\u00e7\u00e3o do selo Empresa Amiga dos Autistas, destinado aos estabelecimentos comerciais que adotem pol\u00edtica interna de inser\u00e7\u00e3o de pessoas com Transtorno do Espectro Autista no mercado de trabalho no Estado da Para\u00edba.<\/td>\n<\/tr>\n<tr>\n<td style=\"width: 123px;\">C5 &#8211; Conscientiza\u00e7\u00e3o<\/td>\n<td style=\"width: 293px;\">Lei n\u00ba 12.773, de 19 de setembro de 2023<\/td>\n<td style=\"width: 326px;\">Institui, no Calend\u00e1rio Oficial de Eventos do Estado da Para\u00edba, o Festival de Talentos para Pessoas com Transtorno do Espectro Autista &#8211; TEA.<\/td>\n<\/tr>\n<tr>\n<td style=\"width: 123px;\">C5 &#8211; Conscientiza\u00e7\u00e3o<\/td>\n<td style=\"width: 293px;\">Lei n\u00ba 12.203, de 31 de dezembro de 2021<\/td>\n<td style=\"width: 326px;\">Reconhece de Utilidade P\u00fablica o Instituto Autismo Amor Infinito, localizado no munic\u00edpio de Guarabira, neste Estado.<\/td>\n<\/tr>\n<tr>\n<td style=\"width: 123px;\">C6 &#8211; Benef\u00edcios Fiscais<\/td>\n<td style=\"width: 293px;\">Decreto n\u00ba 41.883 de 18 de novembro de 2021<\/td>\n<td style=\"width: 326px;\">Altera o Decreto n\u00ba 33.616, de 14 de dezembro de 2012, que concede isen\u00e7\u00e3o do ICMS nas sa\u00eddas de ve\u00edculos destinados a pessoas portadoras de defi ci\u00eancia f\u00edsica, visual, mental ou autista, e d\u00e1 outras provid\u00eancias.<\/td>\n<\/tr>\n<tr>\n<td style=\"width: 123px;\">C6 &#8211; Benef\u00edcios Fiscais<\/td>\n<td style=\"width: 293px;\">Decreto n\u00ba 40.959 de 28 de dezembro de 2020<\/td>\n<td style=\"width: 326px;\">Altera o Regulamento do Imposto sobre a Propriedade de Ve\u00edculos Automotores &#8211; RIPVA, aprovado pelo Decreto n\u00ba 37.814, de 17 de novembro de 2017, e d\u00e1 outras provid\u00eancias.<\/td>\n<\/tr>\n<\/tbody>\n<\/table>\n<p>&nbsp;<\/p>\n","protected":false},"excerpt":{"rendered":"<p>Categoria Legisla\u00e7\u00e3o Objetivo C2 &#8211; Inclus\u00e3o Social Lei n\u00ba 12.062, de 24 de setembro de 2021 Disp\u00f5e sobre a cria\u00e7\u00e3o do selo Empresa Amiga dos Autistas, destinado aos estabelecimentos comerciais que adotem pol\u00edtica interna de inser\u00e7\u00e3o de pessoas com Transtorno do Espectro Autista no mercado de trabalho no Estado da Para\u00edba. C5 &#8211; Conscientiza\u00e7\u00e3o Lei [&hellip;]<\/p>\n","protected":false},"author":1375,"featured_media":0,"parent":0,"menu_order":0,"comment_status":"closed","ping_status":"closed","template":"","meta":{"footnotes":""},"class_list":["post-411","page","type-page","status-publish","hentry","post"],"jetpack_sharing_enabled":true,"_links":{"self":[{"href":"https:\/\/wp.ufpel.edu.br\/redeteabrasil\/wp-json\/wp\/v2\/pages\/411","targetHints":{"allow":["GET"]}}],"collection":[{"href":"https:\/\/wp.ufpel.edu.br\/redeteabrasil\/wp-json\/wp\/v2\/pages"}],"about":[{"href":"https:\/\/wp.ufpel.edu.br\/redeteabrasil\/wp-json\/wp\/v2\/types\/page"}],"author":[{"embeddable":true,"href":"https:\/\/wp.ufpel.edu.br\/redeteabrasil\/wp-json\/wp\/v2\/users\/1375"}],"replies":[{"embeddable":true,"href":"https:\/\/wp.ufpel.edu.br\/redeteabrasil\/wp-json\/wp\/v2\/comments?post=411"}],"version-history":[{"count":4,"href":"https:\/\/wp.ufpel.edu.br\/redeteabrasil\/wp-json\/wp\/v2\/pages\/411\/revisions"}],"predecessor-version":[{"id":653,"href":"https:\/\/wp.ufpel.edu.br\/redeteabrasil\/wp-json\/wp\/v2\/pages\/411\/revisions\/653"}],"wp:attachment":[{"href":"https:\/\/wp.ufpel.edu.br\/redeteabrasil\/wp-json\/wp\/v2\/media?parent=411"}],"curies":[{"name":"wp","href":"https:\/\/api.w.org\/{rel}","templated":true}]}}