{"id":408,"date":"2025-01-10T16:35:02","date_gmt":"2025-01-10T19:35:02","guid":{"rendered":"https:\/\/wp.ufpel.edu.br\/redeteabrasil\/?page_id=408"},"modified":"2025-02-13T14:36:36","modified_gmt":"2025-02-13T17:36:36","slug":"leis-do-para","status":"publish","type":"page","link":"https:\/\/wp.ufpel.edu.br\/redeteabrasil\/leis-do-para\/","title":{"rendered":"Leis do Par\u00e1"},"content":{"rendered":"<table dir=\"ltr\" style=\"width: 750px; height: 372px;\" border=\"1\" cellspacing=\"0\" cellpadding=\"0\" data-sheets-root=\"1\" data-sheets-baot=\"1\">\n<colgroup>\n<col width=\"108\" \/>\n<col width=\"373\" \/>\n<col width=\"403\" \/><\/colgroup>\n<tbody>\n<tr>\n<td style=\"text-align: center; width: 103px;\"><span style=\"font-size: 14pt; color: #135685;\"><strong>Categoria<\/strong><\/span><\/td>\n<td style=\"text-align: center; width: 306px;\"><span style=\"font-size: 14pt; color: #135685;\"><strong>Legisla\u00e7\u00e3o<\/strong><\/span><\/td>\n<td style=\"text-align: center; width: 334px;\"><span style=\"font-size: 14pt; color: #135685;\"><strong>Objetivo<\/strong><\/span><\/td>\n<\/tr>\n<tr>\n<td style=\"width: 103px;\">C1 &#8211; Prote\u00e7\u00e3o Legal<\/td>\n<td style=\"width: 306px;\">Lei ordin\u00e1ria n\u00ba 9.061, de 21 de maio de 2020<\/td>\n<td style=\"width: 334px;\">Institui a Pol\u00edtica Estadual de Prote\u00e7\u00e3o dos Direitos da Pessoa com Transtorno do Espectro Autista &#8211; PEPTEA, cria o Sistema Estadual de Prote\u00e7\u00e3o dos Direitos da Pessoa com Transtorno do Espectro Autista e o Conselho da Pol\u00edtica Estadual de Prote\u00e7\u00e3o dos Direitos da Pessoa com Transtorno do Espectro Autista &#8211; COPEPTEA, disp\u00f5e sobre a expedi\u00e7\u00e3o da Carteira de Identifica\u00e7\u00e3o da Pessoa com Transtorno do Espectro Autista \u2013 CIPTEA, altera a Lei n\u00ba 5.838, de 1994<\/td>\n<\/tr>\n<tr>\n<td style=\"width: 103px;\">C2 &#8211; Inclus\u00e3o Social<\/td>\n<td style=\"width: 306px;\">Lei n\u00ba 9.905, de 5 de maio de 2023<\/td>\n<td style=\"width: 334px;\">Disp\u00f5e sobre a obrigatoriedade de inser\u00e7\u00e3o, nas<br \/>\nplacas de atendimento priorit\u00e1rio dos \u00f3rg\u00e3os da<br \/>\nadministra\u00e7\u00e3o p\u00fablica do Estado do Par\u00e1, do<br \/>\ns\u00edmbolo mundial da conscientiza\u00e7\u00e3o do Transtorno<br \/>\ndo Espectro Autista (TEA).<\/td>\n<\/tr>\n<\/tbody>\n<\/table>\n<p>&nbsp;<\/p>\n","protected":false},"excerpt":{"rendered":"<p>Categoria Legisla\u00e7\u00e3o Objetivo C1 &#8211; Prote\u00e7\u00e3o Legal Lei ordin\u00e1ria n\u00ba 9.061, de 21 de maio de 2020 Institui a Pol\u00edtica Estadual de Prote\u00e7\u00e3o dos Direitos da Pessoa com Transtorno do Espectro Autista &#8211; PEPTEA, cria o Sistema Estadual de Prote\u00e7\u00e3o dos Direitos da Pessoa com Transtorno do Espectro Autista e o Conselho da Pol\u00edtica Estadual [&hellip;]<\/p>\n","protected":false},"author":1375,"featured_media":0,"parent":0,"menu_order":0,"comment_status":"closed","ping_status":"closed","template":"","meta":{"footnotes":""},"class_list":["post-408","page","type-page","status-publish","hentry","post"],"jetpack_sharing_enabled":true,"_links":{"self":[{"href":"https:\/\/wp.ufpel.edu.br\/redeteabrasil\/wp-json\/wp\/v2\/pages\/408","targetHints":{"allow":["GET"]}}],"collection":[{"href":"https:\/\/wp.ufpel.edu.br\/redeteabrasil\/wp-json\/wp\/v2\/pages"}],"about":[{"href":"https:\/\/wp.ufpel.edu.br\/redeteabrasil\/wp-json\/wp\/v2\/types\/page"}],"author":[{"embeddable":true,"href":"https:\/\/wp.ufpel.edu.br\/redeteabrasil\/wp-json\/wp\/v2\/users\/1375"}],"replies":[{"embeddable":true,"href":"https:\/\/wp.ufpel.edu.br\/redeteabrasil\/wp-json\/wp\/v2\/comments?post=408"}],"version-history":[{"count":4,"href":"https:\/\/wp.ufpel.edu.br\/redeteabrasil\/wp-json\/wp\/v2\/pages\/408\/revisions"}],"predecessor-version":[{"id":652,"href":"https:\/\/wp.ufpel.edu.br\/redeteabrasil\/wp-json\/wp\/v2\/pages\/408\/revisions\/652"}],"wp:attachment":[{"href":"https:\/\/wp.ufpel.edu.br\/redeteabrasil\/wp-json\/wp\/v2\/media?parent=408"}],"curies":[{"name":"wp","href":"https:\/\/api.w.org\/{rel}","templated":true}]}}