{"id":393,"date":"2025-01-10T15:20:26","date_gmt":"2025-01-10T18:20:26","guid":{"rendered":"https:\/\/wp.ufpel.edu.br\/redeteabrasil\/?page_id=393"},"modified":"2025-02-13T14:36:07","modified_gmt":"2025-02-13T17:36:07","slug":"leis-de-goias","status":"publish","type":"page","link":"https:\/\/wp.ufpel.edu.br\/redeteabrasil\/leis-de-goias\/","title":{"rendered":"Leis de Goi\u00e1s"},"content":{"rendered":"<table dir=\"ltr\" style=\"width: 750px; height: 866px;\" border=\"1\" cellspacing=\"0\" cellpadding=\"0\" data-sheets-root=\"1\" data-sheets-baot=\"1\">\n<colgroup>\n<col width=\"108\" \/>\n<col width=\"373\" \/>\n<col width=\"403\" \/><\/colgroup>\n<tbody>\n<tr>\n<td style=\"width: 122px; text-align: center;\"><span style=\"font-size: 14pt; color: #135685;\"><strong>Categoria<\/strong><\/span><\/td>\n<td style=\"width: 294px; text-align: center;\"><span style=\"font-size: 14pt; color: #135685;\"><strong>Legisla\u00e7\u00e3o<\/strong><\/span><\/td>\n<td style=\"width: 326px; text-align: center;\"><span style=\"font-size: 14pt; color: #135685;\"><strong>Objetivo<\/strong><\/span><\/td>\n<\/tr>\n<tr>\n<td style=\"width: 122px;\">C1 &#8211; Prote\u00e7\u00e3o Legal<\/td>\n<td style=\"width: 294px;\">Lei n\u00ba 22.589, de 29 de mar\u00e7o de 2024<\/td>\n<td style=\"width: 326px;\">Altera a Lei n\u00ba 19.075, de 27 de outubro de 2015, que institui a Pol\u00edtica Estadual de Prote\u00e7\u00e3o dos Direitos da Pessoa com Transtorno do Espectro Autista e estabelece diretrizes para sua consecu\u00e7\u00e3o.<\/td>\n<\/tr>\n<tr>\n<td style=\"width: 122px;\">C1 &#8211; Prote\u00e7\u00e3o Legal<\/td>\n<td style=\"width: 294px;\">Lei n\u00ba 22.529, de 8 de janeiro de 2024<\/td>\n<td style=\"width: 326px;\">Altera a Lei n\u00ba 12.695, de 11 de setembro de 1995, que cria a Pol\u00edtica Estadualde Aten\u00e7\u00e3o ao Deficiente, o Fundo Estadual de Apoio ao Deficiente, o Conselho Estadual dos Direitos da Pessoa com Defici\u00eancia e d\u00e1 outras provid\u00eancias<\/td>\n<\/tr>\n<tr>\n<td style=\"width: 122px;\">C1 &#8211; Prote\u00e7\u00e3o Legal<\/td>\n<td style=\"width: 294px;\">Lei n\u00ba 20.116, de 08 de junho de 2018<\/td>\n<td style=\"width: 326px;\">Obriga os estabelecimentos p\u00fablicos e privados a inserir nas placas de atendimento priorit\u00e1rio o s\u00edmbolo mundial do autismo.<\/td>\n<\/tr>\n<tr>\n<td style=\"width: 122px;\">C1 &#8211; Prote\u00e7\u00e3o Legal<\/td>\n<td style=\"width: 294px;\">Lei n\u00ba 21.769, de 2 de janeiro de 2023<\/td>\n<td style=\"width: 326px;\">institui a Pol\u00edtica Estadual de Prote\u00e7\u00e3o dos Direitos da Pessoa com Transtorno do Espectro Autista e estabelece diretrizes para sua consecu\u00e7\u00e3o.<\/td>\n<\/tr>\n<tr>\n<td style=\"width: 122px;\">C1 &#8211; Prote\u00e7\u00e3o Legal<\/td>\n<td style=\"width: 294px;\">Lei n\u00ba 19.075, de 27 de outubro de 2015<\/td>\n<td style=\"width: 326px;\">Institui a Pol\u00edtica Estadual de Prote\u00e7\u00e3o dos Direitos da Pessoa com Transtorno do Espectro Autista e estabelece diretrizes para sua consecu\u00e7\u00e3o.<\/td>\n<\/tr>\n<tr>\n<td style=\"width: 122px;\">C2 &#8211; Inclus\u00e3o Social<\/td>\n<td style=\"width: 294px;\">Lei n\u00ba 21.196, de 10 de dezembro de 2021<\/td>\n<td style=\"width: 326px;\">Institui a Carteira de Identifica\u00e7\u00e3o da Pessoa<br \/>\ncom Transtorno do Espectro Autista e d\u00e1 outras<br \/>\nprovid\u00eancias.<\/td>\n<\/tr>\n<tr>\n<td style=\"width: 122px;\">C3 &#8211; Educa\u00e7\u00e3o<\/td>\n<td style=\"width: 294px;\">Lei n\u00ba 22.493, de 22 de dezembro de 2023<\/td>\n<td style=\"width: 326px;\">Disp\u00f5e sobre o Plano de Carreira e Remunera\u00e7\u00e3o de Agente Administrativo Educacional T\u00e9cnico \u2013 AAE-T.<br \/>\nexecutar o servi\u00e7o como profissional de apoio escolar nas atividades de alimenta\u00e7\u00e3o, higiene e locomo\u00e7\u00e3o dos estudantes com defici\u00eancia f\u00edsica e autismo<\/td>\n<\/tr>\n<tr>\n<td style=\"width: 122px;\">C3 &#8211; Educa\u00e7\u00e3o<\/td>\n<td style=\"width: 294px;\">Lei n\u00ba 21.682, de 15 de dezembro de 2022<\/td>\n<td style=\"width: 326px;\">Altera a Lei n\u00ba 13.909, de 25 de setembro de 2001, que disp\u00f5e sobre o Estatuto e o Plano de Cargos e Vencimentos do Pessoal do Magist\u00e9rio.<br \/>\nservi\u00e7o como profissional de apoio escolar nas atividades de alimenta\u00e7\u00e3o, higiene, locomo\u00e7\u00e3o para os estudantes com defici\u00eancia f\u00edsica e em todas as atividades escolares nas quais se fizer necess\u00e1rio aos estudantes com defici\u00eancia intelectual, associada ou n\u00e3o a outro tipo de defici\u00eancia, ou com transtornos globais do desenvolvimento \u2013 TGD\/transtorno do espectro do autismo<\/td>\n<\/tr>\n<tr>\n<td style=\"width: 122px;\">C3 &#8211; Educa\u00e7\u00e3o<\/td>\n<td style=\"width: 294px;\">Lei no 13.910, de 25 de setembro de 2001.<\/td>\n<td style=\"width: 326px;\">Disp\u00f5e sobre o Plano de Cargo e Vencimento de Agente Administrativo Educacional da Secretaria da Educa\u00e7\u00e3o.<\/td>\n<\/tr>\n<tr>\n<td style=\"width: 122px;\">C5 &#8211; Conscientiza\u00e7\u00e3o<\/td>\n<td style=\"width: 294px;\">Lei n\u00ba 21.931, de 17 de maio de 2023<\/td>\n<td style=\"width: 326px;\">Altera a Lei n\u00ba 18.242, de 28 de novembro de 2013, que institui o Dia Estadual de Conscientiza\u00e7\u00e3o do Autismo.<\/td>\n<\/tr>\n<tr>\n<td style=\"width: 122px;\">C5 &#8211; Conscientiza\u00e7\u00e3o<\/td>\n<td style=\"width: 294px;\">Lei n\u00ba 21.540, de 4 de agosto de 2022<\/td>\n<td style=\"width: 326px;\">Declarada de utilidade p\u00fablica a ASSOCIA\u00c7\u00c3O DE PAIS E PESSOAS COM AUTISMO DE FORMOSA\/GO \u2013 APPAF, inscrita no Cadastro Nacional da Pessoa Jur\u00eddica (CNPJ) sob o n\u00ba 32.504.690\/0001-02, com sede no Munic\u00edpio de Formosa\/GO.<\/td>\n<\/tr>\n<tr>\n<td style=\"width: 122px;\">C5 &#8211; Conscientiza\u00e7\u00e3o<\/td>\n<td style=\"width: 294px;\">Lei n\u00ba 18.242, de 28 de novembro de 2013<\/td>\n<td style=\"width: 326px;\">Institui o Dia Estadual de Conscientiza\u00e7\u00e3o do Autismo.<\/td>\n<\/tr>\n<tr>\n<td style=\"width: 122px;\">C6 &#8211; Benef\u00edcios Fiscais<\/td>\n<td style=\"width: 294px;\">Decreto n\u00ba 10.160, de 26 de outubro de 2022<\/td>\n<td style=\"width: 326px;\">Altera o Anexo IX do Decreto n\u00ba 4.852, de 29 de dezembro de 1997, Regulamento do C\u00f3digo Tribut\u00e1rio do Estado de Goi\u00e1s \u2013 RCTE.<\/td>\n<\/tr>\n<tr>\n<td style=\"width: 122px;\">C6 &#8211; Benef\u00edcios Fiscais<\/td>\n<td style=\"width: 294px;\">Decreto n\u00ba 9.846, de 06 de abril de 2021<\/td>\n<td style=\"width: 326px;\">Altera o Anexo IX do Decreto n\u00ba 4.852, de 29 de dezembro de 1997, Regulamento do C\u00f3digo Tribut\u00e1rio do Estado de Goi\u00e1s \u2013 RCTE. (Desconto na compra de carros)<\/td>\n<\/tr>\n<tr>\n<td style=\"width: 122px;\">C6 &#8211; Benef\u00edcios Fiscais<\/td>\n<td style=\"width: 294px;\">Decreto n\u00ba 9.095, de 28 de novembro de 2017<\/td>\n<td style=\"width: 326px;\">Altera o Decreto n\u00ba 4.852, de 29 de dezembro de 1997, Regulamento do C\u00f3digo Tribut\u00e1rio do Estado de Goi\u00e1s &#8211; RCTE -.<\/td>\n<\/tr>\n<tr>\n<td style=\"width: 122px;\">C6 &#8211; Benef\u00edcios Fiscais<\/td>\n<td style=\"width: 294px;\">Decreto n\u00ba 7.817, de 27 de fevereiro de 2013<\/td>\n<td style=\"width: 326px;\">Altera o Decreto n\u00ba 4.852, de 29 de dezembro de 1997, Regulamento do C\u00f3digo Tribut\u00e1rio do Estado de Goi\u00e1s &#8211; RCTE -.<\/td>\n<\/tr>\n<\/tbody>\n<\/table>\n<p>&nbsp;<\/p>\n","protected":false},"excerpt":{"rendered":"<p>Categoria Legisla\u00e7\u00e3o Objetivo C1 &#8211; Prote\u00e7\u00e3o Legal Lei n\u00ba 22.589, de 29 de mar\u00e7o de 2024 Altera a Lei n\u00ba 19.075, de 27 de outubro de 2015, que institui a Pol\u00edtica Estadual de Prote\u00e7\u00e3o dos Direitos da Pessoa com Transtorno do Espectro Autista e estabelece diretrizes para sua consecu\u00e7\u00e3o. C1 &#8211; Prote\u00e7\u00e3o Legal Lei n\u00ba [&hellip;]<\/p>\n","protected":false},"author":1375,"featured_media":0,"parent":0,"menu_order":0,"comment_status":"closed","ping_status":"closed","template":"","meta":{"footnotes":""},"class_list":["post-393","page","type-page","status-publish","hentry","post"],"jetpack_sharing_enabled":true,"_links":{"self":[{"href":"https:\/\/wp.ufpel.edu.br\/redeteabrasil\/wp-json\/wp\/v2\/pages\/393","targetHints":{"allow":["GET"]}}],"collection":[{"href":"https:\/\/wp.ufpel.edu.br\/redeteabrasil\/wp-json\/wp\/v2\/pages"}],"about":[{"href":"https:\/\/wp.ufpel.edu.br\/redeteabrasil\/wp-json\/wp\/v2\/types\/page"}],"author":[{"embeddable":true,"href":"https:\/\/wp.ufpel.edu.br\/redeteabrasil\/wp-json\/wp\/v2\/users\/1375"}],"replies":[{"embeddable":true,"href":"https:\/\/wp.ufpel.edu.br\/redeteabrasil\/wp-json\/wp\/v2\/comments?post=393"}],"version-history":[{"count":10,"href":"https:\/\/wp.ufpel.edu.br\/redeteabrasil\/wp-json\/wp\/v2\/pages\/393\/revisions"}],"predecessor-version":[{"id":646,"href":"https:\/\/wp.ufpel.edu.br\/redeteabrasil\/wp-json\/wp\/v2\/pages\/393\/revisions\/646"}],"wp:attachment":[{"href":"https:\/\/wp.ufpel.edu.br\/redeteabrasil\/wp-json\/wp\/v2\/media?parent=393"}],"curies":[{"name":"wp","href":"https:\/\/api.w.org\/{rel}","templated":true}]}}