{"id":384,"date":"2025-01-10T15:01:49","date_gmt":"2025-01-10T18:01:49","guid":{"rendered":"https:\/\/wp.ufpel.edu.br\/redeteabrasil\/?page_id=384"},"modified":"2025-02-13T14:36:36","modified_gmt":"2025-02-13T17:36:36","slug":"leis-do-destrito-federal","status":"publish","type":"page","link":"https:\/\/wp.ufpel.edu.br\/redeteabrasil\/leis-do-destrito-federal\/","title":{"rendered":"Leis do Destrito Federal"},"content":{"rendered":"<table dir=\"ltr\" style=\"width: 750px; height: 1279px;\" border=\"1\" cellspacing=\"0\" cellpadding=\"0\" data-sheets-root=\"1\" data-sheets-baot=\"1\">\n<colgroup>\n<col width=\"108\" \/>\n<col width=\"373\" \/>\n<col width=\"403\" \/><\/colgroup>\n<tbody>\n<tr>\n<td style=\"text-align: center; width: 123px;\"><span style=\"font-size: 14pt; color: #135685;\"><strong>Categoria<\/strong><\/span><\/td>\n<td style=\"text-align: center; width: 291px;\"><span style=\"font-size: 14pt; color: #135685;\"><strong>Legisla\u00e7\u00e3o<\/strong><\/span><\/td>\n<td style=\"text-align: center; width: 329px;\"><span style=\"font-size: 14pt; color: #135685;\"><strong>Objetivo<\/strong><\/span><\/td>\n<\/tr>\n<tr>\n<td style=\"width: 123px;\">C1 &#8211; Prote\u00e7\u00e3o Legal<\/td>\n<td style=\"width: 291px;\">Lei n\u00ba 6898, de 14 de julho de 2021<\/td>\n<td style=\"width: 329px;\">Disp\u00f5e sobre o prazo de validade do laudo m\u00e9dico pericial que atesta o transtorno do espectro autista &#8211; TEA.<\/td>\n<\/tr>\n<tr>\n<td style=\"width: 123px;\">C1 &#8211; Prote\u00e7\u00e3o Legal<\/td>\n<td style=\"width: 291px;\">Lei n\u00ba 6925, de 02 de agosto de 2021<\/td>\n<td style=\"width: 329px;\">Estabelece diretrizes a serem observadas na formula\u00e7\u00e3o da Pol\u00edtica Distrital de Atendimento e Diagn\u00f3stico \u00e0s Pessoas com Transtorno de Espectro Autista, no Distrito Federal, e d\u00e1 outras provid\u00eancias.<\/td>\n<\/tr>\n<tr>\n<td style=\"width: 123px;\">C1 &#8211; Prote\u00e7\u00e3o Legal<\/td>\n<td style=\"width: 291px;\">Lei n\u00ba 5522, de 26 de agosto de 2015<\/td>\n<td style=\"width: 329px;\">Altera a Lei n\u00ba 5.089, de 25 de mar\u00e7o de 2013, que pro\u00edbe a cobran\u00e7a de valores adicionais sobretaxa para matr\u00edcula ou mensalidade de estudantes portadores de s\u00edndrome de Down, autismo, transtorno invasivo do desenvolvimento ou outras s\u00edndromes e d\u00e1 outras provid\u00eancias.<\/td>\n<\/tr>\n<tr>\n<td style=\"width: 123px;\">C1 &#8211; Prote\u00e7\u00e3o Legal<\/td>\n<td style=\"width: 291px;\">Lei n\u00ba 5089, de 25 de mar\u00e7o de 2013<\/td>\n<td style=\"width: 329px;\">Pro\u00edbe a cobran\u00e7a de valores adicionais &#8211; sobretaxa para matr\u00edcula ou mensalidade de estudantes portadores de s\u00edndrome de Down, autismo, transtorno invasivo do desenvolvimento ou outras s\u00edndromes e d\u00e1 outras provid\u00eancias.<\/td>\n<\/tr>\n<tr>\n<td style=\"width: 123px;\">C1 &#8211; Prote\u00e7\u00e3o Legal<\/td>\n<td style=\"width: 291px;\">Lei n\u00ba 4568, de 16 de maio de 2011<\/td>\n<td style=\"width: 329px;\">\n<p>Lei Fernando Cotta<\/p>\n<p>Institui a obrigatoriedade de o Poder Executivo proporcionar tratamento especializado, educa\u00e7\u00e3o e assist\u00eancia espec\u00edficas a todos os autistas, independentemente de idade, no \u00e2mbito do Distrito Federal.<\/td>\n<\/tr>\n<tr>\n<td style=\"width: 123px;\">C2 &#8211; Inclus\u00e3o Social<\/td>\n<td style=\"width: 291px;\">Lei n\u00ba 7292, de 18 de julho de 2023<\/td>\n<td style=\"width: 329px;\">Altera a Lei n\u00ba 4.568, de 16 de maio de 2011, que &#8220;institui a obrigatoriedade de o Poder Executivo proporcionar tratamento especializado, educa\u00e7\u00e3o e assist\u00eancia espec\u00edficas a todos os autistas, independentemente de idade, no \u00e2mbito do Distrito Federal&#8221;.<\/td>\n<\/tr>\n<tr>\n<td style=\"width: 123px;\">C2 &#8211; Inclus\u00e3o Social<\/td>\n<td style=\"width: 291px;\">Lei n\u00ba 6642, de 21 de julho de 2020<\/td>\n<td style=\"width: 329px;\">Disp\u00f5e sobre a institui\u00e7\u00e3o da Carteira de Identifica\u00e7\u00e3o da Pessoa com Transtorno do Espectro Autista Ciptea e d\u00e1 outras provid\u00eancias.<\/td>\n<\/tr>\n<tr>\n<td style=\"width: 123px;\">C3 &#8211; Educa\u00e7\u00e3o<\/td>\n<td style=\"width: 291px;\">Lei n\u00ba 7436, de 28 de fevereiro de 2024<\/td>\n<td style=\"width: 329px;\">Disp\u00f5e sobre a obrigatoriedade de realiza\u00e7\u00e3o de sess\u00e3o de cinema adaptada a pessoas com transtorno do espectro autista e suas fam\u00edlias, no Distrito Federal.<\/td>\n<\/tr>\n<tr>\n<td style=\"width: 123px;\">C3 &#8211; Educa\u00e7\u00e3o<\/td>\n<td style=\"width: 291px;\">Lei n\u00ba 5310, de 18 de fevereiro de 2014<\/td>\n<td style=\"width: 329px;\">Disp\u00f5e sobre a educa\u00e7\u00e3o especial e o atendimento e acompanhamento integral aos estudantes que apresentem necessidades especiais nos diferentes n\u00edveis, etapas e modalidades de educa\u00e7\u00e3o.<\/td>\n<\/tr>\n<tr>\n<td style=\"width: 123px;\">C4 &#8211; Sa\u00fade<\/td>\n<td style=\"width: 291px;\">Lei n\u00ba 7310, de 25 de julho de 2023<\/td>\n<td style=\"width: 329px;\">Institui diretrizes, estrat\u00e9gias e a\u00e7\u00f5es para o programa de aten\u00e7\u00e3o e orienta\u00e7\u00e3o \u00e0s m\u00e3es at\u00edpicas &#8211; Cuidando de quem Cuida, no Distrito Federal, e d\u00e1 outras provid\u00eancias.<\/td>\n<\/tr>\n<tr>\n<td style=\"width: 123px;\">C5 &#8211; Conscientiza\u00e7\u00e3o<\/td>\n<td style=\"width: 291px;\">Lei n\u00ba 5334, de 25 de abril de 2014<\/td>\n<td style=\"width: 329px;\">Disp\u00f5e sobre a inclus\u00e3o do Dia Mundial de Conscientiza\u00e7\u00e3o do Autismo no calend\u00e1rio oficial do Distrito Federal.<\/td>\n<\/tr>\n<tr>\n<td style=\"width: 123px;\">C5 &#8211; Conscientiza\u00e7\u00e3o<\/td>\n<td style=\"width: 291px;\">Lei n\u00ba 5078, de 11 de mar\u00e7o de 2013<\/td>\n<td style=\"width: 329px;\">Inclui, no calend\u00e1rio oficial de eventos do Distrito Federal, o Dia do Autismo.<\/td>\n<\/tr>\n<\/tbody>\n<\/table>\n<p>&nbsp;<\/p>\n","protected":false},"excerpt":{"rendered":"<p>Categoria Legisla\u00e7\u00e3o Objetivo C1 &#8211; Prote\u00e7\u00e3o Legal Lei n\u00ba 6898, de 14 de julho de 2021 Disp\u00f5e sobre o prazo de validade do laudo m\u00e9dico pericial que atesta o transtorno do espectro autista &#8211; TEA. C1 &#8211; Prote\u00e7\u00e3o Legal Lei n\u00ba 6925, de 02 de agosto de 2021 Estabelece diretrizes a serem observadas na formula\u00e7\u00e3o [&hellip;]<\/p>\n","protected":false},"author":1375,"featured_media":0,"parent":0,"menu_order":0,"comment_status":"closed","ping_status":"closed","template":"","meta":{"footnotes":""},"class_list":["post-384","page","type-page","status-publish","hentry","post"],"jetpack_sharing_enabled":true,"_links":{"self":[{"href":"https:\/\/wp.ufpel.edu.br\/redeteabrasil\/wp-json\/wp\/v2\/pages\/384","targetHints":{"allow":["GET"]}}],"collection":[{"href":"https:\/\/wp.ufpel.edu.br\/redeteabrasil\/wp-json\/wp\/v2\/pages"}],"about":[{"href":"https:\/\/wp.ufpel.edu.br\/redeteabrasil\/wp-json\/wp\/v2\/types\/page"}],"author":[{"embeddable":true,"href":"https:\/\/wp.ufpel.edu.br\/redeteabrasil\/wp-json\/wp\/v2\/users\/1375"}],"replies":[{"embeddable":true,"href":"https:\/\/wp.ufpel.edu.br\/redeteabrasil\/wp-json\/wp\/v2\/comments?post=384"}],"version-history":[{"count":5,"href":"https:\/\/wp.ufpel.edu.br\/redeteabrasil\/wp-json\/wp\/v2\/pages\/384\/revisions"}],"predecessor-version":[{"id":641,"href":"https:\/\/wp.ufpel.edu.br\/redeteabrasil\/wp-json\/wp\/v2\/pages\/384\/revisions\/641"}],"wp:attachment":[{"href":"https:\/\/wp.ufpel.edu.br\/redeteabrasil\/wp-json\/wp\/v2\/media?parent=384"}],"curies":[{"name":"wp","href":"https:\/\/api.w.org\/{rel}","templated":true}]}}