{"id":377,"date":"2025-01-10T14:51:27","date_gmt":"2025-01-10T17:51:27","guid":{"rendered":"https:\/\/wp.ufpel.edu.br\/redeteabrasil\/?page_id=377"},"modified":"2025-02-13T14:36:07","modified_gmt":"2025-02-13T17:36:07","slug":"leis-da-bahia","status":"publish","type":"page","link":"https:\/\/wp.ufpel.edu.br\/redeteabrasil\/leis-da-bahia\/","title":{"rendered":"Leis da Bahia"},"content":{"rendered":"<table dir=\"ltr\" style=\"height: 246px;\" border=\"1\" cellspacing=\"0\" cellpadding=\"0\" data-sheets-root=\"1\" data-sheets-baot=\"1\">\n<colgroup>\n<col width=\"108\" \/>\n<col width=\"373\" \/>\n<col width=\"403\" \/><\/colgroup>\n<tbody>\n<tr style=\"height: 27px;\">\n<td style=\"text-align: center; height: 27px; width: 108px;\"><span style=\"font-size: 14pt; color: #135685;\"><strong>Categoria<\/strong><\/span><\/td>\n<td style=\"text-align: center; height: 27px; width: 373px;\"><span style=\"font-size: 14pt; color: #135685;\"><strong>Legisla\u00e7\u00e3o<\/strong><\/span><\/td>\n<td style=\"text-align: center; height: 27px; width: 403px;\"><span style=\"font-size: 14pt; color: #135685;\"><strong>Objetivo<\/strong><\/span><\/td>\n<\/tr>\n<tr>\n<td style=\"width: 108px;\">C1 &#8211; Prote\u00e7\u00e3o Legal<\/td>\n<td style=\"width: 373px;\">Lei n\u00ba 10.553 de 23 de mar\u00e7o de 2007<\/td>\n<td style=\"width: 403px;\">Determina a obrigatoriedade do Governo do Estado da Bahia proporcionar tratamento especializado, educa\u00e7\u00e3o e assist\u00eancia espec\u00edficas a todos os autistas do estado, independentemente de idade.<\/td>\n<\/tr>\n<tr>\n<td style=\"width: 108px;\">C2 &#8211; Inclus\u00e3o Social<\/td>\n<td style=\"width: 373px;\">Decreto n\u00ba 22.293 de 27 de setembro de 2023<\/td>\n<td style=\"width: 403px;\">Disp\u00f5e sobre a emiss\u00e3o da Carteira de Identifica\u00e7\u00e3o da Pessoa com Transtorno do Espectro Autista &#8211; CIPTEA, no \u00e2mbito do Estado da Bahia, na forma que indica.<\/td>\n<\/tr>\n<\/tbody>\n<\/table>\n<p>&nbsp;<\/p>\n","protected":false},"excerpt":{"rendered":"<p>Categoria Legisla\u00e7\u00e3o Objetivo C1 &#8211; Prote\u00e7\u00e3o Legal Lei n\u00ba 10.553 de 23 de mar\u00e7o de 2007 Determina a obrigatoriedade do Governo do Estado da Bahia proporcionar tratamento especializado, educa\u00e7\u00e3o e assist\u00eancia espec\u00edficas a todos os autistas do estado, independentemente de idade. C2 &#8211; Inclus\u00e3o Social Decreto n\u00ba 22.293 de 27 de setembro de 2023 Disp\u00f5e [&hellip;]<\/p>\n","protected":false},"author":1375,"featured_media":0,"parent":0,"menu_order":0,"comment_status":"closed","ping_status":"closed","template":"","meta":{"footnotes":""},"class_list":["post-377","page","type-page","status-publish","hentry","post"],"jetpack_sharing_enabled":true,"_links":{"self":[{"href":"https:\/\/wp.ufpel.edu.br\/redeteabrasil\/wp-json\/wp\/v2\/pages\/377","targetHints":{"allow":["GET"]}}],"collection":[{"href":"https:\/\/wp.ufpel.edu.br\/redeteabrasil\/wp-json\/wp\/v2\/pages"}],"about":[{"href":"https:\/\/wp.ufpel.edu.br\/redeteabrasil\/wp-json\/wp\/v2\/types\/page"}],"author":[{"embeddable":true,"href":"https:\/\/wp.ufpel.edu.br\/redeteabrasil\/wp-json\/wp\/v2\/users\/1375"}],"replies":[{"embeddable":true,"href":"https:\/\/wp.ufpel.edu.br\/redeteabrasil\/wp-json\/wp\/v2\/comments?post=377"}],"version-history":[{"count":4,"href":"https:\/\/wp.ufpel.edu.br\/redeteabrasil\/wp-json\/wp\/v2\/pages\/377\/revisions"}],"predecessor-version":[{"id":637,"href":"https:\/\/wp.ufpel.edu.br\/redeteabrasil\/wp-json\/wp\/v2\/pages\/377\/revisions\/637"}],"wp:attachment":[{"href":"https:\/\/wp.ufpel.edu.br\/redeteabrasil\/wp-json\/wp\/v2\/media?parent=377"}],"curies":[{"name":"wp","href":"https:\/\/api.w.org\/{rel}","templated":true}]}}