{"id":372,"date":"2025-01-10T14:47:58","date_gmt":"2025-01-10T17:47:58","guid":{"rendered":"https:\/\/wp.ufpel.edu.br\/redeteabrasil\/?page_id=372"},"modified":"2025-07-19T16:07:34","modified_gmt":"2025-07-19T19:07:34","slug":"leis-do-amazonas","status":"publish","type":"page","link":"https:\/\/wp.ufpel.edu.br\/redeteabrasil\/leis-do-amazonas\/","title":{"rendered":"Leis do Amazonas"},"content":{"rendered":"<table dir=\"ltr\" style=\"width: 749px; height: 1922px;\" border=\"1\" cellspacing=\"0\" cellpadding=\"0\" data-sheets-root=\"1\" data-sheets-baot=\"1\">\n<colgroup>\n<col width=\"108\" \/>\n<col width=\"373\" \/>\n<col width=\"403\" \/><\/colgroup>\n<tbody>\n<tr>\n<td style=\"text-align: center; width: 122px;\"><span style=\"font-size: 14pt; color: #135685;\"><strong>Categoria<\/strong><\/span><\/td>\n<td style=\"text-align: center; width: 295px;\"><span style=\"font-size: 14pt; color: #135685;\"><strong>Legisla\u00e7\u00e3o<\/strong><\/span><\/td>\n<td style=\"text-align: center; width: 324px;\"><span style=\"font-size: 14pt; color: #135685;\"><strong>Objetivo<\/strong><\/span><\/td>\n<\/tr>\n<tr>\n<td style=\"width: 122px;\">C1 &#8211; Prote\u00e7\u00e3o Legal<\/td>\n<td style=\"width: 295px;\">Lei n\u00ba 6.458, de 22 de setembro de 2023<\/td>\n<td style=\"width: 324px;\">Consolida a legisla\u00e7\u00e3o relativa \u00e0 pessoa com o Transtorno do Espectro do Autismo &#8211; TEA e d\u00e1 outras provid\u00eancias.<\/td>\n<\/tr>\n<tr>\n<td style=\"width: 122px;\">C1 &#8211; Prote\u00e7\u00e3o Legal<\/td>\n<td style=\"width: 295px;\">Lei n\u00ba 5.596, de 1 de setembro de 2021<\/td>\n<td style=\"width: 324px;\">Disp\u00f5e sobre o prazo de validade do laudo m\u00e9dico-pericial que atesta Transtorno do Espectro do Autismo &#8211; TEA, para os fins que especifica.<\/td>\n<\/tr>\n<tr>\n<td style=\"width: 122px;\">C1 &#8211; Prote\u00e7\u00e3o Legal<\/td>\n<td style=\"width: 295px;\">Lei n\u00ba 6.067, de 24 de novembro de 2022<\/td>\n<td style=\"width: 324px;\">Altera dispositivos da Lei n\u00ba 100, de 14 de dezembro de 2011, que inclui o autista como portador de defici\u00eancia para fins de frui\u00e7\u00e3o dos direitos assegurados nos artigos 244, X, e 248 da Constitui\u00e7\u00e3o do Estado do Amazonas.<\/td>\n<\/tr>\n<tr>\n<td style=\"width: 122px;\">C1 &#8211; Prote\u00e7\u00e3o Legal<\/td>\n<td style=\"width: 295px;\">Lei n\u00ba 5.916, de 1 de junho de 2022<\/td>\n<td style=\"width: 324px;\">Altera, na forma que especifica, a Lei Promulgada n\u00ba 241, de 31 de mar\u00e7o de 2015 que: &#8220;CONSOLIDA a legisla\u00e7\u00e3o relativa \u00e0 pessoa com defici\u00eancia no Estado do Amazonas, e d\u00e1 outras provid\u00eancias&#8221;.<\/td>\n<\/tr>\n<tr>\n<td style=\"width: 122px;\">C1 &#8211; Prote\u00e7\u00e3o Legal<\/td>\n<td style=\"width: 295px;\">Lei n\u00ba 5.677, de 12 de novembro de 2021<\/td>\n<td style=\"width: 324px;\">Institui o Sistema Estadual de Atendimento Integrado \u00e0 Pessoa com Transtornos do Espectro Autista.<\/td>\n<\/tr>\n<tr>\n<td style=\"width: 122px;\">C2 &#8211; Inclus\u00e3o Social<\/td>\n<td style=\"width: 295px;\">Decreto n\u00ba 42.900, de 22 de outubro de 2020<\/td>\n<td style=\"width: 324px;\">Regulamenta o artigo 110 da Lei Promulgada n\u00ba 241, de 27 de mar\u00e7o de 2015, que cria a Carteira de Identifica\u00e7\u00e3o para a Pessoa com Defici\u00eancia &#8211; CIPD, no \u00e2mbito do Estado do Amazonas, e d\u00e1 outras provid\u00eancias.<\/td>\n<\/tr>\n<tr>\n<td style=\"width: 122px;\">C5 &#8211; Conscientiza\u00e7\u00e3o<\/td>\n<td style=\"width: 295px;\">Lei n\u00ba 6.714, de 04 de janeiro de 2024<\/td>\n<td style=\"width: 324px;\">Declara ao Instituto Autismo de Parintins Isadora Tupinamb\u00e1 &#8211; IAPIN.<\/td>\n<\/tr>\n<tr>\n<td style=\"width: 122px;\">C5 &#8211; Conscientiza\u00e7\u00e3o<\/td>\n<td style=\"width: 295px;\">Lei n\u00ba 6.350, de 31 de julho de 2023<\/td>\n<td style=\"width: 324px;\">Institui a Corrida em Alus\u00e3o ao Dia do Autismo no Estado do Amazonas, passando a integrar o Calend\u00e1rio Estadual de datas comemorativas.<\/td>\n<\/tr>\n<tr>\n<td style=\"width: 122px;\">C5 &#8211; Conscientiza\u00e7\u00e3o<\/td>\n<td style=\"width: 295px;\">Lei n\u00ba 6.499, de 11 de outubro de 2023<\/td>\n<td style=\"width: 324px;\">Institui e inclui no Calend\u00e1rio Oficial de Eventos o Festival de Talentos para pessoas com Transtorno do Espectro Autista &#8211; TEA.<\/td>\n<\/tr>\n<tr>\n<td style=\"width: 122px;\">C5 &#8211; Conscientiza\u00e7\u00e3o<\/td>\n<td style=\"width: 295px;\">Lei n\u00ba 6.374, de 02 de agosto de 2023<\/td>\n<td style=\"width: 324px;\">Disp\u00f5e sobre a Semana de Orienta\u00e7\u00e3o e Terapia para Pais e\/ou Respons\u00e1veis de Pessoas com Transtorno do Espectro Autista &#8211; TEA, no Estado do Amazonas.<\/td>\n<\/tr>\n<tr>\n<td style=\"width: 122px;\">C5 &#8211; Conscientiza\u00e7\u00e3o<\/td>\n<td style=\"width: 295px;\">Lei n\u00ba 6.313, de 20 de julho de 2023<\/td>\n<td style=\"width: 324px;\">Institui o Dia Estadual da Pessoa com Transtorno do Espectro Autista (TEA) no Estado do Amazonas.<\/td>\n<\/tr>\n<tr>\n<td style=\"width: 122px;\">C5 &#8211; Conscientiza\u00e7\u00e3o<\/td>\n<td style=\"width: 295px;\">Lei n\u00ba 6.234, de 04 de maio de 2023<\/td>\n<td style=\"width: 324px;\">Institui o Dia Estadual de Conscientiza\u00e7\u00e3o sobre a S\u00edndrome de Asperger, no Estado do Amazonas, e d\u00e1 outras provid\u00eancias.<\/td>\n<\/tr>\n<tr>\n<td style=\"width: 122px;\">C6 &#8211; Benef\u00edcios Fiscais<\/td>\n<td style=\"width: 295px;\">Decreto n\u00ba 44.539, de 15 de setembro de 2021<\/td>\n<td style=\"width: 324px;\">Disciplina a aplica\u00e7\u00e3o do artigo 10-A, da Lei n\u00ba 4.719, de 12 de dezembro de 2018, que &#8220;AUTORIZA o Poder Executivo a conceder parcelamento e remiss\u00e3o de d\u00e9bitos fiscais de ICMS, IPVA e ITCMD e a dispensar cr\u00e9ditos tribut\u00e1rios de IPVA e isenta de IPVA, na forma e nas condi\u00e7\u00f5es que especifica&#8221;, e d\u00e1 outras provid\u00eancias.<\/td>\n<\/tr>\n<\/tbody>\n<\/table>\n<table style=\"border-collapse: collapse; width: 100%;\" border=\"1\">\n<tbody>\n<tr>\n<td style=\"width: 50%;\"><\/td>\n<td style=\"width: 50%;\"><\/td>\n<\/tr>\n<tr>\n<td style=\"width: 50%;\"><\/td>\n<td style=\"width: 50%;\"><\/td>\n<\/tr>\n<\/tbody>\n<\/table>\n<p>&nbsp;<\/p>\n","protected":false},"excerpt":{"rendered":"<p>Categoria Legisla\u00e7\u00e3o Objetivo C1 &#8211; Prote\u00e7\u00e3o Legal Lei n\u00ba 6.458, de 22 de setembro de 2023 Consolida a legisla\u00e7\u00e3o relativa \u00e0 pessoa com o Transtorno do Espectro do Autismo &#8211; TEA e d\u00e1 outras provid\u00eancias. C1 &#8211; Prote\u00e7\u00e3o Legal Lei n\u00ba 5.596, de 1 de setembro de 2021 Disp\u00f5e sobre o prazo de validade do [&hellip;]<\/p>\n","protected":false},"author":1375,"featured_media":0,"parent":0,"menu_order":0,"comment_status":"closed","ping_status":"closed","template":"","meta":{"footnotes":""},"class_list":["post-372","page","type-page","status-publish","hentry","post"],"jetpack_sharing_enabled":true,"_links":{"self":[{"href":"https:\/\/wp.ufpel.edu.br\/redeteabrasil\/wp-json\/wp\/v2\/pages\/372","targetHints":{"allow":["GET"]}}],"collection":[{"href":"https:\/\/wp.ufpel.edu.br\/redeteabrasil\/wp-json\/wp\/v2\/pages"}],"about":[{"href":"https:\/\/wp.ufpel.edu.br\/redeteabrasil\/wp-json\/wp\/v2\/types\/page"}],"author":[{"embeddable":true,"href":"https:\/\/wp.ufpel.edu.br\/redeteabrasil\/wp-json\/wp\/v2\/users\/1375"}],"replies":[{"embeddable":true,"href":"https:\/\/wp.ufpel.edu.br\/redeteabrasil\/wp-json\/wp\/v2\/comments?post=372"}],"version-history":[{"count":10,"href":"https:\/\/wp.ufpel.edu.br\/redeteabrasil\/wp-json\/wp\/v2\/pages\/372\/revisions"}],"predecessor-version":[{"id":831,"href":"https:\/\/wp.ufpel.edu.br\/redeteabrasil\/wp-json\/wp\/v2\/pages\/372\/revisions\/831"}],"wp:attachment":[{"href":"https:\/\/wp.ufpel.edu.br\/redeteabrasil\/wp-json\/wp\/v2\/media?parent=372"}],"curies":[{"name":"wp","href":"https:\/\/api.w.org\/{rel}","templated":true}]}}