{"id":360,"date":"2025-01-09T17:58:37","date_gmt":"2025-01-09T20:58:37","guid":{"rendered":"https:\/\/wp.ufpel.edu.br\/redeteabrasil\/?page_id=360"},"modified":"2025-02-13T14:36:07","modified_gmt":"2025-02-13T17:36:07","slug":"leis-de-alagoas","status":"publish","type":"page","link":"https:\/\/wp.ufpel.edu.br\/redeteabrasil\/leis-de-alagoas\/","title":{"rendered":"Leis de Alagoas"},"content":{"rendered":"<table dir=\"ltr\" style=\"width: 884px;\" border=\"1\" cellspacing=\"0\" cellpadding=\"0\" data-sheets-root=\"1\" data-sheets-baot=\"1\">\n<colgroup>\n<col width=\"108\" \/>\n<col width=\"373\" \/>\n<col width=\"403\" \/><\/colgroup>\n<tbody>\n<tr>\n<td style=\"text-align: center; width: 108px;\"><span style=\"color: #135685; font-size: 14pt;\"><strong>Categoria<\/strong><\/span><\/td>\n<td style=\"text-align: center; width: 373px;\"><span style=\"color: #135685; font-size: 14pt;\"><strong>Legisla\u00e7\u00e3o<\/strong><\/span><\/td>\n<td style=\"text-align: center; width: 403px;\"><span style=\"font-size: 14pt;\"><strong><span style=\"color: #135685;\">Objetivo<\/span><\/strong><\/span><\/td>\n<\/tr>\n<tr>\n<td style=\"width: 108px;\"><span style=\"font-weight: 400;\">C2 &#8211; Inclus\u00e3o Social<\/span><\/td>\n<td style=\"width: 373px;\">Decreto n\u00ba 90.408, de 31 de mar\u00e7o de 2023<\/td>\n<td style=\"width: 403px;\">Regulamentando a Lei Estadual n\u00b0 8.270\/2020, que disp\u00f5e sobre o cart\u00e3o de identifica\u00e7\u00e3o para a pessoa com autismo no \u00e2mbito do estado de Alagoas<\/td>\n<\/tr>\n<tr>\n<td style=\"width: 108px;\"><span style=\"font-weight: 400;\">C2 &#8211; Inclus\u00e3o Social<\/span><\/td>\n<td style=\"width: 373px;\">Lei n\u00ba 8.573, de 4 de janeiro de 2022<\/td>\n<td style=\"width: 403px;\">Obriga os estabelecimentos p\u00fablicos e privados do estado de Alagoas a inserir nas placas de atendimento priorit\u00e1rio o s\u00edmbolo mundial do Autismo.<\/td>\n<\/tr>\n<tr>\n<td style=\"width: 108px;\"><span style=\"font-weight: 400;\">C2 &#8211; Inclus\u00e3o Social<\/span><\/td>\n<td style=\"width: 373px;\">Lei ordin\u00e1ria n\u00ba 8.270, de 07 de julho de 2020<\/td>\n<td style=\"width: 403px;\">Institui o cart\u00e3o de identifica\u00e7\u00e3o para pessoa com Transtorno do Espectro Autista no Estado de Alagoas e d\u00e1 outras provid\u00eancias.<\/td>\n<\/tr>\n<\/tbody>\n<\/table>\n<p>&nbsp;<\/p>\n","protected":false},"excerpt":{"rendered":"<p>Categoria Legisla\u00e7\u00e3o Objetivo C2 &#8211; Inclus\u00e3o Social Decreto n\u00ba 90.408, de 31 de mar\u00e7o de 2023 Regulamentando a Lei Estadual n\u00b0 8.270\/2020, que disp\u00f5e sobre o cart\u00e3o de identifica\u00e7\u00e3o para a pessoa com autismo no \u00e2mbito do estado de Alagoas C2 &#8211; Inclus\u00e3o Social Lei n\u00ba 8.573, de 4 de janeiro de 2022 Obriga os [&hellip;]<\/p>\n","protected":false},"author":1375,"featured_media":0,"parent":0,"menu_order":0,"comment_status":"closed","ping_status":"closed","template":"","meta":{"footnotes":""},"class_list":["post-360","page","type-page","status-publish","hentry","post"],"jetpack_sharing_enabled":true,"_links":{"self":[{"href":"https:\/\/wp.ufpel.edu.br\/redeteabrasil\/wp-json\/wp\/v2\/pages\/360","targetHints":{"allow":["GET"]}}],"collection":[{"href":"https:\/\/wp.ufpel.edu.br\/redeteabrasil\/wp-json\/wp\/v2\/pages"}],"about":[{"href":"https:\/\/wp.ufpel.edu.br\/redeteabrasil\/wp-json\/wp\/v2\/types\/page"}],"author":[{"embeddable":true,"href":"https:\/\/wp.ufpel.edu.br\/redeteabrasil\/wp-json\/wp\/v2\/users\/1375"}],"replies":[{"embeddable":true,"href":"https:\/\/wp.ufpel.edu.br\/redeteabrasil\/wp-json\/wp\/v2\/comments?post=360"}],"version-history":[{"count":7,"href":"https:\/\/wp.ufpel.edu.br\/redeteabrasil\/wp-json\/wp\/v2\/pages\/360\/revisions"}],"predecessor-version":[{"id":634,"href":"https:\/\/wp.ufpel.edu.br\/redeteabrasil\/wp-json\/wp\/v2\/pages\/360\/revisions\/634"}],"wp:attachment":[{"href":"https:\/\/wp.ufpel.edu.br\/redeteabrasil\/wp-json\/wp\/v2\/media?parent=360"}],"curies":[{"name":"wp","href":"https:\/\/api.w.org\/{rel}","templated":true}]}}