{"id":351,"date":"2025-01-09T17:50:12","date_gmt":"2025-01-09T20:50:12","guid":{"rendered":"https:\/\/wp.ufpel.edu.br\/redeteabrasil\/?page_id=351"},"modified":"2025-02-13T14:36:08","modified_gmt":"2025-02-13T17:36:08","slug":"leis-do-acre","status":"publish","type":"page","link":"https:\/\/wp.ufpel.edu.br\/redeteabrasil\/leis-do-acre\/","title":{"rendered":"Leis do Acre"},"content":{"rendered":"<table dir=\"ltr\" style=\"width: 900px;\" border=\"1\" cellspacing=\"0\" cellpadding=\"0\" data-sheets-root=\"1\" data-sheets-baot=\"1\">\n<colgroup>\n<col width=\"108\" \/>\n<col width=\"373\" \/>\n<col width=\"403\" \/><\/colgroup>\n<tbody>\n<tr>\n<td style=\"text-align: center; width: 124px;\"><strong><span style=\"font-size: 14pt; color: #135685;\">Categoria<\/span><\/strong><\/td>\n<td style=\"text-align: center; width: 373px;\"><strong><span style=\"font-size: 14pt; color: #135685;\">Legisla\u00e7\u00e3o<\/span><\/strong><\/td>\n<td style=\"text-align: center; width: 403px;\"><strong><span style=\"font-size: 14pt; color: #135685;\">Objetivo<\/span><\/strong><\/td>\n<\/tr>\n<tr>\n<td style=\"width: 124px;\">C1 &#8211; Prote\u00e7\u00e3o Legal<\/td>\n<td style=\"width: 373px;\">Lei n\u00ba 3.685, de 07 de janeiro de 2021<\/td>\n<td style=\"width: 403px;\">Disp\u00f5e sobre a proibi\u00e7\u00e3o da cobran\u00e7a de valores adicionais &#8211; sobretaxa para matr\u00edcula ou mensalidade de estudantes portadores de s\u00edndrome de Down, autismo, transtorno invasivo do desenvolvimento ou outras s\u00edndromes.<\/td>\n<\/tr>\n<tr>\n<td style=\"width: 124px;\">C2 &#8211; Inclus\u00e3o Social<\/td>\n<td style=\"width: 373px;\">Lei n\u00ba 4.124, de 11 de julho de 2023<\/td>\n<td style=\"width: 403px;\">Objetivo a inclus\u00e3o de pessoas com s\u00edndrome de Down na legisla\u00e7\u00e3o que prev\u00ea a emiss\u00e3o da Carteira Estadual de Identifica\u00e7\u00e3o para pessoas com Transtorno do Espectro Autista (TEA)<\/td>\n<\/tr>\n<tr>\n<td style=\"width: 124px;\">C2 &#8211; Inclus\u00e3o Social<\/td>\n<td style=\"width: 373px;\">Lei n\u00ba 3.799, de 28 de outubro de 2021<\/td>\n<td style=\"width: 403px;\">Institui o cart\u00e3o de identifica\u00e7\u00e3o para pessoa com Transtorno do Espectro Autista no estado do Acre e d\u00e1 outras provid\u00eancias.<\/td>\n<\/tr>\n<tr>\n<td style=\"width: 124px;\">C4 &#8211; Sa\u00fade<\/td>\n<td style=\"width: 373px;\">Lei n\u00ba 4.306, de 03 de janeiro de 2024<\/td>\n<td style=\"width: 403px;\">Disp\u00f5e sobre a aplica\u00e7\u00e3o do question\u00e1rio m-chat para realiza\u00e7\u00e3o do rastreamento de sinais precoces do autismo, nas unidades de sa\u00fade p\u00fablica e privada do Estado.<\/td>\n<\/tr>\n<tr>\n<td style=\"width: 124px;\">C5 &#8211; Conscientiza\u00e7\u00e3o<\/td>\n<td style=\"width: 373px;\">Lei n\u00ba 3.810, de 22 de novembro de 2021<\/td>\n<td style=\"width: 403px;\">Declara de Utilidade P\u00fablica Associa\u00e7\u00e3o de Pais e Amigos de Pessoas com Autismo de Cruzeiro do Sul.<\/td>\n<\/tr>\n<tr>\n<td style=\"width: 124px;\">C5 &#8211; Conscientiza\u00e7\u00e3o<\/td>\n<td style=\"width: 373px;\">Lei n\u00ba 2.724, de 31 de julho de 2013<\/td>\n<td style=\"width: 403px;\">Institui o Dia de Conscientiza\u00e7\u00e3o do Autismo.<\/td>\n<\/tr>\n<\/tbody>\n<\/table>\n<p>&nbsp;<\/p>\n","protected":false},"excerpt":{"rendered":"<p>Categoria Legisla\u00e7\u00e3o Objetivo C1 &#8211; Prote\u00e7\u00e3o Legal Lei n\u00ba 3.685, de 07 de janeiro de 2021 Disp\u00f5e sobre a proibi\u00e7\u00e3o da cobran\u00e7a de valores adicionais &#8211; sobretaxa para matr\u00edcula ou mensalidade de estudantes portadores de s\u00edndrome de Down, autismo, transtorno invasivo do desenvolvimento ou outras s\u00edndromes. C2 &#8211; Inclus\u00e3o Social Lei n\u00ba 4.124, de 11 [&hellip;]<\/p>\n","protected":false},"author":1375,"featured_media":0,"parent":0,"menu_order":0,"comment_status":"closed","ping_status":"closed","template":"","meta":{"footnotes":""},"class_list":["post-351","page","type-page","status-publish","hentry","post"],"jetpack_sharing_enabled":true,"_links":{"self":[{"href":"https:\/\/wp.ufpel.edu.br\/redeteabrasil\/wp-json\/wp\/v2\/pages\/351","targetHints":{"allow":["GET"]}}],"collection":[{"href":"https:\/\/wp.ufpel.edu.br\/redeteabrasil\/wp-json\/wp\/v2\/pages"}],"about":[{"href":"https:\/\/wp.ufpel.edu.br\/redeteabrasil\/wp-json\/wp\/v2\/types\/page"}],"author":[{"embeddable":true,"href":"https:\/\/wp.ufpel.edu.br\/redeteabrasil\/wp-json\/wp\/v2\/users\/1375"}],"replies":[{"embeddable":true,"href":"https:\/\/wp.ufpel.edu.br\/redeteabrasil\/wp-json\/wp\/v2\/comments?post=351"}],"version-history":[{"count":9,"href":"https:\/\/wp.ufpel.edu.br\/redeteabrasil\/wp-json\/wp\/v2\/pages\/351\/revisions"}],"predecessor-version":[{"id":358,"href":"https:\/\/wp.ufpel.edu.br\/redeteabrasil\/wp-json\/wp\/v2\/pages\/351\/revisions\/358"}],"wp:attachment":[{"href":"https:\/\/wp.ufpel.edu.br\/redeteabrasil\/wp-json\/wp\/v2\/media?parent=351"}],"curies":[{"name":"wp","href":"https:\/\/api.w.org\/{rel}","templated":true}]}}