{"id":134,"date":"2024-09-13T18:43:20","date_gmt":"2024-09-13T21:43:20","guid":{"rendered":"https:\/\/wp.ufpel.edu.br\/redeteabrasil\/?page_id=134"},"modified":"2025-02-13T14:36:07","modified_gmt":"2025-02-13T17:36:07","slug":"leis","status":"publish","type":"page","link":"https:\/\/wp.ufpel.edu.br\/redeteabrasil\/leis\/","title":{"rendered":"Leis"},"content":{"rendered":"<p>&nbsp;<\/p>\n<p style=\"padding-left: 40px;\"><a href=\"https:\/\/wp.ufpel.edu.br\/redeteabrasil\/mapa-rede-tea-brasil\/\">Confira aqui<\/a>, o mapa que foi elaborado com a finalidade de facilitar o acesso \u00e0s principais normativas existentes para o Transtorno do Espectro Autista (TEA) no Brasil.<\/p>\n<p style=\"padding-left: 40px;\"><span style=\"font-weight: 400;\">Navegue por cada estado e descubra as legisla\u00e7\u00f5es de cada um.<\/span><\/p>\n<ul>\n<li style=\"list-style-type: none;\">\n<ul>\n<li><a href=\"https:\/\/wp.ufpel.edu.br\/redeteabrasil\/leis-do-acre\/\"><span style=\"color: #135685;\">Acre<\/span><\/a><\/li>\n<li><a href=\"https:\/\/wp.ufpel.edu.br\/redeteabrasil\/leis-de-alagoas\/\"><span style=\"color: #135685;\">Alagoas<\/span><\/a><\/li>\n<li><a href=\"https:\/\/wp.ufpel.edu.br\/redeteabrasil\/leis-do-amapa\/\"><span style=\"color: #135685;\">Amap\u00e1<\/span><\/a><\/li>\n<li><a href=\"https:\/\/wp.ufpel.edu.br\/redeteabrasil\/leis-do-amazonas\/\"><span style=\"color: #135685;\">Amazonas<\/span><\/a><\/li>\n<li><a href=\"https:\/\/wp.ufpel.edu.br\/redeteabrasil\/leis-da-bahia\/\"><span style=\"color: #135685;\">Bahia<\/span><\/a><\/li>\n<li><a href=\"https:\/\/wp.ufpel.edu.br\/redeteabrasil\/leis-do-ceara\/\"><span style=\"color: #135685;\">Cear\u00e1<\/span><\/a><\/li>\n<li><a href=\"https:\/\/wp.ufpel.edu.br\/redeteabrasil\/leis-do-destrito-federal\/\"><span style=\"color: #135685;\">Distrito Federal<\/span><\/a><\/li>\n<li><a href=\"https:\/\/wp.ufpel.edu.br\/redeteabrasil\/leis-do-espirito-santo\/\"><span style=\"color: #135685;\">Esp\u00edrito Santo<\/span><\/a><\/li>\n<li><a href=\"https:\/\/wp.ufpel.edu.br\/redeteabrasil\/leis-de-goias\/\"><span style=\"color: #135685;\">Goi\u00e1s<\/span><\/a><\/li>\n<li><a href=\"https:\/\/wp.ufpel.edu.br\/redeteabrasil\/leis-do-maranhao\/\"><span style=\"color: #135685;\">Maranh\u00e3o<\/span><\/a><\/li>\n<li><a href=\"https:\/\/wp.ufpel.edu.br\/redeteabrasil\/leis-do-mato-grosso\/\"><span style=\"color: #135685;\">Mato Grosso<\/span><\/a><\/li>\n<li><a href=\"https:\/\/wp.ufpel.edu.br\/redeteabrasil\/leis-do-mato-grosso-do-sul\/\"><span style=\"color: #135685;\">Mato Grosso do Sul<\/span><\/a><\/li>\n<li><a href=\"https:\/\/wp.ufpel.edu.br\/redeteabrasil\/leis-de-minas-gerais\/\"><span style=\"color: #135685;\">Minas Gerais<\/span><\/a><\/li>\n<li><a href=\"https:\/\/wp.ufpel.edu.br\/redeteabrasil\/leis-do-para\/\"><span style=\"color: #135685;\">Par\u00e1<\/span><\/a><\/li>\n<li><a href=\"https:\/\/wp.ufpel.edu.br\/redeteabrasil\/leis-da-paraiba\/\"><span style=\"color: #135685;\">Para\u00edba<\/span><\/a><\/li>\n<li><a href=\"https:\/\/wp.ufpel.edu.br\/redeteabrasil\/leis-do-parana\/\"><span style=\"color: #135685;\">Paran\u00e1<\/span><\/a><\/li>\n<li><a href=\"https:\/\/wp.ufpel.edu.br\/redeteabrasil\/leis-de-pernambuco\/\"><span style=\"color: #135685;\">Pernambuco<\/span><\/a><\/li>\n<li><a href=\"https:\/\/wp.ufpel.edu.br\/redeteabrasil\/leis-do-piaui\/\"><span style=\"color: #135685;\">Piau\u00ed<\/span><\/a><\/li>\n<li><a href=\"https:\/\/wp.ufpel.edu.br\/redeteabrasil\/leis-do-rio-de-janeiro\/\"><span style=\"color: #135685;\">Rio de Janeiro<\/span><\/a><\/li>\n<li><a href=\"https:\/\/wp.ufpel.edu.br\/redeteabrasil\/leis-do-rio-grande-do-norte\/\"><span style=\"color: #135685;\">Rio Grande do Norte<\/span><\/a><\/li>\n<li><a href=\"https:\/\/wp.ufpel.edu.br\/redeteabrasil\/leis-do-rio-grande-do-sul\/\"><span style=\"color: #135685;\">Rio Grande do Sul<\/span><\/a><\/li>\n<li><a href=\"https:\/\/wp.ufpel.edu.br\/redeteabrasil\/leis-de-rondonia\/\"><span style=\"color: #135685;\">Rond\u00f4nia<\/span><\/a><\/li>\n<li><a href=\"https:\/\/wp.ufpel.edu.br\/redeteabrasil\/leis-de-roraima\/\"><span style=\"color: #135685;\">Roraima<\/span><\/a><\/li>\n<li><a href=\"https:\/\/wp.ufpel.edu.br\/redeteabrasil\/leis-de-santa-catarina\/\"><span style=\"color: #135685;\">Santa Catarina<\/span><\/a><\/li>\n<li><a href=\"https:\/\/wp.ufpel.edu.br\/redeteabrasil\/leis-de-sao-paulo\/\"><span style=\"color: #135685;\">S\u00e3o Paulo<\/span><\/a><\/li>\n<li><a href=\"https:\/\/wp.ufpel.edu.br\/redeteabrasil\/leis-de-sergipe\/\"><span style=\"color: #135685;\">Sergipe<\/span><\/a><\/li>\n<li><a href=\"https:\/\/wp.ufpel.edu.br\/redeteabrasil\/leis-de-tocantins\/\"><span style=\"color: #135685;\">Tocantins<\/span><\/a><\/li>\n<\/ul>\n<\/li>\n<\/ul>\n<p style=\"padding-left: 40px;\"><span style=\"font-weight: 400;\">Foram criadas seis categorias de normativas, que abrangem os diferentes aspectos relacionados aos direitos e garantias das pessoas com TEA:<\/span><\/p>\n<ul>\n<li style=\"list-style-type: none;\">\n<ul>\n<li style=\"font-weight: 400;\" aria-level=\"1\"><a href=\"https:\/\/wp.ufpel.edu.br\/redeteabrasil\/protecao-legal\/\"><span style=\"color: #135685;\"><b>Prote\u00e7\u00e3o Legal<\/b><\/span><\/a><span style=\"font-weight: 400;\"><span style=\"color: #135685;\">:<\/span> inclui legisla\u00e7\u00f5es que asseguram os direitos das pessoas com TEA, promovendo sua prote\u00e7\u00e3o jur\u00eddica.<\/span><\/li>\n<li style=\"font-weight: 400;\" aria-level=\"1\"><a href=\"https:\/\/wp.ufpel.edu.br\/redeteabrasil\/inclusao-social\/\"><span style=\"color: #135685;\"><b>Inclus\u00e3o Social<\/b><\/span><\/a><span style=\"font-weight: 400;\"><span style=\"color: #135685;\">:<\/span> re\u00fane leis que incentivam a inclus\u00e3o e acessibilidade das pessoas com TEA em diferentes espa\u00e7os e contextos.<\/span><\/li>\n<li style=\"font-weight: 400;\" aria-level=\"1\"><a href=\"https:\/\/wp.ufpel.edu.br\/redeteabrasil\/educacao\/\"><span style=\"color: #135685;\"><b>Educa\u00e7\u00e3o<\/b><\/span><\/a><span style=\"font-weight: 400;\"><span style=\"color: #135685;\">:<\/span> abrange normas sobre educa\u00e7\u00e3o especial e capacita\u00e7\u00e3o de profissionais da educa\u00e7\u00e3o e da sa\u00fade, promovendo um ensino mais inclusivo e qualificado.<\/span><\/li>\n<li style=\"font-weight: 400;\" aria-level=\"1\"><a href=\"https:\/\/wp.ufpel.edu.br\/redeteabrasil\/saude\/\"><span style=\"color: #135685;\"><b>Sa\u00fade<\/b><\/span><\/a><span style=\"font-weight: 400;\"><span style=\"color: #135685;\">:<\/span> contempla legisla\u00e7\u00f5es voltadas ao diagn\u00f3stico precoce, atendimento cl\u00ednico e a amplia\u00e7\u00e3o dos servi\u00e7os de sa\u00fade para pessoas com TEA.<\/span><\/li>\n<li style=\"font-weight: 400;\" aria-level=\"1\"><a href=\"https:\/\/wp.ufpel.edu.br\/redeteabrasil\/conscientizacao\/\"><span style=\"color: #135685;\"><b>Conscientiza\u00e7\u00e3o<\/b><\/span><\/a><span style=\"font-weight: 400;\"><span style=\"color: #135685;\">:<\/span> re\u00fane leis que t\u00eam como foco promover a conscientiza\u00e7\u00e3o da sociedade sobre o TEA e suas particularidades.<\/span><\/li>\n<li style=\"font-weight: 400;\" aria-level=\"1\"><a href=\"https:\/\/wp.ufpel.edu.br\/redeteabrasil\/beneficios-fiscais\/\"><span style=\"color: #135685;\"><b>Benef\u00edcios Fiscais<\/b><\/span><\/a><span style=\"font-weight: 400;\"><span style=\"color: #135685;\">:<\/span> inclui normativas que concedem benef\u00edcios fiscais \u00e0s pessoas com TEA e suas fam\u00edlias.<\/span><\/li>\n<\/ul>\n<\/li>\n<\/ul>\n<ul>\n<li style=\"list-style-type: none;\"><\/li>\n<\/ul>\n","protected":false},"excerpt":{"rendered":"<p>&nbsp; Confira aqui, o mapa que foi elaborado com a finalidade de facilitar o acesso \u00e0s principais normativas existentes para o Transtorno do Espectro Autista (TEA) no Brasil. Navegue por cada estado e descubra as legisla\u00e7\u00f5es de cada um. Acre Alagoas Amap\u00e1 Amazonas Bahia Cear\u00e1 Distrito Federal Esp\u00edrito Santo Goi\u00e1s Maranh\u00e3o Mato Grosso Mato Grosso [&hellip;]<\/p>\n","protected":false},"author":1375,"featured_media":0,"parent":0,"menu_order":0,"comment_status":"closed","ping_status":"closed","template":"","meta":{"footnotes":""},"class_list":["post-134","page","type-page","status-publish","hentry","post"],"jetpack_sharing_enabled":true,"_links":{"self":[{"href":"https:\/\/wp.ufpel.edu.br\/redeteabrasil\/wp-json\/wp\/v2\/pages\/134","targetHints":{"allow":["GET"]}}],"collection":[{"href":"https:\/\/wp.ufpel.edu.br\/redeteabrasil\/wp-json\/wp\/v2\/pages"}],"about":[{"href":"https:\/\/wp.ufpel.edu.br\/redeteabrasil\/wp-json\/wp\/v2\/types\/page"}],"author":[{"embeddable":true,"href":"https:\/\/wp.ufpel.edu.br\/redeteabrasil\/wp-json\/wp\/v2\/users\/1375"}],"replies":[{"embeddable":true,"href":"https:\/\/wp.ufpel.edu.br\/redeteabrasil\/wp-json\/wp\/v2\/comments?post=134"}],"version-history":[{"count":14,"href":"https:\/\/wp.ufpel.edu.br\/redeteabrasil\/wp-json\/wp\/v2\/pages\/134\/revisions"}],"predecessor-version":[{"id":677,"href":"https:\/\/wp.ufpel.edu.br\/redeteabrasil\/wp-json\/wp\/v2\/pages\/134\/revisions\/677"}],"wp:attachment":[{"href":"https:\/\/wp.ufpel.edu.br\/redeteabrasil\/wp-json\/wp\/v2\/media?parent=134"}],"curies":[{"name":"wp","href":"https:\/\/api.w.org\/{rel}","templated":true}]}}