{"id":115,"date":"2024-09-03T21:04:06","date_gmt":"2024-09-04T00:04:06","guid":{"rendered":"https:\/\/wp.ufpel.edu.br\/redeteabrasil\/?page_id=115"},"modified":"2024-09-27T21:19:27","modified_gmt":"2024-09-28T00:19:27","slug":"trabalhos-em-eventos","status":"publish","type":"page","link":"https:\/\/wp.ufpel.edu.br\/redeteabrasil\/publicacoes\/trabalhos-em-eventos\/","title":{"rendered":"Trabalhos em eventos"},"content":{"rendered":"<p style=\"text-align: center;\"><span style=\"font-size: 14pt;\"><strong>4\u00ba CONLUBRA<\/strong><\/span><\/p>\n<p style=\"text-align: center;\">PANORAMA DE LEGISLA\u00c7\u00d5ES DIRECIONADAS \u00c0 SA\u00daDE NO TRANSTORNO DO ESPECTRO DO AUTISMO NO RIO GRANDE DO SUL<\/p>\n<p><a href=\"https:\/\/wp.ufpel.edu.br\/redeteabrasil\/files\/2024\/09\/Poster-Rede-TEA-Brasil-scaled.jpg\"><img loading=\"lazy\" decoding=\"async\" class=\"wp-image-222 aligncenter\" src=\"https:\/\/wp.ufpel.edu.br\/redeteabrasil\/files\/2024\/09\/Poster-Rede-TEA-Brasil-scaled.jpg\" alt=\"\" width=\"300\" height=\"367\" srcset=\"https:\/\/wp.ufpel.edu.br\/redeteabrasil\/files\/2024\/09\/Poster-Rede-TEA-Brasil-scaled.jpg 2095w, https:\/\/wp.ufpel.edu.br\/redeteabrasil\/files\/2024\/09\/Poster-Rede-TEA-Brasil-327x400.jpg 327w, https:\/\/wp.ufpel.edu.br\/redeteabrasil\/files\/2024\/09\/Poster-Rede-TEA-Brasil-838x1024.jpg 838w, https:\/\/wp.ufpel.edu.br\/redeteabrasil\/files\/2024\/09\/Poster-Rede-TEA-Brasil-768x939.jpg 768w, https:\/\/wp.ufpel.edu.br\/redeteabrasil\/files\/2024\/09\/Poster-Rede-TEA-Brasil-1257x1536.jpg 1257w, https:\/\/wp.ufpel.edu.br\/redeteabrasil\/files\/2024\/09\/Poster-Rede-TEA-Brasil-1676x2048.jpg 1676w\" sizes=\"auto, (max-width: 300px) 100vw, 300px\" \/><\/a><\/p>\n<p style=\"text-align: center;\">Apresentado por Eduarda Silva.<\/p>\n<p style=\"text-align: center;\"><a href=\"https:\/\/wp.ufpel.edu.br\/redeteabrasil\/files\/2024\/09\/Poster-Rede-TEA-Brasil-scaled.jpg\">Visualizar P\u00f4ster<\/a><\/p>\n<p style=\"text-align: center;\"><a href=\"https:\/\/wp.ufpel.edu.br\/redeteabrasil\/files\/2024\/09\/Resumo-Rede-TEA-Brasil.pdf\">Resumo<\/a><\/p>\n<p>&nbsp;<\/p>\n<p style=\"text-align: center;\">EDUCA\u00c7\u00c3O NUTRICIONAL PARA PAIS E CUIDADORES DE CRIAN\u00c7AS E ADOLESCENTES COM TRANSTORNO DO ESPECTRO DO AUTISMO<\/p>\n<p><img loading=\"lazy\" decoding=\"async\" class=\"wp-image-221 aligncenter\" src=\"https:\/\/wp.ufpel.edu.br\/redeteabrasil\/files\/2024\/09\/Poster-PANA-scaled.jpg\" alt=\"\" width=\"300\" height=\"367\" srcset=\"https:\/\/wp.ufpel.edu.br\/redeteabrasil\/files\/2024\/09\/Poster-PANA-scaled.jpg 2095w, https:\/\/wp.ufpel.edu.br\/redeteabrasil\/files\/2024\/09\/Poster-PANA-327x400.jpg 327w, https:\/\/wp.ufpel.edu.br\/redeteabrasil\/files\/2024\/09\/Poster-PANA-838x1024.jpg 838w, https:\/\/wp.ufpel.edu.br\/redeteabrasil\/files\/2024\/09\/Poster-PANA-768x939.jpg 768w, https:\/\/wp.ufpel.edu.br\/redeteabrasil\/files\/2024\/09\/Poster-PANA-1257x1536.jpg 1257w, https:\/\/wp.ufpel.edu.br\/redeteabrasil\/files\/2024\/09\/Poster-PANA-1676x2048.jpg 1676w\" sizes=\"auto, (max-width: 300px) 100vw, 300px\" \/><\/p>\n<p style=\"text-align: center;\">Apresentado por Laura Hoffmann.<\/p>\n<p style=\"text-align: center;\"><a href=\"https:\/\/wp.ufpel.edu.br\/redeteabrasil\/files\/2024\/09\/Poster-PANA-scaled.jpg\">Visualizar P\u00f4ster<\/a><\/p>\n<p style=\"text-align: center;\"><a href=\"https:\/\/wp.ufpel.edu.br\/redeteabrasil\/files\/2024\/09\/Resumo-PANA.pdf\">Resumo<\/a><\/p>\n<p>&nbsp;<\/p>\n","protected":false},"excerpt":{"rendered":"<p>4\u00ba CONLUBRA PANORAMA DE LEGISLA\u00c7\u00d5ES DIRECIONADAS \u00c0 SA\u00daDE NO TRANSTORNO DO ESPECTRO DO AUTISMO NO RIO GRANDE DO SUL Apresentado por Eduarda Silva. Visualizar P\u00f4ster Resumo &nbsp; EDUCA\u00c7\u00c3O NUTRICIONAL PARA PAIS E CUIDADORES DE CRIAN\u00c7AS E ADOLESCENTES COM TRANSTORNO DO ESPECTRO DO AUTISMO Apresentado por Laura Hoffmann. Visualizar P\u00f4ster Resumo &nbsp;<\/p>\n","protected":false},"author":1375,"featured_media":0,"parent":52,"menu_order":0,"comment_status":"closed","ping_status":"closed","template":"","meta":{"footnotes":""},"class_list":["post-115","page","type-page","status-publish","hentry","post"],"jetpack_sharing_enabled":true,"_links":{"self":[{"href":"https:\/\/wp.ufpel.edu.br\/redeteabrasil\/wp-json\/wp\/v2\/pages\/115","targetHints":{"allow":["GET"]}}],"collection":[{"href":"https:\/\/wp.ufpel.edu.br\/redeteabrasil\/wp-json\/wp\/v2\/pages"}],"about":[{"href":"https:\/\/wp.ufpel.edu.br\/redeteabrasil\/wp-json\/wp\/v2\/types\/page"}],"author":[{"embeddable":true,"href":"https:\/\/wp.ufpel.edu.br\/redeteabrasil\/wp-json\/wp\/v2\/users\/1375"}],"replies":[{"embeddable":true,"href":"https:\/\/wp.ufpel.edu.br\/redeteabrasil\/wp-json\/wp\/v2\/comments?post=115"}],"version-history":[{"count":4,"href":"https:\/\/wp.ufpel.edu.br\/redeteabrasil\/wp-json\/wp\/v2\/pages\/115\/revisions"}],"predecessor-version":[{"id":233,"href":"https:\/\/wp.ufpel.edu.br\/redeteabrasil\/wp-json\/wp\/v2\/pages\/115\/revisions\/233"}],"up":[{"embeddable":true,"href":"https:\/\/wp.ufpel.edu.br\/redeteabrasil\/wp-json\/wp\/v2\/pages\/52"}],"wp:attachment":[{"href":"https:\/\/wp.ufpel.edu.br\/redeteabrasil\/wp-json\/wp\/v2\/media?parent=115"}],"curies":[{"name":"wp","href":"https:\/\/api.w.org\/{rel}","templated":true}]}}