{"id":7,"date":"2015-06-14T21:28:53","date_gmt":"2015-06-15T00:28:53","guid":{"rendered":"https:\/\/wp.ufpel.edu.br\/redestrado\/?page_id=7"},"modified":"2015-06-14T22:17:10","modified_gmt":"2015-06-15T01:17:10","slug":"programacao","status":"publish","type":"page","link":"https:\/\/wp.ufpel.edu.br\/redestrado\/programacao\/","title":{"rendered":"Programa\u00e7\u00e3o"},"content":{"rendered":"<table style=\"height: 294px;border-color: #000000\" border=\"1,5\" width=\"553\">\n<caption><strong>\u00a0<\/strong><\/caption>\n<tbody>\n<tr>\n<td>\n<p style=\"text-align: center\">04\/11\/2015<br \/>\nQuarta-feira<\/p>\n<\/td>\n<td style=\"text-align: center\">05\/11\/2015<br \/>\nQuinta-feira<\/td>\n<td style=\"text-align: center\">06\/11\/2015<br \/>\nSexta-feira<\/td>\n<\/tr>\n<tr>\n<td style=\"text-align: center\" rowspan=\"3\">10h-16h \u2013 Credenciamento e recep\u00e7\u00e3o<\/td>\n<td style=\"text-align: center\">\n<p>9h \u2013 Pain\u00e9is Tem\u00e1ticos<\/p>\n<p>(tr\u00eas simult\u00e2neos)<\/td>\n<td style=\"text-align: center\">\n<p style=\"text-align: center\">9h \u2013 Pain\u00e9is Tem\u00e1ticos<\/p>\n<p>(tr\u00eas simult\u00e2neos)<\/td>\n<\/tr>\n<tr>\n<td style=\"text-align: center\">12h \u2013 Almo\u00e7o<\/td>\n<td style=\"text-align: center\">12h \u2013 Almo\u00e7o<\/td>\n<\/tr>\n<tr>\n<td style=\"text-align: center\">14h \u2013 Salas de apresenta\u00e7\u00e3o de comunica\u00e7\u00f5es orais<\/td>\n<td style=\"text-align: center\">14h \u2013 Salas de apresenta\u00e7\u00e3o de comunica\u00e7\u00f5es orais<\/td>\n<\/tr>\n<tr>\n<td>16h \u2013 Abertura e Confer\u00eancia de Abertura<\/td>\n<td style=\"text-align: center\">16h30min \u2013 Mesas redondas (tr\u00eas simult\u00e2neas)<\/td>\n<td style=\"text-align: center\">16h30min \u2013 Mesas redondas (tr\u00eas simult\u00e2neas)<\/td>\n<\/tr>\n<tr>\n<td>20h \u2013 Jantar de confraterniza\u00e7\u00e3o<\/td>\n<td style=\"text-align: center\">19h \u2013 Lan\u00e7amento de livros e atividade cultural<\/td>\n<td style=\"text-align: center\">19h \u2013 Confer\u00eancia de encerramento<\/td>\n<\/tr>\n<\/tbody>\n<\/table>\n<p>&nbsp;<\/p>\n","protected":false},"excerpt":{"rendered":"<p>\u00a0 04\/11\/2015 Quarta-feira 05\/11\/2015 Quinta-feira 06\/11\/2015 Sexta-feira 10h-16h \u2013 Credenciamento e recep\u00e7\u00e3o 9h \u2013 Pain\u00e9is Tem\u00e1ticos (tr\u00eas simult\u00e2neos) 9h \u2013 Pain\u00e9is Tem\u00e1ticos (tr\u00eas simult\u00e2neos) 12h \u2013 Almo\u00e7o 12h \u2013 Almo\u00e7o 14h \u2013 Salas de apresenta\u00e7\u00e3o de comunica\u00e7\u00f5es orais 14h \u2013 &hellip;<\/p>\n<p class=\"read-more\"> <a class=\"\" href=\"https:\/\/wp.ufpel.edu.br\/redestrado\/programacao\/\"> <span class=\"screen-reader-text\">Programa\u00e7\u00e3o<\/span> Read More &raquo;<\/a><\/p>\n","protected":false},"author":297,"featured_media":0,"parent":0,"menu_order":0,"comment_status":"closed","ping_status":"closed","template":"","meta":{"footnotes":""},"class_list":["post-7","page","type-page","status-publish","hentry"],"_links":{"self":[{"href":"https:\/\/wp.ufpel.edu.br\/redestrado\/wp-json\/wp\/v2\/pages\/7","targetHints":{"allow":["GET"]}}],"collection":[{"href":"https:\/\/wp.ufpel.edu.br\/redestrado\/wp-json\/wp\/v2\/pages"}],"about":[{"href":"https:\/\/wp.ufpel.edu.br\/redestrado\/wp-json\/wp\/v2\/types\/page"}],"author":[{"embeddable":true,"href":"https:\/\/wp.ufpel.edu.br\/redestrado\/wp-json\/wp\/v2\/users\/297"}],"replies":[{"embeddable":true,"href":"https:\/\/wp.ufpel.edu.br\/redestrado\/wp-json\/wp\/v2\/comments?post=7"}],"version-history":[{"count":4,"href":"https:\/\/wp.ufpel.edu.br\/redestrado\/wp-json\/wp\/v2\/pages\/7\/revisions"}],"predecessor-version":[{"id":12,"href":"https:\/\/wp.ufpel.edu.br\/redestrado\/wp-json\/wp\/v2\/pages\/7\/revisions\/12"}],"wp:attachment":[{"href":"https:\/\/wp.ufpel.edu.br\/redestrado\/wp-json\/wp\/v2\/media?parent=7"}],"curies":[{"name":"wp","href":"https:\/\/api.w.org\/{rel}","templated":true}]}}