{"id":450,"date":"2021-01-10T23:17:13","date_gmt":"2021-01-11T02:17:13","guid":{"rendered":"https:\/\/wp.ufpel.edu.br\/redelab\/?page_id=450"},"modified":"2021-04-12T18:02:03","modified_gmt":"2021-04-12T21:02:03","slug":"relatorios","status":"publish","type":"page","link":"https:\/\/wp.ufpel.edu.br\/redelab\/?page_id=450","title":{"rendered":"RELAT\u00d3RIOS 2020"},"content":{"rendered":"<p><span style=\"font-size: 12pt\"><strong>Reuni\u00e3o REDELAB (v\u00eddeo)<\/strong> <\/span><\/p>\n<p><a href=\"https:\/\/drive.google.com\/file\/d\/1HLtoWeeITBccWCBjB7y7MWd4HQmeth-O\/view?usp=sharing\" target=\"_blank\" rel=\"noopener noreferrer\"><img loading=\"lazy\" decoding=\"async\" class=\"aligncenter wp-image-509 size-medium\" src=\"https:\/\/wp.ufpel.edu.br\/redelab\/files\/2021\/02\/Capa-Video-Reuniao-400x225.jpg\" alt=\"\" width=\"400\" height=\"225\" srcset=\"https:\/\/wp.ufpel.edu.br\/redelab\/files\/2021\/02\/Capa-Video-Reuniao-400x225.jpg 400w, https:\/\/wp.ufpel.edu.br\/redelab\/files\/2021\/02\/Capa-Video-Reuniao-1024x576.jpg 1024w, https:\/\/wp.ufpel.edu.br\/redelab\/files\/2021\/02\/Capa-Video-Reuniao-768x432.jpg 768w, https:\/\/wp.ufpel.edu.br\/redelab\/files\/2021\/02\/Capa-Video-Reuniao-460x260.jpg 460w, https:\/\/wp.ufpel.edu.br\/redelab\/files\/2021\/02\/Capa-Video-Reuniao.jpg 1280w\" sizes=\"auto, (max-width: 400px) 100vw, 400px\" \/><\/a><span style=\"font-size: 12pt\">Abaixo os relat\u00f3rios das atividades desenvolvidas:<\/span><\/p>\n<p><span style=\"font-size: 12pt\"><strong>1. <a href=\"https:\/\/wp.ufpel.edu.br\/redelab\/files\/2021\/01\/Relatorio_2020_GEGRADI.pdf\" target=\"_blank\" rel=\"noopener noreferrer\">GEGRADI<\/a><\/strong><br \/>\n<\/span><\/p>\n<p><span style=\"font-size: 12pt\"><strong>2. <a href=\"https:\/\/wp.ufpel.edu.br\/redelab\/files\/2021\/01\/Relatorio_2020_Maquetaria.pdf\" target=\"_blank\" rel=\"noopener noreferrer\">Maquetaria da FAUrb<\/a><\/strong><\/span><\/p>\n<p><span style=\"font-size: 12pt\"><strong>3. <a href=\"https:\/\/wp.ufpel.edu.br\/redelab\/files\/2021\/01\/Relatorio_2020_CDTEC.pdf\" target=\"_blank\" rel=\"noopener noreferrer\">Engenharia de Sistemas Ciberf\u00edsicos do CDTEC<\/a><\/strong><\/span><\/p>\n<p><span style=\"font-size: 12pt\"><strong>4. <a href=\"https:\/\/wp.ufpel.edu.br\/redelab\/files\/2021\/01\/Relatorio_Suldesign_2020.pdf\" target=\"_blank\" rel=\"noopener noreferrer\">Suldesign Est\u00fadio do CEARTE<\/a><\/strong><\/span><\/p>\n<p><span style=\"font-size: 12pt\"><strong>5. <a href=\"https:\/\/wp.ufpel.edu.br\/redelab\/files\/2021\/01\/Relatorio_PET_ARTES_2020.pdf\" target=\"_blank\" rel=\"noopener noreferrer\">PET Artes Visuais<\/a><\/strong><br \/>\n<\/span><\/p>\n<p><span style=\"font-size: 12pt\"><strong>6. <a href=\"https:\/\/wp.ufpel.edu.br\/redelab\/files\/2021\/01\/Relatorio_Maq_UCPel_2020.pdf\" target=\"_blank\" rel=\"noopener noreferrer\">Maquetaria do CAU UCPel<\/a><\/strong><\/span><\/p>\n<p><span style=\"font-size: 12pt\"><strong>7. <a href=\"https:\/\/wp.ufpel.edu.br\/redelab\/files\/2021\/01\/Relatorio_2020_LIG.pdf\" target=\"_blank\" rel=\"noopener noreferrer\">LIG FAUrb<\/a><\/strong><br \/>\n<\/span><\/p>\n<p><span style=\"font-size: 12pt\"><strong>8. <a href=\"https:\/\/wp.ufpel.edu.br\/redelab\/files\/2021\/01\/Relatorio_LABIAU_2020.pdf\" target=\"_blank\" rel=\"noopener noreferrer\">LABIAU<\/a><\/strong><br \/>\n<\/span><\/p>\n<p><span style=\"font-size: 12pt\"><strong>9. <a href=\"https:\/\/wp.ufpel.edu.br\/redelab\/files\/2021\/01\/Relatorio_LABURB_ac\u0327o\u0303es-2020.pdf\" target=\"_blank\" rel=\"noopener noreferrer\">LABURB<\/a><\/strong><br \/>\n<\/span><\/p>\n<p><span style=\"font-size: 12pt\"><strong>10. <a href=\"https:\/\/wp.ufpel.edu.br\/redelab\/files\/2021\/01\/Relatorio_GeCon_2020.pdf\" target=\"_blank\" rel=\"noopener noreferrer\">GECON<\/a><\/strong>\u00a0<\/span><\/p>\n<p><span style=\"font-size: 12pt\"><strong>11. <a href=\"https:\/\/wp.ufpel.edu.br\/redelab\/files\/2021\/01\/Relatorio_LabCom_2020.pdf\" target=\"_blank\" rel=\"noopener noreferrer\">LABCOM<\/a><\/strong><br \/>\n<\/span><\/p>\n<p><span style=\"font-size: 12pt\"><strong>12. NAURB<\/strong> <\/span><\/p>\n<ul>\n<li><a href=\"https:\/\/wp.ufpel.edu.br\/redelab\/files\/2021\/01\/Relatorio_NAUrb_acoes-2020.pdf\" target=\"_blank\" rel=\"noopener noreferrer\"><span style=\"font-size: 12pt\">Unidade de Suporte ao Isolamento Volunt\u00e1rio<\/span><\/a><\/li>\n<li><a href=\"https:\/\/wp.ufpel.edu.br\/redelab\/files\/2021\/02\/Relatorio_NAURB_-2020.pdf\" target=\"_blank\" rel=\"noopener noreferrer\"><span style=\"font-size: 12pt\">Mapeamento de \u00e1reas de fragilidade socioespacial de baixa renda em Pelotas-RS<\/span><\/a><\/li>\n<\/ul>\n<p><span style=\"font-size: 12pt\"><strong>13. <a href=\"https:\/\/wp.ufpel.edu.br\/redelab\/files\/2021\/04\/Relatorio_LABCEE_2020.pdf\" target=\"_blank\" rel=\"noopener noreferrer\">LABCEE<\/a><\/strong><br \/>\n<\/span><\/p>\n<p><span style=\"font-size: 12pt\"><strong>14. <a href=\"https:\/\/wp.ufpel.edu.br\/redelab\/files\/2021\/01\/Relatorio_LINSE_2020.pdf\" target=\"_blank\" rel=\"noopener noreferrer\">LINSE<\/a><\/strong><br \/>\n<\/span><\/p>\n<p><span style=\"font-size: 12pt\"><strong>15. <a href=\"https:\/\/wp.ufpel.edu.br\/redelab\/files\/2021\/01\/Relatorio_PET_FAUrb_-2020.pdf\" target=\"_blank\" rel=\"noopener noreferrer\">PET FAUrb<\/a><\/strong>\u00a0<\/span><\/p>\n<p><span style=\"font-size: 12pt\"><strong>16. <a href=\"https:\/\/wp.ufpel.edu.br\/redelab\/files\/2021\/01\/Relatorio_Revista-Projectare_2020.pdf\" target=\"_blank\" rel=\"noopener noreferrer\">Revista Projectare<\/a><\/strong><\/span><\/p>\n<p><span style=\"font-size: 12pt\"><strong>17. <a href=\"https:\/\/wp.ufpel.edu.br\/redelab\/files\/2021\/01\/Relatorio_Sketchers_2020.pdf\" target=\"_blank\" rel=\"noopener noreferrer\">Scketchers Urbanos<\/a><\/strong><\/span><\/p>\n<p><span style=\"font-size: 12pt\">\u00a0<\/span><\/p>\n","protected":false},"excerpt":{"rendered":"<p>Reuni\u00e3o REDELAB (v\u00eddeo) Abaixo os relat\u00f3rios das atividades desenvolvidas: 1. GEGRADI 2. Maquetaria da FAUrb 3. Engenharia de Sistemas Ciberf\u00edsicos do CDTEC 4. Suldesign Est\u00fadio do CEARTE 5. PET Artes Visuais 6. Maquetaria do CAU UCPel 7. LIG FAUrb 8. LABIAU 9. LABURB 10. GECON\u00a0 11. LABCOM 12. NAURB Unidade de Suporte ao Isolamento Volunt\u00e1rio&hellip;<\/p>\n","protected":false},"author":1023,"featured_media":0,"parent":0,"menu_order":0,"comment_status":"closed","ping_status":"closed","template":"","meta":{"footnotes":""},"class_list":["post-450","page","type-page","status-publish","hentry"],"_links":{"self":[{"href":"https:\/\/wp.ufpel.edu.br\/redelab\/index.php?rest_route=\/wp\/v2\/pages\/450","targetHints":{"allow":["GET"]}}],"collection":[{"href":"https:\/\/wp.ufpel.edu.br\/redelab\/index.php?rest_route=\/wp\/v2\/pages"}],"about":[{"href":"https:\/\/wp.ufpel.edu.br\/redelab\/index.php?rest_route=\/wp\/v2\/types\/page"}],"author":[{"embeddable":true,"href":"https:\/\/wp.ufpel.edu.br\/redelab\/index.php?rest_route=\/wp\/v2\/users\/1023"}],"replies":[{"embeddable":true,"href":"https:\/\/wp.ufpel.edu.br\/redelab\/index.php?rest_route=%2Fwp%2Fv2%2Fcomments&post=450"}],"version-history":[{"count":20,"href":"https:\/\/wp.ufpel.edu.br\/redelab\/index.php?rest_route=\/wp\/v2\/pages\/450\/revisions"}],"predecessor-version":[{"id":523,"href":"https:\/\/wp.ufpel.edu.br\/redelab\/index.php?rest_route=\/wp\/v2\/pages\/450\/revisions\/523"}],"wp:attachment":[{"href":"https:\/\/wp.ufpel.edu.br\/redelab\/index.php?rest_route=%2Fwp%2Fv2%2Fmedia&parent=450"}],"curies":[{"name":"wp","href":"https:\/\/api.w.org\/{rel}","templated":true}]}}