{"id":124,"date":"2020-07-23T19:23:59","date_gmt":"2020-07-23T22:23:59","guid":{"rendered":"https:\/\/wp.ufpel.edu.br\/redelab\/?page_id=124"},"modified":"2020-11-10T18:13:25","modified_gmt":"2020-11-10T21:13:25","slug":"apresentacao","status":"publish","type":"page","link":"https:\/\/wp.ufpel.edu.br\/redelab\/?page_id=124","title":{"rendered":"APRESENTA\u00c7\u00c3O"},"content":{"rendered":"<p style=\"text-align: justify\"><span style=\"font-size: 12pt;font-family: helvetica, arial, sans-serif\">Frente \u00e0 atual situa\u00e7\u00e3o de prem\u00eancia de combate ao Corona v\u00edrus COVID_19, a UFPel \u2013 Universidade Federal de Pelotas, atrav\u00e9s da PROPLAN \u2013 Pr\u00f3 Reitoria de Planejamento e Desenvolvimento, apresenta um programa de a\u00e7\u00f5es integradas de combate \u00e0 doen\u00e7a e preserva\u00e7\u00e3o da sa\u00fade das pessoas, mobilizando em rede 17 laborat\u00f3rios e coletivos da FAUrb \u2013 Faculdade de Arquitetura e Urbanismo, do CEARTE \u2013 Centro de Artes e do CDTEC \u2013 Centro de Desenvolvimento Tecnol\u00f3gico, cada um atuando dentro de sua expertise.<\/span><\/p>\n","protected":false},"excerpt":{"rendered":"<p>Frente \u00e0 atual situa\u00e7\u00e3o de prem\u00eancia de combate ao Corona v\u00edrus COVID_19, a UFPel \u2013 Universidade Federal de Pelotas, atrav\u00e9s da PROPLAN \u2013 Pr\u00f3 Reitoria de Planejamento e Desenvolvimento, apresenta um programa de a\u00e7\u00f5es integradas de combate \u00e0 doen\u00e7a e preserva\u00e7\u00e3o da sa\u00fade das pessoas, mobilizando em rede 17 laborat\u00f3rios e coletivos da FAUrb \u2013&hellip;<\/p>\n","protected":false},"author":1023,"featured_media":0,"parent":0,"menu_order":0,"comment_status":"closed","ping_status":"closed","template":"","meta":{"footnotes":""},"class_list":["post-124","page","type-page","status-publish","hentry"],"_links":{"self":[{"href":"https:\/\/wp.ufpel.edu.br\/redelab\/index.php?rest_route=\/wp\/v2\/pages\/124","targetHints":{"allow":["GET"]}}],"collection":[{"href":"https:\/\/wp.ufpel.edu.br\/redelab\/index.php?rest_route=\/wp\/v2\/pages"}],"about":[{"href":"https:\/\/wp.ufpel.edu.br\/redelab\/index.php?rest_route=\/wp\/v2\/types\/page"}],"author":[{"embeddable":true,"href":"https:\/\/wp.ufpel.edu.br\/redelab\/index.php?rest_route=\/wp\/v2\/users\/1023"}],"replies":[{"embeddable":true,"href":"https:\/\/wp.ufpel.edu.br\/redelab\/index.php?rest_route=%2Fwp%2Fv2%2Fcomments&post=124"}],"version-history":[{"count":9,"href":"https:\/\/wp.ufpel.edu.br\/redelab\/index.php?rest_route=\/wp\/v2\/pages\/124\/revisions"}],"predecessor-version":[{"id":372,"href":"https:\/\/wp.ufpel.edu.br\/redelab\/index.php?rest_route=\/wp\/v2\/pages\/124\/revisions\/372"}],"wp:attachment":[{"href":"https:\/\/wp.ufpel.edu.br\/redelab\/index.php?rest_route=%2Fwp%2Fv2%2Fmedia&parent=124"}],"curies":[{"name":"wp","href":"https:\/\/api.w.org\/{rel}","templated":true}]}}