{"id":533,"date":"2019-02-18T16:55:23","date_gmt":"2019-02-18T19:55:23","guid":{"rendered":"https:\/\/wp.ufpel.edu.br\/rededemuseusdaufpel\/?page_id=533"},"modified":"2020-12-19T16:44:06","modified_gmt":"2020-12-19T19:44:06","slug":"museu-arqueologico-e-antropologico","status":"publish","type":"page","link":"https:\/\/wp.ufpel.edu.br\/rededemuseusdaufpel\/museu-arqueologico-e-antropologico\/","title":{"rendered":"MUARAN &#8211; MUSEU ARQUEOL\u00d3GICO E ANTROPOL\u00d3GICO"},"content":{"rendered":"<p style=\"text-align: left\"><strong>HIST\u00d3RICO<\/strong><\/p>\n<p style=\"text-align: left\">No segundo semestre de 2008, o Prof. Dr. F\u00e1bio Vergara Cerqueira, ent\u00e3o diretor do Instituto de Ci\u00eancias Humanas da UFPel, convidou todos os arque\u00f3logos da institui\u00e7\u00e3o a participarem da implanta\u00e7\u00e3o de um novo museu arqueol\u00f3gico. A administra\u00e7\u00e3o da UFPel reconheceu os trabalhos deste grupo e constituiu comiss\u00e3o pr\u00f3pria em 18 de maio de 2009, por meio da portaria no. 759. Desde ent\u00e3o, a implanta\u00e7\u00e3o do MUARAN-UFPel passou por tr\u00eas fases distintas. Apresentamos abaixo um breve hist\u00f3rico das principais realiza\u00e7\u00f5es ocorridas em cada uma dessas fases.<\/p>\n<p style=\"text-align: left\"><strong>1\u00aa fase (2009 a 2012):<\/strong> orienta\u00e7\u00e3o e acompanhamento de obras. As primeiras reuni\u00f5es da comiss\u00e3o para implanta- \u00e7\u00e3o do MUARAN-UFPel geraram os esbo\u00e7os iniciais de organograma, zoneamento e percurso expositivo de um Museu de Arqueologia e Antropologia, mas outra foi a responsabilidade oficial que primeiro ocupou a comiss\u00e3o: orientar o projeto de restaura\u00e7\u00e3o e monitorar a execu\u00e7\u00e3o das obras de restaura\u00e7\u00e3o e adequa\u00e7\u00e3o de edif\u00edcios cogitados para serem sedes do Museu (i.e. SANCHES; NEUTZLING 2010), a saber: 1. Primeiramente, o Casar\u00e3o no.8 da Pra\u00e7a Cel. Pedro Os\u00f3rio. 2. Desde meados de 2012, o Casar\u00e3o situado nos nos. 177 e 179 da Rua Marechal Floriano, antes resid\u00eancia de Carmen Tr\u00e1paga Sim\u00f5es, depois Escola de Belas Artes (EBA) e sede de cursos de Artes e Ci\u00eancias Sociais Aplicadas da UFPel. Nenhum dos dois casar\u00f5es veio a ser confirmado como sede do MUARAN-UFPel, mas a comiss\u00e3o de implanta\u00e7\u00e3o prestou a necess\u00e1ria consultoria t\u00e9cnica acerca da gest\u00e3o do patrim\u00f4nio arqueol\u00f3gico redescoberto durante as obras, informando tamb\u00e9m quanto \u00e0s estruturas necess\u00e1rias ao funcionamento de Museu e Centro Art\u00edstico e Cultural. Uma solu\u00e7\u00e3o definitiva para o espa\u00e7o f\u00edsico do MUARAN-UFPel, com as caracter\u00edsticas necess\u00e1rias ao pleno funcionamento do Museu, s\u00f3 viria a ser apresentada anos depois, no \u00e2mbito de um projeto maior denominado Laneira Casa dos Museus. Trata-se de um grande complexo cultural e acad\u00eamico que \u201cdever\u00e1 proporcionar, al\u00e9m das atividades de rotina de setores acad\u00eamicos universit\u00e1rios, acesso ao p\u00fablico externo que poder\u00e1 usufruir de espa\u00e7os destinados ao conv\u00edvio e a m\u00faltiplas atividades de extens\u00e3o\u201d (CORREA; PINTADO, 2014). Em reuni\u00e3o ocorrida no dia 8 de outubro de 2013, a coordenadora do N\u00facleo do Patrim\u00f4nio Cultural da UFPel convidou o MUARAN-UFPel a integrar o projeto Casa dos Museus, o que foi prontamente aceito.<\/p>\n<p style=\"text-align: left\"><strong>2\u00aa fase (2012 a 2013):<\/strong> diagn\u00f3sticos interno e externo. Com o objetivo de apresentar o futuro museu a todos os interessados, projetar a museotecnia e a museografia das exposi\u00e7\u00f5es de longa dura\u00e7\u00e3o, constituir e capacitar um setor educativo, qualificar laborat\u00f3rio e reserva t\u00e9cnica, planejar a\u00e7\u00f5es e parcerias, foi elaborado um plano museol\u00f3gico com o apoio e a dedica\u00e7\u00e3o de professores e estudantes da UFPel (inclusive bolsistas de extens\u00e3o universit\u00e1ria) das \u00e1reas de Museologia, Conserva\u00e7\u00e3o e Restauro, Arqueologia e Antropologia. Planos diretores ou museol\u00f3gicos se fundamentam em amplos diagn\u00f3sticos internos e externos que permitem identificar os problemas b\u00e1sicos a serem enfrentados (DAVIS, 2001, p. 34), com o plano do MUARAN-UFPel n\u00e3o foi diferente, e a comiss\u00e3o reconheceu que \u201ccabe aos diagn\u00f3sticos o papel de trazer para dentro do projeto institucional os m\u00faltiplos pontos de vista e as condi\u00e7\u00f5es materiais e pol\u00edticas em que o futuro museu se anuncia\u201d (SANCHES; AMARAL; OLIVEIRA, 2013). O sentido dial\u00f3gico dos diagn\u00f3sticos promovidos permitiu o envolvimento de diferentes atores sociais, inclusive ind\u00edgenas e negros, de gestores e deposit\u00e1rios de acervos arqueol\u00f3gicos e etnogr\u00e1ficos, estudantes e professores do ensino fundamental. Essa abertura proporcionada pelos diagn\u00f3sticos inaugurou a terceira fase da implanta\u00e7\u00e3o do MUARAN.<\/p>\n<p style=\"text-align: left\"><strong>3\u00aa fase (2014-2015):<\/strong> a\u00e7\u00f5es extramuros e parcerias. Em 2014, o MUARAN-UFPel contou com recursos do Minist\u00e9rio da Educa\u00e7\u00e3o (edital PROEXT 2014), passando a promover a\u00e7\u00f5es em escolas Municipais, Estaduais e Privadas, al\u00e9m de estabelecer parceria estrat\u00e9gica com duas institui\u00e7\u00f5es n\u00e3o governamentais de interesse p\u00fablico, a saber, o Sindicato dos Trabalhadores Dom\u00e9sticos de Pelotas e a Casa do Amor Exigente (institui\u00e7\u00e3o terap\u00eautica). As a\u00e7\u00f5es desenvolvidas nesse ano, ainda vinculadas ao diagn\u00f3stico externo, se deram tamb\u00e9m por for\u00e7a de uma s\u00e9rie importante de parcerias com \u00f3rg\u00e3os suplementares do ICH-UFPel, dentre as quais destacamos o Grupo de Estudos Etnogr\u00e1ficos Urbanos (GEEUR), o N\u00facleo de Etnologia Amer\u00edndia (NETA), o Laborat\u00f3rio de Ensino, Pesquisa e Produ\u00e7\u00e3o em Antropologia da Imagem e do Som (LEPPAIS) e os dois laborat\u00f3rios arqueol\u00f3gicos at\u00e9 ent\u00e3o existentes na UFPel, o Laborat\u00f3rio de Ensino e Pesquisa em Antropologia e Arqueologia (LEPAARQ) e o Laborat\u00f3rio Multidisciplinar de Investiga\u00e7\u00e3o Arqueol\u00f3gica (L\u00c2MINA), todos ligados ao Instituto de Ci\u00eancias Humanas da UFPel. Ainda em 2014, foi estabelecida parceria tamb\u00e9m com o projeto Arqueologia: as hist\u00f3rias presentes em nossas vidas, de Pedro P. Funari, Vera R. Camargo, Gl\u00f3ria Tega, Cl\u00e1udio Carlan e L\u00facio Menezes Ferreira.<\/p>\n\n\t\t<style type=\"text\/css\">\n\t\t\t#gallery-1 {\n\t\t\t\tmargin: auto;\n\t\t\t}\n\t\t\t#gallery-1 .gallery-item {\n\t\t\t\tfloat: left;\n\t\t\t\tmargin-top: 10px;\n\t\t\t\ttext-align: center;\n\t\t\t\twidth: 33%;\n\t\t\t}\n\t\t\t#gallery-1 img {\n\t\t\t\tborder: 2px solid #cfcfcf;\n\t\t\t}\n\t\t\t#gallery-1 .gallery-caption {\n\t\t\t\tmargin-left: 0;\n\t\t\t}\n\t\t\t\/* see gallery_shortcode() in wp-includes\/media.php *\/\n\t\t<\/style>\n\t\t<div data-carousel-extra='{&quot;blog_id&quot;:732,&quot;permalink&quot;:&quot;https:\/\/wp.ufpel.edu.br\/rededemuseusdaufpel\/museu-arqueologico-e-antropologico\/&quot;}' id='gallery-1' class='gallery galleryid-533 gallery-columns-3 gallery-size-thumbnail'><dl class='gallery-item'>\n\t\t\t<dt class='gallery-icon landscape'>\n\t\t\t\t<a href='https:\/\/wp.ufpel.edu.br\/rededemuseusdaufpel\/museu-arqueologico-e-antropologico\/arq1-2\/'><img width=\"200\" height=\"200\" src=\"https:\/\/i0.wp.com\/wp.ufpel.edu.br\/rededemuseusdaufpel\/files\/2019\/08\/arq1.jpg?resize=200%2C200&amp;ssl=1\" class=\"attachment-thumbnail size-thumbnail\" alt=\"\" data-attachment-id=\"825\" data-permalink=\"https:\/\/wp.ufpel.edu.br\/rededemuseusdaufpel\/museu-arqueologico-e-antropologico\/arq1-2\/\" data-orig-file=\"https:\/\/i0.wp.com\/wp.ufpel.edu.br\/rededemuseusdaufpel\/files\/2019\/08\/arq1.jpg?fit=330%2C247&amp;ssl=1\" data-orig-size=\"330,247\" data-comments-opened=\"0\" data-image-meta=\"{&quot;aperture&quot;:&quot;0&quot;,&quot;credit&quot;:&quot;&quot;,&quot;camera&quot;:&quot;&quot;,&quot;caption&quot;:&quot;&quot;,&quot;created_timestamp&quot;:&quot;0&quot;,&quot;copyright&quot;:&quot;&quot;,&quot;focal_length&quot;:&quot;0&quot;,&quot;iso&quot;:&quot;0&quot;,&quot;shutter_speed&quot;:&quot;0&quot;,&quot;title&quot;:&quot;&quot;,&quot;orientation&quot;:&quot;0&quot;}\" data-image-title=\"arq1\" data-image-description=\"\" data-image-caption=\"\" data-medium-file=\"https:\/\/i0.wp.com\/wp.ufpel.edu.br\/rededemuseusdaufpel\/files\/2019\/08\/arq1.jpg?fit=330%2C247&amp;ssl=1\" data-large-file=\"https:\/\/i0.wp.com\/wp.ufpel.edu.br\/rededemuseusdaufpel\/files\/2019\/08\/arq1.jpg?fit=330%2C247&amp;ssl=1\" \/><\/a>\n\t\t\t<\/dt><\/dl><dl class='gallery-item'>\n\t\t\t<dt class='gallery-icon landscape'>\n\t\t\t\t<a href='https:\/\/wp.ufpel.edu.br\/rededemuseusdaufpel\/museu-arqueologico-e-antropologico\/arq2-2\/'><img width=\"162\" height=\"121\" src=\"https:\/\/i0.wp.com\/wp.ufpel.edu.br\/rededemuseusdaufpel\/files\/2019\/08\/arq2.jpg?resize=162%2C121&amp;ssl=1\" class=\"attachment-thumbnail size-thumbnail\" alt=\"\" data-attachment-id=\"826\" data-permalink=\"https:\/\/wp.ufpel.edu.br\/rededemuseusdaufpel\/museu-arqueologico-e-antropologico\/arq2-2\/\" data-orig-file=\"https:\/\/i0.wp.com\/wp.ufpel.edu.br\/rededemuseusdaufpel\/files\/2019\/08\/arq2.jpg?fit=162%2C121&amp;ssl=1\" data-orig-size=\"162,121\" data-comments-opened=\"0\" data-image-meta=\"{&quot;aperture&quot;:&quot;0&quot;,&quot;credit&quot;:&quot;&quot;,&quot;camera&quot;:&quot;&quot;,&quot;caption&quot;:&quot;&quot;,&quot;created_timestamp&quot;:&quot;0&quot;,&quot;copyright&quot;:&quot;&quot;,&quot;focal_length&quot;:&quot;0&quot;,&quot;iso&quot;:&quot;0&quot;,&quot;shutter_speed&quot;:&quot;0&quot;,&quot;title&quot;:&quot;&quot;,&quot;orientation&quot;:&quot;0&quot;}\" data-image-title=\"arq2\" data-image-description=\"\" data-image-caption=\"\" data-medium-file=\"https:\/\/i0.wp.com\/wp.ufpel.edu.br\/rededemuseusdaufpel\/files\/2019\/08\/arq2.jpg?fit=162%2C121&amp;ssl=1\" data-large-file=\"https:\/\/i0.wp.com\/wp.ufpel.edu.br\/rededemuseusdaufpel\/files\/2019\/08\/arq2.jpg?fit=162%2C121&amp;ssl=1\" \/><\/a>\n\t\t\t<\/dt><\/dl><dl class='gallery-item'>\n\t\t\t<dt class='gallery-icon landscape'>\n\t\t\t\t<a href='https:\/\/wp.ufpel.edu.br\/rededemuseusdaufpel\/museu-arqueologico-e-antropologico\/arq3-2\/'><img width=\"162\" height=\"121\" src=\"https:\/\/i0.wp.com\/wp.ufpel.edu.br\/rededemuseusdaufpel\/files\/2019\/08\/arq3.jpg?resize=162%2C121&amp;ssl=1\" class=\"attachment-thumbnail size-thumbnail\" alt=\"\" data-attachment-id=\"827\" data-permalink=\"https:\/\/wp.ufpel.edu.br\/rededemuseusdaufpel\/museu-arqueologico-e-antropologico\/arq3-2\/\" data-orig-file=\"https:\/\/i0.wp.com\/wp.ufpel.edu.br\/rededemuseusdaufpel\/files\/2019\/08\/arq3.jpg?fit=162%2C121&amp;ssl=1\" data-orig-size=\"162,121\" data-comments-opened=\"0\" data-image-meta=\"{&quot;aperture&quot;:&quot;0&quot;,&quot;credit&quot;:&quot;&quot;,&quot;camera&quot;:&quot;&quot;,&quot;caption&quot;:&quot;&quot;,&quot;created_timestamp&quot;:&quot;0&quot;,&quot;copyright&quot;:&quot;&quot;,&quot;focal_length&quot;:&quot;0&quot;,&quot;iso&quot;:&quot;0&quot;,&quot;shutter_speed&quot;:&quot;0&quot;,&quot;title&quot;:&quot;&quot;,&quot;orientation&quot;:&quot;0&quot;}\" data-image-title=\"arq3\" data-image-description=\"\" data-image-caption=\"\" data-medium-file=\"https:\/\/i0.wp.com\/wp.ufpel.edu.br\/rededemuseusdaufpel\/files\/2019\/08\/arq3.jpg?fit=162%2C121&amp;ssl=1\" data-large-file=\"https:\/\/i0.wp.com\/wp.ufpel.edu.br\/rededemuseusdaufpel\/files\/2019\/08\/arq3.jpg?fit=162%2C121&amp;ssl=1\" \/><\/a>\n\t\t\t<\/dt><\/dl><br style=\"clear: both\" \/><dl class='gallery-item'>\n\t\t\t<dt class='gallery-icon landscape'>\n\t\t\t\t<a href='https:\/\/wp.ufpel.edu.br\/rededemuseusdaufpel\/museu-arqueologico-e-antropologico\/arq4-2\/'><img width=\"200\" height=\"173\" src=\"https:\/\/i0.wp.com\/wp.ufpel.edu.br\/rededemuseusdaufpel\/files\/2019\/08\/arq4.jpg?resize=200%2C173&amp;ssl=1\" class=\"attachment-thumbnail size-thumbnail\" alt=\"\" data-attachment-id=\"828\" data-permalink=\"https:\/\/wp.ufpel.edu.br\/rededemuseusdaufpel\/museu-arqueologico-e-antropologico\/arq4-2\/\" data-orig-file=\"https:\/\/i0.wp.com\/wp.ufpel.edu.br\/rededemuseusdaufpel\/files\/2019\/08\/arq4.jpg?fit=231%2C173&amp;ssl=1\" data-orig-size=\"231,173\" data-comments-opened=\"0\" data-image-meta=\"{&quot;aperture&quot;:&quot;0&quot;,&quot;credit&quot;:&quot;&quot;,&quot;camera&quot;:&quot;&quot;,&quot;caption&quot;:&quot;&quot;,&quot;created_timestamp&quot;:&quot;0&quot;,&quot;copyright&quot;:&quot;&quot;,&quot;focal_length&quot;:&quot;0&quot;,&quot;iso&quot;:&quot;0&quot;,&quot;shutter_speed&quot;:&quot;0&quot;,&quot;title&quot;:&quot;&quot;,&quot;orientation&quot;:&quot;0&quot;}\" data-image-title=\"arq4\" data-image-description=\"\" data-image-caption=\"\" data-medium-file=\"https:\/\/i0.wp.com\/wp.ufpel.edu.br\/rededemuseusdaufpel\/files\/2019\/08\/arq4.jpg?fit=231%2C173&amp;ssl=1\" data-large-file=\"https:\/\/i0.wp.com\/wp.ufpel.edu.br\/rededemuseusdaufpel\/files\/2019\/08\/arq4.jpg?fit=231%2C173&amp;ssl=1\" \/><\/a>\n\t\t\t<\/dt><\/dl><dl class='gallery-item'>\n\t\t\t<dt class='gallery-icon landscape'>\n\t\t\t\t<a href='https:\/\/wp.ufpel.edu.br\/rededemuseusdaufpel\/museu-arqueologico-e-antropologico\/arq5-2\/'><img width=\"200\" height=\"173\" src=\"https:\/\/i0.wp.com\/wp.ufpel.edu.br\/rededemuseusdaufpel\/files\/2019\/08\/arq5.jpg?resize=200%2C173&amp;ssl=1\" class=\"attachment-thumbnail size-thumbnail\" alt=\"\" data-attachment-id=\"829\" data-permalink=\"https:\/\/wp.ufpel.edu.br\/rededemuseusdaufpel\/museu-arqueologico-e-antropologico\/arq5-2\/\" data-orig-file=\"https:\/\/i0.wp.com\/wp.ufpel.edu.br\/rededemuseusdaufpel\/files\/2019\/08\/arq5.jpg?fit=261%2C173&amp;ssl=1\" data-orig-size=\"261,173\" data-comments-opened=\"0\" data-image-meta=\"{&quot;aperture&quot;:&quot;0&quot;,&quot;credit&quot;:&quot;&quot;,&quot;camera&quot;:&quot;&quot;,&quot;caption&quot;:&quot;&quot;,&quot;created_timestamp&quot;:&quot;0&quot;,&quot;copyright&quot;:&quot;&quot;,&quot;focal_length&quot;:&quot;0&quot;,&quot;iso&quot;:&quot;0&quot;,&quot;shutter_speed&quot;:&quot;0&quot;,&quot;title&quot;:&quot;&quot;,&quot;orientation&quot;:&quot;0&quot;}\" data-image-title=\"arq5\" data-image-description=\"\" data-image-caption=\"\" data-medium-file=\"https:\/\/i0.wp.com\/wp.ufpel.edu.br\/rededemuseusdaufpel\/files\/2019\/08\/arq5.jpg?fit=261%2C173&amp;ssl=1\" data-large-file=\"https:\/\/i0.wp.com\/wp.ufpel.edu.br\/rededemuseusdaufpel\/files\/2019\/08\/arq5.jpg?fit=261%2C173&amp;ssl=1\" \/><\/a>\n\t\t\t<\/dt><\/dl>\n\t\t\t<br style='clear: both' \/>\n\t\t<\/div>\n\n<p style=\"text-align: left\"><strong>Descri\u00e7\u00e3o do Acervo<\/strong><\/p>\n<p style=\"text-align: left\">O MUARAN-UFPel n\u00e3o salvaguarda cole\u00e7\u00f5es arqueol\u00f3gicas ou etnogr\u00e1ficas. Essa responsabilidade, na UFPel, est\u00e1 a cargo dos pr\u00f3prios laborat\u00f3rios que endossaram a gera\u00e7\u00e3o de tais acervos. Em mostras itinerantes e a\u00e7\u00f5es de educa\u00e7\u00e3o patrimonial, o Museu costuma fazer empr\u00e9stimos dos laborat\u00f3rios do ICH-UFPel, recorrendo muitas vezes a cole\u00e7\u00f5es de proced\u00eancia indeterminada que podem, por isso mesmo, se prestar a a\u00e7\u00f5es educativas, evitando que outros materiais, documentados e patrimonializados, sofram qualquer dano.<\/p>\n<p style=\"text-align: left\"><strong>Equipe atual<\/strong><\/p>\n<p style=\"text-align: left\">Coordenadores dos projetos que comp\u00f5em o programa de implanta\u00e7\u00e3o<\/p>\n<p style=\"text-align: left\">Prof. Dr. Pedro Lu\u00eds Machado Sanches<\/p>\n<p style=\"text-align: left\">Prof. Dr. Jaime Mujica Sall\u00e9s Prof. Dr. Diego Lemos Ribeiro<\/p>\n<p style=\"text-align: left\">Proponentes de oficinas, exposi\u00e7\u00f5es e demais a\u00e7\u00f5es de comunica\u00e7\u00e3o<\/p>\n<p style=\"text-align: left\">Profa. Dra. Fl\u00e1via Maria Silva Rieth<\/p>\n<p style=\"text-align: left\">Profa. Dra. Claudia Turra Magni<\/p>\n<p style=\"text-align: left\">Prof. Dr.Rog\u00e9rio Reus Gon\u00e7alves Rosa<\/p>\n<p style=\"text-align: left\">Profa. Dra. Lori Altmann<\/p>\n<p style=\"text-align: left\">Profa. Dra. Louise Prado Alfonso<\/p>\n<p style=\"text-align: left\">Prof. Dr. Martin Tempass<\/p>\n<p style=\"text-align: left\">Respons\u00e1veis por a\u00e7\u00e3o de diagn\u00f3stico de acervo<\/p>\n<p style=\"text-align: left\">Prof. Dr. Claudio Baptista Carle<\/p>\n<p style=\"text-align: left\">Prof. Dr. Alu\u00edsio Gomes Alves<\/p>\n<p style=\"text-align: left\">Demais colaboradores<\/p>\n<p style=\"text-align: left\">Prof. Dr. L\u00facio Menezes Ferreira<\/p>\n<p style=\"text-align: left\">Prof. Dr. Francisco Luiz Pereira da Silva Neto<\/p>\n<p style=\"text-align: left\">Prof. Dr. F\u00e1bio Vergara Cerqueira<\/p>\n<p style=\"text-align: left\">Prof. Dr. Rafael Guedes Milheira<\/p>\n<p style=\"text-align: left\">Profa. Dra. Adriane Luisa Rodolpho<\/p>\n<p>&nbsp;<\/p>\n<p style=\"text-align: left\">T\u00e9cnica Administrativa<\/p>\n<p style=\"text-align: left\">Luciana da Silva Peixoto<\/p>\n<p style=\"text-align: left\">Discentes de p\u00f3s-gradua\u00e7\u00e3o colaboradores<\/p>\n<p style=\"text-align: left\">Marta Bonow Rodrigues; Bruno Gato da Silva; Susana dos Santos Dode.<\/p>\n<p style=\"text-align: left\">Bolsistas em 2014 e volunt\u00e1rias (os) em 2015<\/p>\n<p style=\"text-align: left\">Daiana Oliveira Felix, Beatrice Gavazzi Ribeiro e Cristiano Meirelles<\/p>\n<p style=\"text-align: left\">Demais bolsistas em 2014<\/p>\n<p style=\"text-align: left\">Karollina Mendes de Magalh\u00e3es, Bettina Afonso Garcia, Melania dos Santos Cardoso Veras, Miriam Helem Soares Fernandes, Mirtes Lourdes Dall\u2019Oglio, Taciane Silveira Souza, Thawany Martinez Santana, Isadora Oliveira Ijano.<\/p>\n<p style=\"text-align: left\">Bolsistas de Musealiza\u00e7\u00e3o em 2015<\/p>\n<p style=\"text-align: left\">Maysa Luana Silva, Ros\u00e2ngela Tavares de Tavares<\/p>\n<p style=\"text-align: left\">Bolsistas de Comunica\u00e7\u00e3o em 2015<\/p>\n<p style=\"text-align: left\">Ingrid Moraes Bastos, Andressa Tim Bauer, Scheila Nunes Meira<\/p>\n<p style=\"text-align: left\">Volunt\u00e1rias (os) em 2014 e 2015<\/p>\n<p style=\"text-align: left\">Eliane de Souza, Francielen Gon\u00e7alves, Marcelo Lima (muse\u00f3logos)<\/p>\n<p style=\"text-align: left\"><strong>Localiza\u00e7\u00e3o e contatos<\/strong><\/p>\n<p style=\"text-align: left\">Endere\u00e7o A implanta\u00e7\u00e3o f\u00edsica do MUARAN, assim como a implanta\u00e7\u00e3o dos demais museus integrantes da Laneira Casa dos Museus, depende da restaura\u00e7\u00e3o e adequa\u00e7\u00e3o do edif\u00edcio da antiga LANEIRA S\/A, um testemunho do patrim\u00f4nio industrial situado em Pelotas, na avenida Duque de Caxias, cuja primeira etapa de constru\u00e7\u00e3o data de 1949 (MICHELON 2013, p. 84).<\/p>\n<p style=\"text-align: left\">Site: wp.ufpel.edu.br\/muaran<\/p>\n<p style=\"text-align: left\">Facebook: facebook.com\/muaranufpel\/<\/p>\n","protected":false},"excerpt":{"rendered":"<p>HIST\u00d3RICO No segundo semestre de 2008, o Prof. Dr. F\u00e1bio Vergara Cerqueira, ent\u00e3o diretor do Instituto de Ci\u00eancias Humanas da UFPel, convidou todos os arque\u00f3logos da institui\u00e7\u00e3o a participarem da implanta\u00e7\u00e3o de um novo museu arqueol\u00f3gico. A administra\u00e7\u00e3o da UFPel reconheceu os trabalhos deste grupo e constituiu comiss\u00e3o pr\u00f3pria em 18 de maio de 2009, [&hellip;]<\/p>\n","protected":false},"author":722,"featured_media":0,"parent":0,"menu_order":0,"comment_status":"closed","ping_status":"closed","template":"page-sem-sidebar.php","meta":{"jetpack_post_was_ever_published":false,"footnotes":""},"class_list":["post-533","page","type-page","status-publish","hentry"],"jetpack_sharing_enabled":true,"jetpack_shortlink":"https:\/\/wp.me\/P8I7ve-8B","jetpack-related-posts":[{"id":185,"url":"https:\/\/wp.ufpel.edu.br\/rededemuseusdaufpel\/a-rede\/","url_meta":{"origin":533,"position":0},"title":"A Rede","author":"rededemuseusdaufpel","date":"15 de janeiro de 2019","format":false,"excerpt":"A Rede de Museus da Universidade Federal de Pelotas (UFPel) \u00e9 um \u00f3rg\u00e3o suplementar da Pr\u00f3-Reitoria de Extens\u00e3o e Cultura (PREC) que tem por miss\u00e3o unir as institui\u00e7\u00f5es, projetos museol\u00f3gicos, acervos e cole\u00e7\u00f5es existentes na Universidade, visando a implanta\u00e7\u00e3o e manuten\u00e7\u00e3o de uma pol\u00edtica para a \u00e1rea, de forma a\u2026","rel":"","context":"Post similar","block_context":{"text":"Post similar","link":""},"img":{"alt_text":"","src":"","width":0,"height":0},"classes":[]},{"id":43,"url":"https:\/\/wp.ufpel.edu.br\/rededemuseusdaufpel\/laneira-casa-dos-museus\/","url_meta":{"origin":533,"position":1},"title":"Laneira Casa dos Museus","author":"rededemuseusdaufpel","date":"8 de maio de 2017","format":false,"excerpt":"HIST\u00d3RICO A planta industrial da f\u00e1brica Laneira Brasileira S. A. foi adquirida pela Universidade Federal de Pelotas em 2010. A partir do ano de 2012, iniciou-se o trabalho de reconhecimento e estudo de viabilidade de uso de parte do local para a implanta\u00e7\u00e3o do Museu da UFPel. No decorrer deste\u2026","rel":"","context":"Post similar","block_context":{"text":"Post similar","link":""},"img":{"alt_text":"","src":"https:\/\/i0.wp.com\/wp.ufpel.edu.br\/rededemuseusdaufpel\/files\/2017\/05\/LANEIRA_1.jpg?resize=350%2C200","width":350,"height":200},"classes":[]},{"id":1361,"url":"https:\/\/wp.ufpel.edu.br\/rededemuseusdaufpel\/composicao-rede-museus-da-ufpel\/","url_meta":{"origin":533,"position":2},"title":"Composi\u00e7\u00e3o do Conselho Consultivo da Rede de Museus da UFPel","author":"rededemuseusdaufpel","date":"11 de setembro de 2020","format":false,"excerpt":"Coordena\u00e7\u00e3o de Arte, Cultura e Patrimo\u0302 nio (PREC) Eleonora Campos da Motta Santos \u2013 coordenadora da Rede de Museus Acervo do Choro de Pelotas (CA) Titular: Rafael Henrique Soares Velloso Suplente: Raul Costa d\u2019Avila Centro de mem\u00f3ria e pesquisa Hist\u00f3ria da Alfabetiza\u00e7\u00e3o, Leitura, Escrita e dos LivrosEscolares \u2013 Hisales (FaE)\u2026","rel":"","context":"Post similar","block_context":{"text":"Post similar","link":""},"img":{"alt_text":"","src":"","width":0,"height":0},"classes":[]},{"id":34,"url":"https:\/\/wp.ufpel.edu.br\/rededemuseusdaufpel\/museu-da-ufpel\/","url_meta":{"origin":533,"position":3},"title":"Museu da UFPel","author":"rededemuseusdaufpel","date":"8 de maio de 2017","format":false,"excerpt":"HIST\u00d3RICO O Museu da UFPEL foi criado pela Portaria n. 1.327 de 06 de setembro de 2011. No m\u00eas de dezembro do mesmo ano, foi emitida a Portaria n. 1.931 que constitu\u00eda a comiss\u00e3o\u00b2 ordenada a desenvolver os atos e medidas de organiza\u00e7\u00e3o desse museu. A comiss\u00e3o finalizou o seu\u2026","rel":"","context":"Post similar","block_context":{"text":"Post similar","link":""},"img":{"alt_text":"","src":"https:\/\/i0.wp.com\/wp.ufpel.edu.br\/rededemuseusdaufpel\/files\/2017\/05\/MUSEUDAUFPEL_1.jpg?resize=350%2C200","width":350,"height":200,"srcset":"https:\/\/i0.wp.com\/wp.ufpel.edu.br\/rededemuseusdaufpel\/files\/2017\/05\/MUSEUDAUFPEL_1.jpg?resize=350%2C200 1x, https:\/\/i0.wp.com\/wp.ufpel.edu.br\/rededemuseusdaufpel\/files\/2017\/05\/MUSEUDAUFPEL_1.jpg?resize=525%2C300 1.5x, https:\/\/i0.wp.com\/wp.ufpel.edu.br\/rededemuseusdaufpel\/files\/2017\/05\/MUSEUDAUFPEL_1.jpg?resize=700%2C400 2x, https:\/\/i0.wp.com\/wp.ufpel.edu.br\/rededemuseusdaufpel\/files\/2017\/05\/MUSEUDAUFPEL_1.jpg?resize=1050%2C600 3x, https:\/\/i0.wp.com\/wp.ufpel.edu.br\/rededemuseusdaufpel\/files\/2017\/05\/MUSEUDAUFPEL_1.jpg?resize=1400%2C800 4x"},"classes":[]},{"id":1663,"url":"https:\/\/wp.ufpel.edu.br\/rededemuseusdaufpel\/exposicao-minha-mascara\/","url_meta":{"origin":533,"position":4},"title":"Exposi\u00e7\u00e3o Virtual &#8220;Minha M\u00e1scara&#8221;","author":"rededemuseusdaufpel","date":"2 de dezembro de 2020","format":false,"excerpt":"Exposi\u00e7\u00e3o Minha M\u00e1scara em comemora\u00e7\u00e3o ao Dia do Patrim\u00f4nio O Dia do Patrim\u00f4nio \u00e9 comemorado em 17 de agosto. A data foi escolhida em raz\u00e3o do nascimento do historiador e jornalista Rodrigo Melo Franco de Andrade (Belo Horizonte - MG, 1898-1969), o primeiro presidente do Instituto do Patrim\u00f4nio Hist\u00f3rico e\u2026","rel":"","context":"Post similar","block_context":{"text":"Post similar","link":""},"img":{"alt_text":"","src":"https:\/\/i0.wp.com\/wp.ufpel.edu.br\/rededemuseusdaufpel\/files\/2020\/12\/unilasalle5.jpg?resize=350%2C200","width":350,"height":200,"srcset":"https:\/\/i0.wp.com\/wp.ufpel.edu.br\/rededemuseusdaufpel\/files\/2020\/12\/unilasalle5.jpg?resize=350%2C200 1x, https:\/\/i0.wp.com\/wp.ufpel.edu.br\/rededemuseusdaufpel\/files\/2020\/12\/unilasalle5.jpg?resize=525%2C300 1.5x, https:\/\/i0.wp.com\/wp.ufpel.edu.br\/rededemuseusdaufpel\/files\/2020\/12\/unilasalle5.jpg?resize=700%2C400 2x, https:\/\/i0.wp.com\/wp.ufpel.edu.br\/rededemuseusdaufpel\/files\/2020\/12\/unilasalle5.jpg?resize=1050%2C600 3x"},"classes":[]},{"id":302,"url":"https:\/\/wp.ufpel.edu.br\/rededemuseusdaufpel\/museu-do-doce\/","url_meta":{"origin":533,"position":5},"title":"MUSEU DO DOCE","author":"rededemuseusdaufpel","date":"16 de janeiro de 2019","format":false,"excerpt":"Miss\u00e3o O Museu do Doce tem como miss\u00e3o salvaguardar os suportes de mem\u00f3ria da tradi\u00e7\u00e3o doceira de Pelotas e da regi\u00e3o, com o compromisso de produzir conhecimento sobre esse patrim\u00f4nio. Hist\u00f3ria O Museu do Doce \u00e9 uma conquista da comunidade doceira que, atrav\u00e9s de negocia\u00e7\u00e3o realizada com a Secretaria Municipal\u2026","rel":"","context":"Post similar","block_context":{"text":"Post similar","link":""},"img":{"alt_text":"","src":"https:\/\/i0.wp.com\/wp.ufpel.edu.br\/rededemuseusdaufpel\/files\/2019\/01\/DOCE.png?resize=350%2C200","width":350,"height":200,"srcset":"https:\/\/i0.wp.com\/wp.ufpel.edu.br\/rededemuseusdaufpel\/files\/2019\/01\/DOCE.png?resize=350%2C200 1x, https:\/\/i0.wp.com\/wp.ufpel.edu.br\/rededemuseusdaufpel\/files\/2019\/01\/DOCE.png?resize=525%2C300 1.5x"},"classes":[]}],"_links":{"self":[{"href":"https:\/\/wp.ufpel.edu.br\/rededemuseusdaufpel\/wp-json\/wp\/v2\/pages\/533","targetHints":{"allow":["GET"]}}],"collection":[{"href":"https:\/\/wp.ufpel.edu.br\/rededemuseusdaufpel\/wp-json\/wp\/v2\/pages"}],"about":[{"href":"https:\/\/wp.ufpel.edu.br\/rededemuseusdaufpel\/wp-json\/wp\/v2\/types\/page"}],"author":[{"embeddable":true,"href":"https:\/\/wp.ufpel.edu.br\/rededemuseusdaufpel\/wp-json\/wp\/v2\/users\/722"}],"replies":[{"embeddable":true,"href":"https:\/\/wp.ufpel.edu.br\/rededemuseusdaufpel\/wp-json\/wp\/v2\/comments?post=533"}],"version-history":[{"count":10,"href":"https:\/\/wp.ufpel.edu.br\/rededemuseusdaufpel\/wp-json\/wp\/v2\/pages\/533\/revisions"}],"predecessor-version":[{"id":1779,"href":"https:\/\/wp.ufpel.edu.br\/rededemuseusdaufpel\/wp-json\/wp\/v2\/pages\/533\/revisions\/1779"}],"wp:attachment":[{"href":"https:\/\/wp.ufpel.edu.br\/rededemuseusdaufpel\/wp-json\/wp\/v2\/media?parent=533"}],"curies":[{"name":"wp","href":"https:\/\/api.w.org\/{rel}","templated":true}]}}