{"id":523,"date":"2019-02-18T16:52:41","date_gmt":"2019-02-18T19:52:41","guid":{"rendered":"https:\/\/wp.ufpel.edu.br\/rededemuseusdaufpel\/?page_id=523"},"modified":"2020-12-19T17:07:18","modified_gmt":"2020-12-19T20:07:18","slug":"projeto-de-extensao-museu-grupelli","status":"publish","type":"page","link":"https:\/\/wp.ufpel.edu.br\/rededemuseusdaufpel\/projeto-de-extensao-museu-grupelli\/","title":{"rendered":"Projeto de Extens\u00e3o \u201cMUSEU GRUPPELLI\u201d"},"content":{"rendered":"<p style=\"text-align: left\">O Museu Gruppelli fica localizado no 7\u00b0 distrito da cidade de Pelotas e foi inaugurado em outubro de 1998, por iniciativa da comunidade local. O acervo do Museu foi reunido atrav\u00e9s da coleta e de doa\u00e7\u00f5es feitas por moradores da regi\u00e3o, capitaneados pela fam\u00edlia Gruppelli, cujo objetivo era reunir refer\u00eancias do patrim\u00f4nio rural que fossem significativas para a popula\u00e7\u00e3o circunvizinha. O contato com a comunidade local sempre foi mediado pela fam\u00edlia, mas com uma vis\u00e3o comunit\u00e1ria aglutinadora.<\/p>\n<p style=\"text-align: left\">A ideia da cria\u00e7\u00e3o do Museu surgiu devido a muitas pessoas que vinham relembrar sua inf\u00e2ncia na col\u00f4nia, como no caso de parentes, vizinhos e veranistas. A maioria dos objetos que faz parte do Museu j\u00e1 se encontrava no pr\u00e9dio em que ele se situa hoje. Com o decorrer do tempo, o n\u00famero de objetos salvaguardados foi aumentando gradativamente, seja por doa\u00e7\u00e3o da pr\u00f3pria fam\u00edlia Gruppelli, ou mesmo, por iniciativa de moradores locais que tiveram despertado o interesse em preservar as mem\u00f3rias do cotidiano dessa regi\u00e3o.<\/p>\n\n\t\t<style type=\"text\/css\">\n\t\t\t#gallery-1 {\n\t\t\t\tmargin: auto;\n\t\t\t}\n\t\t\t#gallery-1 .gallery-item {\n\t\t\t\tfloat: left;\n\t\t\t\tmargin-top: 10px;\n\t\t\t\ttext-align: center;\n\t\t\t\twidth: 33%;\n\t\t\t}\n\t\t\t#gallery-1 img {\n\t\t\t\tborder: 2px solid #cfcfcf;\n\t\t\t}\n\t\t\t#gallery-1 .gallery-caption {\n\t\t\t\tmargin-left: 0;\n\t\t\t}\n\t\t\t\/* see gallery_shortcode() in wp-includes\/media.php *\/\n\t\t<\/style>\n\t\t<div data-carousel-extra='{&quot;blog_id&quot;:732,&quot;permalink&quot;:&quot;https:\/\/wp.ufpel.edu.br\/rededemuseusdaufpel\/projeto-de-extensao-museu-grupelli\/&quot;}' id='gallery-1' class='gallery galleryid-523 gallery-columns-3 gallery-size-medium'><dl class='gallery-item'>\n\t\t\t<dt class='gallery-icon landscape'>\n\t\t\t\t<a href='https:\/\/wp.ufpel.edu.br\/rededemuseusdaufpel\/projeto-de-extensao-museu-grupelli\/13567321_819645491499859_7403619170492595095_n-424x318\/'><img width=\"400\" height=\"300\" src=\"https:\/\/i0.wp.com\/wp.ufpel.edu.br\/rededemuseusdaufpel\/files\/2019\/08\/13567321_819645491499859_7403619170492595095_n-424x318.jpg?fit=400%2C300&amp;ssl=1\" class=\"attachment-medium size-medium\" alt=\"\" srcset=\"https:\/\/i0.wp.com\/wp.ufpel.edu.br\/rededemuseusdaufpel\/files\/2019\/08\/13567321_819645491499859_7403619170492595095_n-424x318.jpg?resize=424%2C318&amp;ssl=1 424w, https:\/\/i0.wp.com\/wp.ufpel.edu.br\/rededemuseusdaufpel\/files\/2019\/08\/13567321_819645491499859_7403619170492595095_n-424x318.jpg?resize=400%2C300&amp;ssl=1 400w\" sizes=\"(max-width: 400px) 100vw, 400px\" data-attachment-id=\"818\" data-permalink=\"https:\/\/wp.ufpel.edu.br\/rededemuseusdaufpel\/projeto-de-extensao-museu-grupelli\/13567321_819645491499859_7403619170492595095_n-424x318\/\" data-orig-file=\"https:\/\/i0.wp.com\/wp.ufpel.edu.br\/rededemuseusdaufpel\/files\/2019\/08\/13567321_819645491499859_7403619170492595095_n-424x318.jpg?fit=424%2C318&amp;ssl=1\" data-orig-size=\"424,318\" data-comments-opened=\"0\" data-image-meta=\"{&quot;aperture&quot;:&quot;0&quot;,&quot;credit&quot;:&quot;&quot;,&quot;camera&quot;:&quot;&quot;,&quot;caption&quot;:&quot;&quot;,&quot;created_timestamp&quot;:&quot;0&quot;,&quot;copyright&quot;:&quot;&quot;,&quot;focal_length&quot;:&quot;0&quot;,&quot;iso&quot;:&quot;0&quot;,&quot;shutter_speed&quot;:&quot;0&quot;,&quot;title&quot;:&quot;&quot;,&quot;orientation&quot;:&quot;0&quot;}\" data-image-title=\"13567321_819645491499859_7403619170492595095_n-424&amp;#215;318\" data-image-description=\"\" data-image-caption=\"\" data-medium-file=\"https:\/\/i0.wp.com\/wp.ufpel.edu.br\/rededemuseusdaufpel\/files\/2019\/08\/13567321_819645491499859_7403619170492595095_n-424x318.jpg?fit=400%2C300&amp;ssl=1\" data-large-file=\"https:\/\/i0.wp.com\/wp.ufpel.edu.br\/rededemuseusdaufpel\/files\/2019\/08\/13567321_819645491499859_7403619170492595095_n-424x318.jpg?fit=424%2C318&amp;ssl=1\" \/><\/a>\n\t\t\t<\/dt><\/dl><dl class='gallery-item'>\n\t\t\t<dt class='gallery-icon portrait'>\n\t\t\t\t<a href='https:\/\/wp.ufpel.edu.br\/rededemuseusdaufpel\/projeto-de-extensao-museu-grupelli\/dsc_0068-211x318\/'><img width=\"211\" height=\"318\" src=\"https:\/\/i0.wp.com\/wp.ufpel.edu.br\/rededemuseusdaufpel\/files\/2019\/08\/DSC_0068-211x318.jpg?fit=211%2C318&amp;ssl=1\" class=\"attachment-medium size-medium\" alt=\"\" data-attachment-id=\"819\" data-permalink=\"https:\/\/wp.ufpel.edu.br\/rededemuseusdaufpel\/projeto-de-extensao-museu-grupelli\/dsc_0068-211x318\/\" data-orig-file=\"https:\/\/i0.wp.com\/wp.ufpel.edu.br\/rededemuseusdaufpel\/files\/2019\/08\/DSC_0068-211x318.jpg?fit=211%2C318&amp;ssl=1\" data-orig-size=\"211,318\" data-comments-opened=\"0\" data-image-meta=\"{&quot;aperture&quot;:&quot;0&quot;,&quot;credit&quot;:&quot;&quot;,&quot;camera&quot;:&quot;&quot;,&quot;caption&quot;:&quot;&quot;,&quot;created_timestamp&quot;:&quot;0&quot;,&quot;copyright&quot;:&quot;&quot;,&quot;focal_length&quot;:&quot;0&quot;,&quot;iso&quot;:&quot;0&quot;,&quot;shutter_speed&quot;:&quot;0&quot;,&quot;title&quot;:&quot;&quot;,&quot;orientation&quot;:&quot;0&quot;}\" data-image-title=\"DSC_0068-211&amp;#215;318\" data-image-description=\"\" data-image-caption=\"\" data-medium-file=\"https:\/\/i0.wp.com\/wp.ufpel.edu.br\/rededemuseusdaufpel\/files\/2019\/08\/DSC_0068-211x318.jpg?fit=211%2C318&amp;ssl=1\" data-large-file=\"https:\/\/i0.wp.com\/wp.ufpel.edu.br\/rededemuseusdaufpel\/files\/2019\/08\/DSC_0068-211x318.jpg?fit=211%2C318&amp;ssl=1\" \/><\/a>\n\t\t\t<\/dt><\/dl><dl class='gallery-item'>\n\t\t\t<dt class='gallery-icon landscape'>\n\t\t\t\t<a href='https:\/\/wp.ufpel.edu.br\/rededemuseusdaufpel\/projeto-de-extensao-museu-grupelli\/dsc_0071-424x282\/'><img width=\"400\" height=\"266\" src=\"https:\/\/i0.wp.com\/wp.ufpel.edu.br\/rededemuseusdaufpel\/files\/2019\/08\/DSC_0071-424x282.jpg?fit=400%2C266&amp;ssl=1\" class=\"attachment-medium size-medium\" alt=\"\" srcset=\"https:\/\/i0.wp.com\/wp.ufpel.edu.br\/rededemuseusdaufpel\/files\/2019\/08\/DSC_0071-424x282.jpg?resize=424%2C282&amp;ssl=1 424w, https:\/\/i0.wp.com\/wp.ufpel.edu.br\/rededemuseusdaufpel\/files\/2019\/08\/DSC_0071-424x282.jpg?resize=400%2C266&amp;ssl=1 400w\" sizes=\"(max-width: 400px) 100vw, 400px\" data-attachment-id=\"820\" data-permalink=\"https:\/\/wp.ufpel.edu.br\/rededemuseusdaufpel\/projeto-de-extensao-museu-grupelli\/dsc_0071-424x282\/\" data-orig-file=\"https:\/\/i0.wp.com\/wp.ufpel.edu.br\/rededemuseusdaufpel\/files\/2019\/08\/DSC_0071-424x282.jpg?fit=424%2C282&amp;ssl=1\" data-orig-size=\"424,282\" data-comments-opened=\"0\" data-image-meta=\"{&quot;aperture&quot;:&quot;0&quot;,&quot;credit&quot;:&quot;&quot;,&quot;camera&quot;:&quot;&quot;,&quot;caption&quot;:&quot;&quot;,&quot;created_timestamp&quot;:&quot;0&quot;,&quot;copyright&quot;:&quot;&quot;,&quot;focal_length&quot;:&quot;0&quot;,&quot;iso&quot;:&quot;0&quot;,&quot;shutter_speed&quot;:&quot;0&quot;,&quot;title&quot;:&quot;&quot;,&quot;orientation&quot;:&quot;0&quot;}\" data-image-title=\"DSC_0071-424&amp;#215;282\" data-image-description=\"\" data-image-caption=\"\" data-medium-file=\"https:\/\/i0.wp.com\/wp.ufpel.edu.br\/rededemuseusdaufpel\/files\/2019\/08\/DSC_0071-424x282.jpg?fit=400%2C266&amp;ssl=1\" data-large-file=\"https:\/\/i0.wp.com\/wp.ufpel.edu.br\/rededemuseusdaufpel\/files\/2019\/08\/DSC_0071-424x282.jpg?fit=424%2C282&amp;ssl=1\" \/><\/a>\n\t\t\t<\/dt><\/dl><br style=\"clear: both\" \/><dl class='gallery-item'>\n\t\t\t<dt class='gallery-icon landscape'>\n\t\t\t\t<a href='https:\/\/wp.ufpel.edu.br\/rededemuseusdaufpel\/projeto-de-extensao-museu-grupelli\/dsc_0085-424x282\/'><img width=\"400\" height=\"266\" src=\"https:\/\/i0.wp.com\/wp.ufpel.edu.br\/rededemuseusdaufpel\/files\/2019\/08\/DSC_0085-424x282.jpg?fit=400%2C266&amp;ssl=1\" class=\"attachment-medium size-medium\" alt=\"\" srcset=\"https:\/\/i0.wp.com\/wp.ufpel.edu.br\/rededemuseusdaufpel\/files\/2019\/08\/DSC_0085-424x282.jpg?resize=424%2C282&amp;ssl=1 424w, https:\/\/i0.wp.com\/wp.ufpel.edu.br\/rededemuseusdaufpel\/files\/2019\/08\/DSC_0085-424x282.jpg?resize=400%2C266&amp;ssl=1 400w\" sizes=\"(max-width: 400px) 100vw, 400px\" data-attachment-id=\"821\" data-permalink=\"https:\/\/wp.ufpel.edu.br\/rededemuseusdaufpel\/projeto-de-extensao-museu-grupelli\/dsc_0085-424x282\/\" data-orig-file=\"https:\/\/i0.wp.com\/wp.ufpel.edu.br\/rededemuseusdaufpel\/files\/2019\/08\/DSC_0085-424x282.jpg?fit=424%2C282&amp;ssl=1\" data-orig-size=\"424,282\" data-comments-opened=\"0\" data-image-meta=\"{&quot;aperture&quot;:&quot;0&quot;,&quot;credit&quot;:&quot;&quot;,&quot;camera&quot;:&quot;&quot;,&quot;caption&quot;:&quot;&quot;,&quot;created_timestamp&quot;:&quot;0&quot;,&quot;copyright&quot;:&quot;&quot;,&quot;focal_length&quot;:&quot;0&quot;,&quot;iso&quot;:&quot;0&quot;,&quot;shutter_speed&quot;:&quot;0&quot;,&quot;title&quot;:&quot;&quot;,&quot;orientation&quot;:&quot;0&quot;}\" data-image-title=\"DSC_0085-424&amp;#215;282\" data-image-description=\"\" data-image-caption=\"\" data-medium-file=\"https:\/\/i0.wp.com\/wp.ufpel.edu.br\/rededemuseusdaufpel\/files\/2019\/08\/DSC_0085-424x282.jpg?fit=400%2C266&amp;ssl=1\" data-large-file=\"https:\/\/i0.wp.com\/wp.ufpel.edu.br\/rededemuseusdaufpel\/files\/2019\/08\/DSC_0085-424x282.jpg?fit=424%2C282&amp;ssl=1\" \/><\/a>\n\t\t\t<\/dt><\/dl><dl class='gallery-item'>\n\t\t\t<dt class='gallery-icon portrait'>\n\t\t\t\t<a href='https:\/\/wp.ufpel.edu.br\/rededemuseusdaufpel\/projeto-de-extensao-museu-grupelli\/dsc_0089-211x318\/'><img width=\"211\" height=\"318\" src=\"https:\/\/i0.wp.com\/wp.ufpel.edu.br\/rededemuseusdaufpel\/files\/2019\/08\/DSC_0089-211x318.jpg?fit=211%2C318&amp;ssl=1\" class=\"attachment-medium size-medium\" alt=\"\" data-attachment-id=\"822\" data-permalink=\"https:\/\/wp.ufpel.edu.br\/rededemuseusdaufpel\/projeto-de-extensao-museu-grupelli\/dsc_0089-211x318\/\" data-orig-file=\"https:\/\/i0.wp.com\/wp.ufpel.edu.br\/rededemuseusdaufpel\/files\/2019\/08\/DSC_0089-211x318.jpg?fit=211%2C318&amp;ssl=1\" data-orig-size=\"211,318\" data-comments-opened=\"0\" data-image-meta=\"{&quot;aperture&quot;:&quot;0&quot;,&quot;credit&quot;:&quot;&quot;,&quot;camera&quot;:&quot;&quot;,&quot;caption&quot;:&quot;&quot;,&quot;created_timestamp&quot;:&quot;0&quot;,&quot;copyright&quot;:&quot;&quot;,&quot;focal_length&quot;:&quot;0&quot;,&quot;iso&quot;:&quot;0&quot;,&quot;shutter_speed&quot;:&quot;0&quot;,&quot;title&quot;:&quot;&quot;,&quot;orientation&quot;:&quot;0&quot;}\" data-image-title=\"DSC_0089-211&amp;#215;318\" data-image-description=\"\" data-image-caption=\"\" data-medium-file=\"https:\/\/i0.wp.com\/wp.ufpel.edu.br\/rededemuseusdaufpel\/files\/2019\/08\/DSC_0089-211x318.jpg?fit=211%2C318&amp;ssl=1\" data-large-file=\"https:\/\/i0.wp.com\/wp.ufpel.edu.br\/rededemuseusdaufpel\/files\/2019\/08\/DSC_0089-211x318.jpg?fit=211%2C318&amp;ssl=1\" \/><\/a>\n\t\t\t<\/dt><\/dl>\n\t\t\t<br style='clear: both' \/>\n\t\t<\/div>\n\n<p><strong>Localiza\u00e7\u00e3o e contato:<\/strong><\/p>\n<p>Col\u00f4nia Municipal \u2013 7\u00ba Distrito de Pelotas.<\/p>\n<p>Contatos podem ser feitos atrav\u00e9s do\u00a0<a href=\"https:\/\/www.facebook.com\/museugruppelli\">Facebook<\/a>.<\/p>\n","protected":false},"excerpt":{"rendered":"<p>O Museu Gruppelli fica localizado no 7\u00b0 distrito da cidade de Pelotas e foi inaugurado em outubro de 1998, por iniciativa da comunidade local. O acervo do Museu foi reunido atrav\u00e9s da coleta e de doa\u00e7\u00f5es feitas por moradores da regi\u00e3o, capitaneados pela fam\u00edlia Gruppelli, cujo objetivo era reunir refer\u00eancias do patrim\u00f4nio rural que fossem [&hellip;]<\/p>\n","protected":false},"author":722,"featured_media":0,"parent":0,"menu_order":0,"comment_status":"closed","ping_status":"closed","template":"page-sem-sidebar.php","meta":{"jetpack_post_was_ever_published":false,"footnotes":""},"class_list":["post-523","page","type-page","status-publish","hentry"],"jetpack_sharing_enabled":true,"jetpack_shortlink":"https:\/\/wp.me\/P8I7ve-8r","jetpack-related-posts":[{"id":22,"url":"https:\/\/wp.ufpel.edu.br\/rededemuseusdaufpel\/museu-etnografico-da-colonia-maciel\/","url_meta":{"origin":523,"position":0},"title":"Projeto de Extens\u00e3o &#8220;Museu Etnogr\u00e1fico da Col\u00f4nia Maciel&#8221;","author":"rededemuseusdaufpel","date":"8 de maio de 2017","format":false,"excerpt":"HIST\u00d3RICO O Museu Etnogr\u00e1fico da Col\u00f4nia Maciel, tendo como tem\u00e1tica as mem\u00f3rias dos descendentes dos imigrantes italianos que colonizaram a por\u00e7\u00e3o rural do munic\u00edpio de Pelotas no extremo sul do estado do Rio Grande do Sul, foi implantado entre os anos de 2004 e 2006, pelo Laborat\u00f3rio de Ensino e\u2026","rel":"","context":"Post similar","block_context":{"text":"Post similar","link":""},"img":{"alt_text":"","src":"","width":0,"height":0},"classes":[]},{"id":302,"url":"https:\/\/wp.ufpel.edu.br\/rededemuseusdaufpel\/museu-do-doce\/","url_meta":{"origin":523,"position":1},"title":"MUSEU DO DOCE","author":"rededemuseusdaufpel","date":"16 de janeiro de 2019","format":false,"excerpt":"Miss\u00e3o O Museu do Doce tem como miss\u00e3o salvaguardar os suportes de mem\u00f3ria da tradi\u00e7\u00e3o doceira de Pelotas e da regi\u00e3o, com o compromisso de produzir conhecimento sobre esse patrim\u00f4nio. Hist\u00f3ria O Museu do Doce \u00e9 uma conquista da comunidade doceira que, atrav\u00e9s de negocia\u00e7\u00e3o realizada com a Secretaria Municipal\u2026","rel":"","context":"Post similar","block_context":{"text":"Post similar","link":""},"img":{"alt_text":"","src":"https:\/\/i0.wp.com\/wp.ufpel.edu.br\/rededemuseusdaufpel\/files\/2019\/01\/DOCE.png?resize=350%2C200","width":350,"height":200,"srcset":"https:\/\/i0.wp.com\/wp.ufpel.edu.br\/rededemuseusdaufpel\/files\/2019\/01\/DOCE.png?resize=350%2C200 1x, https:\/\/i0.wp.com\/wp.ufpel.edu.br\/rededemuseusdaufpel\/files\/2019\/01\/DOCE.png?resize=525%2C300 1.5x"},"classes":[]},{"id":34,"url":"https:\/\/wp.ufpel.edu.br\/rededemuseusdaufpel\/museu-da-ufpel\/","url_meta":{"origin":523,"position":2},"title":"Museu da UFPel","author":"rededemuseusdaufpel","date":"8 de maio de 2017","format":false,"excerpt":"HIST\u00d3RICO O Museu da UFPEL foi criado pela Portaria n. 1.327 de 06 de setembro de 2011. No m\u00eas de dezembro do mesmo ano, foi emitida a Portaria n. 1.931 que constitu\u00eda a comiss\u00e3o\u00b2 ordenada a desenvolver os atos e medidas de organiza\u00e7\u00e3o desse museu. A comiss\u00e3o finalizou o seu\u2026","rel":"","context":"Post similar","block_context":{"text":"Post similar","link":""},"img":{"alt_text":"","src":"https:\/\/i0.wp.com\/wp.ufpel.edu.br\/rededemuseusdaufpel\/files\/2017\/05\/MUSEUDAUFPEL_1.jpg?resize=350%2C200","width":350,"height":200,"srcset":"https:\/\/i0.wp.com\/wp.ufpel.edu.br\/rededemuseusdaufpel\/files\/2017\/05\/MUSEUDAUFPEL_1.jpg?resize=350%2C200 1x, https:\/\/i0.wp.com\/wp.ufpel.edu.br\/rededemuseusdaufpel\/files\/2017\/05\/MUSEUDAUFPEL_1.jpg?resize=525%2C300 1.5x, https:\/\/i0.wp.com\/wp.ufpel.edu.br\/rededemuseusdaufpel\/files\/2017\/05\/MUSEUDAUFPEL_1.jpg?resize=700%2C400 2x, https:\/\/i0.wp.com\/wp.ufpel.edu.br\/rededemuseusdaufpel\/files\/2017\/05\/MUSEUDAUFPEL_1.jpg?resize=1050%2C600 3x, https:\/\/i0.wp.com\/wp.ufpel.edu.br\/rededemuseusdaufpel\/files\/2017\/05\/MUSEUDAUFPEL_1.jpg?resize=1400%2C800 4x"},"classes":[]},{"id":1372,"url":"https:\/\/wp.ufpel.edu.br\/rededemuseusdaufpel\/museu-das-telecomunicacoes\/","url_meta":{"origin":523,"position":3},"title":"Museu das Telecomunica\u00e7\u00f5es","author":"rededemuseusdaufpel","date":"13 de setembro de 2020","format":false,"excerpt":"Apresenta\u00e7\u00e3o No contexto de projetos de ensino, pesquisa e extens\u00e3o vinculados ao Instituto de Ci\u00eancias Humanas, realiza-se a salvaguarda do acervo das telecomunica\u00e7\u00f5es pertencente \u00e0 antiga Companhia Telephonica de Melhoramento e Resist\u00eancia (CTMR), de forma a preservar a hist\u00f3ria, desta que foi uma importante empresa para a cidade de Pelotas,\u2026","rel":"","context":"Post similar","block_context":{"text":"Post similar","link":""},"img":{"alt_text":"","src":"https:\/\/i0.wp.com\/wp.ufpel.edu.br\/rededemuseusdaufpel\/files\/2020\/09\/mascara3-scaled.jpg?resize=350%2C200","width":350,"height":200,"srcset":"https:\/\/i0.wp.com\/wp.ufpel.edu.br\/rededemuseusdaufpel\/files\/2020\/09\/mascara3-scaled.jpg?resize=350%2C200 1x, https:\/\/i0.wp.com\/wp.ufpel.edu.br\/rededemuseusdaufpel\/files\/2020\/09\/mascara3-scaled.jpg?resize=525%2C300 1.5x, https:\/\/i0.wp.com\/wp.ufpel.edu.br\/rededemuseusdaufpel\/files\/2020\/09\/mascara3-scaled.jpg?resize=700%2C400 2x, https:\/\/i0.wp.com\/wp.ufpel.edu.br\/rededemuseusdaufpel\/files\/2020\/09\/mascara3-scaled.jpg?resize=1050%2C600 3x, https:\/\/i0.wp.com\/wp.ufpel.edu.br\/rededemuseusdaufpel\/files\/2020\/09\/mascara3-scaled.jpg?resize=1400%2C800 4x"},"classes":[]},{"id":266,"url":"https:\/\/wp.ufpel.edu.br\/rededemuseusdaufpel\/malg-museu-de-arte-leopoldo-gotuzzo\/","url_meta":{"origin":523,"position":4},"title":"MALG &#8211; MUSEU DE ARTE LEOPOLDO GOTUZZO","author":"rededemuseusdaufpel","date":"15 de janeiro de 2019","format":false,"excerpt":"Miss\u00e3o O Museu de Arte Leopoldo Gotuzzo (MALG) tem como miss\u00e3o zelar pela preserva\u00e7\u00e3o e conserva\u00e7\u00e3o de seu acervo art\u00edstico e documental, assim como divulg\u00e1-lo amplamente, atrav\u00e9s de projetos curatoriais, expogr\u00e1ficos e virtuais. Cabe ao MALG garantir a integridade f\u00edsica do acervo de obras de Leopoldo Gotuzzo, patrono do museu,\u2026","rel":"","context":"Post similar","block_context":{"text":"Post similar","link":""},"img":{"alt_text":"","src":"https:\/\/i0.wp.com\/wp.ufpel.edu.br\/rededemuseusdaufpel\/files\/2019\/01\/malg.png?resize=350%2C200","width":350,"height":200},"classes":[]},{"id":527,"url":"https:\/\/wp.ufpel.edu.br\/rededemuseusdaufpel\/projeto-de-extensao-museu-historico-de-morro-redondo\/","url_meta":{"origin":523,"position":5},"title":"Projeto de Extens\u00e3o \u201cMUSEU HIST\u00d3RICO DE MORRO REDONDO\u201d","author":"rededemuseusdaufpel","date":"18 de fevereiro de 2019","format":false,"excerpt":"Miss\u00e3o O Museu Hist\u00f3rico de Morro Redondo (MHMR) tem como miss\u00e3o promover a reflex\u00e3o, observa\u00e7\u00e3o e intera\u00e7\u00e3o da sociedade com o patrim\u00f4nio cultural do munic\u00edpio, traduzido por suas hist\u00f3rias, mem\u00f3rias e lugares. Assume como compromisso, igualmente, a preserva\u00e7\u00e3o e comunica\u00e7\u00e3o dos bens culturais sob sua guarda, enfatizando seus valores educativo,\u2026","rel":"","context":"Post similar","block_context":{"text":"Post similar","link":""},"img":{"alt_text":"","src":"https:\/\/i0.wp.com\/wp.ufpel.edu.br\/rededemuseusdaufpel\/files\/2021\/04\/1.jpg?resize=350%2C200","width":350,"height":200,"srcset":"https:\/\/i0.wp.com\/wp.ufpel.edu.br\/rededemuseusdaufpel\/files\/2021\/04\/1.jpg?resize=350%2C200 1x, https:\/\/i0.wp.com\/wp.ufpel.edu.br\/rededemuseusdaufpel\/files\/2021\/04\/1.jpg?resize=525%2C300 1.5x, https:\/\/i0.wp.com\/wp.ufpel.edu.br\/rededemuseusdaufpel\/files\/2021\/04\/1.jpg?resize=700%2C400 2x"},"classes":[]}],"_links":{"self":[{"href":"https:\/\/wp.ufpel.edu.br\/rededemuseusdaufpel\/wp-json\/wp\/v2\/pages\/523","targetHints":{"allow":["GET"]}}],"collection":[{"href":"https:\/\/wp.ufpel.edu.br\/rededemuseusdaufpel\/wp-json\/wp\/v2\/pages"}],"about":[{"href":"https:\/\/wp.ufpel.edu.br\/rededemuseusdaufpel\/wp-json\/wp\/v2\/types\/page"}],"author":[{"embeddable":true,"href":"https:\/\/wp.ufpel.edu.br\/rededemuseusdaufpel\/wp-json\/wp\/v2\/users\/722"}],"replies":[{"embeddable":true,"href":"https:\/\/wp.ufpel.edu.br\/rededemuseusdaufpel\/wp-json\/wp\/v2\/comments?post=523"}],"version-history":[{"count":5,"href":"https:\/\/wp.ufpel.edu.br\/rededemuseusdaufpel\/wp-json\/wp\/v2\/pages\/523\/revisions"}],"predecessor-version":[{"id":1790,"href":"https:\/\/wp.ufpel.edu.br\/rededemuseusdaufpel\/wp-json\/wp\/v2\/pages\/523\/revisions\/1790"}],"wp:attachment":[{"href":"https:\/\/wp.ufpel.edu.br\/rededemuseusdaufpel\/wp-json\/wp\/v2\/media?parent=523"}],"curies":[{"name":"wp","href":"https:\/\/api.w.org\/{rel}","templated":true}]}}