{"id":517,"date":"2019-02-18T16:48:19","date_gmt":"2019-02-18T19:48:19","guid":{"rendered":"https:\/\/wp.ufpel.edu.br\/rededemuseusdaufpel\/?page_id=517"},"modified":"2020-12-19T17:05:24","modified_gmt":"2020-12-19T20:05:24","slug":"projeto-de-extensao-museu-da-colonia-francesa","status":"publish","type":"page","link":"https:\/\/wp.ufpel.edu.br\/rededemuseusdaufpel\/projeto-de-extensao-museu-da-colonia-francesa\/","title":{"rendered":"Projeto de Extens\u00e3o \u201cMUSEU DA COL\u00d4NIA FRANCESA\u201d"},"content":{"rendered":"<p style=\"text-align: left\">O Museu da Col\u00f4nia Francesa tem o prop\u00f3sito de contribuir para a preserva\u00e7\u00e3o da mem\u00f3ria das localidades da Vila Nova e Bachini, situadas no distrito do Quilombo, na Serra dos Tapes, no munic\u00edpio de Pelotas. Como tal, busca valorizar a singularidade hist\u00f3rica da presen\u00e7a da etnia francesa na Col\u00f4nia Francesa de Santo Ant\u00f4nio, fundada em 1880, assim como das rela\u00e7\u00f5es interculturais entre esta etnia e os demais grupos de imigrantes que se instalaram nesta regi\u00e3o (nomeadamente de origem teuto-germ\u00e2nica e italiana). Agrega-se aos compromissos deste museu a valoriza\u00e7\u00e3o da mem\u00f3ria e identidade do n\u00facleo quilombola existente nesta localidade (Quilombo do Alto do Caix\u00e3o), aspecto marcante que d\u00e1 nome ao arroio local e ao pr\u00f3prio oitavo distrito de Pelotas. Para tanto, o Museu da Col\u00f4nia Francesa busca realizar exposi\u00e7\u00f5es museol\u00f3gicas, atividades culturais e pesquisas que possibilitem a interatividade e promovam o conhecimento atrav\u00e9s de a\u00e7\u00f5es de educa\u00e7\u00e3o patrimoniais, sempre em conson\u00e2ncia com as rela\u00e7\u00f5es inter-\u00e9tnicas.<\/p>\n\n\t\t<style type=\"text\/css\">\n\t\t\t#gallery-1 {\n\t\t\t\tmargin: auto;\n\t\t\t}\n\t\t\t#gallery-1 .gallery-item {\n\t\t\t\tfloat: left;\n\t\t\t\tmargin-top: 10px;\n\t\t\t\ttext-align: center;\n\t\t\t\twidth: 33%;\n\t\t\t}\n\t\t\t#gallery-1 img {\n\t\t\t\tborder: 2px solid #cfcfcf;\n\t\t\t}\n\t\t\t#gallery-1 .gallery-caption {\n\t\t\t\tmargin-left: 0;\n\t\t\t}\n\t\t\t\/* see gallery_shortcode() in wp-includes\/media.php *\/\n\t\t<\/style>\n\t\t<div data-carousel-extra='{&quot;blog_id&quot;:732,&quot;permalink&quot;:&quot;https:\/\/wp.ufpel.edu.br\/rededemuseusdaufpel\/projeto-de-extensao-museu-da-colonia-francesa\/&quot;}' id='gallery-1' class='gallery galleryid-517 gallery-columns-3 gallery-size-medium'><dl class='gallery-item'>\n\t\t\t<dt class='gallery-icon landscape'>\n\t\t\t\t<a href='https:\/\/wp.ufpel.edu.br\/rededemuseusdaufpel\/projeto-de-extensao-museu-da-colonia-francesa\/francesa-424x318\/'><img width=\"400\" height=\"300\" src=\"https:\/\/i0.wp.com\/wp.ufpel.edu.br\/rededemuseusdaufpel\/files\/2019\/08\/Francesa-424x318.jpg?fit=400%2C300&amp;ssl=1\" class=\"attachment-medium size-medium\" alt=\"\" aria-describedby=\"gallery-1-814\" srcset=\"https:\/\/i0.wp.com\/wp.ufpel.edu.br\/rededemuseusdaufpel\/files\/2019\/08\/Francesa-424x318.jpg?resize=424%2C318&amp;ssl=1 424w, https:\/\/i0.wp.com\/wp.ufpel.edu.br\/rededemuseusdaufpel\/files\/2019\/08\/Francesa-424x318.jpg?resize=400%2C300&amp;ssl=1 400w\" sizes=\"(max-width: 400px) 100vw, 400px\" data-attachment-id=\"814\" data-permalink=\"https:\/\/wp.ufpel.edu.br\/rededemuseusdaufpel\/projeto-de-extensao-museu-da-colonia-francesa\/francesa-424x318\/\" data-orig-file=\"https:\/\/i0.wp.com\/wp.ufpel.edu.br\/rededemuseusdaufpel\/files\/2019\/08\/Francesa-424x318.jpg?fit=424%2C318&amp;ssl=1\" data-orig-size=\"424,318\" data-comments-opened=\"0\" data-image-meta=\"{&quot;aperture&quot;:&quot;0&quot;,&quot;credit&quot;:&quot;&quot;,&quot;camera&quot;:&quot;&quot;,&quot;caption&quot;:&quot;&quot;,&quot;created_timestamp&quot;:&quot;0&quot;,&quot;copyright&quot;:&quot;&quot;,&quot;focal_length&quot;:&quot;0&quot;,&quot;iso&quot;:&quot;0&quot;,&quot;shutter_speed&quot;:&quot;0&quot;,&quot;title&quot;:&quot;&quot;,&quot;orientation&quot;:&quot;0&quot;}\" data-image-title=\"Foto 1\" data-image-description=\"\" data-image-caption=\"&lt;p&gt;Fachada do Museu da Col\u00f4nia Francesa. Autor: Cristiano Gehrke (2015)&lt;\/p&gt;\n\" data-medium-file=\"https:\/\/i0.wp.com\/wp.ufpel.edu.br\/rededemuseusdaufpel\/files\/2019\/08\/Francesa-424x318.jpg?fit=400%2C300&amp;ssl=1\" data-large-file=\"https:\/\/i0.wp.com\/wp.ufpel.edu.br\/rededemuseusdaufpel\/files\/2019\/08\/Francesa-424x318.jpg?fit=424%2C318&amp;ssl=1\" \/><\/a>\n\t\t\t<\/dt>\n\t\t\t\t<dd class='wp-caption-text gallery-caption' id='gallery-1-814'>\n\t\t\t\tFachada do Museu da Col\u00f4nia Francesa. Autor: Cristiano Gehrke (2015)\n\t\t\t\t<\/dd><\/dl><dl class='gallery-item'>\n\t\t\t<dt class='gallery-icon landscape'>\n\t\t\t\t<a href='https:\/\/wp.ufpel.edu.br\/rededemuseusdaufpel\/projeto-de-extensao-museu-da-colonia-francesa\/fff-424x318\/'><img width=\"400\" height=\"300\" src=\"https:\/\/i0.wp.com\/wp.ufpel.edu.br\/rededemuseusdaufpel\/files\/2019\/08\/fff-424x318.jpg?fit=400%2C300&amp;ssl=1\" class=\"attachment-medium size-medium\" alt=\"\" aria-describedby=\"gallery-1-812\" srcset=\"https:\/\/i0.wp.com\/wp.ufpel.edu.br\/rededemuseusdaufpel\/files\/2019\/08\/fff-424x318.jpg?resize=424%2C318&amp;ssl=1 424w, https:\/\/i0.wp.com\/wp.ufpel.edu.br\/rededemuseusdaufpel\/files\/2019\/08\/fff-424x318.jpg?resize=400%2C300&amp;ssl=1 400w\" sizes=\"(max-width: 400px) 100vw, 400px\" data-attachment-id=\"812\" data-permalink=\"https:\/\/wp.ufpel.edu.br\/rededemuseusdaufpel\/projeto-de-extensao-museu-da-colonia-francesa\/fff-424x318\/\" data-orig-file=\"https:\/\/i0.wp.com\/wp.ufpel.edu.br\/rededemuseusdaufpel\/files\/2019\/08\/fff-424x318.jpg?fit=424%2C318&amp;ssl=1\" data-orig-size=\"424,318\" data-comments-opened=\"0\" data-image-meta=\"{&quot;aperture&quot;:&quot;0&quot;,&quot;credit&quot;:&quot;&quot;,&quot;camera&quot;:&quot;&quot;,&quot;caption&quot;:&quot;&quot;,&quot;created_timestamp&quot;:&quot;0&quot;,&quot;copyright&quot;:&quot;&quot;,&quot;focal_length&quot;:&quot;0&quot;,&quot;iso&quot;:&quot;0&quot;,&quot;shutter_speed&quot;:&quot;0&quot;,&quot;title&quot;:&quot;&quot;,&quot;orientation&quot;:&quot;0&quot;}\" data-image-title=\"foto 2\" data-image-description=\"\" data-image-caption=\"&lt;p&gt;Visita\u00e7\u00e3o no Museu da Col\u00f4nia Francesa. Autor: F\u00e1bio Vergara (2015)&lt;\/p&gt;\n\" data-medium-file=\"https:\/\/i0.wp.com\/wp.ufpel.edu.br\/rededemuseusdaufpel\/files\/2019\/08\/fff-424x318.jpg?fit=400%2C300&amp;ssl=1\" data-large-file=\"https:\/\/i0.wp.com\/wp.ufpel.edu.br\/rededemuseusdaufpel\/files\/2019\/08\/fff-424x318.jpg?fit=424%2C318&amp;ssl=1\" \/><\/a>\n\t\t\t<\/dt>\n\t\t\t\t<dd class='wp-caption-text gallery-caption' id='gallery-1-812'>\n\t\t\t\tVisita\u00e7\u00e3o no Museu da Col\u00f4nia Francesa. Autor: F\u00e1bio Vergara (2015)\n\t\t\t\t<\/dd><\/dl><dl class='gallery-item'>\n\t\t\t<dt class='gallery-icon landscape'>\n\t\t\t\t<a href='https:\/\/wp.ufpel.edu.br\/rededemuseusdaufpel\/projeto-de-extensao-museu-da-colonia-francesa\/fran-424x318\/'><img width=\"400\" height=\"300\" src=\"https:\/\/i0.wp.com\/wp.ufpel.edu.br\/rededemuseusdaufpel\/files\/2019\/08\/fran-424x318.jpg?fit=400%2C300&amp;ssl=1\" class=\"attachment-medium size-medium\" alt=\"\" aria-describedby=\"gallery-1-813\" srcset=\"https:\/\/i0.wp.com\/wp.ufpel.edu.br\/rededemuseusdaufpel\/files\/2019\/08\/fran-424x318.jpg?resize=424%2C318&amp;ssl=1 424w, https:\/\/i0.wp.com\/wp.ufpel.edu.br\/rededemuseusdaufpel\/files\/2019\/08\/fran-424x318.jpg?resize=400%2C300&amp;ssl=1 400w\" sizes=\"(max-width: 400px) 100vw, 400px\" data-attachment-id=\"813\" data-permalink=\"https:\/\/wp.ufpel.edu.br\/rededemuseusdaufpel\/projeto-de-extensao-museu-da-colonia-francesa\/fran-424x318\/\" data-orig-file=\"https:\/\/i0.wp.com\/wp.ufpel.edu.br\/rededemuseusdaufpel\/files\/2019\/08\/fran-424x318.jpg?fit=424%2C318&amp;ssl=1\" data-orig-size=\"424,318\" data-comments-opened=\"0\" data-image-meta=\"{&quot;aperture&quot;:&quot;0&quot;,&quot;credit&quot;:&quot;&quot;,&quot;camera&quot;:&quot;&quot;,&quot;caption&quot;:&quot;&quot;,&quot;created_timestamp&quot;:&quot;0&quot;,&quot;copyright&quot;:&quot;&quot;,&quot;focal_length&quot;:&quot;0&quot;,&quot;iso&quot;:&quot;0&quot;,&quot;shutter_speed&quot;:&quot;0&quot;,&quot;title&quot;:&quot;&quot;,&quot;orientation&quot;:&quot;0&quot;}\" data-image-title=\"foto 3\" data-image-description=\"\" data-image-caption=\"&lt;p&gt;Vista geral do espa\u00e7o expositivo do Museu da Col\u00f4nia Francesa. Autor: Eliana Meneses (2015)&lt;\/p&gt;\n\" data-medium-file=\"https:\/\/i0.wp.com\/wp.ufpel.edu.br\/rededemuseusdaufpel\/files\/2019\/08\/fran-424x318.jpg?fit=400%2C300&amp;ssl=1\" data-large-file=\"https:\/\/i0.wp.com\/wp.ufpel.edu.br\/rededemuseusdaufpel\/files\/2019\/08\/fran-424x318.jpg?fit=424%2C318&amp;ssl=1\" \/><\/a>\n\t\t\t<\/dt>\n\t\t\t\t<dd class='wp-caption-text gallery-caption' id='gallery-1-813'>\n\t\t\t\tVista geral do espa\u00e7o expositivo do Museu da Col\u00f4nia Francesa. Autor: Eliana Meneses (2015)\n\t\t\t\t<\/dd><\/dl><br style=\"clear: both\" \/>\n\t\t<\/div>\n\n<p style=\"text-align: left\"><strong>Localiza\u00e7\u00e3o e contatos<\/strong><\/p>\n<p style=\"text-align: left\">O Museu da Col\u00f4nia Francesa est\u00e1 localizado no s\u00e9timo distrito da cidade de Pelotas\/Rio Grande do Sul, na localidade denominada Vila Nova.<\/p>\n<p style=\"text-align: left\">Contatos podem ser realizados atrav\u00e9s da p\u00e1gina no\u00a0<a href=\"https:\/\/www.facebook.com\/MuseuDaColoniaFrancesa\/\">Facebook<\/a>\u00a0ou pelo e-mail:\u00a0<a href=\"mailto:museudacoloniafrancesa@gmail.com\">museudacoloniafrancesa@gmail.com<\/a><\/p>\n","protected":false},"excerpt":{"rendered":"<p>O Museu da Col\u00f4nia Francesa tem o prop\u00f3sito de contribuir para a preserva\u00e7\u00e3o da mem\u00f3ria das localidades da Vila Nova e Bachini, situadas no distrito do Quilombo, na Serra dos Tapes, no munic\u00edpio de Pelotas. Como tal, busca valorizar a singularidade hist\u00f3rica da presen\u00e7a da etnia francesa na Col\u00f4nia Francesa de Santo Ant\u00f4nio, fundada em [&hellip;]<\/p>\n","protected":false},"author":722,"featured_media":0,"parent":0,"menu_order":0,"comment_status":"closed","ping_status":"closed","template":"page-sem-sidebar.php","meta":{"jetpack_post_was_ever_published":false,"footnotes":""},"class_list":["post-517","page","type-page","status-publish","hentry"],"jetpack_sharing_enabled":true,"jetpack_shortlink":"https:\/\/wp.me\/P8I7ve-8l","jetpack-related-posts":[{"id":22,"url":"https:\/\/wp.ufpel.edu.br\/rededemuseusdaufpel\/museu-etnografico-da-colonia-maciel\/","url_meta":{"origin":517,"position":0},"title":"Projeto de Extens\u00e3o &#8220;Museu Etnogr\u00e1fico da Col\u00f4nia Maciel&#8221;","author":"rededemuseusdaufpel","date":"8 de maio de 2017","format":false,"excerpt":"HIST\u00d3RICO O Museu Etnogr\u00e1fico da Col\u00f4nia Maciel, tendo como tem\u00e1tica as mem\u00f3rias dos descendentes dos imigrantes italianos que colonizaram a por\u00e7\u00e3o rural do munic\u00edpio de Pelotas no extremo sul do estado do Rio Grande do Sul, foi implantado entre os anos de 2004 e 2006, pelo Laborat\u00f3rio de Ensino e\u2026","rel":"","context":"Post similar","block_context":{"text":"Post similar","link":""},"img":{"alt_text":"","src":"","width":0,"height":0},"classes":[]},{"id":1361,"url":"https:\/\/wp.ufpel.edu.br\/rededemuseusdaufpel\/composicao-rede-museus-da-ufpel\/","url_meta":{"origin":517,"position":1},"title":"Composi\u00e7\u00e3o do Conselho Consultivo da Rede de Museus da UFPel","author":"rededemuseusdaufpel","date":"11 de setembro de 2020","format":false,"excerpt":"Coordena\u00e7\u00e3o de Arte, Cultura e Patrimo\u0302 nio (PREC) Eleonora Campos da Motta Santos \u2013 coordenadora da Rede de Museus Acervo do Choro de Pelotas (CA) Titular: Rafael Henrique Soares Velloso Suplente: Raul Costa d\u2019Avila Centro de mem\u00f3ria e pesquisa Hist\u00f3ria da Alfabetiza\u00e7\u00e3o, Leitura, Escrita e dos LivrosEscolares \u2013 Hisales (FaE)\u2026","rel":"","context":"Post similar","block_context":{"text":"Post similar","link":""},"img":{"alt_text":"","src":"","width":0,"height":0},"classes":[]},{"id":523,"url":"https:\/\/wp.ufpel.edu.br\/rededemuseusdaufpel\/projeto-de-extensao-museu-grupelli\/","url_meta":{"origin":517,"position":2},"title":"Projeto de Extens\u00e3o \u201cMUSEU GRUPPELLI\u201d","author":"rededemuseusdaufpel","date":"18 de fevereiro de 2019","format":false,"excerpt":"O Museu Gruppelli fica localizado no 7\u00b0 distrito da cidade de Pelotas e foi inaugurado em outubro de 1998, por iniciativa da comunidade local. O acervo do Museu foi reunido atrav\u00e9s da coleta e de doa\u00e7\u00f5es feitas por moradores da regi\u00e3o, capitaneados pela fam\u00edlia Gruppelli, cujo objetivo era reunir refer\u00eancias\u2026","rel":"","context":"Post similar","block_context":{"text":"Post similar","link":""},"img":{"alt_text":"","src":"https:\/\/i0.wp.com\/wp.ufpel.edu.br\/rededemuseusdaufpel\/files\/2019\/08\/13567321_819645491499859_7403619170492595095_n-424x318.jpg?resize=350%2C200","width":350,"height":200},"classes":[]},{"id":302,"url":"https:\/\/wp.ufpel.edu.br\/rededemuseusdaufpel\/museu-do-doce\/","url_meta":{"origin":517,"position":3},"title":"MUSEU DO DOCE","author":"rededemuseusdaufpel","date":"16 de janeiro de 2019","format":false,"excerpt":"Miss\u00e3o O Museu do Doce tem como miss\u00e3o salvaguardar os suportes de mem\u00f3ria da tradi\u00e7\u00e3o doceira de Pelotas e da regi\u00e3o, com o compromisso de produzir conhecimento sobre esse patrim\u00f4nio. Hist\u00f3ria O Museu do Doce \u00e9 uma conquista da comunidade doceira que, atrav\u00e9s de negocia\u00e7\u00e3o realizada com a Secretaria Municipal\u2026","rel":"","context":"Post similar","block_context":{"text":"Post similar","link":""},"img":{"alt_text":"","src":"https:\/\/i0.wp.com\/wp.ufpel.edu.br\/rededemuseusdaufpel\/files\/2019\/01\/DOCE.png?resize=350%2C200","width":350,"height":200,"srcset":"https:\/\/i0.wp.com\/wp.ufpel.edu.br\/rededemuseusdaufpel\/files\/2019\/01\/DOCE.png?resize=350%2C200 1x, https:\/\/i0.wp.com\/wp.ufpel.edu.br\/rededemuseusdaufpel\/files\/2019\/01\/DOCE.png?resize=525%2C300 1.5x"},"classes":[]},{"id":1440,"url":"https:\/\/wp.ufpel.edu.br\/rededemuseusdaufpel\/museu-diarios-do-isolamento-mudi\/","url_meta":{"origin":517,"position":4},"title":"Museu Di\u00e1rios do Isolamento (MuDI)","author":"rededemuseusdaufpel","date":"8 de outubro de 2020","format":false,"excerpt":"O Museu Di\u00e1rios do Isolamento (MuDI) \u00e9 um projeto de extens\u00e3o, vinculado ao N\u00facleo de Estudos Sobre Museus, Ci\u00eancia e Sociedade (NEMuCS), do Departamento de Museologia, Conserva\u00e7\u00e3o e Restauro, do Instituto de Ci\u00eancias Humanas da Universidade Federal de Pelotas. Sediado em territ\u00f3rio digital, \u00e9 um\u00a0museu de virtuais conex\u00f5es, no qual\u2026","rel":"","context":"Post similar","block_context":{"text":"Post similar","link":""},"img":{"alt_text":"","src":"https:\/\/i0.wp.com\/wp.ufpel.edu.br\/rededemuseusdaufpel\/files\/2020\/10\/480bc1a9-bdb1-46b0-b9c3-8922b6dc07d9-200x200.jpg?resize=350%2C200&ssl=1","width":350,"height":200},"classes":[]},{"id":1372,"url":"https:\/\/wp.ufpel.edu.br\/rededemuseusdaufpel\/museu-das-telecomunicacoes\/","url_meta":{"origin":517,"position":5},"title":"Museu das Telecomunica\u00e7\u00f5es","author":"rededemuseusdaufpel","date":"13 de setembro de 2020","format":false,"excerpt":"Apresenta\u00e7\u00e3o No contexto de projetos de ensino, pesquisa e extens\u00e3o vinculados ao Instituto de Ci\u00eancias Humanas, realiza-se a salvaguarda do acervo das telecomunica\u00e7\u00f5es pertencente \u00e0 antiga Companhia Telephonica de Melhoramento e Resist\u00eancia (CTMR), de forma a preservar a hist\u00f3ria, desta que foi uma importante empresa para a cidade de Pelotas,\u2026","rel":"","context":"Post similar","block_context":{"text":"Post similar","link":""},"img":{"alt_text":"","src":"https:\/\/i0.wp.com\/wp.ufpel.edu.br\/rededemuseusdaufpel\/files\/2020\/09\/mascara3-scaled.jpg?resize=350%2C200","width":350,"height":200,"srcset":"https:\/\/i0.wp.com\/wp.ufpel.edu.br\/rededemuseusdaufpel\/files\/2020\/09\/mascara3-scaled.jpg?resize=350%2C200 1x, https:\/\/i0.wp.com\/wp.ufpel.edu.br\/rededemuseusdaufpel\/files\/2020\/09\/mascara3-scaled.jpg?resize=525%2C300 1.5x, https:\/\/i0.wp.com\/wp.ufpel.edu.br\/rededemuseusdaufpel\/files\/2020\/09\/mascara3-scaled.jpg?resize=700%2C400 2x, https:\/\/i0.wp.com\/wp.ufpel.edu.br\/rededemuseusdaufpel\/files\/2020\/09\/mascara3-scaled.jpg?resize=1050%2C600 3x, https:\/\/i0.wp.com\/wp.ufpel.edu.br\/rededemuseusdaufpel\/files\/2020\/09\/mascara3-scaled.jpg?resize=1400%2C800 4x"},"classes":[]}],"_links":{"self":[{"href":"https:\/\/wp.ufpel.edu.br\/rededemuseusdaufpel\/wp-json\/wp\/v2\/pages\/517","targetHints":{"allow":["GET"]}}],"collection":[{"href":"https:\/\/wp.ufpel.edu.br\/rededemuseusdaufpel\/wp-json\/wp\/v2\/pages"}],"about":[{"href":"https:\/\/wp.ufpel.edu.br\/rededemuseusdaufpel\/wp-json\/wp\/v2\/types\/page"}],"author":[{"embeddable":true,"href":"https:\/\/wp.ufpel.edu.br\/rededemuseusdaufpel\/wp-json\/wp\/v2\/users\/722"}],"replies":[{"embeddable":true,"href":"https:\/\/wp.ufpel.edu.br\/rededemuseusdaufpel\/wp-json\/wp\/v2\/comments?post=517"}],"version-history":[{"count":6,"href":"https:\/\/wp.ufpel.edu.br\/rededemuseusdaufpel\/wp-json\/wp\/v2\/pages\/517\/revisions"}],"predecessor-version":[{"id":1788,"href":"https:\/\/wp.ufpel.edu.br\/rededemuseusdaufpel\/wp-json\/wp\/v2\/pages\/517\/revisions\/1788"}],"wp:attachment":[{"href":"https:\/\/wp.ufpel.edu.br\/rededemuseusdaufpel\/wp-json\/wp\/v2\/media?parent=517"}],"curies":[{"name":"wp","href":"https:\/\/api.w.org\/{rel}","templated":true}]}}