{"id":384,"date":"2019-01-16T23:26:07","date_gmt":"2019-01-17T01:26:07","guid":{"rendered":"https:\/\/wp.ufpel.edu.br\/rededemuseusdaufpel\/?page_id=384"},"modified":"2020-12-19T16:46:12","modified_gmt":"2020-12-19T19:46:12","slug":"museu-das-coisas-banais-2","status":"publish","type":"page","link":"https:\/\/wp.ufpel.edu.br\/rededemuseusdaufpel\/museu-das-coisas-banais-2\/","title":{"rendered":"MUSEU DAS COISAS BANAIS"},"content":{"rendered":"<p style=\"text-align: left\"><strong>Miss\u00e3o<\/strong><\/p>\n<p style=\"text-align: left\">Sua miss\u00e3o \u00e9 preservar no espa\u00e7o virtual atrav\u00e9s do compartilhamento de mem\u00f3rias, todo e qualquer objeto, com valor afetivo, pertencente a toda e qualquer pessoa. Para tanto intenciona ampliar e democratizar a constitui\u00e7\u00e3o de acervos, construindo um museu virtual formado por objetos banais. Ao discutir o valor atribu\u00eddo aos objetos museol\u00f3gicos, o <a href=\"http:\/\/www.museudascoisasbanais.com.br\">Museu das Coisas Banais<\/a> almeja mostrar que todo e qualquer objeto, mesmo o mais banal, \u00e9 potencialmente musealiz\u00e1vel e possibilita compreender n\u00e3o apenas as rela\u00e7\u00f5es entre os indiv\u00edduos e os bens materiais, mas desses com a sociedade.<\/p>\n<p><strong><img data-recalc-dims=\"1\" data-attachment-id=\"471\" data-permalink=\"https:\/\/wp.ufpel.edu.br\/rededemuseusdaufpel\/museu-das-coisas-banais-2\/museu-coisas\/\" data-orig-file=\"https:\/\/i0.wp.com\/wp.ufpel.edu.br\/rededemuseusdaufpel\/files\/2019\/02\/museu-coisas.png?fit=459%2C458&amp;ssl=1\" data-orig-size=\"459,458\" data-comments-opened=\"0\" data-image-meta=\"{&quot;aperture&quot;:&quot;0&quot;,&quot;credit&quot;:&quot;&quot;,&quot;camera&quot;:&quot;&quot;,&quot;caption&quot;:&quot;&quot;,&quot;created_timestamp&quot;:&quot;0&quot;,&quot;copyright&quot;:&quot;&quot;,&quot;focal_length&quot;:&quot;0&quot;,&quot;iso&quot;:&quot;0&quot;,&quot;shutter_speed&quot;:&quot;0&quot;,&quot;title&quot;:&quot;&quot;,&quot;orientation&quot;:&quot;0&quot;}\" data-image-title=\"museu coisas\" data-image-description=\"\" data-image-caption=\"\" data-medium-file=\"https:\/\/i0.wp.com\/wp.ufpel.edu.br\/rededemuseusdaufpel\/files\/2019\/02\/museu-coisas.png?fit=400%2C400&amp;ssl=1\" data-large-file=\"https:\/\/i0.wp.com\/wp.ufpel.edu.br\/rededemuseusdaufpel\/files\/2019\/02\/museu-coisas.png?fit=459%2C458&amp;ssl=1\" class=\"size-medium wp-image-471 aligncenter\" src=\"https:\/\/i0.wp.com\/wp.ufpel.edu.br\/rededemuseusdaufpel\/files\/2019\/02\/museu-coisas.png?resize=400%2C400&#038;ssl=1\" alt=\"\" width=\"400\" height=\"400\" srcset=\"https:\/\/i0.wp.com\/wp.ufpel.edu.br\/rededemuseusdaufpel\/files\/2019\/02\/museu-coisas.png?resize=400%2C400&amp;ssl=1 400w, https:\/\/i0.wp.com\/wp.ufpel.edu.br\/rededemuseusdaufpel\/files\/2019\/02\/museu-coisas.png?resize=200%2C200&amp;ssl=1 200w, https:\/\/i0.wp.com\/wp.ufpel.edu.br\/rededemuseusdaufpel\/files\/2019\/02\/museu-coisas.png?w=459&amp;ssl=1 459w\" sizes=\"(max-width: 400px) 100vw, 400px\" \/><\/strong><\/p>\n<p style=\"text-align: left\"><strong>Acervo<\/strong><\/p>\n<p style=\"text-align: left\">O MCB possui um acervo de mais de 220 objetos, exclusivamente em formato digital. \u00c9 formado a partir de doa\u00e7\u00f5es dos usu\u00e1rios da WEB.<\/p>\n<p style=\"text-align: left\">A proposta do Museu \u00e9 preservar mem\u00f3rias vinculadas a objetos aparentemente banais. Ao introduzir a categoria<strong> \u201cbanal\u201d<\/strong> instigamos uma reflex\u00e3o mais profunda para se pensar a rela\u00e7\u00e3o entre os homens e as coisas, o mais simples dos objetos \u00e9 capaz de despertar mem\u00f3rias, permite construir narrativas e mesmo pensar historicamente as rela\u00e7\u00f5es sociais entre homens e a cultura material.<\/p>\n<p style=\"text-align: left\">Os objetos que fazem parte do acervo do MCB s\u00e3o muito variados, em natureza, suporte, significados. Atualmente esses objetos passam por um sistema de classifica\u00e7\u00e3o, que considera suas fun\u00e7\u00f5es, segundo o Thesaurus e seus significados, para os quais est\u00e3o sendo criadas categorias espec\u00edficas, como: Objetos de Cole\u00e7\u00e3o, Objetos de Viagem, Objetos de Inf\u00e2ncia, Objetos de Efem\u00e9rides, etc.<\/p>\n<p style=\"text-align: left\"><strong>Endere\u00e7o e contato<\/strong><\/p>\n<div style=\"float: left;width: 45%;text-align: left\">\n<p>E-mail: museudascoisasbanais@gmail.com<\/p>\n<p>Site: <a href=\"https:\/\/www.museudascoisasbanais.com.br\/\">www.museudascoisasbanais.com.br<\/a><\/p>\n<p>&nbsp;<\/p>\n<\/div>\n<div style=\"float: right;width: 45%;text-align: left\"><\/div>\n","protected":false},"excerpt":{"rendered":"<p>Miss\u00e3o Sua miss\u00e3o \u00e9 preservar no espa\u00e7o virtual atrav\u00e9s do compartilhamento de mem\u00f3rias, todo e qualquer objeto, com valor afetivo, pertencente a toda e qualquer pessoa. Para tanto intenciona ampliar e democratizar a constitui\u00e7\u00e3o de acervos, construindo um museu virtual formado por objetos banais. Ao discutir o valor atribu\u00eddo aos objetos museol\u00f3gicos, o Museu das [&hellip;]<\/p>\n","protected":false},"author":722,"featured_media":0,"parent":0,"menu_order":0,"comment_status":"closed","ping_status":"closed","template":"page-sem-sidebar.php","meta":{"jetpack_post_was_ever_published":false,"footnotes":""},"class_list":["post-384","page","type-page","status-publish","hentry"],"jetpack_sharing_enabled":true,"jetpack_shortlink":"https:\/\/wp.me\/P8I7ve-6c","jetpack-related-posts":[{"id":185,"url":"https:\/\/wp.ufpel.edu.br\/rededemuseusdaufpel\/a-rede\/","url_meta":{"origin":384,"position":0},"title":"A Rede","author":"rededemuseusdaufpel","date":"15 de janeiro de 2019","format":false,"excerpt":"A Rede de Museus da Universidade Federal de Pelotas (UFPel) \u00e9 um \u00f3rg\u00e3o suplementar da Pr\u00f3-Reitoria de Extens\u00e3o e Cultura (PREC) que tem por miss\u00e3o unir as institui\u00e7\u00f5es, projetos museol\u00f3gicos, acervos e cole\u00e7\u00f5es existentes na Universidade, visando a implanta\u00e7\u00e3o e manuten\u00e7\u00e3o de uma pol\u00edtica para a \u00e1rea, de forma a\u2026","rel":"","context":"Post similar","block_context":{"text":"Post similar","link":""},"img":{"alt_text":"","src":"","width":0,"height":0},"classes":[]},{"id":266,"url":"https:\/\/wp.ufpel.edu.br\/rededemuseusdaufpel\/malg-museu-de-arte-leopoldo-gotuzzo\/","url_meta":{"origin":384,"position":1},"title":"MALG &#8211; MUSEU DE ARTE LEOPOLDO GOTUZZO","author":"rededemuseusdaufpel","date":"15 de janeiro de 2019","format":false,"excerpt":"Miss\u00e3o O Museu de Arte Leopoldo Gotuzzo (MALG) tem como miss\u00e3o zelar pela preserva\u00e7\u00e3o e conserva\u00e7\u00e3o de seu acervo art\u00edstico e documental, assim como divulg\u00e1-lo amplamente, atrav\u00e9s de projetos curatoriais, expogr\u00e1ficos e virtuais. Cabe ao MALG garantir a integridade f\u00edsica do acervo de obras de Leopoldo Gotuzzo, patrono do museu,\u2026","rel":"","context":"Post similar","block_context":{"text":"Post similar","link":""},"img":{"alt_text":"","src":"https:\/\/i0.wp.com\/wp.ufpel.edu.br\/rededemuseusdaufpel\/files\/2019\/01\/malg.png?resize=350%2C200","width":350,"height":200},"classes":[]},{"id":22,"url":"https:\/\/wp.ufpel.edu.br\/rededemuseusdaufpel\/museu-etnografico-da-colonia-maciel\/","url_meta":{"origin":384,"position":2},"title":"Projeto de Extens\u00e3o &#8220;Museu Etnogr\u00e1fico da Col\u00f4nia Maciel&#8221;","author":"rededemuseusdaufpel","date":"8 de maio de 2017","format":false,"excerpt":"HIST\u00d3RICO O Museu Etnogr\u00e1fico da Col\u00f4nia Maciel, tendo como tem\u00e1tica as mem\u00f3rias dos descendentes dos imigrantes italianos que colonizaram a por\u00e7\u00e3o rural do munic\u00edpio de Pelotas no extremo sul do estado do Rio Grande do Sul, foi implantado entre os anos de 2004 e 2006, pelo Laborat\u00f3rio de Ensino e\u2026","rel":"","context":"Post similar","block_context":{"text":"Post similar","link":""},"img":{"alt_text":"","src":"","width":0,"height":0},"classes":[]},{"id":302,"url":"https:\/\/wp.ufpel.edu.br\/rededemuseusdaufpel\/museu-do-doce\/","url_meta":{"origin":384,"position":3},"title":"MUSEU DO DOCE","author":"rededemuseusdaufpel","date":"16 de janeiro de 2019","format":false,"excerpt":"Miss\u00e3o O Museu do Doce tem como miss\u00e3o salvaguardar os suportes de mem\u00f3ria da tradi\u00e7\u00e3o doceira de Pelotas e da regi\u00e3o, com o compromisso de produzir conhecimento sobre esse patrim\u00f4nio. Hist\u00f3ria O Museu do Doce \u00e9 uma conquista da comunidade doceira que, atrav\u00e9s de negocia\u00e7\u00e3o realizada com a Secretaria Municipal\u2026","rel":"","context":"Post similar","block_context":{"text":"Post similar","link":""},"img":{"alt_text":"","src":"https:\/\/i0.wp.com\/wp.ufpel.edu.br\/rededemuseusdaufpel\/files\/2019\/01\/DOCE.png?resize=350%2C200","width":350,"height":200,"srcset":"https:\/\/i0.wp.com\/wp.ufpel.edu.br\/rededemuseusdaufpel\/files\/2019\/01\/DOCE.png?resize=350%2C200 1x, https:\/\/i0.wp.com\/wp.ufpel.edu.br\/rededemuseusdaufpel\/files\/2019\/01\/DOCE.png?resize=525%2C300 1.5x"},"classes":[]},{"id":1372,"url":"https:\/\/wp.ufpel.edu.br\/rededemuseusdaufpel\/museu-das-telecomunicacoes\/","url_meta":{"origin":384,"position":4},"title":"Museu das Telecomunica\u00e7\u00f5es","author":"rededemuseusdaufpel","date":"13 de setembro de 2020","format":false,"excerpt":"Apresenta\u00e7\u00e3o No contexto de projetos de ensino, pesquisa e extens\u00e3o vinculados ao Instituto de Ci\u00eancias Humanas, realiza-se a salvaguarda do acervo das telecomunica\u00e7\u00f5es pertencente \u00e0 antiga Companhia Telephonica de Melhoramento e Resist\u00eancia (CTMR), de forma a preservar a hist\u00f3ria, desta que foi uma importante empresa para a cidade de Pelotas,\u2026","rel":"","context":"Post similar","block_context":{"text":"Post similar","link":""},"img":{"alt_text":"","src":"https:\/\/i0.wp.com\/wp.ufpel.edu.br\/rededemuseusdaufpel\/files\/2020\/09\/mascara3-scaled.jpg?resize=350%2C200","width":350,"height":200,"srcset":"https:\/\/i0.wp.com\/wp.ufpel.edu.br\/rededemuseusdaufpel\/files\/2020\/09\/mascara3-scaled.jpg?resize=350%2C200 1x, https:\/\/i0.wp.com\/wp.ufpel.edu.br\/rededemuseusdaufpel\/files\/2020\/09\/mascara3-scaled.jpg?resize=525%2C300 1.5x, https:\/\/i0.wp.com\/wp.ufpel.edu.br\/rededemuseusdaufpel\/files\/2020\/09\/mascara3-scaled.jpg?resize=700%2C400 2x, https:\/\/i0.wp.com\/wp.ufpel.edu.br\/rededemuseusdaufpel\/files\/2020\/09\/mascara3-scaled.jpg?resize=1050%2C600 3x, https:\/\/i0.wp.com\/wp.ufpel.edu.br\/rededemuseusdaufpel\/files\/2020\/09\/mascara3-scaled.jpg?resize=1400%2C800 4x"},"classes":[]},{"id":1361,"url":"https:\/\/wp.ufpel.edu.br\/rededemuseusdaufpel\/composicao-rede-museus-da-ufpel\/","url_meta":{"origin":384,"position":5},"title":"Composi\u00e7\u00e3o do Conselho Consultivo da Rede de Museus da UFPel","author":"rededemuseusdaufpel","date":"11 de setembro de 2020","format":false,"excerpt":"Coordena\u00e7\u00e3o de Arte, Cultura e Patrimo\u0302 nio (PREC) Eleonora Campos da Motta Santos \u2013 coordenadora da Rede de Museus Acervo do Choro de Pelotas (CA) Titular: Rafael Henrique Soares Velloso Suplente: Raul Costa d\u2019Avila Centro de mem\u00f3ria e pesquisa Hist\u00f3ria da Alfabetiza\u00e7\u00e3o, Leitura, Escrita e dos LivrosEscolares \u2013 Hisales (FaE)\u2026","rel":"","context":"Post similar","block_context":{"text":"Post similar","link":""},"img":{"alt_text":"","src":"","width":0,"height":0},"classes":[]}],"_links":{"self":[{"href":"https:\/\/wp.ufpel.edu.br\/rededemuseusdaufpel\/wp-json\/wp\/v2\/pages\/384","targetHints":{"allow":["GET"]}}],"collection":[{"href":"https:\/\/wp.ufpel.edu.br\/rededemuseusdaufpel\/wp-json\/wp\/v2\/pages"}],"about":[{"href":"https:\/\/wp.ufpel.edu.br\/rededemuseusdaufpel\/wp-json\/wp\/v2\/types\/page"}],"author":[{"embeddable":true,"href":"https:\/\/wp.ufpel.edu.br\/rededemuseusdaufpel\/wp-json\/wp\/v2\/users\/722"}],"replies":[{"embeddable":true,"href":"https:\/\/wp.ufpel.edu.br\/rededemuseusdaufpel\/wp-json\/wp\/v2\/comments?post=384"}],"version-history":[{"count":16,"href":"https:\/\/wp.ufpel.edu.br\/rededemuseusdaufpel\/wp-json\/wp\/v2\/pages\/384\/revisions"}],"predecessor-version":[{"id":1780,"href":"https:\/\/wp.ufpel.edu.br\/rededemuseusdaufpel\/wp-json\/wp\/v2\/pages\/384\/revisions\/1780"}],"wp:attachment":[{"href":"https:\/\/wp.ufpel.edu.br\/rededemuseusdaufpel\/wp-json\/wp\/v2\/media?parent=384"}],"curies":[{"name":"wp","href":"https:\/\/api.w.org\/{rel}","templated":true}]}}