{"id":347,"date":"2019-01-16T21:52:24","date_gmt":"2019-01-16T23:52:24","guid":{"rendered":"https:\/\/wp.ufpel.edu.br\/rededemuseusdaufpel\/?page_id=347"},"modified":"2020-12-19T17:03:55","modified_gmt":"2020-12-19T20:03:55","slug":"planetario-da-ufpel-2","status":"publish","type":"page","link":"https:\/\/wp.ufpel.edu.br\/rededemuseusdaufpel\/planetario-da-ufpel-2\/","title":{"rendered":"PLANET\u00c1RIO DA UFPEL"},"content":{"rendered":"<p style=\"text-align: left\">A proposta do<a href=\"https:\/\/wp.ufpel.edu.br\/astronomia\/category\/planetario\/\"> Planet\u00e1rio da UFPel<\/a> \u00e9 construir um espa\u00e7o institucional de integra\u00e7\u00e3o da comunidade acad\u00eamica e geral, no qual estudantes de diferentes cursos possam inserir-se e usufruir da cultura astron\u00f4mica, al\u00e9m de participar de a\u00e7\u00f5es inclusivas institucionais, regionais, nacionais e internacionais direcionadas \u00e0 populariza\u00e7\u00e3o da Ci\u00eancia.<\/p>\n<p style=\"text-align: left\"><strong>Hist\u00f3rico<\/strong><\/p>\n<p style=\"text-align: left\">O Planet\u00e1rio est\u00e1 vinculado ao Laborat\u00f3rio de Astronomia, do Instituto de F\u00edsica e Matem\u00e1tica da UFPel. Ainda que o Planet\u00e1rio n\u00e3o tenha ainda sua sede fixa, j\u00e1 possui os equipamentos e desenvolve variadas atividades itinerantes junto \u00e0s comunidades.<\/p>\n<p style=\"text-align: left\">\u00c9 um exemplo o projeto Astrolep, que consiste em observa\u00e7\u00f5es mensais realizadas abertamente ao p\u00fablico no Largo do Mercado P\u00fablico da cidade de Pelotas. O evento \u00e9 realizado nas noites, geralmente a partir das 18h, em que a Lua est\u00e1 na fase crescente, pois assim o brilho da Lua n\u00e3o atrapalha a observa\u00e7\u00e3o dos planetas J\u00fapiter, Marte e Saturno.<\/p>\n<p style=\"text-align: left\">A equipe do Laborat\u00f3rio de Astronomia opera os telesc\u00f3pios e sana d\u00favidas e, com isso, consegue atrair um n\u00famero enorme de pessoas. Al\u00e9m dos que j\u00e1 conhecem o evento, seja por causa das edi\u00e7\u00f5es anteriores ou da divulga\u00e7\u00e3o no Facebook, muitas pessoas participam ao passar ali casualmente.<\/p>\n<div style=\"width: 70%;margin: 0px 145px 0px\">\n\n\t\t<style type=\"text\/css\">\n\t\t\t#gallery-1 {\n\t\t\t\tmargin: auto;\n\t\t\t}\n\t\t\t#gallery-1 .gallery-item {\n\t\t\t\tfloat: left;\n\t\t\t\tmargin-top: 10px;\n\t\t\t\ttext-align: center;\n\t\t\t\twidth: 50%;\n\t\t\t}\n\t\t\t#gallery-1 img {\n\t\t\t\tborder: 2px solid #cfcfcf;\n\t\t\t}\n\t\t\t#gallery-1 .gallery-caption {\n\t\t\t\tmargin-left: 0;\n\t\t\t}\n\t\t\t\/* see gallery_shortcode() in wp-includes\/media.php *\/\n\t\t<\/style>\n\t\t<div data-carousel-extra='{&quot;blog_id&quot;:732,&quot;permalink&quot;:&quot;https:\/\/wp.ufpel.edu.br\/rededemuseusdaufpel\/planetario-da-ufpel-2\/&quot;}' id='gallery-1' class='gallery galleryid-347 gallery-columns-2 gallery-size-thumbnail'><dl class='gallery-item'>\n\t\t\t<dt class='gallery-icon landscape'>\n\t\t\t\t<a href='https:\/\/wp.ufpel.edu.br\/rededemuseusdaufpel\/planetario\/'><img width=\"200\" height=\"200\" src=\"https:\/\/i0.wp.com\/wp.ufpel.edu.br\/rededemuseusdaufpel\/files\/2019\/01\/planetario.png?resize=200%2C200&amp;ssl=1\" class=\"attachment-thumbnail size-thumbnail\" alt=\"\" srcset=\"https:\/\/i0.wp.com\/wp.ufpel.edu.br\/rededemuseusdaufpel\/files\/2019\/01\/planetario.png?resize=200%2C200&amp;ssl=1 200w, https:\/\/i0.wp.com\/wp.ufpel.edu.br\/rededemuseusdaufpel\/files\/2019\/01\/planetario.png?resize=280%2C280&amp;ssl=1 280w, https:\/\/i0.wp.com\/wp.ufpel.edu.br\/rededemuseusdaufpel\/files\/2019\/01\/planetario.png?resize=100%2C100&amp;ssl=1 100w, https:\/\/i0.wp.com\/wp.ufpel.edu.br\/rededemuseusdaufpel\/files\/2019\/01\/planetario.png?zoom=2&amp;resize=200%2C200&amp;ssl=1 400w\" sizes=\"(max-width: 200px) 100vw, 200px\" data-attachment-id=\"355\" data-permalink=\"https:\/\/wp.ufpel.edu.br\/rededemuseusdaufpel\/planetario\/\" data-orig-file=\"https:\/\/i0.wp.com\/wp.ufpel.edu.br\/rededemuseusdaufpel\/files\/2019\/01\/planetario.png?fit=567%2C321&amp;ssl=1\" data-orig-size=\"567,321\" data-comments-opened=\"0\" data-image-meta=\"{&quot;aperture&quot;:&quot;0&quot;,&quot;credit&quot;:&quot;&quot;,&quot;camera&quot;:&quot;&quot;,&quot;caption&quot;:&quot;&quot;,&quot;created_timestamp&quot;:&quot;0&quot;,&quot;copyright&quot;:&quot;&quot;,&quot;focal_length&quot;:&quot;0&quot;,&quot;iso&quot;:&quot;0&quot;,&quot;shutter_speed&quot;:&quot;0&quot;,&quot;title&quot;:&quot;&quot;,&quot;orientation&quot;:&quot;0&quot;}\" data-image-title=\"planetario\" data-image-description=\"\" data-image-caption=\"\" data-medium-file=\"https:\/\/i0.wp.com\/wp.ufpel.edu.br\/rededemuseusdaufpel\/files\/2019\/01\/planetario.png?fit=400%2C226&amp;ssl=1\" data-large-file=\"https:\/\/i0.wp.com\/wp.ufpel.edu.br\/rededemuseusdaufpel\/files\/2019\/01\/planetario.png?fit=567%2C321&amp;ssl=1\" \/><\/a>\n\t\t\t<\/dt><\/dl><dl class='gallery-item'>\n\t\t\t<dt class='gallery-icon landscape'>\n\t\t\t\t<a href='https:\/\/wp.ufpel.edu.br\/rededemuseusdaufpel\/planetario2\/'><img width=\"200\" height=\"200\" src=\"https:\/\/i0.wp.com\/wp.ufpel.edu.br\/rededemuseusdaufpel\/files\/2019\/01\/planetario2.png?resize=200%2C200&amp;ssl=1\" class=\"attachment-thumbnail size-thumbnail\" alt=\"\" srcset=\"https:\/\/i0.wp.com\/wp.ufpel.edu.br\/rededemuseusdaufpel\/files\/2019\/01\/planetario2.png?resize=200%2C200&amp;ssl=1 200w, https:\/\/i0.wp.com\/wp.ufpel.edu.br\/rededemuseusdaufpel\/files\/2019\/01\/planetario2.png?resize=280%2C280&amp;ssl=1 280w, https:\/\/i0.wp.com\/wp.ufpel.edu.br\/rededemuseusdaufpel\/files\/2019\/01\/planetario2.png?resize=100%2C100&amp;ssl=1 100w, https:\/\/i0.wp.com\/wp.ufpel.edu.br\/rededemuseusdaufpel\/files\/2019\/01\/planetario2.png?zoom=2&amp;resize=200%2C200&amp;ssl=1 400w\" sizes=\"(max-width: 200px) 100vw, 200px\" data-attachment-id=\"356\" data-permalink=\"https:\/\/wp.ufpel.edu.br\/rededemuseusdaufpel\/planetario2\/\" data-orig-file=\"https:\/\/i0.wp.com\/wp.ufpel.edu.br\/rededemuseusdaufpel\/files\/2019\/01\/planetario2.png?fit=570%2C321&amp;ssl=1\" data-orig-size=\"570,321\" data-comments-opened=\"0\" data-image-meta=\"{&quot;aperture&quot;:&quot;0&quot;,&quot;credit&quot;:&quot;&quot;,&quot;camera&quot;:&quot;&quot;,&quot;caption&quot;:&quot;&quot;,&quot;created_timestamp&quot;:&quot;0&quot;,&quot;copyright&quot;:&quot;&quot;,&quot;focal_length&quot;:&quot;0&quot;,&quot;iso&quot;:&quot;0&quot;,&quot;shutter_speed&quot;:&quot;0&quot;,&quot;title&quot;:&quot;&quot;,&quot;orientation&quot;:&quot;0&quot;}\" data-image-title=\"planetario2\" data-image-description=\"\" data-image-caption=\"\" data-medium-file=\"https:\/\/i0.wp.com\/wp.ufpel.edu.br\/rededemuseusdaufpel\/files\/2019\/01\/planetario2.png?fit=400%2C225&amp;ssl=1\" data-large-file=\"https:\/\/i0.wp.com\/wp.ufpel.edu.br\/rededemuseusdaufpel\/files\/2019\/01\/planetario2.png?fit=570%2C321&amp;ssl=1\" \/><\/a>\n\t\t\t<\/dt><\/dl><br style=\"clear: both\" \/>\n\t\t<\/div>\n\n<\/div>\n<p>&nbsp;<\/p>\n<p style=\"text-align: left\"><strong>Endere\u00e7o e contato<\/strong><\/p>\n<div style=\"float: left;width: 45%\">\n<p>Laborat\u00f3rio de Astronomia \u2013 IFM \u2013 UFPel \/ Campus Cap\u00e3o do Le\u00e3o \u2013 Caixa \u2013Postal 354 \u2013 CEP 96001-970 Pelotas \u2013 RS, Brasil<\/p>\n<p>E-mail: astroufpel@gmail.com<\/p>\n<p>&nbsp;<\/p>\n<\/div>\n<div style=\"float: right;width: 45%\"><div class=\"googlemaps\">\n\t\t\t\t<iframe width=\"400\" height=\"350\" frameborder=\"0\" scrolling=\"no\" marginheight=\"0\" marginwidth=\"0\"  src=\"https:\/\/www.google.com\/maps\/embed?pb=!1m18!1m12!1m3!1d3390.8388972187636!2d-52.419649984334434!3d-31.802140281277257!2m3!1f0!2f0!3f0!3m2!1i1024!2i768!4f13.1!3m3!1m2!1s0x9511cbb886cd24f3:0x96b4bab4cbeb6adc!2sInstituto%20De%20F\u00edsica%20E%20Matem\u00e1tica%20-%20UFPel%20-%20IFM-UFPel!5e0!3m2!1spt-BR!2sbr!4v1547683918043\"><\/iframe>\n\t\t\t<\/div><\/div>\n<div style=\"clear: both\"><\/div>\n","protected":false},"excerpt":{"rendered":"<p>A proposta do Planet\u00e1rio da UFPel \u00e9 construir um espa\u00e7o institucional de integra\u00e7\u00e3o da comunidade acad\u00eamica e geral, no qual estudantes de diferentes cursos possam inserir-se e usufruir da cultura astron\u00f4mica, al\u00e9m de participar de a\u00e7\u00f5es inclusivas institucionais, regionais, nacionais e internacionais direcionadas \u00e0 populariza\u00e7\u00e3o da Ci\u00eancia. Hist\u00f3rico O Planet\u00e1rio est\u00e1 vinculado ao Laborat\u00f3rio de [&hellip;]<\/p>\n","protected":false},"author":722,"featured_media":0,"parent":0,"menu_order":0,"comment_status":"closed","ping_status":"closed","template":"page-sem-sidebar.php","meta":{"jetpack_post_was_ever_published":false,"footnotes":""},"class_list":["post-347","page","type-page","status-publish","hentry"],"jetpack_sharing_enabled":true,"jetpack_shortlink":"https:\/\/wp.me\/P8I7ve-5B","jetpack-related-posts":[{"id":1361,"url":"https:\/\/wp.ufpel.edu.br\/rededemuseusdaufpel\/composicao-rede-museus-da-ufpel\/","url_meta":{"origin":347,"position":0},"title":"Composi\u00e7\u00e3o do Conselho Consultivo da Rede de Museus da UFPel","author":"rededemuseusdaufpel","date":"11 de setembro de 2020","format":false,"excerpt":"Coordena\u00e7\u00e3o de Arte, Cultura e Patrimo\u0302 nio (PREC) Eleonora Campos da Motta Santos \u2013 coordenadora da Rede de Museus Acervo do Choro de Pelotas (CA) Titular: Rafael Henrique Soares Velloso Suplente: Raul Costa d\u2019Avila Centro de mem\u00f3ria e pesquisa Hist\u00f3ria da Alfabetiza\u00e7\u00e3o, Leitura, Escrita e dos LivrosEscolares \u2013 Hisales (FaE)\u2026","rel":"","context":"Post similar","block_context":{"text":"Post similar","link":""},"img":{"alt_text":"","src":"","width":0,"height":0},"classes":[]},{"id":1663,"url":"https:\/\/wp.ufpel.edu.br\/rededemuseusdaufpel\/exposicao-minha-mascara\/","url_meta":{"origin":347,"position":1},"title":"Exposi\u00e7\u00e3o Virtual &#8220;Minha M\u00e1scara&#8221;","author":"rededemuseusdaufpel","date":"2 de dezembro de 2020","format":false,"excerpt":"Exposi\u00e7\u00e3o Minha M\u00e1scara em comemora\u00e7\u00e3o ao Dia do Patrim\u00f4nio O Dia do Patrim\u00f4nio \u00e9 comemorado em 17 de agosto. A data foi escolhida em raz\u00e3o do nascimento do historiador e jornalista Rodrigo Melo Franco de Andrade (Belo Horizonte - MG, 1898-1969), o primeiro presidente do Instituto do Patrim\u00f4nio Hist\u00f3rico e\u2026","rel":"","context":"Post similar","block_context":{"text":"Post similar","link":""},"img":{"alt_text":"","src":"https:\/\/i0.wp.com\/wp.ufpel.edu.br\/rededemuseusdaufpel\/files\/2020\/12\/unilasalle5.jpg?resize=350%2C200","width":350,"height":200,"srcset":"https:\/\/i0.wp.com\/wp.ufpel.edu.br\/rededemuseusdaufpel\/files\/2020\/12\/unilasalle5.jpg?resize=350%2C200 1x, https:\/\/i0.wp.com\/wp.ufpel.edu.br\/rededemuseusdaufpel\/files\/2020\/12\/unilasalle5.jpg?resize=525%2C300 1.5x, https:\/\/i0.wp.com\/wp.ufpel.edu.br\/rededemuseusdaufpel\/files\/2020\/12\/unilasalle5.jpg?resize=700%2C400 2x, https:\/\/i0.wp.com\/wp.ufpel.edu.br\/rededemuseusdaufpel\/files\/2020\/12\/unilasalle5.jpg?resize=1050%2C600 3x"},"classes":[]},{"id":1408,"url":"https:\/\/wp.ufpel.edu.br\/rededemuseusdaufpel\/fototeca-memoria-da-ufpel\/","url_meta":{"origin":347,"position":2},"title":"Fototeca Mem\u00f3ria da UFpel","author":"rededemuseusdaufpel","date":"1 de outubro de 2020","format":false,"excerpt":"Hist\u00f3ria A atual Fototeca Mem\u00f3ria da Universidade Federal de Pelotas surgiu com o t\u00edtulo de Arquivo Fotogr\u00e1fico Mem\u00f3ria da Universidade Federal de Pelotas em junho de 2009, como projeto de extens\u00e3o vinculado ao Museu de Arte Leopoldo Gotuzzo. Em outubro de 2011 migrou para o Departamento de Museologia, Conserva\u00e7\u00e3o e\u2026","rel":"","context":"Post similar","block_context":{"text":"Post similar","link":""},"img":{"alt_text":"","src":"https:\/\/i0.wp.com\/wp.ufpel.edu.br\/rededemuseusdaufpel\/files\/2020\/10\/WhatsApp-Image-2020-09-28-at-15.07.58-1.jpeg?resize=350%2C200","width":350,"height":200,"srcset":"https:\/\/i0.wp.com\/wp.ufpel.edu.br\/rededemuseusdaufpel\/files\/2020\/10\/WhatsApp-Image-2020-09-28-at-15.07.58-1.jpeg?resize=350%2C200 1x, https:\/\/i0.wp.com\/wp.ufpel.edu.br\/rededemuseusdaufpel\/files\/2020\/10\/WhatsApp-Image-2020-09-28-at-15.07.58-1.jpeg?resize=525%2C300 1.5x, https:\/\/i0.wp.com\/wp.ufpel.edu.br\/rededemuseusdaufpel\/files\/2020\/10\/WhatsApp-Image-2020-09-28-at-15.07.58-1.jpeg?resize=700%2C400 2x, https:\/\/i0.wp.com\/wp.ufpel.edu.br\/rededemuseusdaufpel\/files\/2020\/10\/WhatsApp-Image-2020-09-28-at-15.07.58-1.jpeg?resize=1050%2C600 3x"},"classes":[]},{"id":533,"url":"https:\/\/wp.ufpel.edu.br\/rededemuseusdaufpel\/museu-arqueologico-e-antropologico\/","url_meta":{"origin":347,"position":3},"title":"MUARAN &#8211; MUSEU ARQUEOL\u00d3GICO E ANTROPOL\u00d3GICO","author":"rededemuseusdaufpel","date":"18 de fevereiro de 2019","format":false,"excerpt":"HIST\u00d3RICO No segundo semestre de 2008, o Prof. Dr. F\u00e1bio Vergara Cerqueira, ent\u00e3o diretor do Instituto de Ci\u00eancias Humanas da UFPel, convidou todos os arque\u00f3logos da institui\u00e7\u00e3o a participarem da implanta\u00e7\u00e3o de um novo museu arqueol\u00f3gico. A administra\u00e7\u00e3o da UFPel reconheceu os trabalhos deste grupo e constituiu comiss\u00e3o pr\u00f3pria em\u2026","rel":"","context":"Post similar","block_context":{"text":"Post similar","link":""},"img":{"alt_text":"","src":"https:\/\/i0.wp.com\/wp.ufpel.edu.br\/rededemuseusdaufpel\/files\/2019\/08\/arq1.jpg?resize=350%2C200","width":350,"height":200},"classes":[]},{"id":234,"url":"https:\/\/wp.ufpel.edu.br\/rededemuseusdaufpel\/museu-de-ciencias-naturais-carlos-ritter\/","url_meta":{"origin":347,"position":4},"title":"MUSEU DE CI\u00caNCIAS NATURAIS CARLOS RITTER","author":"rededemuseusdaufpel","date":"15 de janeiro de 2019","format":false,"excerpt":"Miss\u00e3o O Museu de Ci\u00eancias Naturais Carlos Ritter tem por miss\u00e3o realizar atividades voltadas ao ensino, \u00e0 pesquisa e \u00e0 extens\u00e3o universit\u00e1ria. Sua tem\u00e1tica foca na \u00e1rea das ci\u00eancias naturais, em especial a Zoologia e a Paleozoologia, al\u00e9m das \u00e1reas do conhecimento biol\u00f3gico correlatas. Hist\u00f3ria O Museu de Ci\u00eancias Naturais\u2026","rel":"","context":"Post similar","block_context":{"text":"Post similar","link":""},"img":{"alt_text":"","src":"https:\/\/i0.wp.com\/wp.ufpel.edu.br\/rededemuseusdaufpel\/files\/2020\/05\/m1-min-scaled.jpg?resize=350%2C200","width":350,"height":200,"srcset":"https:\/\/i0.wp.com\/wp.ufpel.edu.br\/rededemuseusdaufpel\/files\/2020\/05\/m1-min-scaled.jpg?resize=350%2C200 1x, https:\/\/i0.wp.com\/wp.ufpel.edu.br\/rededemuseusdaufpel\/files\/2020\/05\/m1-min-scaled.jpg?resize=525%2C300 1.5x, https:\/\/i0.wp.com\/wp.ufpel.edu.br\/rededemuseusdaufpel\/files\/2020\/05\/m1-min-scaled.jpg?resize=700%2C400 2x, https:\/\/i0.wp.com\/wp.ufpel.edu.br\/rededemuseusdaufpel\/files\/2020\/05\/m1-min-scaled.jpg?resize=1050%2C600 3x, https:\/\/i0.wp.com\/wp.ufpel.edu.br\/rededemuseusdaufpel\/files\/2020\/05\/m1-min-scaled.jpg?resize=1400%2C800 4x"},"classes":[]},{"id":34,"url":"https:\/\/wp.ufpel.edu.br\/rededemuseusdaufpel\/museu-da-ufpel\/","url_meta":{"origin":347,"position":5},"title":"Museu da UFPel","author":"rededemuseusdaufpel","date":"8 de maio de 2017","format":false,"excerpt":"HIST\u00d3RICO O Museu da UFPEL foi criado pela Portaria n. 1.327 de 06 de setembro de 2011. No m\u00eas de dezembro do mesmo ano, foi emitida a Portaria n. 1.931 que constitu\u00eda a comiss\u00e3o\u00b2 ordenada a desenvolver os atos e medidas de organiza\u00e7\u00e3o desse museu. A comiss\u00e3o finalizou o seu\u2026","rel":"","context":"Post similar","block_context":{"text":"Post similar","link":""},"img":{"alt_text":"","src":"https:\/\/i0.wp.com\/wp.ufpel.edu.br\/rededemuseusdaufpel\/files\/2017\/05\/MUSEUDAUFPEL_1.jpg?resize=350%2C200","width":350,"height":200,"srcset":"https:\/\/i0.wp.com\/wp.ufpel.edu.br\/rededemuseusdaufpel\/files\/2017\/05\/MUSEUDAUFPEL_1.jpg?resize=350%2C200 1x, https:\/\/i0.wp.com\/wp.ufpel.edu.br\/rededemuseusdaufpel\/files\/2017\/05\/MUSEUDAUFPEL_1.jpg?resize=525%2C300 1.5x, https:\/\/i0.wp.com\/wp.ufpel.edu.br\/rededemuseusdaufpel\/files\/2017\/05\/MUSEUDAUFPEL_1.jpg?resize=700%2C400 2x, https:\/\/i0.wp.com\/wp.ufpel.edu.br\/rededemuseusdaufpel\/files\/2017\/05\/MUSEUDAUFPEL_1.jpg?resize=1050%2C600 3x, https:\/\/i0.wp.com\/wp.ufpel.edu.br\/rededemuseusdaufpel\/files\/2017\/05\/MUSEUDAUFPEL_1.jpg?resize=1400%2C800 4x"},"classes":[]}],"_links":{"self":[{"href":"https:\/\/wp.ufpel.edu.br\/rededemuseusdaufpel\/wp-json\/wp\/v2\/pages\/347","targetHints":{"allow":["GET"]}}],"collection":[{"href":"https:\/\/wp.ufpel.edu.br\/rededemuseusdaufpel\/wp-json\/wp\/v2\/pages"}],"about":[{"href":"https:\/\/wp.ufpel.edu.br\/rededemuseusdaufpel\/wp-json\/wp\/v2\/types\/page"}],"author":[{"embeddable":true,"href":"https:\/\/wp.ufpel.edu.br\/rededemuseusdaufpel\/wp-json\/wp\/v2\/users\/722"}],"replies":[{"embeddable":true,"href":"https:\/\/wp.ufpel.edu.br\/rededemuseusdaufpel\/wp-json\/wp\/v2\/comments?post=347"}],"version-history":[{"count":14,"href":"https:\/\/wp.ufpel.edu.br\/rededemuseusdaufpel\/wp-json\/wp\/v2\/pages\/347\/revisions"}],"predecessor-version":[{"id":1787,"href":"https:\/\/wp.ufpel.edu.br\/rededemuseusdaufpel\/wp-json\/wp\/v2\/pages\/347\/revisions\/1787"}],"wp:attachment":[{"href":"https:\/\/wp.ufpel.edu.br\/rededemuseusdaufpel\/wp-json\/wp\/v2\/media?parent=347"}],"curies":[{"name":"wp","href":"https:\/\/api.w.org\/{rel}","templated":true}]}}