{"id":266,"date":"2019-01-15T13:55:28","date_gmt":"2019-01-15T15:55:28","guid":{"rendered":"https:\/\/wp.ufpel.edu.br\/rededemuseusdaufpel\/?page_id=266"},"modified":"2020-12-19T16:31:05","modified_gmt":"2020-12-19T19:31:05","slug":"malg-museu-de-arte-leopoldo-gotuzzo","status":"publish","type":"page","link":"https:\/\/wp.ufpel.edu.br\/rededemuseusdaufpel\/malg-museu-de-arte-leopoldo-gotuzzo\/","title":{"rendered":"MALG &#8211; MUSEU DE ARTE LEOPOLDO GOTUZZO"},"content":{"rendered":"<p style=\"text-align: left\"><strong>Miss\u00e3o<\/strong><\/p>\n<p style=\"text-align: left\">O <a href=\"https:\/\/wp.ufpel.edu.br\/malg\/\">Museu de Arte Leopoldo Gotuzzo (MALG)<\/a> tem como miss\u00e3o zelar pela preserva\u00e7\u00e3o e conserva\u00e7\u00e3o de seu acervo art\u00edstico e documental, assim como divulg\u00e1-lo amplamente, atrav\u00e9s de projetos curatoriais, expogr\u00e1ficos e virtuais. Cabe ao MALG garantir a integridade f\u00edsica do acervo de obras de Leopoldo Gotuzzo, patrono do museu, e promover a pesquisa e a produ\u00e7\u00e3o cr\u00edtica e intelectual a respeito de sua contribui\u00e7\u00e3o para a hist\u00f3ria da arte brasileira.<\/p>\n\n\t\t<style type=\"text\/css\">\n\t\t\t#gallery-1 {\n\t\t\t\tmargin: auto;\n\t\t\t}\n\t\t\t#gallery-1 .gallery-item {\n\t\t\t\tfloat: left;\n\t\t\t\tmargin-top: 10px;\n\t\t\t\ttext-align: center;\n\t\t\t\twidth: 33%;\n\t\t\t}\n\t\t\t#gallery-1 img {\n\t\t\t\tborder: 2px solid #cfcfcf;\n\t\t\t}\n\t\t\t#gallery-1 .gallery-caption {\n\t\t\t\tmargin-left: 0;\n\t\t\t}\n\t\t\t\/* see gallery_shortcode() in wp-includes\/media.php *\/\n\t\t<\/style>\n\t\t<div data-carousel-extra='{&quot;blog_id&quot;:732,&quot;permalink&quot;:&quot;https:\/\/wp.ufpel.edu.br\/rededemuseusdaufpel\/malg-museu-de-arte-leopoldo-gotuzzo\/&quot;}' id='gallery-1' class='gallery galleryid-266 gallery-columns-3 gallery-size-medium'><dl class='gallery-item'>\n\t\t\t<dt class='gallery-icon portrait'>\n\t\t\t\t<a href='https:\/\/wp.ufpel.edu.br\/rededemuseusdaufpel\/malg-museu-de-arte-leopoldo-gotuzzo\/malg\/'><img width=\"272\" height=\"400\" src=\"https:\/\/i0.wp.com\/wp.ufpel.edu.br\/rededemuseusdaufpel\/files\/2019\/01\/malg.png?fit=272%2C400&amp;ssl=1\" class=\"attachment-medium size-medium\" alt=\"\" srcset=\"https:\/\/i0.wp.com\/wp.ufpel.edu.br\/rededemuseusdaufpel\/files\/2019\/01\/malg.png?w=469&amp;ssl=1 469w, https:\/\/i0.wp.com\/wp.ufpel.edu.br\/rededemuseusdaufpel\/files\/2019\/01\/malg.png?resize=272%2C400&amp;ssl=1 272w, https:\/\/i0.wp.com\/wp.ufpel.edu.br\/rededemuseusdaufpel\/files\/2019\/01\/malg.png?resize=136%2C200&amp;ssl=1 136w\" sizes=\"(max-width: 272px) 100vw, 272px\" data-attachment-id=\"286\" data-permalink=\"https:\/\/wp.ufpel.edu.br\/rededemuseusdaufpel\/malg-museu-de-arte-leopoldo-gotuzzo\/malg\/\" data-orig-file=\"https:\/\/i0.wp.com\/wp.ufpel.edu.br\/rededemuseusdaufpel\/files\/2019\/01\/malg.png?fit=469%2C689&amp;ssl=1\" data-orig-size=\"469,689\" data-comments-opened=\"0\" data-image-meta=\"{&quot;aperture&quot;:&quot;0&quot;,&quot;credit&quot;:&quot;&quot;,&quot;camera&quot;:&quot;&quot;,&quot;caption&quot;:&quot;&quot;,&quot;created_timestamp&quot;:&quot;0&quot;,&quot;copyright&quot;:&quot;&quot;,&quot;focal_length&quot;:&quot;0&quot;,&quot;iso&quot;:&quot;0&quot;,&quot;shutter_speed&quot;:&quot;0&quot;,&quot;title&quot;:&quot;&quot;,&quot;orientation&quot;:&quot;0&quot;}\" data-image-title=\"malg\" data-image-description=\"\" data-image-caption=\"\" data-medium-file=\"https:\/\/i0.wp.com\/wp.ufpel.edu.br\/rededemuseusdaufpel\/files\/2019\/01\/malg.png?fit=272%2C400&amp;ssl=1\" data-large-file=\"https:\/\/i0.wp.com\/wp.ufpel.edu.br\/rededemuseusdaufpel\/files\/2019\/01\/malg.png?fit=469%2C689&amp;ssl=1\" \/><\/a>\n\t\t\t<\/dt><\/dl><dl class='gallery-item'>\n\t\t\t<dt class='gallery-icon landscape'>\n\t\t\t\t<a href='https:\/\/wp.ufpel.edu.br\/rededemuseusdaufpel\/malg-museu-de-arte-leopoldo-gotuzzo\/malg2\/'><img width=\"400\" height=\"265\" src=\"https:\/\/i0.wp.com\/wp.ufpel.edu.br\/rededemuseusdaufpel\/files\/2019\/01\/malg2.png?fit=400%2C265&amp;ssl=1\" class=\"attachment-medium size-medium\" alt=\"\" srcset=\"https:\/\/i0.wp.com\/wp.ufpel.edu.br\/rededemuseusdaufpel\/files\/2019\/01\/malg2.png?w=569&amp;ssl=1 569w, https:\/\/i0.wp.com\/wp.ufpel.edu.br\/rededemuseusdaufpel\/files\/2019\/01\/malg2.png?resize=400%2C265&amp;ssl=1 400w, https:\/\/i0.wp.com\/wp.ufpel.edu.br\/rededemuseusdaufpel\/files\/2019\/01\/malg2.png?resize=302%2C200&amp;ssl=1 302w\" sizes=\"(max-width: 400px) 100vw, 400px\" data-attachment-id=\"287\" data-permalink=\"https:\/\/wp.ufpel.edu.br\/rededemuseusdaufpel\/malg-museu-de-arte-leopoldo-gotuzzo\/malg2\/\" data-orig-file=\"https:\/\/i0.wp.com\/wp.ufpel.edu.br\/rededemuseusdaufpel\/files\/2019\/01\/malg2.png?fit=569%2C377&amp;ssl=1\" data-orig-size=\"569,377\" data-comments-opened=\"0\" data-image-meta=\"{&quot;aperture&quot;:&quot;0&quot;,&quot;credit&quot;:&quot;&quot;,&quot;camera&quot;:&quot;&quot;,&quot;caption&quot;:&quot;&quot;,&quot;created_timestamp&quot;:&quot;0&quot;,&quot;copyright&quot;:&quot;&quot;,&quot;focal_length&quot;:&quot;0&quot;,&quot;iso&quot;:&quot;0&quot;,&quot;shutter_speed&quot;:&quot;0&quot;,&quot;title&quot;:&quot;&quot;,&quot;orientation&quot;:&quot;0&quot;}\" data-image-title=\"malg2\" data-image-description=\"\" data-image-caption=\"\" data-medium-file=\"https:\/\/i0.wp.com\/wp.ufpel.edu.br\/rededemuseusdaufpel\/files\/2019\/01\/malg2.png?fit=400%2C265&amp;ssl=1\" data-large-file=\"https:\/\/i0.wp.com\/wp.ufpel.edu.br\/rededemuseusdaufpel\/files\/2019\/01\/malg2.png?fit=569%2C377&amp;ssl=1\" \/><\/a>\n\t\t\t<\/dt><\/dl><dl class='gallery-item'>\n\t\t\t<dt class='gallery-icon landscape'>\n\t\t\t\t<a href='https:\/\/wp.ufpel.edu.br\/rededemuseusdaufpel\/malg-museu-de-arte-leopoldo-gotuzzo\/malg3\/'><img width=\"400\" height=\"241\" src=\"https:\/\/i0.wp.com\/wp.ufpel.edu.br\/rededemuseusdaufpel\/files\/2019\/01\/malg3.png?fit=400%2C241&amp;ssl=1\" class=\"attachment-medium size-medium\" alt=\"\" srcset=\"https:\/\/i0.wp.com\/wp.ufpel.edu.br\/rededemuseusdaufpel\/files\/2019\/01\/malg3.png?w=568&amp;ssl=1 568w, https:\/\/i0.wp.com\/wp.ufpel.edu.br\/rededemuseusdaufpel\/files\/2019\/01\/malg3.png?resize=400%2C241&amp;ssl=1 400w, https:\/\/i0.wp.com\/wp.ufpel.edu.br\/rededemuseusdaufpel\/files\/2019\/01\/malg3.png?resize=332%2C200&amp;ssl=1 332w\" sizes=\"(max-width: 400px) 100vw, 400px\" data-attachment-id=\"288\" data-permalink=\"https:\/\/wp.ufpel.edu.br\/rededemuseusdaufpel\/malg-museu-de-arte-leopoldo-gotuzzo\/malg3\/\" data-orig-file=\"https:\/\/i0.wp.com\/wp.ufpel.edu.br\/rededemuseusdaufpel\/files\/2019\/01\/malg3.png?fit=568%2C342&amp;ssl=1\" data-orig-size=\"568,342\" data-comments-opened=\"0\" data-image-meta=\"{&quot;aperture&quot;:&quot;0&quot;,&quot;credit&quot;:&quot;&quot;,&quot;camera&quot;:&quot;&quot;,&quot;caption&quot;:&quot;&quot;,&quot;created_timestamp&quot;:&quot;0&quot;,&quot;copyright&quot;:&quot;&quot;,&quot;focal_length&quot;:&quot;0&quot;,&quot;iso&quot;:&quot;0&quot;,&quot;shutter_speed&quot;:&quot;0&quot;,&quot;title&quot;:&quot;&quot;,&quot;orientation&quot;:&quot;0&quot;}\" data-image-title=\"malg3\" data-image-description=\"\" data-image-caption=\"\" data-medium-file=\"https:\/\/i0.wp.com\/wp.ufpel.edu.br\/rededemuseusdaufpel\/files\/2019\/01\/malg3.png?fit=400%2C241&amp;ssl=1\" data-large-file=\"https:\/\/i0.wp.com\/wp.ufpel.edu.br\/rededemuseusdaufpel\/files\/2019\/01\/malg3.png?fit=568%2C342&amp;ssl=1\" \/><\/a>\n\t\t\t<\/dt><\/dl><br style=\"clear: both\" \/>\n\t\t<\/div>\n\n<p style=\"text-align: left\"><strong>Hist\u00f3ria<\/strong><\/p>\n<p style=\"text-align: left\">Inaugurado em 07 de novembro de 1986, o MALG estava inicialmente vinculado \u00e0 Pr\u00f3-Reitoria de Extens\u00e3o e Cultura da UFPel. Em 1992 passou a ser vinculado ao Instituto de Letras e Artes, atual Centro de Artes.<\/p>\n<p style=\"text-align: left\">Atualmente o Museu congrega as atividades de ensino, pesquisa e extens\u00e3o e, atendendo \u00e0 sua condi\u00e7\u00e3o de museu universit\u00e1rio, promove a conserva\u00e7\u00e3o e divulga\u00e7\u00e3o de seu acervo e a\u00e7\u00f5es de car\u00e1ter art\u00edstico-cultural.<\/p>\n<p style=\"text-align: left\">Tamb\u00e9m tem a responsabilidade de desenvolver projetos educativos que ampliem o acesso da popula\u00e7\u00e3o brasileira aos bens art\u00edsticos e culturais produzidos no passado e na atualidade.<\/p>\n<p style=\"text-align: left\"><strong>Acervo<\/strong><\/p>\n<p style=\"text-align: left\">O Museu possui um acervo de mais de 3.000 obras divididas em sete cole\u00e7\u00f5es: Cole\u00e7\u00e3o Leopoldo Gotuzzo, Cole\u00e7\u00e3o Escola de Belas Artes, Cole\u00e7\u00e3o Dr. Jo\u00e3o Gomes de Mello, Cole\u00e7\u00e3o Faustino Tr\u00e1paga, Cole\u00e7\u00e3o L. C. Vinholes, Cole\u00e7\u00e3o S\u00e9culo XX e Cole\u00e7\u00e3o S\u00e9culo XXI.<\/p>\n<p style=\"text-align: left\"><strong>Exposi\u00e7\u00e3o e Visita\u00e7\u00f5es<\/strong><\/p>\n<p style=\"text-align: left\">No espa\u00e7o do museu s\u00e3o realizadas exposi\u00e7\u00f5es de longa dura\u00e7\u00e3o com os objetos e obras do artista Leopoldo Gotuzzo. As exposi\u00e7\u00f5es tempor\u00e1rias s\u00e3o feitas com obras de outras cole\u00e7\u00f5es ou com a produ\u00e7\u00e3o art\u00edstica contempor\u00e2nea, em colabora\u00e7\u00e3o com os profissionais que atuam no Centro de Artes da UFPEL ou atrav\u00e9s de projetos de coopera\u00e7\u00e3o interinstitucionais.<\/p>\n<p style=\"text-align: left\">O museu organiza a\u00e7\u00f5es educativas para promover a frui\u00e7\u00e3o e reflex\u00e3o a partir das exposi\u00e7\u00f5es e do acervo art\u00edstico e documental. Tamb\u00e9m desenvolve atividades de integra\u00e7\u00e3o Museu\/Institui\u00e7\u00f5es de Ensino\/Comunidade e estimula a participa\u00e7\u00e3o do corpo docente e discente da Universidade Federal de Pelotas nos seus espa\u00e7os e a partir do seu acervo.<\/p>\n<p style=\"text-align: left\"><strong>Localiza\u00e7\u00e3o e contato<\/strong><\/p>\n<div style=\"float: left;width: 45%;text-align: left\">\n<p style=\"text-align: left\">Endere\u00e7o: Pra\u00e7a 7 de Julho, 180 &#8211; Centro, Pelotas \u2013 RS<\/p>\n<p style=\"text-align: left\">(pr\u00e9dio do antigo Lyceu \u2013 frente ao Mercado P\u00fablico de Pelotas)<\/p>\n<p style=\"text-align: left\">Telefone: (53) 3284-4319<\/p>\n<p><a href=\"https:\/\/pt-br.facebook.com\/museuleopoldogotuzzo\/\">Facebook<\/a><\/p>\n<p style=\"text-align: left\">E-mail: secretariamalg@gmail.com<\/p>\n<p style=\"text-align: left\">\n<\/div>\n<div style=\"float: right;width: 45%\"><div class=\"googlemaps\">\n\t\t\t\t<iframe width=\"400\" height=\"250\" frameborder=\"0\" scrolling=\"no\" marginheight=\"0\" marginwidth=\"0\"  src=\"https:\/\/www.google.com\/maps\/embed?pb=!1m14!1m8!1m3!1d6784.030279697166!2d-52.342785!3d-31.770072999999996!3m2!1i1024!2i768!4f13.1!3m3!1m2!1s0x0:0x458a8025e9884022!2sMuseu%20de%20Arte%20Leopoldo%20Gotuzzo%20-%20MALG!5e0!3m2!1spt-BR!2sbr!4v1550515999276\"><\/iframe>\n\t\t\t<\/div><\/div>\n<div style=\"clear: both;text-align: left\"><\/div>\n","protected":false},"excerpt":{"rendered":"<p>Miss\u00e3o O Museu de Arte Leopoldo Gotuzzo (MALG) tem como miss\u00e3o zelar pela preserva\u00e7\u00e3o e conserva\u00e7\u00e3o de seu acervo art\u00edstico e documental, assim como divulg\u00e1-lo amplamente, atrav\u00e9s de projetos curatoriais, expogr\u00e1ficos e virtuais. Cabe ao MALG garantir a integridade f\u00edsica do acervo de obras de Leopoldo Gotuzzo, patrono do museu, e promover a pesquisa e [&hellip;]<\/p>\n","protected":false},"author":722,"featured_media":0,"parent":0,"menu_order":0,"comment_status":"closed","ping_status":"closed","template":"page-sem-sidebar.php","meta":{"jetpack_post_was_ever_published":false,"footnotes":""},"class_list":["post-266","page","type-page","status-publish","hentry"],"jetpack_sharing_enabled":true,"jetpack_shortlink":"https:\/\/wp.me\/P8I7ve-4i","jetpack-related-posts":[{"id":185,"url":"https:\/\/wp.ufpel.edu.br\/rededemuseusdaufpel\/a-rede\/","url_meta":{"origin":266,"position":0},"title":"A Rede","author":"rededemuseusdaufpel","date":"15 de janeiro de 2019","format":false,"excerpt":"A Rede de Museus da Universidade Federal de Pelotas (UFPel) \u00e9 um \u00f3rg\u00e3o suplementar da Pr\u00f3-Reitoria de Extens\u00e3o e Cultura (PREC) que tem por miss\u00e3o unir as institui\u00e7\u00f5es, projetos museol\u00f3gicos, acervos e cole\u00e7\u00f5es existentes na Universidade, visando a implanta\u00e7\u00e3o e manuten\u00e7\u00e3o de uma pol\u00edtica para a \u00e1rea, de forma a\u2026","rel":"","context":"Post similar","block_context":{"text":"Post similar","link":""},"img":{"alt_text":"","src":"","width":0,"height":0},"classes":[]},{"id":1361,"url":"https:\/\/wp.ufpel.edu.br\/rededemuseusdaufpel\/composicao-rede-museus-da-ufpel\/","url_meta":{"origin":266,"position":1},"title":"Composi\u00e7\u00e3o do Conselho Consultivo da Rede de Museus da UFPel","author":"rededemuseusdaufpel","date":"11 de setembro de 2020","format":false,"excerpt":"Coordena\u00e7\u00e3o de Arte, Cultura e Patrimo\u0302 nio (PREC) Eleonora Campos da Motta Santos \u2013 coordenadora da Rede de Museus Acervo do Choro de Pelotas (CA) Titular: Rafael Henrique Soares Velloso Suplente: Raul Costa d\u2019Avila Centro de mem\u00f3ria e pesquisa Hist\u00f3ria da Alfabetiza\u00e7\u00e3o, Leitura, Escrita e dos LivrosEscolares \u2013 Hisales (FaE)\u2026","rel":"","context":"Post similar","block_context":{"text":"Post similar","link":""},"img":{"alt_text":"","src":"","width":0,"height":0},"classes":[]},{"id":1408,"url":"https:\/\/wp.ufpel.edu.br\/rededemuseusdaufpel\/fototeca-memoria-da-ufpel\/","url_meta":{"origin":266,"position":2},"title":"Fototeca Mem\u00f3ria da UFpel","author":"rededemuseusdaufpel","date":"1 de outubro de 2020","format":false,"excerpt":"Hist\u00f3ria A atual Fototeca Mem\u00f3ria da Universidade Federal de Pelotas surgiu com o t\u00edtulo de Arquivo Fotogr\u00e1fico Mem\u00f3ria da Universidade Federal de Pelotas em junho de 2009, como projeto de extens\u00e3o vinculado ao Museu de Arte Leopoldo Gotuzzo. Em outubro de 2011 migrou para o Departamento de Museologia, Conserva\u00e7\u00e3o e\u2026","rel":"","context":"Post similar","block_context":{"text":"Post similar","link":""},"img":{"alt_text":"","src":"https:\/\/i0.wp.com\/wp.ufpel.edu.br\/rededemuseusdaufpel\/files\/2020\/10\/WhatsApp-Image-2020-09-28-at-15.07.58-1.jpeg?resize=350%2C200","width":350,"height":200,"srcset":"https:\/\/i0.wp.com\/wp.ufpel.edu.br\/rededemuseusdaufpel\/files\/2020\/10\/WhatsApp-Image-2020-09-28-at-15.07.58-1.jpeg?resize=350%2C200 1x, https:\/\/i0.wp.com\/wp.ufpel.edu.br\/rededemuseusdaufpel\/files\/2020\/10\/WhatsApp-Image-2020-09-28-at-15.07.58-1.jpeg?resize=525%2C300 1.5x, https:\/\/i0.wp.com\/wp.ufpel.edu.br\/rededemuseusdaufpel\/files\/2020\/10\/WhatsApp-Image-2020-09-28-at-15.07.58-1.jpeg?resize=700%2C400 2x, https:\/\/i0.wp.com\/wp.ufpel.edu.br\/rededemuseusdaufpel\/files\/2020\/10\/WhatsApp-Image-2020-09-28-at-15.07.58-1.jpeg?resize=1050%2C600 3x"},"classes":[]},{"id":34,"url":"https:\/\/wp.ufpel.edu.br\/rededemuseusdaufpel\/museu-da-ufpel\/","url_meta":{"origin":266,"position":3},"title":"Museu da UFPel","author":"rededemuseusdaufpel","date":"8 de maio de 2017","format":false,"excerpt":"HIST\u00d3RICO O Museu da UFPEL foi criado pela Portaria n. 1.327 de 06 de setembro de 2011. No m\u00eas de dezembro do mesmo ano, foi emitida a Portaria n. 1.931 que constitu\u00eda a comiss\u00e3o\u00b2 ordenada a desenvolver os atos e medidas de organiza\u00e7\u00e3o desse museu. A comiss\u00e3o finalizou o seu\u2026","rel":"","context":"Post similar","block_context":{"text":"Post similar","link":""},"img":{"alt_text":"","src":"https:\/\/i0.wp.com\/wp.ufpel.edu.br\/rededemuseusdaufpel\/files\/2017\/05\/MUSEUDAUFPEL_1.jpg?resize=350%2C200","width":350,"height":200,"srcset":"https:\/\/i0.wp.com\/wp.ufpel.edu.br\/rededemuseusdaufpel\/files\/2017\/05\/MUSEUDAUFPEL_1.jpg?resize=350%2C200 1x, https:\/\/i0.wp.com\/wp.ufpel.edu.br\/rededemuseusdaufpel\/files\/2017\/05\/MUSEUDAUFPEL_1.jpg?resize=525%2C300 1.5x, https:\/\/i0.wp.com\/wp.ufpel.edu.br\/rededemuseusdaufpel\/files\/2017\/05\/MUSEUDAUFPEL_1.jpg?resize=700%2C400 2x, https:\/\/i0.wp.com\/wp.ufpel.edu.br\/rededemuseusdaufpel\/files\/2017\/05\/MUSEUDAUFPEL_1.jpg?resize=1050%2C600 3x, https:\/\/i0.wp.com\/wp.ufpel.edu.br\/rededemuseusdaufpel\/files\/2017\/05\/MUSEUDAUFPEL_1.jpg?resize=1400%2C800 4x"},"classes":[]},{"id":1663,"url":"https:\/\/wp.ufpel.edu.br\/rededemuseusdaufpel\/exposicao-minha-mascara\/","url_meta":{"origin":266,"position":4},"title":"Exposi\u00e7\u00e3o Virtual &#8220;Minha M\u00e1scara&#8221;","author":"rededemuseusdaufpel","date":"2 de dezembro de 2020","format":false,"excerpt":"Exposi\u00e7\u00e3o Minha M\u00e1scara em comemora\u00e7\u00e3o ao Dia do Patrim\u00f4nio O Dia do Patrim\u00f4nio \u00e9 comemorado em 17 de agosto. A data foi escolhida em raz\u00e3o do nascimento do historiador e jornalista Rodrigo Melo Franco de Andrade (Belo Horizonte - MG, 1898-1969), o primeiro presidente do Instituto do Patrim\u00f4nio Hist\u00f3rico e\u2026","rel":"","context":"Post similar","block_context":{"text":"Post similar","link":""},"img":{"alt_text":"","src":"https:\/\/i0.wp.com\/wp.ufpel.edu.br\/rededemuseusdaufpel\/files\/2020\/12\/unilasalle5.jpg?resize=350%2C200","width":350,"height":200,"srcset":"https:\/\/i0.wp.com\/wp.ufpel.edu.br\/rededemuseusdaufpel\/files\/2020\/12\/unilasalle5.jpg?resize=350%2C200 1x, https:\/\/i0.wp.com\/wp.ufpel.edu.br\/rededemuseusdaufpel\/files\/2020\/12\/unilasalle5.jpg?resize=525%2C300 1.5x, https:\/\/i0.wp.com\/wp.ufpel.edu.br\/rededemuseusdaufpel\/files\/2020\/12\/unilasalle5.jpg?resize=700%2C400 2x, https:\/\/i0.wp.com\/wp.ufpel.edu.br\/rededemuseusdaufpel\/files\/2020\/12\/unilasalle5.jpg?resize=1050%2C600 3x"},"classes":[]},{"id":234,"url":"https:\/\/wp.ufpel.edu.br\/rededemuseusdaufpel\/museu-de-ciencias-naturais-carlos-ritter\/","url_meta":{"origin":266,"position":5},"title":"MUSEU DE CI\u00caNCIAS NATURAIS CARLOS RITTER","author":"rededemuseusdaufpel","date":"15 de janeiro de 2019","format":false,"excerpt":"Miss\u00e3o O Museu de Ci\u00eancias Naturais Carlos Ritter tem por miss\u00e3o realizar atividades voltadas ao ensino, \u00e0 pesquisa e \u00e0 extens\u00e3o universit\u00e1ria. Sua tem\u00e1tica foca na \u00e1rea das ci\u00eancias naturais, em especial a Zoologia e a Paleozoologia, al\u00e9m das \u00e1reas do conhecimento biol\u00f3gico correlatas. Hist\u00f3ria O Museu de Ci\u00eancias Naturais\u2026","rel":"","context":"Post similar","block_context":{"text":"Post similar","link":""},"img":{"alt_text":"","src":"https:\/\/i0.wp.com\/wp.ufpel.edu.br\/rededemuseusdaufpel\/files\/2020\/05\/m1-min-scaled.jpg?resize=350%2C200","width":350,"height":200,"srcset":"https:\/\/i0.wp.com\/wp.ufpel.edu.br\/rededemuseusdaufpel\/files\/2020\/05\/m1-min-scaled.jpg?resize=350%2C200 1x, https:\/\/i0.wp.com\/wp.ufpel.edu.br\/rededemuseusdaufpel\/files\/2020\/05\/m1-min-scaled.jpg?resize=525%2C300 1.5x, https:\/\/i0.wp.com\/wp.ufpel.edu.br\/rededemuseusdaufpel\/files\/2020\/05\/m1-min-scaled.jpg?resize=700%2C400 2x, https:\/\/i0.wp.com\/wp.ufpel.edu.br\/rededemuseusdaufpel\/files\/2020\/05\/m1-min-scaled.jpg?resize=1050%2C600 3x, https:\/\/i0.wp.com\/wp.ufpel.edu.br\/rededemuseusdaufpel\/files\/2020\/05\/m1-min-scaled.jpg?resize=1400%2C800 4x"},"classes":[]}],"_links":{"self":[{"href":"https:\/\/wp.ufpel.edu.br\/rededemuseusdaufpel\/wp-json\/wp\/v2\/pages\/266","targetHints":{"allow":["GET"]}}],"collection":[{"href":"https:\/\/wp.ufpel.edu.br\/rededemuseusdaufpel\/wp-json\/wp\/v2\/pages"}],"about":[{"href":"https:\/\/wp.ufpel.edu.br\/rededemuseusdaufpel\/wp-json\/wp\/v2\/types\/page"}],"author":[{"embeddable":true,"href":"https:\/\/wp.ufpel.edu.br\/rededemuseusdaufpel\/wp-json\/wp\/v2\/users\/722"}],"replies":[{"embeddable":true,"href":"https:\/\/wp.ufpel.edu.br\/rededemuseusdaufpel\/wp-json\/wp\/v2\/comments?post=266"}],"version-history":[{"count":18,"href":"https:\/\/wp.ufpel.edu.br\/rededemuseusdaufpel\/wp-json\/wp\/v2\/pages\/266\/revisions"}],"predecessor-version":[{"id":1774,"href":"https:\/\/wp.ufpel.edu.br\/rededemuseusdaufpel\/wp-json\/wp\/v2\/pages\/266\/revisions\/1774"}],"wp:attachment":[{"href":"https:\/\/wp.ufpel.edu.br\/rededemuseusdaufpel\/wp-json\/wp\/v2\/media?parent=266"}],"curies":[{"name":"wp","href":"https:\/\/api.w.org\/{rel}","templated":true}]}}