{"id":185,"date":"2019-01-15T10:22:08","date_gmt":"2019-01-15T12:22:08","guid":{"rendered":"https:\/\/wp.ufpel.edu.br\/rededemuseusdaufpel\/?page_id=185"},"modified":"2026-03-31T16:45:09","modified_gmt":"2026-03-31T19:45:09","slug":"a-rede","status":"publish","type":"page","link":"https:\/\/wp.ufpel.edu.br\/rededemuseusdaufpel\/a-rede\/","title":{"rendered":"A Rede"},"content":{"rendered":"<p style=\"text-align: left;\">A Rede de Museus da Universidade Federal de Pelotas (UFPel) \u00e9 um \u00f3rg\u00e3o suplementar da Pr\u00f3-Reitoria de Extens\u00e3o e Cultura (PREC) que tem por miss\u00e3o unir as institui\u00e7\u00f5es, projetos museol\u00f3gicos, acervos e cole\u00e7\u00f5es existentes na Universidade, visando a implanta\u00e7\u00e3o e manuten\u00e7\u00e3o de uma pol\u00edtica para a \u00e1rea, de forma a desenvolver a\u00e7\u00f5es de gest\u00e3o, valoriza\u00e7\u00e3o do patrim\u00f4nio museol\u00f3gico e de aproxima\u00e7\u00e3o com a comunidade.<\/p>\n<p style=\"text-align: left;\"><strong>Objetivos:<\/strong><\/p>\n<ul style=\"text-align: left;\">\n<li>Refletir, debater e propor pol\u00edticas de acervo, bem como diretrizes para as os museus acervos, processos e projetos museol\u00f3gicos da Universidade, em conson\u00e2ncia com o regimento e o PDI da UFPel e com as respectivas pol\u00edticas nacionais da \u00e1rea.<\/li>\n<\/ul>\n<ul style=\"text-align: left;\">\n<li>\u00a0Promover a capacita\u00e7\u00e3o dos servidores que atuam nos diferentes espa\u00e7os integrantes da Rede de Museus.<\/li>\n<\/ul>\n<ul style=\"text-align: left;\">\n<li>Divulgar a miss\u00e3o, as a\u00e7\u00f5es e potencialidades da Rede de Museus entre institui\u00e7\u00f5es cong\u00eaneres, universidades e institui\u00e7\u00f5es de ensino e pesquisa locais, regionais, nacionais e estrangeiras, visando promover o interc\u00e2mbio e estabelecer parcerias. Apoiar e fomentar o interc\u00e2mbio cient\u00edfico, tecnol\u00f3gico e cultural entre os integrantes da Rede de Museus e entre estes e as comunidades interna e externa da UFPel.<\/li>\n<\/ul>\n<ul style=\"text-align: left;\">\n<li>Valorizar e divulgar o patrim\u00f4nio museol\u00f3gico da UFPel.<\/li>\n<\/ul>\n<ul style=\"text-align: left;\">\n<li>Manter atualizado o invent\u00e1rio dos acervos da UFPel.<\/li>\n<\/ul>\n<ul style=\"text-align: left;\">\n<li>Manter informa\u00e7\u00f5es atualizadas no site da Rede sobre eventos e programa\u00e7\u00e3o dos integrantes da Rede.<\/li>\n<li>Propor e encaminhar projetos de interesse da Rede de Museus.<\/li>\n<\/ul>\n<p style=\"text-align: left;\"><strong>Hist\u00f3ria:<\/strong><\/p>\n<p style=\"text-align: left;\">Em 2017, por iniciativa da Pro reitoria de Extens\u00e3o e Cultura, os representantes de museus e de projetos relacionados \u00e0s quest\u00f5es museol\u00f3gicas elaboraram uma proposta de uma Rede de Museus. Em setembro deste mesmo ano o Conselho Universit\u00e1rio aprovou o Regimento Interno da Rede de Museus.<\/p>\n<p style=\"text-align: left;\">Este Regimento estabelece a estrutura organizacional da Rede de Museus \u00e9 formada por um Conselho Consultivo, Coordena\u00e7\u00e3o, Comiss\u00e3o Executiva e Secretaria.<\/p>\n<p style=\"text-align: left;\">Os membros do Conselho Consultivo foram nomeados pela Portaria 1880\/2020 e, desde ent\u00e3o, trabalham em conjunto com a Coordena\u00e7\u00e3o para executar a\u00e7\u00f5es e atividades relacionadas com a sua miss\u00e3o.<\/p>\n<p style=\"text-align: left;\"><strong>Composi\u00e7\u00e3o:<\/strong><\/p>\n<p style=\"text-align: left;\">Constituem a Rede de Museus da UFPel os seguintes museus, acervos, cole\u00e7\u00f5es e projetos de extens\u00e3o relacionados \u00e0s atividades museol\u00f3gicas:<\/p>\n<ul style=\"text-align: left;\">\n<li>Museu de Ci\u00eancias Naturais Carlos Ritter;<\/li>\n<li>Museu de Arte Leopoldo Gotuzzo (MALG);<\/li>\n<li>Museu do Doce;<\/li>\n<li>Museu das Telecomunica\u00e7\u00f5es;<\/li>\n<li>MUARAN &#8211; Museu Arqueol\u00f3gico e Antropol\u00f3gico;<\/li>\n<li>Museu Afro-Brasil-Sul (MABSul);<\/li>\n<li>Museu das Coisas Banais;<\/li>\n<li>Museus Di\u00e1rios do Isolamento (MuDI);<\/li>\n<li>Projeto de Extens\u00e3o \u201cMuseu Grupelli\u201d;<\/li>\n<li>Memorial do Anglo;<\/li>\n<li>Herb\u00e1rio Pel;<\/li>\n<li><a href=\"https:\/\/wp.ufpel.edu.br\/rededemuseusdaufpel\/centro-de-memoria-e-pesquisa-hisales\/\">Centro de mem\u00f3ria e pesquisa HISALES &#8211; Hist\u00f3ria da Alfabetiza\u00e7\u00e3o, Leitura, Escrita e dos Livros Escolares;<\/a><\/li>\n<li>Discoteca L. C. Vinholes;<\/li>\n<li>Fototeca Mem\u00f3ria da UFPel;<\/li>\n<li>LEPAARQ &#8211; Laborat\u00f3rio de Ensino e Pesquisa em Antropologia e Arqueologia;<\/li>\n<li>N\u00facleo de Documenta\u00e7\u00e3o Hist\u00f3rica Profa. Beatriz Loner;<\/li>\n<li>Museu Virtual do Jud\u00f4.<\/li>\n<li>N\u00facleo de Ilustra\u00e7\u00e3o Cient\u00edfica<\/li>\n<li>Espa\u00e7o Dobra: cole\u00e7\u00e3o de m\u00faltiplos e publica\u00e7\u00f5es art\u00edsticas<\/li>\n<li>Galeria SulDesign<\/li>\n<li>Reserva T\u00e9cnica do Curso de Conserva\u00e7\u00e3o e Restaura\u00e7\u00e3o de Bens Culturais<\/li>\n<li>Gibiteca da UFPel<\/li>\n<li>Acervo de impressos e livros did\u00e1ticos de Hist\u00f3ria<\/li>\n<li>Acervo T\u00e9cnico da Ag\u00eancia para o Desenvolvimento da Bacia da Lagoa Mirim<\/li>\n<li>Acervo Mestra Gri\u00f4 Sirley Amaro<\/li>\n<\/ul>\n<p style=\"text-align: left;\">Os dois cursos de gradua\u00e7\u00e3o voltados para a quest\u00e3o patrimonial &#8211; o Curso de Museologia e o Curso de Conserva\u00e7\u00e3o e Restaura\u00e7\u00e3o &#8211; tamb\u00e9m t\u00eam representa\u00e7\u00e3o e atuam na Rede de Museus da UFPel.<\/p>\n<div style=\"clear: both; text-align: left;\"><\/div>\n","protected":false},"excerpt":{"rendered":"<p>A Rede de Museus da Universidade Federal de Pelotas (UFPel) \u00e9 um \u00f3rg\u00e3o suplementar da Pr\u00f3-Reitoria de Extens\u00e3o e Cultura (PREC) que tem por miss\u00e3o unir as institui\u00e7\u00f5es, projetos museol\u00f3gicos, acervos e cole\u00e7\u00f5es existentes na Universidade, visando a implanta\u00e7\u00e3o e manuten\u00e7\u00e3o de uma pol\u00edtica para a \u00e1rea, de forma a desenvolver a\u00e7\u00f5es de gest\u00e3o, valoriza\u00e7\u00e3o [&hellip;]<\/p>\n","protected":false},"author":722,"featured_media":0,"parent":0,"menu_order":0,"comment_status":"closed","ping_status":"closed","template":"page-sem-sidebar.php","meta":{"jetpack_post_was_ever_published":false,"footnotes":""},"class_list":["post-185","page","type-page","status-publish","hentry"],"jetpack_sharing_enabled":true,"jetpack_shortlink":"https:\/\/wp.me\/P8I7ve-2Z","jetpack-related-posts":[{"id":1350,"url":"https:\/\/wp.ufpel.edu.br\/rededemuseusdaufpel\/documentos\/","url_meta":{"origin":185,"position":0},"title":"Documentos","author":"rededemuseusdaufpel","date":"4 de setembro de 2020","format":false,"excerpt":"Diretrizes Para Uma Pol\u00edtica de Museus e Cole\u00e7\u00f5es Universit\u00e1rios\u00a0 Resolu\u00e7\u00e3o-CONSUN: Aprova\u00e7\u00e3o do Regimento Interno da Rede de Museus da UFPel Portaria - Composi\u00e7\u00e3o do Conselho da Rede de Museus da UFPel Anais da Semana dos Museus da UFPel E-book \"Um museu para todos: manual para programas de acessibilidade\" E-book \"Acessibilidade\u2026","rel":"","context":"Post similar","block_context":{"text":"Post similar","link":""},"img":{"alt_text":"","src":"","width":0,"height":0},"classes":[]},{"id":43,"url":"https:\/\/wp.ufpel.edu.br\/rededemuseusdaufpel\/laneira-casa-dos-museus\/","url_meta":{"origin":185,"position":1},"title":"Laneira Casa dos Museus","author":"rededemuseusdaufpel","date":"8 de maio de 2017","format":false,"excerpt":"HIST\u00d3RICO A planta industrial da f\u00e1brica Laneira Brasileira S. A. foi adquirida pela Universidade Federal de Pelotas em 2010. A partir do ano de 2012, iniciou-se o trabalho de reconhecimento e estudo de viabilidade de uso de parte do local para a implanta\u00e7\u00e3o do Museu da UFPel. No decorrer deste\u2026","rel":"","context":"Post similar","block_context":{"text":"Post similar","link":""},"img":{"alt_text":"","src":"https:\/\/i0.wp.com\/wp.ufpel.edu.br\/rededemuseusdaufpel\/files\/2017\/05\/LANEIRA_1.jpg?resize=350%2C200","width":350,"height":200},"classes":[]},{"id":34,"url":"https:\/\/wp.ufpel.edu.br\/rededemuseusdaufpel\/museu-da-ufpel\/","url_meta":{"origin":185,"position":2},"title":"Museu da UFPel","author":"rededemuseusdaufpel","date":"8 de maio de 2017","format":false,"excerpt":"HIST\u00d3RICO O Museu da UFPEL foi criado pela Portaria n. 1.327 de 06 de setembro de 2011. No m\u00eas de dezembro do mesmo ano, foi emitida a Portaria n. 1.931 que constitu\u00eda a comiss\u00e3o\u00b2 ordenada a desenvolver os atos e medidas de organiza\u00e7\u00e3o desse museu. A comiss\u00e3o finalizou o seu\u2026","rel":"","context":"Post similar","block_context":{"text":"Post similar","link":""},"img":{"alt_text":"","src":"https:\/\/i0.wp.com\/wp.ufpel.edu.br\/rededemuseusdaufpel\/files\/2017\/05\/MUSEUDAUFPEL_1.jpg?resize=350%2C200","width":350,"height":200,"srcset":"https:\/\/i0.wp.com\/wp.ufpel.edu.br\/rededemuseusdaufpel\/files\/2017\/05\/MUSEUDAUFPEL_1.jpg?resize=350%2C200 1x, https:\/\/i0.wp.com\/wp.ufpel.edu.br\/rededemuseusdaufpel\/files\/2017\/05\/MUSEUDAUFPEL_1.jpg?resize=525%2C300 1.5x, https:\/\/i0.wp.com\/wp.ufpel.edu.br\/rededemuseusdaufpel\/files\/2017\/05\/MUSEUDAUFPEL_1.jpg?resize=700%2C400 2x, https:\/\/i0.wp.com\/wp.ufpel.edu.br\/rededemuseusdaufpel\/files\/2017\/05\/MUSEUDAUFPEL_1.jpg?resize=1050%2C600 3x, https:\/\/i0.wp.com\/wp.ufpel.edu.br\/rededemuseusdaufpel\/files\/2017\/05\/MUSEUDAUFPEL_1.jpg?resize=1400%2C800 4x"},"classes":[]},{"id":533,"url":"https:\/\/wp.ufpel.edu.br\/rededemuseusdaufpel\/museu-arqueologico-e-antropologico\/","url_meta":{"origin":185,"position":3},"title":"MUARAN &#8211; MUSEU ARQUEOL\u00d3GICO E ANTROPOL\u00d3GICO","author":"rededemuseusdaufpel","date":"18 de fevereiro de 2019","format":false,"excerpt":"HIST\u00d3RICO No segundo semestre de 2008, o Prof. Dr. F\u00e1bio Vergara Cerqueira, ent\u00e3o diretor do Instituto de Ci\u00eancias Humanas da UFPel, convidou todos os arque\u00f3logos da institui\u00e7\u00e3o a participarem da implanta\u00e7\u00e3o de um novo museu arqueol\u00f3gico. A administra\u00e7\u00e3o da UFPel reconheceu os trabalhos deste grupo e constituiu comiss\u00e3o pr\u00f3pria em\u2026","rel":"","context":"Post similar","block_context":{"text":"Post similar","link":""},"img":{"alt_text":"","src":"https:\/\/i0.wp.com\/wp.ufpel.edu.br\/rededemuseusdaufpel\/files\/2019\/08\/arq1.jpg?resize=350%2C200","width":350,"height":200},"classes":[]},{"id":1170,"url":"https:\/\/wp.ufpel.edu.br\/rededemuseusdaufpel\/eventos\/","url_meta":{"origin":185,"position":4},"title":"EVENTOS","author":"rededemuseusdaufpel","date":"2 de junho de 2020","format":false,"excerpt":"Est\u00e3o dispon\u00edveis as grava\u00e7\u00f5es das apresenta\u00e7\u00f5es das comunica\u00e7\u00f5es realizadas durante o Semin\u00e1rio da Semana de Museus da UFPel 2020, entre os dias 19 e 21 de maio. Dia 19 de maio \u2013 ter\u00e7a-feira:\u00a0assista aqui. Dia 20 de maio \u2013 quarta-feira:\u00a0assista aqui. Dia 21 de maio \u2013 quinta-feira:\u00a0assista aqui. As grava\u00e7\u00f5es\u2026","rel":"","context":"Post similar","block_context":{"text":"Post similar","link":""},"img":{"alt_text":"","src":"https:\/\/i0.wp.com\/wp.ufpel.edu.br\/rededemuseusdaufpel\/files\/2020\/05\/qr-code-e1590428502232.png?resize=350%2C200&ssl=1","width":350,"height":200},"classes":[]},{"id":1361,"url":"https:\/\/wp.ufpel.edu.br\/rededemuseusdaufpel\/composicao-rede-museus-da-ufpel\/","url_meta":{"origin":185,"position":5},"title":"Composi\u00e7\u00e3o do Conselho Consultivo da Rede de Museus da UFPel","author":"rededemuseusdaufpel","date":"11 de setembro de 2020","format":false,"excerpt":"Coordena\u00e7\u00e3o de Arte, Cultura e Patrimo\u0302 nio (PREC) Eleonora Campos da Motta Santos \u2013 coordenadora da Rede de Museus Acervo do Choro de Pelotas (CA) Titular: Rafael Henrique Soares Velloso Suplente: Raul Costa d\u2019Avila Centro de mem\u00f3ria e pesquisa Hist\u00f3ria da Alfabetiza\u00e7\u00e3o, Leitura, Escrita e dos LivrosEscolares \u2013 Hisales (FaE)\u2026","rel":"","context":"Post similar","block_context":{"text":"Post similar","link":""},"img":{"alt_text":"","src":"","width":0,"height":0},"classes":[]}],"_links":{"self":[{"href":"https:\/\/wp.ufpel.edu.br\/rededemuseusdaufpel\/wp-json\/wp\/v2\/pages\/185","targetHints":{"allow":["GET"]}}],"collection":[{"href":"https:\/\/wp.ufpel.edu.br\/rededemuseusdaufpel\/wp-json\/wp\/v2\/pages"}],"about":[{"href":"https:\/\/wp.ufpel.edu.br\/rededemuseusdaufpel\/wp-json\/wp\/v2\/types\/page"}],"author":[{"embeddable":true,"href":"https:\/\/wp.ufpel.edu.br\/rededemuseusdaufpel\/wp-json\/wp\/v2\/users\/722"}],"replies":[{"embeddable":true,"href":"https:\/\/wp.ufpel.edu.br\/rededemuseusdaufpel\/wp-json\/wp\/v2\/comments?post=185"}],"version-history":[{"count":3,"href":"https:\/\/wp.ufpel.edu.br\/rededemuseusdaufpel\/wp-json\/wp\/v2\/pages\/185\/revisions"}],"predecessor-version":[{"id":2365,"href":"https:\/\/wp.ufpel.edu.br\/rededemuseusdaufpel\/wp-json\/wp\/v2\/pages\/185\/revisions\/2365"}],"wp:attachment":[{"href":"https:\/\/wp.ufpel.edu.br\/rededemuseusdaufpel\/wp-json\/wp\/v2\/media?parent=185"}],"curies":[{"name":"wp","href":"https:\/\/api.w.org\/{rel}","templated":true}]}}