{"id":1684,"date":"2020-12-04T12:25:11","date_gmt":"2020-12-04T15:25:11","guid":{"rendered":"https:\/\/wp.ufpel.edu.br\/rededemuseusdaufpel\/?page_id=1684"},"modified":"2021-06-20T15:12:16","modified_gmt":"2021-06-20T18:12:16","slug":"nucleo-de-documentacao-historica-prof-beatriz-loner","status":"publish","type":"page","link":"https:\/\/wp.ufpel.edu.br\/rededemuseusdaufpel\/nucleo-de-documentacao-historica-prof-beatriz-loner\/","title":{"rendered":"N\u00facleo de Documenta\u00e7\u00e3o Hist\u00f3rica Professora Beatriz Loner"},"content":{"rendered":"<p style=\"text-align: left\"><span lang=\"PT\">O N\u00facleo de Documenta\u00e7\u00e3o Hist\u00f3rica da Universidade Federal de Pelotas (NDH\/UFPel) foi fundado em 1990 pela Professora Doutora Beatriz Ana Loner. Desde 2018, como um tributo a mem\u00f3ria de sua fundadora, o NDH passou a se chamar: N\u00facleo de Documenta\u00e7\u00e3o Hist\u00f3rica Prof. Beatriz Loner. Destaca-se por seus acervos voltados aos mundos do trabalho \u2013 Acervo da Delegacia Regional do Trabalho do Rio Grande do Sul (1933-1968), Justi\u00e7a do Trabalho da Comarca de Pelotas e o conjunto documental sobre a Laneira Brasileira S\/A. <\/span><\/p>\n<p style=\"text-align: left\"><span lang=\"PT\">O Acervo da Delegacia Regional do Trabalho do Rio Grande do Sul (DRT\/RS) \u00e9 formado por mais de 600.000 fichas de qualifica\u00e7\u00e3o profissional, documento utilizado para solicitar carteira profissional. Outros conjuntos documentais, com tem\u00e1ticas e proced\u00eancias diversificadas, tamb\u00e9m est\u00e3o salvaguardados no NDH:<\/span><span lang=\"PT\">\u00a0Acervo UFPel, Acervo Imprensa, Acervo Sindicatos, Acervo Movimentos Estudantis, Acervo Movimentos Sociais, Acervo Partidos Pol\u00edticos, Acervo Diversos e Acervo de Revistas de Entretenimento e M\u00eddias. Estes acervos e o acervo da DRT\/RS est\u00e3o em processo de organiza\u00e7\u00e3o, cataloga\u00e7\u00e3o e digitaliza\u00e7\u00e3o, atividades desenvolvidas no projeto de extens\u00e3o: Acervos Documentais do\u00a0<\/span><span lang=\"PT\">N\u00facleo de Documenta\u00e7\u00e3o Hist\u00f3rica da Universidade Federal de Pelotas.<\/span><\/p>\n<p style=\"text-align: left\">O Acervo da Justi\u00e7a do Trabalho \u00e9 composto de processos trabalhistas da cidade de Pelotas e regi\u00e3o, uma documenta\u00e7\u00e3o da 4\u00ba Regi\u00e3o da Justi\u00e7a do Trabalho, num total de mais de 93 mil processos, abrangendo o per\u00edodo de 1936 at\u00e9 1998.<\/p>\n<p><span lang=\"PT\">Sites do NDH:<\/span><\/p>\n<p><span lang=\"PT\"><a href=\"https:\/\/wp.ufpel.edu.br\/ndh\/\" target=\"_blank\" rel=\"nofollow noopener noreferrer\" data-saferedirecturl=\"https:\/\/www.google.com\/url?q=https:\/\/wp.ufpel.edu.br\/ndh\/&amp;source=gmail&amp;ust=1607178751118000&amp;usg=AFQjCNHo5Ox6YMburHQOoQV-EIjLyUu5BA\">https:\/\/wp.ufpel.edu.br\/ndh\/<\/a><\/span><\/p>\n<p><span lang=\"PT\"><a href=\"https:\/\/wp.ufpel.edu.br\/acervosdocumentaisndh\/\" target=\"_blank\" rel=\"nofollow noopener noreferrer\" data-saferedirecturl=\"https:\/\/www.google.com\/url?q=https:\/\/wp.ufpel.edu.br\/acervosdocumentaisndh\/&amp;source=gmail&amp;ust=1607178751118000&amp;usg=AFQjCNE-SMoJK4yMQOmihPNXa1eGN_gFyw\">https:\/\/wp.ufpel.edu.br\/acervosdocumentaisndh\/<\/a><\/span><\/p>\n<div><span lang=\"PT\">Redes sociais: <a href=\"https:\/\/www.facebook.com\/ndh25\">Facebook<\/a> e <a href=\"https:\/\/www.instagram.com\/ndh.ufpel\/\">Instagram<\/a><\/span><\/div>\n<div><\/div>\n<div>\n\n\t\t<style type=\"text\/css\">\n\t\t\t#gallery-1 {\n\t\t\t\tmargin: auto;\n\t\t\t}\n\t\t\t#gallery-1 .gallery-item {\n\t\t\t\tfloat: left;\n\t\t\t\tmargin-top: 10px;\n\t\t\t\ttext-align: center;\n\t\t\t\twidth: 33%;\n\t\t\t}\n\t\t\t#gallery-1 img {\n\t\t\t\tborder: 2px solid #cfcfcf;\n\t\t\t}\n\t\t\t#gallery-1 .gallery-caption {\n\t\t\t\tmargin-left: 0;\n\t\t\t}\n\t\t\t\/* see gallery_shortcode() in wp-includes\/media.php *\/\n\t\t<\/style>\n\t\t<div data-carousel-extra='{&quot;blog_id&quot;:732,&quot;permalink&quot;:&quot;https:\/\/wp.ufpel.edu.br\/rededemuseusdaufpel\/nucleo-de-documentacao-historica-prof-beatriz-loner\/&quot;}' id='gallery-1' class='gallery galleryid-1684 gallery-columns-3 gallery-size-thumbnail'><dl class='gallery-item'>\n\t\t\t<dt class='gallery-icon portrait'>\n\t\t\t\t<a href='https:\/\/wp.ufpel.edu.br\/rededemuseusdaufpel\/nucleo-de-documentacao-historica-prof-beatriz-loner\/acervo-de-revistas-de-noticias\/'><img width=\"200\" height=\"200\" src=\"https:\/\/i0.wp.com\/wp.ufpel.edu.br\/rededemuseusdaufpel\/files\/2020\/12\/Acervo-de-Revistas-de-noticias.jpeg?resize=200%2C200&amp;ssl=1\" class=\"attachment-thumbnail size-thumbnail\" alt=\"\" srcset=\"https:\/\/i0.wp.com\/wp.ufpel.edu.br\/rededemuseusdaufpel\/files\/2020\/12\/Acervo-de-Revistas-de-noticias.jpeg?resize=200%2C200&amp;ssl=1 200w, https:\/\/i0.wp.com\/wp.ufpel.edu.br\/rededemuseusdaufpel\/files\/2020\/12\/Acervo-de-Revistas-de-noticias.jpeg?zoom=2&amp;resize=200%2C200&amp;ssl=1 400w, https:\/\/i0.wp.com\/wp.ufpel.edu.br\/rededemuseusdaufpel\/files\/2020\/12\/Acervo-de-Revistas-de-noticias.jpeg?zoom=3&amp;resize=200%2C200&amp;ssl=1 600w\" sizes=\"(max-width: 200px) 100vw, 200px\" data-attachment-id=\"1686\" data-permalink=\"https:\/\/wp.ufpel.edu.br\/rededemuseusdaufpel\/nucleo-de-documentacao-historica-prof-beatriz-loner\/acervo-de-revistas-de-noticias\/\" data-orig-file=\"https:\/\/i0.wp.com\/wp.ufpel.edu.br\/rededemuseusdaufpel\/files\/2020\/12\/Acervo-de-Revistas-de-noticias.jpeg?fit=774%2C1032&amp;ssl=1\" data-orig-size=\"774,1032\" data-comments-opened=\"0\" data-image-meta=\"{&quot;aperture&quot;:&quot;0&quot;,&quot;credit&quot;:&quot;&quot;,&quot;camera&quot;:&quot;&quot;,&quot;caption&quot;:&quot;&quot;,&quot;created_timestamp&quot;:&quot;0&quot;,&quot;copyright&quot;:&quot;&quot;,&quot;focal_length&quot;:&quot;0&quot;,&quot;iso&quot;:&quot;0&quot;,&quot;shutter_speed&quot;:&quot;0&quot;,&quot;title&quot;:&quot;&quot;,&quot;orientation&quot;:&quot;0&quot;}\" data-image-title=\"Acervo de Revistas de not\u00edcias\" data-image-description=\"\" data-image-caption=\"\" data-medium-file=\"https:\/\/i0.wp.com\/wp.ufpel.edu.br\/rededemuseusdaufpel\/files\/2020\/12\/Acervo-de-Revistas-de-noticias.jpeg?fit=300%2C400&amp;ssl=1\" data-large-file=\"https:\/\/i0.wp.com\/wp.ufpel.edu.br\/rededemuseusdaufpel\/files\/2020\/12\/Acervo-de-Revistas-de-noticias.jpeg?fit=768%2C1024&amp;ssl=1\" \/><\/a>\n\t\t\t<\/dt><\/dl><dl class='gallery-item'>\n\t\t\t<dt class='gallery-icon portrait'>\n\t\t\t\t<a href='https:\/\/wp.ufpel.edu.br\/rededemuseusdaufpel\/nucleo-de-documentacao-historica-prof-beatriz-loner\/acervo-drt-02\/'><img width=\"200\" height=\"200\" src=\"https:\/\/i0.wp.com\/wp.ufpel.edu.br\/rededemuseusdaufpel\/files\/2020\/12\/Acervo-DRT-02.jpeg?resize=200%2C200&amp;ssl=1\" class=\"attachment-thumbnail size-thumbnail\" alt=\"\" srcset=\"https:\/\/i0.wp.com\/wp.ufpel.edu.br\/rededemuseusdaufpel\/files\/2020\/12\/Acervo-DRT-02.jpeg?resize=200%2C200&amp;ssl=1 200w, https:\/\/i0.wp.com\/wp.ufpel.edu.br\/rededemuseusdaufpel\/files\/2020\/12\/Acervo-DRT-02.jpeg?zoom=2&amp;resize=200%2C200&amp;ssl=1 400w, https:\/\/i0.wp.com\/wp.ufpel.edu.br\/rededemuseusdaufpel\/files\/2020\/12\/Acervo-DRT-02.jpeg?zoom=3&amp;resize=200%2C200&amp;ssl=1 600w\" sizes=\"(max-width: 200px) 100vw, 200px\" data-attachment-id=\"1687\" data-permalink=\"https:\/\/wp.ufpel.edu.br\/rededemuseusdaufpel\/nucleo-de-documentacao-historica-prof-beatriz-loner\/acervo-drt-02\/\" data-orig-file=\"https:\/\/i0.wp.com\/wp.ufpel.edu.br\/rededemuseusdaufpel\/files\/2020\/12\/Acervo-DRT-02.jpeg?fit=774%2C1032&amp;ssl=1\" data-orig-size=\"774,1032\" data-comments-opened=\"0\" data-image-meta=\"{&quot;aperture&quot;:&quot;0&quot;,&quot;credit&quot;:&quot;&quot;,&quot;camera&quot;:&quot;&quot;,&quot;caption&quot;:&quot;&quot;,&quot;created_timestamp&quot;:&quot;0&quot;,&quot;copyright&quot;:&quot;&quot;,&quot;focal_length&quot;:&quot;0&quot;,&quot;iso&quot;:&quot;0&quot;,&quot;shutter_speed&quot;:&quot;0&quot;,&quot;title&quot;:&quot;&quot;,&quot;orientation&quot;:&quot;0&quot;}\" data-image-title=\"Acervo DRT 02\" data-image-description=\"\" data-image-caption=\"\" data-medium-file=\"https:\/\/i0.wp.com\/wp.ufpel.edu.br\/rededemuseusdaufpel\/files\/2020\/12\/Acervo-DRT-02.jpeg?fit=300%2C400&amp;ssl=1\" data-large-file=\"https:\/\/i0.wp.com\/wp.ufpel.edu.br\/rededemuseusdaufpel\/files\/2020\/12\/Acervo-DRT-02.jpeg?fit=768%2C1024&amp;ssl=1\" \/><\/a>\n\t\t\t<\/dt><\/dl><dl class='gallery-item'>\n\t\t\t<dt class='gallery-icon landscape'>\n\t\t\t\t<a href='https:\/\/wp.ufpel.edu.br\/rededemuseusdaufpel\/nucleo-de-documentacao-historica-prof-beatriz-loner\/acervo-drt-01\/'><img width=\"200\" height=\"200\" src=\"https:\/\/i0.wp.com\/wp.ufpel.edu.br\/rededemuseusdaufpel\/files\/2020\/12\/Acervo-DRT-01.jpeg?resize=200%2C200&amp;ssl=1\" class=\"attachment-thumbnail size-thumbnail\" alt=\"\" srcset=\"https:\/\/i0.wp.com\/wp.ufpel.edu.br\/rededemuseusdaufpel\/files\/2020\/12\/Acervo-DRT-01.jpeg?resize=200%2C200&amp;ssl=1 200w, https:\/\/i0.wp.com\/wp.ufpel.edu.br\/rededemuseusdaufpel\/files\/2020\/12\/Acervo-DRT-01.jpeg?zoom=2&amp;resize=200%2C200&amp;ssl=1 400w, https:\/\/i0.wp.com\/wp.ufpel.edu.br\/rededemuseusdaufpel\/files\/2020\/12\/Acervo-DRT-01.jpeg?zoom=3&amp;resize=200%2C200&amp;ssl=1 600w\" sizes=\"(max-width: 200px) 100vw, 200px\" data-attachment-id=\"1688\" data-permalink=\"https:\/\/wp.ufpel.edu.br\/rededemuseusdaufpel\/nucleo-de-documentacao-historica-prof-beatriz-loner\/acervo-drt-01\/\" data-orig-file=\"https:\/\/i0.wp.com\/wp.ufpel.edu.br\/rededemuseusdaufpel\/files\/2020\/12\/Acervo-DRT-01.jpeg?fit=1032%2C774&amp;ssl=1\" data-orig-size=\"1032,774\" data-comments-opened=\"0\" data-image-meta=\"{&quot;aperture&quot;:&quot;0&quot;,&quot;credit&quot;:&quot;&quot;,&quot;camera&quot;:&quot;&quot;,&quot;caption&quot;:&quot;&quot;,&quot;created_timestamp&quot;:&quot;0&quot;,&quot;copyright&quot;:&quot;&quot;,&quot;focal_length&quot;:&quot;0&quot;,&quot;iso&quot;:&quot;0&quot;,&quot;shutter_speed&quot;:&quot;0&quot;,&quot;title&quot;:&quot;&quot;,&quot;orientation&quot;:&quot;0&quot;}\" data-image-title=\"Acervo DRT 01\" data-image-description=\"\" data-image-caption=\"\" data-medium-file=\"https:\/\/i0.wp.com\/wp.ufpel.edu.br\/rededemuseusdaufpel\/files\/2020\/12\/Acervo-DRT-01.jpeg?fit=400%2C300&amp;ssl=1\" data-large-file=\"https:\/\/i0.wp.com\/wp.ufpel.edu.br\/rededemuseusdaufpel\/files\/2020\/12\/Acervo-DRT-01.jpeg?fit=1024%2C768&amp;ssl=1\" \/><\/a>\n\t\t\t<\/dt><\/dl><br style=\"clear: both\" \/>\n\t\t<\/div>\n\n<\/div>\n","protected":false},"excerpt":{"rendered":"<p>O N\u00facleo de Documenta\u00e7\u00e3o Hist\u00f3rica da Universidade Federal de Pelotas (NDH\/UFPel) foi fundado em 1990 pela Professora Doutora Beatriz Ana Loner. Desde 2018, como um tributo a mem\u00f3ria de sua fundadora, o NDH passou a se chamar: N\u00facleo de Documenta\u00e7\u00e3o Hist\u00f3rica Prof. Beatriz Loner. Destaca-se por seus acervos voltados aos mundos do trabalho \u2013 Acervo [&hellip;]<\/p>\n","protected":false},"author":722,"featured_media":0,"parent":0,"menu_order":0,"comment_status":"closed","ping_status":"closed","template":"","meta":{"jetpack_post_was_ever_published":false,"footnotes":""},"class_list":["post-1684","page","type-page","status-publish","hentry"],"jetpack_sharing_enabled":true,"jetpack_shortlink":"https:\/\/wp.me\/P8I7ve-ra","jetpack-related-posts":[{"id":185,"url":"https:\/\/wp.ufpel.edu.br\/rededemuseusdaufpel\/a-rede\/","url_meta":{"origin":1684,"position":0},"title":"A Rede","author":"rededemuseusdaufpel","date":"15 de janeiro de 2019","format":false,"excerpt":"A Rede de Museus da Universidade Federal de Pelotas (UFPel) \u00e9 um \u00f3rg\u00e3o suplementar da Pr\u00f3-Reitoria de Extens\u00e3o e Cultura (PREC) que tem por miss\u00e3o unir as institui\u00e7\u00f5es, projetos museol\u00f3gicos, acervos e cole\u00e7\u00f5es existentes na Universidade, visando a implanta\u00e7\u00e3o e manuten\u00e7\u00e3o de uma pol\u00edtica para a \u00e1rea, de forma a\u2026","rel":"","context":"Post similar","block_context":{"text":"Post similar","link":""},"img":{"alt_text":"","src":"","width":0,"height":0},"classes":[]},{"id":1361,"url":"https:\/\/wp.ufpel.edu.br\/rededemuseusdaufpel\/composicao-rede-museus-da-ufpel\/","url_meta":{"origin":1684,"position":1},"title":"Composi\u00e7\u00e3o do Conselho Consultivo da Rede de Museus da UFPel","author":"rededemuseusdaufpel","date":"11 de setembro de 2020","format":false,"excerpt":"Coordena\u00e7\u00e3o de Arte, Cultura e Patrimo\u0302 nio (PREC) Eleonora Campos da Motta Santos \u2013 coordenadora da Rede de Museus Acervo do Choro de Pelotas (CA) Titular: Rafael Henrique Soares Velloso Suplente: Raul Costa d\u2019Avila Centro de mem\u00f3ria e pesquisa Hist\u00f3ria da Alfabetiza\u00e7\u00e3o, Leitura, Escrita e dos LivrosEscolares \u2013 Hisales (FaE)\u2026","rel":"","context":"Post similar","block_context":{"text":"Post similar","link":""},"img":{"alt_text":"","src":"","width":0,"height":0},"classes":[]},{"id":43,"url":"https:\/\/wp.ufpel.edu.br\/rededemuseusdaufpel\/laneira-casa-dos-museus\/","url_meta":{"origin":1684,"position":2},"title":"Laneira Casa dos Museus","author":"rededemuseusdaufpel","date":"8 de maio de 2017","format":false,"excerpt":"HIST\u00d3RICO A planta industrial da f\u00e1brica Laneira Brasileira S. A. foi adquirida pela Universidade Federal de Pelotas em 2010. A partir do ano de 2012, iniciou-se o trabalho de reconhecimento e estudo de viabilidade de uso de parte do local para a implanta\u00e7\u00e3o do Museu da UFPel. No decorrer deste\u2026","rel":"","context":"Post similar","block_context":{"text":"Post similar","link":""},"img":{"alt_text":"","src":"https:\/\/i0.wp.com\/wp.ufpel.edu.br\/rededemuseusdaufpel\/files\/2017\/05\/LANEIRA_1.jpg?resize=350%2C200","width":350,"height":200},"classes":[]},{"id":34,"url":"https:\/\/wp.ufpel.edu.br\/rededemuseusdaufpel\/museu-da-ufpel\/","url_meta":{"origin":1684,"position":3},"title":"Museu da UFPel","author":"rededemuseusdaufpel","date":"8 de maio de 2017","format":false,"excerpt":"HIST\u00d3RICO O Museu da UFPEL foi criado pela Portaria n. 1.327 de 06 de setembro de 2011. No m\u00eas de dezembro do mesmo ano, foi emitida a Portaria n. 1.931 que constitu\u00eda a comiss\u00e3o\u00b2 ordenada a desenvolver os atos e medidas de organiza\u00e7\u00e3o desse museu. A comiss\u00e3o finalizou o seu\u2026","rel":"","context":"Post similar","block_context":{"text":"Post similar","link":""},"img":{"alt_text":"","src":"https:\/\/i0.wp.com\/wp.ufpel.edu.br\/rededemuseusdaufpel\/files\/2017\/05\/MUSEUDAUFPEL_1.jpg?resize=350%2C200","width":350,"height":200,"srcset":"https:\/\/i0.wp.com\/wp.ufpel.edu.br\/rededemuseusdaufpel\/files\/2017\/05\/MUSEUDAUFPEL_1.jpg?resize=350%2C200 1x, https:\/\/i0.wp.com\/wp.ufpel.edu.br\/rededemuseusdaufpel\/files\/2017\/05\/MUSEUDAUFPEL_1.jpg?resize=525%2C300 1.5x, https:\/\/i0.wp.com\/wp.ufpel.edu.br\/rededemuseusdaufpel\/files\/2017\/05\/MUSEUDAUFPEL_1.jpg?resize=700%2C400 2x, https:\/\/i0.wp.com\/wp.ufpel.edu.br\/rededemuseusdaufpel\/files\/2017\/05\/MUSEUDAUFPEL_1.jpg?resize=1050%2C600 3x, https:\/\/i0.wp.com\/wp.ufpel.edu.br\/rededemuseusdaufpel\/files\/2017\/05\/MUSEUDAUFPEL_1.jpg?resize=1400%2C800 4x"},"classes":[]},{"id":1408,"url":"https:\/\/wp.ufpel.edu.br\/rededemuseusdaufpel\/fototeca-memoria-da-ufpel\/","url_meta":{"origin":1684,"position":4},"title":"Fototeca Mem\u00f3ria da UFpel","author":"rededemuseusdaufpel","date":"1 de outubro de 2020","format":false,"excerpt":"Hist\u00f3ria A atual Fototeca Mem\u00f3ria da Universidade Federal de Pelotas surgiu com o t\u00edtulo de Arquivo Fotogr\u00e1fico Mem\u00f3ria da Universidade Federal de Pelotas em junho de 2009, como projeto de extens\u00e3o vinculado ao Museu de Arte Leopoldo Gotuzzo. Em outubro de 2011 migrou para o Departamento de Museologia, Conserva\u00e7\u00e3o e\u2026","rel":"","context":"Post similar","block_context":{"text":"Post similar","link":""},"img":{"alt_text":"","src":"https:\/\/i0.wp.com\/wp.ufpel.edu.br\/rededemuseusdaufpel\/files\/2020\/10\/WhatsApp-Image-2020-09-28-at-15.07.58-1.jpeg?resize=350%2C200","width":350,"height":200,"srcset":"https:\/\/i0.wp.com\/wp.ufpel.edu.br\/rededemuseusdaufpel\/files\/2020\/10\/WhatsApp-Image-2020-09-28-at-15.07.58-1.jpeg?resize=350%2C200 1x, https:\/\/i0.wp.com\/wp.ufpel.edu.br\/rededemuseusdaufpel\/files\/2020\/10\/WhatsApp-Image-2020-09-28-at-15.07.58-1.jpeg?resize=525%2C300 1.5x, https:\/\/i0.wp.com\/wp.ufpel.edu.br\/rededemuseusdaufpel\/files\/2020\/10\/WhatsApp-Image-2020-09-28-at-15.07.58-1.jpeg?resize=700%2C400 2x, https:\/\/i0.wp.com\/wp.ufpel.edu.br\/rededemuseusdaufpel\/files\/2020\/10\/WhatsApp-Image-2020-09-28-at-15.07.58-1.jpeg?resize=1050%2C600 3x"},"classes":[]},{"id":1673,"url":"https:\/\/wp.ufpel.edu.br\/rededemuseusdaufpel\/acervo-do-choro-de-pelotas\/","url_meta":{"origin":1684,"position":5},"title":"Acervo do Choro de Pelotas","author":"rededemuseusdaufpel","date":"3 de dezembro de 2020","format":false,"excerpt":"O Acervo do Choro de Pelotas \u00e9 fruto de uma pesquisa que vem sendo desenvolvida desde 2002, a partir do projeto coordenado pelo professor Raul Costa D'Avilla e a antrop\u00f3loga Ana Paula Silveira. Em 2016 o projeto ganhou o apoio do Clube do Choro de Pelotas e o refor\u00e7o do\u2026","rel":"","context":"Post similar","block_context":{"text":"Post similar","link":""},"img":{"alt_text":"","src":"https:\/\/i0.wp.com\/wp.ufpel.edu.br\/rededemuseusdaufpel\/files\/2020\/12\/Avendano-e-Cavaquinho-II.jpg?resize=350%2C200","width":350,"height":200,"srcset":"https:\/\/i0.wp.com\/wp.ufpel.edu.br\/rededemuseusdaufpel\/files\/2020\/12\/Avendano-e-Cavaquinho-II.jpg?resize=350%2C200 1x, https:\/\/i0.wp.com\/wp.ufpel.edu.br\/rededemuseusdaufpel\/files\/2020\/12\/Avendano-e-Cavaquinho-II.jpg?resize=525%2C300 1.5x, https:\/\/i0.wp.com\/wp.ufpel.edu.br\/rededemuseusdaufpel\/files\/2020\/12\/Avendano-e-Cavaquinho-II.jpg?resize=700%2C400 2x"},"classes":[]}],"_links":{"self":[{"href":"https:\/\/wp.ufpel.edu.br\/rededemuseusdaufpel\/wp-json\/wp\/v2\/pages\/1684","targetHints":{"allow":["GET"]}}],"collection":[{"href":"https:\/\/wp.ufpel.edu.br\/rededemuseusdaufpel\/wp-json\/wp\/v2\/pages"}],"about":[{"href":"https:\/\/wp.ufpel.edu.br\/rededemuseusdaufpel\/wp-json\/wp\/v2\/types\/page"}],"author":[{"embeddable":true,"href":"https:\/\/wp.ufpel.edu.br\/rededemuseusdaufpel\/wp-json\/wp\/v2\/users\/722"}],"replies":[{"embeddable":true,"href":"https:\/\/wp.ufpel.edu.br\/rededemuseusdaufpel\/wp-json\/wp\/v2\/comments?post=1684"}],"version-history":[{"count":7,"href":"https:\/\/wp.ufpel.edu.br\/rededemuseusdaufpel\/wp-json\/wp\/v2\/pages\/1684\/revisions"}],"predecessor-version":[{"id":1985,"href":"https:\/\/wp.ufpel.edu.br\/rededemuseusdaufpel\/wp-json\/wp\/v2\/pages\/1684\/revisions\/1985"}],"wp:attachment":[{"href":"https:\/\/wp.ufpel.edu.br\/rededemuseusdaufpel\/wp-json\/wp\/v2\/media?parent=1684"}],"curies":[{"name":"wp","href":"https:\/\/api.w.org\/{rel}","templated":true}]}}