{"id":1440,"date":"2020-10-08T15:46:04","date_gmt":"2020-10-08T18:46:04","guid":{"rendered":"https:\/\/wp.ufpel.edu.br\/rededemuseusdaufpel\/?page_id=1440"},"modified":"2021-11-25T16:48:25","modified_gmt":"2021-11-25T19:48:25","slug":"museu-diarios-do-isolamento-mudi","status":"publish","type":"page","link":"https:\/\/wp.ufpel.edu.br\/rededemuseusdaufpel\/museu-diarios-do-isolamento-mudi\/","title":{"rendered":"Museu Di\u00e1rios do Isolamento (MuDI)"},"content":{"rendered":"<p style=\"text-align: left\">O Museu Di\u00e1rios do Isolamento (MuDI) \u00e9 um projeto de extens\u00e3o, vinculado ao N\u00facleo de Estudos Sobre Museus, Ci\u00eancia e Sociedade (NEMuCS), do Departamento de Museologia, Conserva\u00e7\u00e3o e Restauro, do Instituto de Ci\u00eancias Humanas da Universidade Federal de Pelotas. Sediado em territ\u00f3rio digital, \u00e9 um\u00a0<em>museu de virtuais conex\u00f5es<\/em>, no qual a navega\u00e7\u00e3o \u00e9 potencializadora de\u00a0<em>mudan\u00e7as<\/em>. A ci\u00eancia muda a vida e dialogar com a ci\u00eancia muda a sociedade. Portanto, deve ser a fluidez da mudan\u00e7a a base da\u00a0<em>mem\u00f3ria do novo<\/em>, na qual a incerteza do devir est\u00e1 conscientemente assegurada na certeza do conhecimento.<\/p>\n<p><img data-recalc-dims=\"1\" data-attachment-id=\"1442\" data-permalink=\"https:\/\/wp.ufpel.edu.br\/rededemuseusdaufpel\/museu-diarios-do-isolamento-mudi\/480bc1a9-bdb1-46b0-b9c3-8922b6dc07d9\/\" data-orig-file=\"https:\/\/i0.wp.com\/wp.ufpel.edu.br\/rededemuseusdaufpel\/files\/2020\/10\/480bc1a9-bdb1-46b0-b9c3-8922b6dc07d9.jpg?fit=1000%2C1000&amp;ssl=1\" data-orig-size=\"1000,1000\" data-comments-opened=\"0\" data-image-meta=\"{&quot;aperture&quot;:&quot;0&quot;,&quot;credit&quot;:&quot;&quot;,&quot;camera&quot;:&quot;&quot;,&quot;caption&quot;:&quot;&quot;,&quot;created_timestamp&quot;:&quot;0&quot;,&quot;copyright&quot;:&quot;&quot;,&quot;focal_length&quot;:&quot;0&quot;,&quot;iso&quot;:&quot;0&quot;,&quot;shutter_speed&quot;:&quot;0&quot;,&quot;title&quot;:&quot;&quot;,&quot;orientation&quot;:&quot;0&quot;}\" data-image-title=\"480bc1a9-bdb1-46b0-b9c3-8922b6dc07d9\" data-image-description=\"\" data-image-caption=\"\" data-medium-file=\"https:\/\/i0.wp.com\/wp.ufpel.edu.br\/rededemuseusdaufpel\/files\/2020\/10\/480bc1a9-bdb1-46b0-b9c3-8922b6dc07d9.jpg?fit=400%2C400&amp;ssl=1\" data-large-file=\"https:\/\/i0.wp.com\/wp.ufpel.edu.br\/rededemuseusdaufpel\/files\/2020\/10\/480bc1a9-bdb1-46b0-b9c3-8922b6dc07d9.jpg?fit=1000%2C1000&amp;ssl=1\" class=\"aligncenter wp-image-1442 size-thumbnail\" src=\"https:\/\/i0.wp.com\/wp.ufpel.edu.br\/rededemuseusdaufpel\/files\/2020\/10\/480bc1a9-bdb1-46b0-b9c3-8922b6dc07d9.jpg?resize=200%2C200&#038;ssl=1\" alt=\"\" width=\"200\" height=\"200\" srcset=\"https:\/\/i0.wp.com\/wp.ufpel.edu.br\/rededemuseusdaufpel\/files\/2020\/10\/480bc1a9-bdb1-46b0-b9c3-8922b6dc07d9.jpg?resize=200%2C200&amp;ssl=1 200w, https:\/\/i0.wp.com\/wp.ufpel.edu.br\/rededemuseusdaufpel\/files\/2020\/10\/480bc1a9-bdb1-46b0-b9c3-8922b6dc07d9.jpg?resize=400%2C400&amp;ssl=1 400w, https:\/\/i0.wp.com\/wp.ufpel.edu.br\/rededemuseusdaufpel\/files\/2020\/10\/480bc1a9-bdb1-46b0-b9c3-8922b6dc07d9.jpg?resize=768%2C768&amp;ssl=1 768w, https:\/\/i0.wp.com\/wp.ufpel.edu.br\/rededemuseusdaufpel\/files\/2020\/10\/480bc1a9-bdb1-46b0-b9c3-8922b6dc07d9.jpg?w=1000&amp;ssl=1 1000w\" sizes=\"(max-width: 200px) 100vw, 200px\" \/><\/p>\n<p>&nbsp;<\/p>\n<p>Contato:<\/p>\n<p>Site: <a href=\"https:\/\/acervosvirtuais.ufpel.edu.br\/mudi\/\">acervosvirtuais.ufpel.edu.br\/mudi\/<\/a><\/p>\n<p>Facebook: <a href=\"http:\/\/facebook.com\/ufpelmudi\">facebook.com\/ufpelmudi<\/a><\/p>\n<p>Twitter:<a href=\"http:\/\/twitter.com\/MuDIUFPel\"> twitter.com\/MuDIUFPel<\/a><\/p>\n<p>Instagram: <a href=\"http:\/\/instagram.com\/mudiufpel\/\">instagram.com\/mudiufpel\/<\/a><\/p>\n","protected":false},"excerpt":{"rendered":"<p>O Museu Di\u00e1rios do Isolamento (MuDI) \u00e9 um projeto de extens\u00e3o, vinculado ao N\u00facleo de Estudos Sobre Museus, Ci\u00eancia e Sociedade (NEMuCS), do Departamento de Museologia, Conserva\u00e7\u00e3o e Restauro, do Instituto de Ci\u00eancias Humanas da Universidade Federal de Pelotas. Sediado em territ\u00f3rio digital, \u00e9 um\u00a0museu de virtuais conex\u00f5es, no qual a navega\u00e7\u00e3o \u00e9 potencializadora de\u00a0mudan\u00e7as. [&hellip;]<\/p>\n","protected":false},"author":722,"featured_media":0,"parent":0,"menu_order":0,"comment_status":"closed","ping_status":"closed","template":"","meta":{"jetpack_post_was_ever_published":false,"footnotes":""},"class_list":["post-1440","page","type-page","status-publish","hentry"],"jetpack_sharing_enabled":true,"jetpack_shortlink":"https:\/\/wp.me\/P8I7ve-ne","jetpack-related-posts":[{"id":1361,"url":"https:\/\/wp.ufpel.edu.br\/rededemuseusdaufpel\/composicao-rede-museus-da-ufpel\/","url_meta":{"origin":1440,"position":0},"title":"Composi\u00e7\u00e3o do Conselho Consultivo da Rede de Museus da UFPel","author":"rededemuseusdaufpel","date":"11 de setembro de 2020","format":false,"excerpt":"Coordena\u00e7\u00e3o de Arte, Cultura e Patrimo\u0302 nio (PREC) Eleonora Campos da Motta Santos \u2013 coordenadora da Rede de Museus Acervo do Choro de Pelotas (CA) Titular: Rafael Henrique Soares Velloso Suplente: Raul Costa d\u2019Avila Centro de mem\u00f3ria e pesquisa Hist\u00f3ria da Alfabetiza\u00e7\u00e3o, Leitura, Escrita e dos LivrosEscolares \u2013 Hisales (FaE)\u2026","rel":"","context":"Post similar","block_context":{"text":"Post similar","link":""},"img":{"alt_text":"","src":"","width":0,"height":0},"classes":[]},{"id":185,"url":"https:\/\/wp.ufpel.edu.br\/rededemuseusdaufpel\/a-rede\/","url_meta":{"origin":1440,"position":1},"title":"A Rede","author":"rededemuseusdaufpel","date":"15 de janeiro de 2019","format":false,"excerpt":"A Rede de Museus da Universidade Federal de Pelotas (UFPel) \u00e9 um \u00f3rg\u00e3o suplementar da Pr\u00f3-Reitoria de Extens\u00e3o e Cultura (PREC) que tem por miss\u00e3o unir as institui\u00e7\u00f5es, projetos museol\u00f3gicos, acervos e cole\u00e7\u00f5es existentes na Universidade, visando a implanta\u00e7\u00e3o e manuten\u00e7\u00e3o de uma pol\u00edtica para a \u00e1rea, de forma a\u2026","rel":"","context":"Post similar","block_context":{"text":"Post similar","link":""},"img":{"alt_text":"","src":"","width":0,"height":0},"classes":[]},{"id":527,"url":"https:\/\/wp.ufpel.edu.br\/rededemuseusdaufpel\/projeto-de-extensao-museu-historico-de-morro-redondo\/","url_meta":{"origin":1440,"position":2},"title":"Projeto de Extens\u00e3o \u201cMUSEU HIST\u00d3RICO DE MORRO REDONDO\u201d","author":"rededemuseusdaufpel","date":"18 de fevereiro de 2019","format":false,"excerpt":"Miss\u00e3o O Museu Hist\u00f3rico de Morro Redondo (MHMR) tem como miss\u00e3o promover a reflex\u00e3o, observa\u00e7\u00e3o e intera\u00e7\u00e3o da sociedade com o patrim\u00f4nio cultural do munic\u00edpio, traduzido por suas hist\u00f3rias, mem\u00f3rias e lugares. Assume como compromisso, igualmente, a preserva\u00e7\u00e3o e comunica\u00e7\u00e3o dos bens culturais sob sua guarda, enfatizando seus valores educativo,\u2026","rel":"","context":"Post similar","block_context":{"text":"Post similar","link":""},"img":{"alt_text":"","src":"https:\/\/i0.wp.com\/wp.ufpel.edu.br\/rededemuseusdaufpel\/files\/2021\/04\/1.jpg?resize=350%2C200","width":350,"height":200,"srcset":"https:\/\/i0.wp.com\/wp.ufpel.edu.br\/rededemuseusdaufpel\/files\/2021\/04\/1.jpg?resize=350%2C200 1x, https:\/\/i0.wp.com\/wp.ufpel.edu.br\/rededemuseusdaufpel\/files\/2021\/04\/1.jpg?resize=525%2C300 1.5x, https:\/\/i0.wp.com\/wp.ufpel.edu.br\/rededemuseusdaufpel\/files\/2021\/04\/1.jpg?resize=700%2C400 2x"},"classes":[]},{"id":1435,"url":"https:\/\/wp.ufpel.edu.br\/rededemuseusdaufpel\/museu-afro-brasil-sul\/","url_meta":{"origin":1440,"position":3},"title":"Museu Afro-Brasil-Sul","author":"rededemuseusdaufpel","date":"8 de outubro de 2020","format":false,"excerpt":"Pela Prof. Maristela Machado Corr\u00eaa O\u00a0 Museu\u00a0 Afro-Brasil-Sul\u00a0(MABSul), vinculado ao\u00a0Centro de Artes, \u00e9 uma A\u00e7\u00e3o Afirmativa que pertence \u00e0 Divis\u00e3o de Pesquisa e Extens\u00e3o da Universidade Federal de Pelotas \u2013 UFPel, coordenado pela Prof. Dra.\u00a0Rosemar Lemos\u00a0e sediado no site dessa Universidade. Do ponto de vista hist\u00f3rico, o Projeto MABSul\u00a0 consolida\u2026","rel":"","context":"Post similar","block_context":{"text":"Post similar","link":""},"img":{"alt_text":"","src":"","width":0,"height":0},"classes":[]},{"id":384,"url":"https:\/\/wp.ufpel.edu.br\/rededemuseusdaufpel\/museu-das-coisas-banais-2\/","url_meta":{"origin":1440,"position":4},"title":"MUSEU DAS COISAS BANAIS","author":"rededemuseusdaufpel","date":"16 de janeiro de 2019","format":false,"excerpt":"Miss\u00e3o Sua miss\u00e3o \u00e9 preservar no espa\u00e7o virtual atrav\u00e9s do compartilhamento de mem\u00f3rias, todo e qualquer objeto, com valor afetivo, pertencente a toda e qualquer pessoa. Para tanto intenciona ampliar e democratizar a constitui\u00e7\u00e3o de acervos, construindo um museu virtual formado por objetos banais. Ao discutir o valor atribu\u00eddo aos\u2026","rel":"","context":"Post similar","block_context":{"text":"Post similar","link":""},"img":{"alt_text":"","src":"https:\/\/i0.wp.com\/wp.ufpel.edu.br\/rededemuseusdaufpel\/files\/2019\/02\/museu-coisas-400x400.png?resize=350%2C200&ssl=1","width":350,"height":200},"classes":[]},{"id":234,"url":"https:\/\/wp.ufpel.edu.br\/rededemuseusdaufpel\/museu-de-ciencias-naturais-carlos-ritter\/","url_meta":{"origin":1440,"position":5},"title":"MUSEU DE CI\u00caNCIAS NATURAIS CARLOS RITTER","author":"rededemuseusdaufpel","date":"15 de janeiro de 2019","format":false,"excerpt":"Miss\u00e3o O Museu de Ci\u00eancias Naturais Carlos Ritter tem por miss\u00e3o realizar atividades voltadas ao ensino, \u00e0 pesquisa e \u00e0 extens\u00e3o universit\u00e1ria. Sua tem\u00e1tica foca na \u00e1rea das ci\u00eancias naturais, em especial a Zoologia e a Paleozoologia, al\u00e9m das \u00e1reas do conhecimento biol\u00f3gico correlatas. Hist\u00f3ria O Museu de Ci\u00eancias Naturais\u2026","rel":"","context":"Post similar","block_context":{"text":"Post similar","link":""},"img":{"alt_text":"","src":"https:\/\/i0.wp.com\/wp.ufpel.edu.br\/rededemuseusdaufpel\/files\/2020\/05\/m1-min-scaled.jpg?resize=350%2C200","width":350,"height":200,"srcset":"https:\/\/i0.wp.com\/wp.ufpel.edu.br\/rededemuseusdaufpel\/files\/2020\/05\/m1-min-scaled.jpg?resize=350%2C200 1x, https:\/\/i0.wp.com\/wp.ufpel.edu.br\/rededemuseusdaufpel\/files\/2020\/05\/m1-min-scaled.jpg?resize=525%2C300 1.5x, https:\/\/i0.wp.com\/wp.ufpel.edu.br\/rededemuseusdaufpel\/files\/2020\/05\/m1-min-scaled.jpg?resize=700%2C400 2x, https:\/\/i0.wp.com\/wp.ufpel.edu.br\/rededemuseusdaufpel\/files\/2020\/05\/m1-min-scaled.jpg?resize=1050%2C600 3x, https:\/\/i0.wp.com\/wp.ufpel.edu.br\/rededemuseusdaufpel\/files\/2020\/05\/m1-min-scaled.jpg?resize=1400%2C800 4x"},"classes":[]}],"_links":{"self":[{"href":"https:\/\/wp.ufpel.edu.br\/rededemuseusdaufpel\/wp-json\/wp\/v2\/pages\/1440","targetHints":{"allow":["GET"]}}],"collection":[{"href":"https:\/\/wp.ufpel.edu.br\/rededemuseusdaufpel\/wp-json\/wp\/v2\/pages"}],"about":[{"href":"https:\/\/wp.ufpel.edu.br\/rededemuseusdaufpel\/wp-json\/wp\/v2\/types\/page"}],"author":[{"embeddable":true,"href":"https:\/\/wp.ufpel.edu.br\/rededemuseusdaufpel\/wp-json\/wp\/v2\/users\/722"}],"replies":[{"embeddable":true,"href":"https:\/\/wp.ufpel.edu.br\/rededemuseusdaufpel\/wp-json\/wp\/v2\/comments?post=1440"}],"version-history":[{"count":6,"href":"https:\/\/wp.ufpel.edu.br\/rededemuseusdaufpel\/wp-json\/wp\/v2\/pages\/1440\/revisions"}],"predecessor-version":[{"id":2033,"href":"https:\/\/wp.ufpel.edu.br\/rededemuseusdaufpel\/wp-json\/wp\/v2\/pages\/1440\/revisions\/2033"}],"wp:attachment":[{"href":"https:\/\/wp.ufpel.edu.br\/rededemuseusdaufpel\/wp-json\/wp\/v2\/media?parent=1440"}],"curies":[{"name":"wp","href":"https:\/\/api.w.org\/{rel}","templated":true}]}}