{"id":26,"date":"2015-09-18T17:01:05","date_gmt":"2015-09-18T20:01:05","guid":{"rendered":"https:\/\/wp.ufpel.edu.br\/redecolabora\/?page_id=26"},"modified":"2017-05-31T01:16:56","modified_gmt":"2017-05-31T04:16:56","slug":"contato","status":"publish","type":"page","link":"https:\/\/wp.ufpel.edu.br\/redecolabora\/contato\/","title":{"rendered":"Contato"},"content":{"rendered":"<p><strong>E-mail:<\/strong> redecolabora2014@gmail.com<\/p>\n<p><strong>Coordena\u00e7\u00e3o do Programa<\/strong>: Profa. Rozane da Silveira Alves<\/p>\n<p><strong>Equipe:<\/strong><\/p>\n<p>Prof. Dr. Andr\u00e9 Luis Andrejew Ferreira &#8211; IFM\/UFPel<\/p>\n<p>Prof. Dr. Josias Pereira &#8211; Centro de Artes\/UFPel<\/p>\n<p>Prof. Thais Philipsen Grutzmann &#8211; IFM\/UFPel<\/p>\n<p><strong>Endere\u00e7o:<\/strong> Rua Gomes Carneiro, 01, Bloco B, 3\u00ba pavimento, sala 302<\/p>\n<p><strong>Telefones:<\/strong> (53) 3284-3867 e (53) 3284-3868<\/p>\n","protected":false},"excerpt":{"rendered":"<p>E-mail: redecolabora2014@gmail.com Coordena\u00e7\u00e3o do Programa: Profa. Rozane da Silveira Alves Equipe: Prof. Dr. Andr\u00e9 Luis Andrejew Ferreira &#8211; IFM\/UFPel Prof. Dr. Josias Pereira &#8211; Centro de Artes\/UFPel Prof. Thais Philipsen Grutzmann &#8211; IFM\/UFPel Endere\u00e7o: Rua Gomes Carneiro, 01, Bloco B, 3\u00ba pavimento, sala 302 Telefones: (53) 3284-3867 e (53) 3284-3868<\/p>\n","protected":false},"author":461,"featured_media":0,"parent":0,"menu_order":0,"comment_status":"closed","ping_status":"closed","template":"","meta":{"footnotes":""},"class_list":["post-26","page","type-page","status-publish","hentry"],"_links":{"self":[{"href":"https:\/\/wp.ufpel.edu.br\/redecolabora\/wp-json\/wp\/v2\/pages\/26","targetHints":{"allow":["GET"]}}],"collection":[{"href":"https:\/\/wp.ufpel.edu.br\/redecolabora\/wp-json\/wp\/v2\/pages"}],"about":[{"href":"https:\/\/wp.ufpel.edu.br\/redecolabora\/wp-json\/wp\/v2\/types\/page"}],"author":[{"embeddable":true,"href":"https:\/\/wp.ufpel.edu.br\/redecolabora\/wp-json\/wp\/v2\/users\/461"}],"replies":[{"embeddable":true,"href":"https:\/\/wp.ufpel.edu.br\/redecolabora\/wp-json\/wp\/v2\/comments?post=26"}],"version-history":[{"count":6,"href":"https:\/\/wp.ufpel.edu.br\/redecolabora\/wp-json\/wp\/v2\/pages\/26\/revisions"}],"predecessor-version":[{"id":94,"href":"https:\/\/wp.ufpel.edu.br\/redecolabora\/wp-json\/wp\/v2\/pages\/26\/revisions\/94"}],"wp:attachment":[{"href":"https:\/\/wp.ufpel.edu.br\/redecolabora\/wp-json\/wp\/v2\/media?parent=26"}],"curies":[{"name":"wp","href":"https:\/\/api.w.org\/{rel}","templated":true}]}}