{"id":2,"date":"2014-10-31T19:05:03","date_gmt":"2014-10-31T19:05:03","guid":{"rendered":"https:\/\/wp.ufpel.edu.br\/redecolabora\/?page_id=2"},"modified":"2017-05-31T01:13:26","modified_gmt":"2017-05-31T04:13:26","slug":"pagina-exemplo","status":"publish","type":"page","link":"https:\/\/wp.ufpel.edu.br\/redecolabora\/pagina-exemplo\/","title":{"rendered":"Sobre"},"content":{"rendered":"<p style=\"text-align: left\"><strong>Rede Colabora<\/strong> \u00e9 um programa\u00a0que tem como objetivo a \u00a0forma\u00e7\u00e3o de professores para o uso das Tecnologias no Ensino. O programa \u00e9 constitu\u00eddo de v\u00e1rios projetos:<\/p>\n<ul>\n<li style=\"text-align: left\"><strong>Projeto de Extens\u00e3o Rede Colabora<\/strong>: \u00a0rede de \u00a0colabora\u00e7\u00e3o entre a UFPel e escolas de Educa\u00e7\u00e3o B\u00e1sica da rede p\u00fablica do \u00a0Rio Grande do Sul, para motivar e auxiliar na inser\u00e7\u00e3o das tecnologias no ensino.<\/li>\n<li style=\"text-align: left\"><strong>Projeto de Ensino Cria\u00e7\u00e3o de V\u00eddeos de Matem\u00e1tica B\u00e1sica para o ensino da Gradua\u00e7\u00e3o<\/strong><\/li>\n<li style=\"text-align: left\"><strong>Projeto de Pesquisa Forma\u00e7\u00e3o de Professores: uso das Tecnologias de Informa\u00e7\u00e3o e Comunica\u00e7\u00e3o (TIC) no ensino da UFPel\u00a0<\/strong><\/li>\n<li style=\"text-align: left\"><strong>Projeto de Pesquisa Utilizando\u00a0\u00a0Anima\u00e7\u00e3o no ensino de Matem\u00e1tica<\/strong><\/li>\n<\/ul>\n<p style=\"text-align: left\">Este blog tem por objetivo atualizar os participantes do programa sobre as atividades oferecidas\u00a0e publicar not\u00edcias referentes \u00e0 \u00e1rea de Educa\u00e7\u00e3o.<\/p>\n","protected":false},"excerpt":{"rendered":"<p>Rede Colabora \u00e9 um programa\u00a0que tem como objetivo a \u00a0forma\u00e7\u00e3o de professores para o uso das Tecnologias no Ensino. O programa \u00e9 constitu\u00eddo de v\u00e1rios projetos: Projeto de Extens\u00e3o Rede Colabora: \u00a0rede de \u00a0colabora\u00e7\u00e3o entre a UFPel e escolas de Educa\u00e7\u00e3o B\u00e1sica da rede p\u00fablica do \u00a0Rio Grande do Sul, para motivar e auxiliar na [&hellip;]<\/p>\n","protected":false},"author":461,"featured_media":0,"parent":0,"menu_order":0,"comment_status":"closed","ping_status":"closed","template":"","meta":{"footnotes":""},"class_list":["post-2","page","type-page","status-publish","hentry"],"_links":{"self":[{"href":"https:\/\/wp.ufpel.edu.br\/redecolabora\/wp-json\/wp\/v2\/pages\/2","targetHints":{"allow":["GET"]}}],"collection":[{"href":"https:\/\/wp.ufpel.edu.br\/redecolabora\/wp-json\/wp\/v2\/pages"}],"about":[{"href":"https:\/\/wp.ufpel.edu.br\/redecolabora\/wp-json\/wp\/v2\/types\/page"}],"author":[{"embeddable":true,"href":"https:\/\/wp.ufpel.edu.br\/redecolabora\/wp-json\/wp\/v2\/users\/461"}],"replies":[{"embeddable":true,"href":"https:\/\/wp.ufpel.edu.br\/redecolabora\/wp-json\/wp\/v2\/comments?post=2"}],"version-history":[{"count":4,"href":"https:\/\/wp.ufpel.edu.br\/redecolabora\/wp-json\/wp\/v2\/pages\/2\/revisions"}],"predecessor-version":[{"id":91,"href":"https:\/\/wp.ufpel.edu.br\/redecolabora\/wp-json\/wp\/v2\/pages\/2\/revisions\/91"}],"wp:attachment":[{"href":"https:\/\/wp.ufpel.edu.br\/redecolabora\/wp-json\/wp\/v2\/media?parent=2"}],"curies":[{"name":"wp","href":"https:\/\/api.w.org\/{rel}","templated":true}]}}