{"id":107,"date":"2017-07-13T01:23:56","date_gmt":"2017-07-13T04:23:56","guid":{"rendered":"https:\/\/wp.ufpel.edu.br\/redecolabora\/?page_id=107"},"modified":"2019-03-29T13:17:09","modified_gmt":"2019-03-29T16:17:09","slug":"documentarios","status":"publish","type":"page","link":"https:\/\/wp.ufpel.edu.br\/redecolabora\/documentarios\/","title":{"rendered":"Document\u00e1rios"},"content":{"rendered":"<p><strong>Document\u00e1rios sobre as pr\u00e1ticas de ensino, pesquisa e extens\u00e3o com tecnologias realizadas por professores da UFPel<\/strong><\/p>\n<h3> <\/h3>\n<p><strong>CENTRO DE ARTES<\/strong><\/p>\n<p><a href=\"https:\/\/www.youtube.com\/watch?v=d5JDanjLnqw\">Prof. Guilherme da Rosa &#8211; CA\/UFPel<\/a><\/p>\n<p><a href=\"https:\/\/www.youtube.com\/watch?v=xK5Uo7XzOcw\">Prof. Josias Pereira &#8211; CA\/UFPel<\/a><\/p>\n<p><a href=\"https:\/\/www.youtube.com\/watch?v=QWkSIa2VuR8\">Prof. Maristani Polidori Zamperetti &#8211; CA\/UFPel<\/a><\/p>\n<p><H3>     <\/H3><br \/>\n<strong>CENTRO DE LETRAS E COMUNICA\u00c7\u00c3O<\/strong><\/p>\n<p><a href=\"https:\/\/www.youtube.com\/watch?v=CYFzwaVQFM8\">Prof. Elton Vergara Nunes &#8211; CLC\/UFPel<\/a><\/p>\n<p><a href=\"https:\/\/www.youtube.com\/watch?v=RjGjAfcQ_YM\">Prof. Rafael Vetromille-Castro &#8211; CLC\/UFPel<\/a> <\/p>\n<p><H3>     <\/H3><br \/>\n<strong>FACULDADE DE AGRONOMIA<\/strong><\/p>\n<p><a href=\"https:\/\/www.youtube.com\/watch?v=ZuiTH9e_rbk\">Prof. Flavia Fontana Fernandes &#8211; FAEM\/UFPel<\/a><\/p>\n<p><H3>     <\/H3><br \/>\n<strong>FACULDADE DE ARQUITETURA<\/strong><\/p>\n<p><a href=\"https:\/\/www.youtube.com\/watch?v=5Int9UDRdXU\">Prof. Adriane Borda &#8211; FAURB\/UFPel<\/a><\/p>\n<p><H3>     <\/H3><br \/>\n<strong>FACULDADE DE EDUCA\u00c7\u00c3O<\/strong><\/p>\n<p><a href=\"https:\/\/www.youtube.com\/watch?v=P2WwmWbW9WM\">Prof. Rosaria Ilgenfritz Sperotto &#8211; FaE\/UFPel<\/a> <\/p>\n<p><H3>     <\/H3><br \/>\n<strong>FACULDADE DE MEDICINA<\/strong><\/p>\n<p><a href=\"https:\/\/www.youtube.com\/watch?v=Kr1XTDM60Os\">Prof. Samir Luis dos Santos Schneid &#8211; FM\/UFPel<\/a> <\/p>\n<p><H3>     <\/H3><br \/>\n<strong>INSTITUTO DE F\u00cdSICA E MATEM\u00c1TICA<\/strong><\/p>\n<p><a href=\"https:\/\/www.youtube.com\/watch?v=NJzR8vvNKGM\">Prof. Andre Luis Andrew Ferreira &#8211; IFM\/UFPel<\/a><\/p>\n<p><a href=\"https:\/\/www.youtube.com\/watch?v=5-smVRkboTA\">Prof. Rita Soares Ramos &#8211; IFM\/UFPel<\/a><\/p>\n<p><a href=\"https:\/\/www.youtube.com\/watch?v=mNy--YHC6Xo\">Prof. Thais Philipsen Grutzmann &#8211; IFM\/UFPel<\/a> <\/p>\n<p><H3>     <\/H3><\/p>\n","protected":false},"excerpt":{"rendered":"<p>Document\u00e1rios sobre as pr\u00e1ticas de ensino, pesquisa e extens\u00e3o com tecnologias realizadas por professores da UFPel CENTRO DE ARTES Prof. Guilherme da Rosa &#8211; CA\/UFPel Prof. Josias Pereira &#8211; CA\/UFPel Prof. Maristani Polidori Zamperetti &#8211; CA\/UFPel CENTRO DE LETRAS E COMUNICA\u00c7\u00c3O Prof. Elton Vergara Nunes &#8211; CLC\/UFPel Prof. Rafael Vetromille-Castro &#8211; CLC\/UFPel FACULDADE DE AGRONOMIA [&hellip;]<\/p>\n","protected":false},"author":461,"featured_media":0,"parent":0,"menu_order":0,"comment_status":"closed","ping_status":"closed","template":"","meta":{"footnotes":""},"class_list":["post-107","page","type-page","status-publish","hentry"],"_links":{"self":[{"href":"https:\/\/wp.ufpel.edu.br\/redecolabora\/wp-json\/wp\/v2\/pages\/107","targetHints":{"allow":["GET"]}}],"collection":[{"href":"https:\/\/wp.ufpel.edu.br\/redecolabora\/wp-json\/wp\/v2\/pages"}],"about":[{"href":"https:\/\/wp.ufpel.edu.br\/redecolabora\/wp-json\/wp\/v2\/types\/page"}],"author":[{"embeddable":true,"href":"https:\/\/wp.ufpel.edu.br\/redecolabora\/wp-json\/wp\/v2\/users\/461"}],"replies":[{"embeddable":true,"href":"https:\/\/wp.ufpel.edu.br\/redecolabora\/wp-json\/wp\/v2\/comments?post=107"}],"version-history":[{"count":35,"href":"https:\/\/wp.ufpel.edu.br\/redecolabora\/wp-json\/wp\/v2\/pages\/107\/revisions"}],"predecessor-version":[{"id":302,"href":"https:\/\/wp.ufpel.edu.br\/redecolabora\/wp-json\/wp\/v2\/pages\/107\/revisions\/302"}],"wp:attachment":[{"href":"https:\/\/wp.ufpel.edu.br\/redecolabora\/wp-json\/wp\/v2\/media?parent=107"}],"curies":[{"name":"wp","href":"https:\/\/api.w.org\/{rel}","templated":true}]}}