{"id":8,"date":"2017-09-25T10:57:18","date_gmt":"2017-09-25T13:57:18","guid":{"rendered":"https:\/\/wp.ufpel.edu.br\/rebecca\/?page_id=8"},"modified":"2022-05-04T14:48:04","modified_gmt":"2022-05-04T17:48:04","slug":"quem-somos","status":"publish","type":"page","link":"https:\/\/wp.ufpel.edu.br\/rebecca\/quem-somos\/","title":{"rendered":"Hist\u00f3rico"},"content":{"rendered":"<p><span style=\"font-size: 14pt;\"><strong>A cria\u00e7\u00e3o da Rede<\/strong><\/span><\/p>\n<p>A ReBECCa, Rede Brasileira de Estudos Geogr\u00e1ficos sobre Com\u00e9rcio e Consumo, foi criada em 21 de novembro de 2015, durante a realiza\u00e7\u00e3o do XI Semin\u00e1rio de Estudos Urbanos e Regionais e o V Col\u00f3quio Internacional sobre Com\u00e9rcio e Consumo Urbano, organizado pela Universidade Federal de Pelotas, decorrente do encontro de pesquisadores sobre a tem\u00e1tica do com\u00e9rcio e do consumo realizado na cidade de Pelotas, RS. Na ocasi\u00e3o, foram tra\u00e7ados os principais objetivos da rede, como se observa na Carta de Pelotas, a seguir.<\/p>\n<p><a href=\"https:\/\/wp.ufpel.edu.br\/rebecca\/files\/2017\/09\/REBECCA_Carta_de_Pelotas-2.pdf\">Leia AQUI a Carta de Pelotas<\/a><\/p>\n<p>&nbsp;<\/p>\n<div id=\"attachment_212\" style=\"width: 410px\" class=\"wp-caption aligncenter\"><img data-recalc-dims=\"1\" loading=\"lazy\" decoding=\"async\" aria-describedby=\"caption-attachment-212\" data-attachment-id=\"212\" data-permalink=\"https:\/\/wp.ufpel.edu.br\/rebecca\/quem-somos\/rede-pelotas\/\" data-orig-file=\"https:\/\/i0.wp.com\/wp.ufpel.edu.br\/rebecca\/files\/2017\/09\/Rede-Pelotas.jpg?fit=1070%2C631&amp;ssl=1\" data-orig-size=\"1070,631\" data-comments-opened=\"0\" data-image-meta=\"{&quot;aperture&quot;:&quot;0&quot;,&quot;credit&quot;:&quot;&quot;,&quot;camera&quot;:&quot;&quot;,&quot;caption&quot;:&quot;&quot;,&quot;created_timestamp&quot;:&quot;0&quot;,&quot;copyright&quot;:&quot;&quot;,&quot;focal_length&quot;:&quot;0&quot;,&quot;iso&quot;:&quot;0&quot;,&quot;shutter_speed&quot;:&quot;0&quot;,&quot;title&quot;:&quot;&quot;,&quot;orientation&quot;:&quot;0&quot;}\" data-image-title=\"Rede Pelotas\" data-image-description=\"\" data-image-caption=\"\" data-medium-file=\"https:\/\/i0.wp.com\/wp.ufpel.edu.br\/rebecca\/files\/2017\/09\/Rede-Pelotas.jpg?fit=400%2C236&amp;ssl=1\" data-large-file=\"https:\/\/i0.wp.com\/wp.ufpel.edu.br\/rebecca\/files\/2017\/09\/Rede-Pelotas.jpg?fit=1024%2C604&amp;ssl=1\" class=\"wp-image-212 size-medium\" src=\"https:\/\/i0.wp.com\/wp.ufpel.edu.br\/rebecca\/files\/2017\/09\/Rede-Pelotas.jpg?resize=400%2C236&#038;ssl=1\" alt=\"\" width=\"400\" height=\"236\" srcset=\"https:\/\/i0.wp.com\/wp.ufpel.edu.br\/rebecca\/files\/2017\/09\/Rede-Pelotas.jpg?resize=400%2C236&amp;ssl=1 400w, https:\/\/i0.wp.com\/wp.ufpel.edu.br\/rebecca\/files\/2017\/09\/Rede-Pelotas.jpg?resize=768%2C453&amp;ssl=1 768w, https:\/\/i0.wp.com\/wp.ufpel.edu.br\/rebecca\/files\/2017\/09\/Rede-Pelotas.jpg?resize=1024%2C604&amp;ssl=1 1024w, https:\/\/i0.wp.com\/wp.ufpel.edu.br\/rebecca\/files\/2017\/09\/Rede-Pelotas.jpg?w=1070&amp;ssl=1 1070w\" sizes=\"auto, (max-width: 400px) 100vw, 400px\" \/><p id=\"caption-attachment-212\" class=\"wp-caption-text\">Reuni\u00e3o da ReBECCa em Pelotas, RS, 2015<\/p><\/div>\n<p>&nbsp;<\/p>\n<p><span style=\"font-size: 14pt;\"><strong>A organiza\u00e7\u00e3o da Rede<\/strong><\/span><\/p>\n<p>Em novembro de 2016, durante a realiza\u00e7\u00e3o do II Encontro do Grupo de Estudos e Pesquisas sobre Com\u00e9rcio e Consumo no Nordeste, na Universidade Federal de Campina Grande, em Campina Grande, PB, nova reuni\u00e3o dos pesquisadores, reafirmou os princ\u00edpios da cria\u00e7\u00e3o da rede e estabeleceu um planejamento a ser seguido com a finalidade de efetivar a ReBECCa como uma rede de pesquisas. As discuss\u00f5es foram sintetizadas na Carta de Campina Grande, a seguir.<\/p>\n<p><a href=\"https:\/\/wp.ufpel.edu.br\/rebecca\/files\/2017\/09\/REBECCA_Reuni\u00e3o_Campina_Grande.docx\" target=\"_blank\" rel=\"noopener noreferrer\">Leia AQUI a Carta de Campina Grande<\/a><\/p>\n<div id=\"attachment_192\" style=\"width: 410px\" class=\"wp-caption aligncenter\"><img data-recalc-dims=\"1\" loading=\"lazy\" decoding=\"async\" aria-describedby=\"caption-attachment-192\" data-attachment-id=\"192\" data-permalink=\"https:\/\/wp.ufpel.edu.br\/rebecca\/quem-somos\/campina_grande_2016\/\" data-orig-file=\"https:\/\/i0.wp.com\/wp.ufpel.edu.br\/rebecca\/files\/2017\/09\/Campina_Grande_2016.jpg?fit=1280%2C768&amp;ssl=1\" data-orig-size=\"1280,768\" data-comments-opened=\"0\" data-image-meta=\"{&quot;aperture&quot;:&quot;0&quot;,&quot;credit&quot;:&quot;&quot;,&quot;camera&quot;:&quot;&quot;,&quot;caption&quot;:&quot;&quot;,&quot;created_timestamp&quot;:&quot;0&quot;,&quot;copyright&quot;:&quot;&quot;,&quot;focal_length&quot;:&quot;0&quot;,&quot;iso&quot;:&quot;0&quot;,&quot;shutter_speed&quot;:&quot;0&quot;,&quot;title&quot;:&quot;&quot;,&quot;orientation&quot;:&quot;0&quot;}\" data-image-title=\"Campina_Grande_2016\" data-image-description=\"\" data-image-caption=\"\" data-medium-file=\"https:\/\/i0.wp.com\/wp.ufpel.edu.br\/rebecca\/files\/2017\/09\/Campina_Grande_2016.jpg?fit=400%2C240&amp;ssl=1\" data-large-file=\"https:\/\/i0.wp.com\/wp.ufpel.edu.br\/rebecca\/files\/2017\/09\/Campina_Grande_2016.jpg?fit=1024%2C614&amp;ssl=1\" class=\"wp-image-192 size-medium\" src=\"https:\/\/i0.wp.com\/wp.ufpel.edu.br\/rebecca\/files\/2017\/09\/Campina_Grande_2016.jpg?resize=400%2C240&#038;ssl=1\" alt=\"\" width=\"400\" height=\"240\" srcset=\"https:\/\/i0.wp.com\/wp.ufpel.edu.br\/rebecca\/files\/2017\/09\/Campina_Grande_2016.jpg?resize=400%2C240&amp;ssl=1 400w, https:\/\/i0.wp.com\/wp.ufpel.edu.br\/rebecca\/files\/2017\/09\/Campina_Grande_2016.jpg?resize=768%2C461&amp;ssl=1 768w, https:\/\/i0.wp.com\/wp.ufpel.edu.br\/rebecca\/files\/2017\/09\/Campina_Grande_2016.jpg?resize=1024%2C614&amp;ssl=1 1024w, https:\/\/i0.wp.com\/wp.ufpel.edu.br\/rebecca\/files\/2017\/09\/Campina_Grande_2016.jpg?w=1280&amp;ssl=1 1280w\" sizes=\"auto, (max-width: 400px) 100vw, 400px\" \/><p id=\"caption-attachment-192\" class=\"wp-caption-text\">Reuni\u00e3o da ReBECCa em Campina Grande, PB, 2016<\/p><\/div>\n<p>&nbsp;<\/p>\n<p><span style=\"font-size: 14pt;\"><strong>A defini\u00e7\u00e3o dos estudos<\/strong><\/span><\/p>\n<p>Em setembro de 2017, em Lisboa, Portugal, foi realizado novo encontro entre os pesquisadores da ReBECCa, com o intuito de institucionalizar a rede e estabelecer os crit\u00e9rios de seu funcionamento, como se observa no documento seguinte.<\/p>\n<p><a href=\"https:\/\/wp.ufpel.edu.br\/rebecca\/files\/2017\/09\/REBECCA_Carta_de_Lisboa.pdf\" target=\"_blank\" rel=\"noopener noreferrer\">Leia AQUI a Carta de Lisboa<\/a><\/p>\n<div id=\"attachment_193\" style=\"width: 410px\" class=\"wp-caption aligncenter\"><img data-recalc-dims=\"1\" loading=\"lazy\" decoding=\"async\" aria-describedby=\"caption-attachment-193\" data-attachment-id=\"193\" data-permalink=\"https:\/\/wp.ufpel.edu.br\/rebecca\/quem-somos\/lisboa_2017\/\" data-orig-file=\"https:\/\/i0.wp.com\/wp.ufpel.edu.br\/rebecca\/files\/2017\/09\/Lisboa_2017.jpg?fit=640%2C480&amp;ssl=1\" data-orig-size=\"640,480\" data-comments-opened=\"0\" data-image-meta=\"{&quot;aperture&quot;:&quot;2.2&quot;,&quot;credit&quot;:&quot;&quot;,&quot;camera&quot;:&quot;iPhone 6s Plus&quot;,&quot;caption&quot;:&quot;&quot;,&quot;created_timestamp&quot;:&quot;1505397529&quot;,&quot;copyright&quot;:&quot;&quot;,&quot;focal_length&quot;:&quot;4.15&quot;,&quot;iso&quot;:&quot;80&quot;,&quot;shutter_speed&quot;:&quot;0.058823529411765&quot;,&quot;title&quot;:&quot;&quot;,&quot;orientation&quot;:&quot;1&quot;}\" data-image-title=\"Lisboa_2017\" data-image-description=\"\" data-image-caption=\"\" data-medium-file=\"https:\/\/i0.wp.com\/wp.ufpel.edu.br\/rebecca\/files\/2017\/09\/Lisboa_2017.jpg?fit=400%2C300&amp;ssl=1\" data-large-file=\"https:\/\/i0.wp.com\/wp.ufpel.edu.br\/rebecca\/files\/2017\/09\/Lisboa_2017.jpg?fit=640%2C480&amp;ssl=1\" class=\"wp-image-193 size-medium\" src=\"https:\/\/i0.wp.com\/wp.ufpel.edu.br\/rebecca\/files\/2017\/09\/Lisboa_2017.jpg?resize=400%2C300&#038;ssl=1\" alt=\"\" width=\"400\" height=\"300\" srcset=\"https:\/\/i0.wp.com\/wp.ufpel.edu.br\/rebecca\/files\/2017\/09\/Lisboa_2017.jpg?resize=400%2C300&amp;ssl=1 400w, https:\/\/i0.wp.com\/wp.ufpel.edu.br\/rebecca\/files\/2017\/09\/Lisboa_2017.jpg?w=640&amp;ssl=1 640w\" sizes=\"auto, (max-width: 400px) 100vw, 400px\" \/><p id=\"caption-attachment-193\" class=\"wp-caption-text\">Reuni\u00e3o da ReBECCa em Lisboa, Portugal, 2017<\/p><\/div>\n<p>&nbsp;<\/p>\n<p><span style=\"font-size: 14pt;\"><strong>O nascimento oficial: aprova\u00e7\u00e3o do Estatuto, em Salvador<\/strong><\/span><\/p>\n<p>Logo ap\u00f3s completar dois anos de sua funda\u00e7\u00e3o pr\u00e1tica, no dia 22 de novembro de 2017, a ReBECCa nasceu oficialmente, com a aprova\u00e7\u00e3o de seu Estatuto em reuni\u00e3o realizada em Salvador, BA.<\/p>\n<p>Contando com o apoio dos professores Joilson Cruz da Silva, do Instituto Federal de Educa\u00e7\u00e3o, Ci\u00eancias e Tecnologia da Bahia &#8211; IFBA, e Paulo Roberto Baqueiro Brand\u00e3o, da Universidade Federal do Oeste da Bahia, os integrantes do Colegiado de Coordenadores se reuniram no IFBA para debaterem o Projeto de Pesquisa e o Plano de Trabalho fundantes da rede. Logo ap\u00f3s a aprova\u00e7\u00e3o desses documentos, aprovaram o Estatuto da ReBECCa, tornando oficial a sua cria\u00e7\u00e3o.<\/p>\n<p>A partir dessa data a ReBECCa passou a ser a <strong>Rede Brasileira de Estudos Geogr\u00e1ficos Sobre Com\u00e9rcio e Consumo<\/strong>, formato que mant\u00e9m na atualidade.<\/p>\n<p><a href=\"https:\/\/wp.ufpel.edu.br\/rebecca\/files\/2017\/09\/REBECCA_Carta_de_Salvador.pdf\">Leia AQUI a<\/a> <a href=\"https:\/\/wp.ufpel.edu.br\/rebecca\/files\/2017\/09\/REBECCA_Carta_de_Salvador.pdf\" target=\"_blank\" rel=\"noopener noreferrer\">Carta_de_Salvador<\/a><\/p>\n<p><img data-recalc-dims=\"1\" loading=\"lazy\" decoding=\"async\" data-attachment-id=\"297\" data-permalink=\"https:\/\/wp.ufpel.edu.br\/rebecca\/quem-somos\/salvador_1\/\" data-orig-file=\"https:\/\/i0.wp.com\/wp.ufpel.edu.br\/rebecca\/files\/2017\/09\/Salvador_1.jpg?fit=640%2C480&amp;ssl=1\" data-orig-size=\"640,480\" data-comments-opened=\"0\" data-image-meta=\"{&quot;aperture&quot;:&quot;2.2&quot;,&quot;credit&quot;:&quot;&quot;,&quot;camera&quot;:&quot;iPhone 6s Plus&quot;,&quot;caption&quot;:&quot;&quot;,&quot;created_timestamp&quot;:&quot;1511351255&quot;,&quot;copyright&quot;:&quot;&quot;,&quot;focal_length&quot;:&quot;4.15&quot;,&quot;iso&quot;:&quot;32&quot;,&quot;shutter_speed&quot;:&quot;0.066666666666667&quot;,&quot;title&quot;:&quot;&quot;,&quot;orientation&quot;:&quot;1&quot;}\" data-image-title=\"Salvador_1\" data-image-description=\"\" data-image-caption=\"\" data-medium-file=\"https:\/\/i0.wp.com\/wp.ufpel.edu.br\/rebecca\/files\/2017\/09\/Salvador_1.jpg?fit=400%2C300&amp;ssl=1\" data-large-file=\"https:\/\/i0.wp.com\/wp.ufpel.edu.br\/rebecca\/files\/2017\/09\/Salvador_1.jpg?fit=640%2C480&amp;ssl=1\" class=\"alignnone wp-image-297\" src=\"https:\/\/i0.wp.com\/wp.ufpel.edu.br\/rebecca\/files\/2017\/09\/Salvador_1.jpg?resize=296%2C222&#038;ssl=1\" alt=\"\" width=\"296\" height=\"222\" srcset=\"https:\/\/i0.wp.com\/wp.ufpel.edu.br\/rebecca\/files\/2017\/09\/Salvador_1.jpg?resize=400%2C300&amp;ssl=1 400w, https:\/\/i0.wp.com\/wp.ufpel.edu.br\/rebecca\/files\/2017\/09\/Salvador_1.jpg?w=640&amp;ssl=1 640w\" sizes=\"auto, (max-width: 296px) 100vw, 296px\" \/><img data-recalc-dims=\"1\" loading=\"lazy\" decoding=\"async\" data-attachment-id=\"298\" data-permalink=\"https:\/\/wp.ufpel.edu.br\/rebecca\/quem-somos\/salvador_2\/\" data-orig-file=\"https:\/\/i0.wp.com\/wp.ufpel.edu.br\/rebecca\/files\/2017\/09\/Salvador_2.jpg?fit=640%2C480&amp;ssl=1\" data-orig-size=\"640,480\" data-comments-opened=\"0\" data-image-meta=\"{&quot;aperture&quot;:&quot;2.2&quot;,&quot;credit&quot;:&quot;&quot;,&quot;camera&quot;:&quot;iPhone 6s Plus&quot;,&quot;caption&quot;:&quot;&quot;,&quot;created_timestamp&quot;:&quot;1511351275&quot;,&quot;copyright&quot;:&quot;&quot;,&quot;focal_length&quot;:&quot;4.15&quot;,&quot;iso&quot;:&quot;32&quot;,&quot;shutter_speed&quot;:&quot;0.066666666666667&quot;,&quot;title&quot;:&quot;&quot;,&quot;orientation&quot;:&quot;1&quot;}\" data-image-title=\"Salvador_2\" data-image-description=\"\" data-image-caption=\"\" data-medium-file=\"https:\/\/i0.wp.com\/wp.ufpel.edu.br\/rebecca\/files\/2017\/09\/Salvador_2.jpg?fit=400%2C300&amp;ssl=1\" data-large-file=\"https:\/\/i0.wp.com\/wp.ufpel.edu.br\/rebecca\/files\/2017\/09\/Salvador_2.jpg?fit=640%2C480&amp;ssl=1\" class=\"alignnone wp-image-298\" src=\"https:\/\/i0.wp.com\/wp.ufpel.edu.br\/rebecca\/files\/2017\/09\/Salvador_2.jpg?resize=295%2C221&#038;ssl=1\" alt=\"\" width=\"295\" height=\"221\" srcset=\"https:\/\/i0.wp.com\/wp.ufpel.edu.br\/rebecca\/files\/2017\/09\/Salvador_2.jpg?resize=400%2C300&amp;ssl=1 400w, https:\/\/i0.wp.com\/wp.ufpel.edu.br\/rebecca\/files\/2017\/09\/Salvador_2.jpg?w=640&amp;ssl=1 640w\" sizes=\"auto, (max-width: 295px) 100vw, 295px\" \/><\/p>\n<p>&nbsp;<\/p>\n<p><span style=\"font-size: 14pt;\"><strong>Preparando o encontro nacional da rede.<\/strong><\/span><\/p>\n<p>&nbsp;<\/p>\n<p>Durante a realiza\u00e7\u00e3o do IV Semin\u00e1rio Regional de Com\u00e9rcio, Consumo e Cultura nas cidades, realizado na cidade de Teresina, PI, aconteceu mais uma reuni\u00e3o da Rede Brasileira de Estudos Geogr\u00e1ficos sobre Com\u00e9rcio e Consumo.<\/p>\n<p>Na oportunidade, aproveitou-se para tratar de trabalhos que venham a ajudar na estrutura\u00e7\u00e3o efetiva da rede, como uma pesquisa nacional de an\u00e1lise comparada do setor terci\u00e1rio, com metodologia ainda em estudo, e a elabora\u00e7\u00e3o de um dicion\u00e1rio de termos sobre com\u00e9rcio e consumo.<\/p>\n<p>Redigiu-se a Carta de Teresina, contendo as principais delibera\u00e7\u00f5es tomadas na ocasi\u00e3o. A principal defini\u00e7\u00e3o, foi sobre a realiza\u00e7\u00e3o de um evento nacional da rede, em conjunto com o evento regional do Nordeste. O evento dever\u00e1 ser realizado em Salvador, BA, com detalhes a serem tratados no pr\u00f3ximo encontro da\u00a0 rede possivelmente em S\u00e3o Paulo, durante o XIII ENANPEGE.<\/p>\n<p>&nbsp;<\/p>\n<p><a href=\"https:\/\/wp.ufpel.edu.br\/rebecca\/files\/2019\/09\/REBECCA_Carta_de_Teresina.pdf\" target=\"_blank\" rel=\"noopener noreferrer\">REBECCA_Carta_de_Teresina<\/a><\/p>\n<p><strong><span style=\"font-size: 14pt;\">Segunda Coordena\u00e7\u00e3o da ReBECCa &#8211; Elei\u00e7\u00e3o e Posse<\/span><\/strong><\/p>\n<p>Durante a Assembleia Geral Ordin\u00e1ria realizada em 27 de maio de 2021 se procedeu a elei\u00e7\u00e3o e posse da nova coordena\u00e7\u00e3o da rede para o bi\u00eanio 2021\/2023. Foram eleitos os seguintes membros: Coordena\u00e7\u00e3o Geral: Sidney Gon\u00e7alves Vieira (UFPEL); Coordena\u00e7\u00e3o Adjunta: Lincoln da Silva Diniz (UFCG); Coordena\u00e7\u00e3o de Publica\u00e7\u00f5es: Cl\u00e1udio Ressurrei\u00e7\u00e3o dos Santos (SEC\/BA) e Paulo Roberto Baqueiro Brand\u00e3o (UFOB);\u00a0 Coordena\u00e7\u00e3o de Rede Digital: Carlos Henrique Costa da Silva (UFSCAR\/Sorocaba); Coordena\u00e7\u00e3o de Filia\u00e7\u00e3o: K\u00e1tia Cristina Ribeiro Costa (UFCG); e, Coordena\u00e7\u00e3o de Eventos: Dione Dutra Lihtnov (LEUR\/UFPel). Logo ap\u00f3s a elei\u00e7\u00e3o a nova coordena\u00e7\u00e3o tomou posse. Leia a seguir a Ata da Assembleia.<\/p>\n<p><a href=\"https:\/\/wp.ufpel.edu.br\/rebecca\/files\/2022\/05\/ReBECCa_ATA_01_22062021.pdf\" target=\"_blank\" rel=\"noopener\">Ata 01\/2021 Assembleia Geral Ordin\u00e1ria<\/a><\/p>\n<p>&nbsp;<\/p>\n<p>&nbsp;<\/p>\n","protected":false},"excerpt":{"rendered":"<p>A cria\u00e7\u00e3o da Rede A ReBECCa, Rede Brasileira de Estudos Geogr\u00e1ficos sobre Com\u00e9rcio e Consumo, foi criada em 21 de novembro de 2015, durante a realiza\u00e7\u00e3o do XI Semin\u00e1rio de Estudos Urbanos e Regionais e o V Col\u00f3quio Internacional sobre Com\u00e9rcio e Consumo Urbano, organizado pela Universidade Federal de Pelotas, decorrente do encontro de pesquisadores sobre a tem\u00e1tica do com\u00e9rcio e do consumo realizado na cidade de Pelotas, RS. Na ocasi\u00e3o, foram tra\u00e7ados os principais objetivos da rede, como se observa na Carta de Pelotas, a seguir. Leia AQUI a Carta de Pelotas &nbsp; &nbsp; A organiza\u00e7\u00e3o da Rede Em novembro de 2016, durante a realiza\u00e7\u00e3o do II Encontro do Grupo de Estudos e Pesquisas sobre Com\u00e9rcio e Consumo no Nordeste, na Universidade Federal de Campina Grande, em Campina Grande, PB, nova reuni\u00e3o dos pesquisadores, reafirmou os princ\u00edpios da cria\u00e7\u00e3o da rede e estabeleceu um planejamento a ser seguido com&#46;&#46;&#46;<\/p>\n","protected":false},"author":802,"featured_media":0,"parent":0,"menu_order":0,"comment_status":"closed","ping_status":"closed","template":"","meta":{"jetpack_post_was_ever_published":false,"footnotes":""},"class_list":["post-8","page","type-page","status-publish","hentry"],"jetpack_sharing_enabled":true,"jetpack_shortlink":"https:\/\/wp.me\/P9g8aP-8","jetpack_likes_enabled":true,"jetpack-related-posts":[{"id":57,"url":"https:\/\/wp.ufpel.edu.br\/rebecca\/conselho-diretor\/","url_meta":{"origin":8,"position":0},"title":"Organiza\u00e7\u00e3o","author":"rebecca","date":"29\/09\/2017","format":false,"excerpt":"A ReBECCa, Rede Brasileira de Estudos Geogr\u00e1ficos sobre Com\u00e9rcio e Consumo, est\u00e1 estruturada no formato de uma rede cujo n\u00f3 principal s\u00e3o as Universidades Conveniadas, por interm\u00e9dio dos L\u00edderes de Grupos de Pesquisa e Extens\u00e3o. Ligados a esse n\u00f3 est\u00e3o os Membros de Grupos de Pesquisa e Extens\u00e3o das Universidades\u2026","rel":"","context":"Post similar","block_context":{"text":"Post similar","link":""},"img":{"alt_text":"","src":"https:\/\/i0.wp.com\/wp.ufpel.edu.br\/rebecca\/files\/2017\/09\/organo-1024x848.png?resize=350%2C200&ssl=1","width":350,"height":200,"srcset":"https:\/\/i0.wp.com\/wp.ufpel.edu.br\/rebecca\/files\/2017\/09\/organo-1024x848.png?resize=350%2C200&ssl=1 1x, https:\/\/i0.wp.com\/wp.ufpel.edu.br\/rebecca\/files\/2017\/09\/organo-1024x848.png?resize=525%2C300&ssl=1 1.5x, https:\/\/i0.wp.com\/wp.ufpel.edu.br\/rebecca\/files\/2017\/09\/organo-1024x848.png?resize=700%2C400&ssl=1 2x"},"classes":[]},{"id":335,"url":"https:\/\/wp.ufpel.edu.br\/rebecca\/conselho-diretor\/coordenacoes\/","url_meta":{"origin":8,"position":1},"title":"Coordena\u00e7\u00f5es","author":"rebecca","date":"13\/12\/2017","format":false,"excerpt":"2\u00aa Coordena\u00e7\u00e3o - Bi\u00eanio 2021\/2023 Coordena\u00e7\u00e3o Geral: Sidney Gon\u00e7alves Vieira (UFPEL, RS); Coordena\u00e7\u00e3o Adjunta: Lincoln da Silva Diniz (UFCG, PB); Coordena\u00e7\u00e3o de Eventos: Dione Dutra Lihtnov (LEUR\/UFPel, RS); Coordena\u00e7\u00e3o de Publica\u00e7\u00f5es: Cl\u00e1udio Ressurrei\u00e7\u00e3o dos Santos (SEC\/BA) e Paulo Roberto Baqueiro Brand\u00e3o (UFOB, BA); Coordena\u00e7\u00e3o de Rede Digital: Carlos Henrique Costa\u2026","rel":"","context":"Post similar","block_context":{"text":"Post similar","link":""},"img":{"alt_text":"","src":"","width":0,"height":0},"classes":[]},{"id":2,"url":"https:\/\/wp.ufpel.edu.br\/rebecca\/pagina-exemplo\/","url_meta":{"origin":8,"position":2},"title":"ReBECCa","author":"rebecca","date":"25\/09\/2017","format":false,"excerpt":"A\u00a0 ReBECCa \u00e9 a Rede Brasileira de Estudos sobre Com\u00e9rcio e Consumo, uma rede criada por pesquisadores brasileiros, em 21 de novembro de 2015, com o intuito de sistematizar os estudos da Geografia sobre Com\u00e9rcio, Consumo e Cidade, no Brasil. A ReBECCa \u00e9 composta por pesquisadores, professores e extensionistas da\u2026","rel":"","context":"Post similar","block_context":{"text":"Post similar","link":""},"img":{"alt_text":"","src":"","width":0,"height":0},"classes":[]},{"id":23,"url":"https:\/\/wp.ufpel.edu.br\/rebecca\/objetivos\/","url_meta":{"origin":8,"position":3},"title":"Objetivos","author":"rebecca","date":"25\/09\/2017","format":false,"excerpt":"A ReBECCa, Rede Brasileira de Estudos Geogr\u00e1ficos Sobre Com\u00e9rcio e Consumo, com base em seu Estatuto, busca a consecu\u00e7\u00e3o dos seguintes objetivos: \u00a0 I \u2013 Organizar profissionais, professores e pesquisadores brasileiros, em uma rede acad\u00eamica de estudos tem\u00e1ticos sobre a Geografia do com\u00e9rcio e do consumo; II - Identificar a\u2026","rel":"","context":"Post similar","block_context":{"text":"Post similar","link":""},"img":{"alt_text":"","src":"","width":0,"height":0},"classes":[]},{"id":122,"url":"https:\/\/wp.ufpel.edu.br\/rebecca\/entre-na-rede\/","url_meta":{"origin":8,"position":4},"title":"Entre na Rede","author":"rebecca","date":"24\/10\/2017","format":false,"excerpt":"A Rede Brasileira de Estudos Geogr\u00e1ficos Sobre Com\u00e9rcio e Consumo, ReBECCa, \u00e9 uma associa\u00e7\u00e3o civil sem fins lucrativos que congrega profissionais, pesquisadores e professores, da Geografia e de \u00e1reas afins, cujos temas de interesse sejam os estudos sobre com\u00e9rcio e consumo. Para participar da Rede, encaminhe sua solicita\u00e7\u00e3o por interm\u00e9dio\u2026","rel":"","context":"Post similar","block_context":{"text":"Post similar","link":""},"img":{"alt_text":"","src":"","width":0,"height":0},"classes":[]},{"id":114,"url":"https:\/\/wp.ufpel.edu.br\/rebecca\/pesquisa-nacional-de-informacoes-sobre-comercio-e-consumo-em-municipios-selecionados\/","url_meta":{"origin":8,"position":5},"title":"Pesquisa Nacional de Informa\u00e7\u00f5es Sobre Com\u00e9rcio e Consumo em Munic\u00edpios Selecionados","author":"rebecca","date":"20\/10\/2017","format":false,"excerpt":"A ReBECCa, Rede Brasileira de Estudos Geogr\u00e1ficos Sobre Com\u00e9rcio e Consumo, realizar\u00e1 pesquisa anual, com base em uma mesma metodologia, contendo dados coletados em diversos munic\u00edpios brasileiros, com informa\u00e7\u00f5es acerca das atividades terci\u00e1rias. Em cada munic\u00edpio integrante da pesquisa, cuja participa\u00e7\u00e3o ser\u00e1 definida pela ReBECCa considerando a disponibilidade de informa\u00e7\u00f5es\u2026","rel":"","context":"Post similar","block_context":{"text":"Post similar","link":""},"img":{"alt_text":"","src":"","width":0,"height":0},"classes":[]}],"_links":{"self":[{"href":"https:\/\/wp.ufpel.edu.br\/rebecca\/wp-json\/wp\/v2\/pages\/8","targetHints":{"allow":["GET"]}}],"collection":[{"href":"https:\/\/wp.ufpel.edu.br\/rebecca\/wp-json\/wp\/v2\/pages"}],"about":[{"href":"https:\/\/wp.ufpel.edu.br\/rebecca\/wp-json\/wp\/v2\/types\/page"}],"author":[{"embeddable":true,"href":"https:\/\/wp.ufpel.edu.br\/rebecca\/wp-json\/wp\/v2\/users\/802"}],"replies":[{"embeddable":true,"href":"https:\/\/wp.ufpel.edu.br\/rebecca\/wp-json\/wp\/v2\/comments?post=8"}],"version-history":[{"count":20,"href":"https:\/\/wp.ufpel.edu.br\/rebecca\/wp-json\/wp\/v2\/pages\/8\/revisions"}],"predecessor-version":[{"id":599,"href":"https:\/\/wp.ufpel.edu.br\/rebecca\/wp-json\/wp\/v2\/pages\/8\/revisions\/599"}],"wp:attachment":[{"href":"https:\/\/wp.ufpel.edu.br\/rebecca\/wp-json\/wp\/v2\/media?parent=8"}],"curies":[{"name":"wp","href":"https:\/\/api.w.org\/{rel}","templated":true}]}}