{"id":70,"date":"2017-09-29T18:17:53","date_gmt":"2017-09-29T21:17:53","guid":{"rendered":"https:\/\/wp.ufpel.edu.br\/rebecca\/?page_id=70"},"modified":"2017-12-01T17:10:02","modified_gmt":"2017-12-01T19:10:02","slug":"regulamento","status":"publish","type":"page","link":"https:\/\/wp.ufpel.edu.br\/rebecca\/regulamento\/","title":{"rendered":"Estatuto"},"content":{"rendered":"<p>O Estatuto da ReBECCa, Rede Brasileira de Estudos Geogr\u00e1ficos Sobre Com\u00e9rcio e Consumo, foi elaborado em conjunto pelas Universidades Conveniadas e serve de base para os relacionamentos entre os membros da rede. No Estatuto est\u00e3o delineadas a estrutura e funcionamento da rede, seus objetivos, membros participantes, bem como todas as demais regras observadas no funcionamento da ReBECCa.<\/p>\n<p>Veja, a seguir, o Estatuto na sua vers\u00e3o completa.<\/p>\n<p><a href=\"https:\/\/wp.ufpel.edu.br\/rebecca\/files\/2017\/12\/REBECCA_Estatuto.pdf\">REBECCA_Estatuto<\/a><\/p>\n","protected":false},"excerpt":{"rendered":"<p>O Estatuto da ReBECCa, Rede Brasileira de Estudos Geogr\u00e1ficos Sobre Com\u00e9rcio e Consumo, foi elaborado em conjunto pelas Universidades Conveniadas e serve de base para os relacionamentos entre os membros da rede. No Estatuto est\u00e3o delineadas a estrutura e funcionamento da rede, seus objetivos, membros participantes, bem como todas as demais regras observadas no funcionamento da ReBECCa. Veja, a seguir, o Estatuto na sua vers\u00e3o completa. REBECCA_Estatuto<\/p>\n","protected":false},"author":802,"featured_media":0,"parent":0,"menu_order":0,"comment_status":"closed","ping_status":"closed","template":"","meta":{"jetpack_post_was_ever_published":false,"footnotes":""},"class_list":["post-70","page","type-page","status-publish","hentry"],"jetpack_sharing_enabled":true,"jetpack_shortlink":"https:\/\/wp.me\/P9g8aP-18","jetpack_likes_enabled":true,"jetpack-related-posts":[{"id":335,"url":"https:\/\/wp.ufpel.edu.br\/rebecca\/conselho-diretor\/coordenacoes\/","url_meta":{"origin":70,"position":0},"title":"Coordena\u00e7\u00f5es","author":"rebecca","date":"13\/12\/2017","format":false,"excerpt":"2\u00aa Coordena\u00e7\u00e3o - Bi\u00eanio 2021\/2023 Coordena\u00e7\u00e3o Geral: Sidney Gon\u00e7alves Vieira (UFPEL, RS); Coordena\u00e7\u00e3o Adjunta: Lincoln da Silva Diniz (UFCG, PB); Coordena\u00e7\u00e3o de Eventos: Dione Dutra Lihtnov (LEUR\/UFPel, RS); Coordena\u00e7\u00e3o de Publica\u00e7\u00f5es: Cl\u00e1udio Ressurrei\u00e7\u00e3o dos Santos (SEC\/BA) e Paulo Roberto Baqueiro Brand\u00e3o (UFOB, BA); Coordena\u00e7\u00e3o de Rede Digital: Carlos Henrique Costa\u2026","rel":"","context":"Post similar","block_context":{"text":"Post similar","link":""},"img":{"alt_text":"","src":"","width":0,"height":0},"classes":[]},{"id":8,"url":"https:\/\/wp.ufpel.edu.br\/rebecca\/quem-somos\/","url_meta":{"origin":70,"position":1},"title":"Hist\u00f3rico","author":"rebecca","date":"25\/09\/2017","format":false,"excerpt":"A cria\u00e7\u00e3o da Rede A ReBECCa, Rede Brasileira de Estudos Geogr\u00e1ficos sobre Com\u00e9rcio e Consumo, foi criada em 21 de novembro de 2015, durante a realiza\u00e7\u00e3o do XI Semin\u00e1rio de Estudos Urbanos e Regionais e o V Col\u00f3quio Internacional sobre Com\u00e9rcio e Consumo Urbano, organizado pela Universidade Federal de Pelotas,\u2026","rel":"","context":"Post similar","block_context":{"text":"Post similar","link":""},"img":{"alt_text":"","src":"https:\/\/i0.wp.com\/wp.ufpel.edu.br\/rebecca\/files\/2017\/09\/Rede-Pelotas-400x236.jpg?resize=350%2C200&ssl=1","width":350,"height":200},"classes":[]},{"id":23,"url":"https:\/\/wp.ufpel.edu.br\/rebecca\/objetivos\/","url_meta":{"origin":70,"position":2},"title":"Objetivos","author":"rebecca","date":"25\/09\/2017","format":false,"excerpt":"A ReBECCa, Rede Brasileira de Estudos Geogr\u00e1ficos Sobre Com\u00e9rcio e Consumo, com base em seu Estatuto, busca a consecu\u00e7\u00e3o dos seguintes objetivos: \u00a0 I \u2013 Organizar profissionais, professores e pesquisadores brasileiros, em uma rede acad\u00eamica de estudos tem\u00e1ticos sobre a Geografia do com\u00e9rcio e do consumo; II - Identificar a\u2026","rel":"","context":"Post similar","block_context":{"text":"Post similar","link":""},"img":{"alt_text":"","src":"","width":0,"height":0},"classes":[]},{"id":127,"url":"https:\/\/wp.ufpel.edu.br\/rebecca\/filie-se-aqui\/membros-da-rebecca\/","url_meta":{"origin":70,"position":3},"title":"Membros da ReBECCa","author":"rebecca","date":"24\/10\/2017","format":false,"excerpt":"Os membros da ReBECCa, Rede Brasileira de Estudos Geogr\u00e1ficos Sobre Com\u00e9rcio e Consumo, est\u00e3o organizados nas seguintes categorias: I \u2013L\u00edderes de Grupos de Pesquisa das Universidades Conveniadas; II \u2013Membros dos Grupos de Pesquisa das Universidades Conveniadas; III \u2013 Colaboradores Individuais, Coletivos e Convidados. \u00a0 Veja a lista completa dos integrantes\u2026","rel":"","context":"Post similar","block_context":{"text":"Post similar","link":""},"img":{"alt_text":"","src":"https:\/\/i0.wp.com\/wp.ufpel.edu.br\/rebecca\/files\/2017\/10\/servletrecuperafoto-1-321x400.jpg?resize=350%2C200&ssl=1","width":350,"height":200},"classes":[]},{"id":57,"url":"https:\/\/wp.ufpel.edu.br\/rebecca\/conselho-diretor\/","url_meta":{"origin":70,"position":4},"title":"Organiza\u00e7\u00e3o","author":"rebecca","date":"29\/09\/2017","format":false,"excerpt":"A ReBECCa, Rede Brasileira de Estudos Geogr\u00e1ficos sobre Com\u00e9rcio e Consumo, est\u00e1 estruturada no formato de uma rede cujo n\u00f3 principal s\u00e3o as Universidades Conveniadas, por interm\u00e9dio dos L\u00edderes de Grupos de Pesquisa e Extens\u00e3o. Ligados a esse n\u00f3 est\u00e3o os Membros de Grupos de Pesquisa e Extens\u00e3o das Universidades\u2026","rel":"","context":"Post similar","block_context":{"text":"Post similar","link":""},"img":{"alt_text":"","src":"https:\/\/i0.wp.com\/wp.ufpel.edu.br\/rebecca\/files\/2017\/09\/organo-1024x848.png?resize=350%2C200&ssl=1","width":350,"height":200,"srcset":"https:\/\/i0.wp.com\/wp.ufpel.edu.br\/rebecca\/files\/2017\/09\/organo-1024x848.png?resize=350%2C200&ssl=1 1x, https:\/\/i0.wp.com\/wp.ufpel.edu.br\/rebecca\/files\/2017\/09\/organo-1024x848.png?resize=525%2C300&ssl=1 1.5x, https:\/\/i0.wp.com\/wp.ufpel.edu.br\/rebecca\/files\/2017\/09\/organo-1024x848.png?resize=700%2C400&ssl=1 2x"},"classes":[]},{"id":114,"url":"https:\/\/wp.ufpel.edu.br\/rebecca\/pesquisa-nacional-de-informacoes-sobre-comercio-e-consumo-em-municipios-selecionados\/","url_meta":{"origin":70,"position":5},"title":"Pesquisa Nacional de Informa\u00e7\u00f5es Sobre Com\u00e9rcio e Consumo em Munic\u00edpios Selecionados","author":"rebecca","date":"20\/10\/2017","format":false,"excerpt":"A ReBECCa, Rede Brasileira de Estudos Geogr\u00e1ficos Sobre Com\u00e9rcio e Consumo, realizar\u00e1 pesquisa anual, com base em uma mesma metodologia, contendo dados coletados em diversos munic\u00edpios brasileiros, com informa\u00e7\u00f5es acerca das atividades terci\u00e1rias. Em cada munic\u00edpio integrante da pesquisa, cuja participa\u00e7\u00e3o ser\u00e1 definida pela ReBECCa considerando a disponibilidade de informa\u00e7\u00f5es\u2026","rel":"","context":"Post similar","block_context":{"text":"Post similar","link":""},"img":{"alt_text":"","src":"","width":0,"height":0},"classes":[]}],"_links":{"self":[{"href":"https:\/\/wp.ufpel.edu.br\/rebecca\/wp-json\/wp\/v2\/pages\/70","targetHints":{"allow":["GET"]}}],"collection":[{"href":"https:\/\/wp.ufpel.edu.br\/rebecca\/wp-json\/wp\/v2\/pages"}],"about":[{"href":"https:\/\/wp.ufpel.edu.br\/rebecca\/wp-json\/wp\/v2\/types\/page"}],"author":[{"embeddable":true,"href":"https:\/\/wp.ufpel.edu.br\/rebecca\/wp-json\/wp\/v2\/users\/802"}],"replies":[{"embeddable":true,"href":"https:\/\/wp.ufpel.edu.br\/rebecca\/wp-json\/wp\/v2\/comments?post=70"}],"version-history":[{"count":7,"href":"https:\/\/wp.ufpel.edu.br\/rebecca\/wp-json\/wp\/v2\/pages\/70\/revisions"}],"predecessor-version":[{"id":326,"href":"https:\/\/wp.ufpel.edu.br\/rebecca\/wp-json\/wp\/v2\/pages\/70\/revisions\/326"}],"wp:attachment":[{"href":"https:\/\/wp.ufpel.edu.br\/rebecca\/wp-json\/wp\/v2\/media?parent=70"}],"curies":[{"name":"wp","href":"https:\/\/api.w.org\/{rel}","templated":true}]}}