{"id":62,"date":"2017-09-29T18:10:35","date_gmt":"2017-09-29T21:10:35","guid":{"rendered":"https:\/\/wp.ufpel.edu.br\/rebecca\/?page_id=62"},"modified":"2017-09-29T18:16:59","modified_gmt":"2017-09-29T21:16:59","slug":"filie-se-aqui","status":"publish","type":"page","link":"https:\/\/wp.ufpel.edu.br\/rebecca\/filie-se-aqui\/","title":{"rendered":"Integre a ReBECCa"},"content":{"rendered":"","protected":false},"excerpt":{"rendered":"","protected":false},"author":802,"featured_media":0,"parent":0,"menu_order":0,"comment_status":"closed","ping_status":"closed","template":"","meta":{"jetpack_post_was_ever_published":false,"footnotes":""},"class_list":["post-62","page","type-page","status-publish","hentry"],"jetpack_sharing_enabled":true,"jetpack_shortlink":"https:\/\/wp.me\/P9g8aP-10","jetpack_likes_enabled":true,"jetpack-related-posts":[{"id":335,"url":"https:\/\/wp.ufpel.edu.br\/rebecca\/conselho-diretor\/coordenacoes\/","url_meta":{"origin":62,"position":0},"title":"Coordena\u00e7\u00f5es","author":"rebecca","date":"13\/12\/2017","format":false,"excerpt":"2\u00aa Coordena\u00e7\u00e3o - Bi\u00eanio 2021\/2023 Coordena\u00e7\u00e3o Geral: Sidney Gon\u00e7alves Vieira (UFPEL, RS); Coordena\u00e7\u00e3o Adjunta: Lincoln da Silva Diniz (UFCG, PB); Coordena\u00e7\u00e3o de Eventos: Dione Dutra Lihtnov (LEUR\/UFPel, RS); Coordena\u00e7\u00e3o de Publica\u00e7\u00f5es: Cl\u00e1udio Ressurrei\u00e7\u00e3o dos Santos (SEC\/BA) e Paulo Roberto Baqueiro Brand\u00e3o (UFOB, BA); Coordena\u00e7\u00e3o de Rede Digital: Carlos Henrique Costa\u2026","rel":"","context":"Post similar","block_context":{"text":"Post similar","link":""},"img":{"alt_text":"","src":"","width":0,"height":0},"classes":[]},{"id":2,"url":"https:\/\/wp.ufpel.edu.br\/rebecca\/pagina-exemplo\/","url_meta":{"origin":62,"position":1},"title":"ReBECCa","author":"rebecca","date":"25\/09\/2017","format":false,"excerpt":"A\u00a0 ReBECCa \u00e9 a Rede Brasileira de Estudos sobre Com\u00e9rcio e Consumo, uma rede criada por pesquisadores brasileiros, em 21 de novembro de 2015, com o intuito de sistematizar os estudos da Geografia sobre Com\u00e9rcio, Consumo e Cidade, no Brasil. A ReBECCa \u00e9 composta por pesquisadores, professores e extensionistas da\u2026","rel":"","context":"Post similar","block_context":{"text":"Post similar","link":""},"img":{"alt_text":"","src":"","width":0,"height":0},"classes":[]},{"id":32,"url":"https:\/\/wp.ufpel.edu.br\/rebecca\/contatos\/","url_meta":{"origin":62,"position":2},"title":"Contatos","author":"rebecca","date":"25\/09\/2017","format":false,"excerpt":"Para entrar em contato com a administra\u00e7\u00e3o da Rede Brasileira de Estudos Geogr\u00e1ficos sobre Com\u00e9rcio e Consumo, ReBECCa, preencha o formul\u00e1rio a seguir e clique em \"Enviar\". To contact the administration of the Brazilian Network of Geographical Studies on Commerce and Consumption, ReBECCa, fill in the form below and click\u2026","rel":"","context":"Post similar","block_context":{"text":"Post similar","link":""},"img":{"alt_text":"","src":"","width":0,"height":0},"classes":[]},{"id":70,"url":"https:\/\/wp.ufpel.edu.br\/rebecca\/regulamento\/","url_meta":{"origin":62,"position":3},"title":"Estatuto","author":"rebecca","date":"29\/09\/2017","format":false,"excerpt":"O Estatuto da ReBECCa, Rede Brasileira de Estudos Geogr\u00e1ficos Sobre Com\u00e9rcio e Consumo, foi elaborado em conjunto pelas Universidades Conveniadas e serve de base para os relacionamentos entre os membros da rede. No Estatuto est\u00e3o delineadas a estrutura e funcionamento da rede, seus objetivos, membros participantes, bem como todas as\u2026","rel":"","context":"Post similar","block_context":{"text":"Post similar","link":""},"img":{"alt_text":"","src":"","width":0,"height":0},"classes":[]},{"id":122,"url":"https:\/\/wp.ufpel.edu.br\/rebecca\/entre-na-rede\/","url_meta":{"origin":62,"position":4},"title":"Entre na Rede","author":"rebecca","date":"24\/10\/2017","format":false,"excerpt":"A Rede Brasileira de Estudos Geogr\u00e1ficos Sobre Com\u00e9rcio e Consumo, ReBECCa, \u00e9 uma associa\u00e7\u00e3o civil sem fins lucrativos que congrega profissionais, pesquisadores e professores, da Geografia e de \u00e1reas afins, cujos temas de interesse sejam os estudos sobre com\u00e9rcio e consumo. Para participar da Rede, encaminhe sua solicita\u00e7\u00e3o por interm\u00e9dio\u2026","rel":"","context":"Post similar","block_context":{"text":"Post similar","link":""},"img":{"alt_text":"","src":"","width":0,"height":0},"classes":[]},{"id":642,"url":"https:\/\/wp.ufpel.edu.br\/rebecca\/i-network-meeting\/","url_meta":{"origin":62,"position":5},"title":"I Network Meeting","author":"rebecca","date":"04\/05\/2022","format":false,"excerpt":"Access HERE Page of the I NATIONAL MEETING OF ReBECCa","rel":"","context":"Post similar","block_context":{"text":"Post similar","link":""},"img":{"alt_text":"","src":"","width":0,"height":0},"classes":[]}],"_links":{"self":[{"href":"https:\/\/wp.ufpel.edu.br\/rebecca\/wp-json\/wp\/v2\/pages\/62","targetHints":{"allow":["GET"]}}],"collection":[{"href":"https:\/\/wp.ufpel.edu.br\/rebecca\/wp-json\/wp\/v2\/pages"}],"about":[{"href":"https:\/\/wp.ufpel.edu.br\/rebecca\/wp-json\/wp\/v2\/types\/page"}],"author":[{"embeddable":true,"href":"https:\/\/wp.ufpel.edu.br\/rebecca\/wp-json\/wp\/v2\/users\/802"}],"replies":[{"embeddable":true,"href":"https:\/\/wp.ufpel.edu.br\/rebecca\/wp-json\/wp\/v2\/comments?post=62"}],"version-history":[{"count":2,"href":"https:\/\/wp.ufpel.edu.br\/rebecca\/wp-json\/wp\/v2\/pages\/62\/revisions"}],"predecessor-version":[{"id":69,"href":"https:\/\/wp.ufpel.edu.br\/rebecca\/wp-json\/wp\/v2\/pages\/62\/revisions\/69"}],"wp:attachment":[{"href":"https:\/\/wp.ufpel.edu.br\/rebecca\/wp-json\/wp\/v2\/media?parent=62"}],"curies":[{"name":"wp","href":"https:\/\/api.w.org\/{rel}","templated":true}]}}