{"id":335,"date":"2017-12-13T11:22:53","date_gmt":"2017-12-13T13:22:53","guid":{"rendered":"https:\/\/wp.ufpel.edu.br\/rebecca\/?page_id=335"},"modified":"2022-05-04T15:19:34","modified_gmt":"2022-05-04T18:19:34","slug":"coordenacoes","status":"publish","type":"page","link":"https:\/\/wp.ufpel.edu.br\/rebecca\/conselho-diretor\/coordenacoes\/","title":{"rendered":"Coordena\u00e7\u00f5es"},"content":{"rendered":"<p><span style=\"font-size: 14pt;\"><strong>2\u00aa Coordena\u00e7\u00e3o &#8211; Bi\u00eanio 2021\/2023<\/strong><\/span><\/p>\n<p><strong>Coordena\u00e7\u00e3o Geral<\/strong>: Sidney Gon\u00e7alves Vieira (UFPEL, RS);<\/p>\n<p><strong>Coordena\u00e7\u00e3o Adjunta<\/strong>: Lincoln da Silva Diniz (UFCG, PB);<\/p>\n<p><strong>Coordena\u00e7\u00e3o de Eventos<\/strong>: Dione Dutra Lihtnov (LEUR\/UFPel, RS);<\/p>\n<p><strong>Coordena\u00e7\u00e3o de Publica\u00e7\u00f5es<\/strong>: Cl\u00e1udio Ressurrei\u00e7\u00e3o dos Santos (SEC\/BA) e Paulo Roberto Baqueiro Brand\u00e3o (UFOB, BA);<\/p>\n<p><strong>Coordena\u00e7\u00e3o de Rede Digital<\/strong>: Carlos Henrique Costa da Silva (UFSCAR\/Sorocaba, SP);<\/p>\n<p><strong>Coordena\u00e7\u00e3o de Filia\u00e7\u00e3o<\/strong>: K\u00e1tia Cristina Ribeiro Costa (UFCG, PB).<\/p>\n<p>&nbsp;<\/p>\n<p><span style=\"font-size: 14pt;\"><strong>1\u00aa Coordena\u00e7\u00e3o &#8211; Bi\u00eanio 2019\/2021<\/strong><\/span><\/p>\n<p><strong>Coordena\u00e7\u00e3o Geral<\/strong>: Silvana Maria Pintaudi (USP, SP);<\/p>\n<p><strong>Coordena\u00e7\u00e3o Adjunta<\/strong>: Sidney Gon\u00e7alves Vieira (UFPEL, RS);<\/p>\n<p><strong>Coordena\u00e7\u00e3o de Eventos<\/strong>: Virg\u00ednia C\u00e9lia Cavalcante de Holanda e Luiz Ant\u00f4nio Ara\u00fajo Gon\u00e7alves (UVA, CE);<\/p>\n<p><strong>Coordena\u00e7\u00e3o de Publica\u00e7\u00f5es<\/strong>: Carlos Henrique Costa da Silva (UFSCAR, Sorocaba, SP);<\/p>\n<p><strong>Coordena\u00e7\u00e3o de Rede Digital<\/strong>: Dione Dutra Lihtnov (UFPEL, RS)<\/p>\n<p><strong>Coordena\u00e7\u00e3o de Filia\u00e7\u00e3o<\/strong>: Rita de C\u00e1ssia da Concei\u00e7\u00e3o Gomes (UFRN, RN).<\/p>\n<p>&nbsp;<\/p>\n<p>As coordena\u00e7\u00f5es tem suas atividades previstas no Estatuto da ReBECCa:<\/p>\n<p>Se\u00e7\u00e3o II<br \/>\nDo Colegiado de Coordenadores<br \/>\nArt. 17. O Colegiado de Coordenadores \u00e9 o \u00f3rg\u00e3o administrativo da Rede Brasileira de Estudos Geogr\u00e1ficos Sobre Com\u00e9rcio e Consumo, ReBECCa,e ser\u00e1 constitu\u00eddo pelas seguintes coordena\u00e7\u00f5es:<br \/>\nI \u2013 Coordena\u00e7\u00e3o Geral;<br \/>\nII \u2013 Coordena\u00e7\u00e3o Adjunta;<br \/>\nIII \u2013 Coordena\u00e7\u00e3o de Eventos;<br \/>\nIV \u2013 Coordena\u00e7\u00e3o de Publica\u00e7\u00f5es;<br \/>\nV \u2013 Coordena\u00e7\u00e3o de Rede Digital;<br \/>\nVI \u2013 Coordena\u00e7\u00e3o de Filia\u00e7\u00e3o.<br \/>\nEstatuto da Rede Brasileira de Estudos Geogr\u00e1ficos Sobre Com\u00e9rcio e Consumo \u2013 ReBECCa<br \/>\nPar\u00e1grafo \u00fanico &#8211; O Colegiado de Coordenadores ser\u00e1 eleito pela assembleia geral ordin\u00e1ria, podendo ser reeleito e ter\u00e3o mandato de dois (2) anos.<br \/>\nArt. 18. O Colegiado de Coordenadores reunir-se-\u00e1 bimensalmente, em dia previamente designado, sem preju\u00edzo de reuni\u00f5es extraordin\u00e1rias, que poder\u00e3o ser convocadas pela Coordena\u00e7\u00e3o Geral, quando julgar necess\u00e1rio. As reuni\u00f5es poder\u00e3o ser realizadas na modalidade \u00e0 dist\u00e2ncia.<br \/>\nPar\u00e1grafo \u00danico \u2013O Colegiado de Coordenadores poder\u00e1 criar quantos departamentos julgar necess\u00e1rios para o melhor funcionamento da Rede Brasileira de Estudos Geogr\u00e1ficos Sobre Com\u00e9rcio e Consumo, ReBECCa, bem como poder\u00e1 designar membros para integrarem as coordena\u00e7\u00f5es existentes com a finalidade de auxiliarem os respectivos coordenadores.<br \/>\nArt. 19. As decis\u00f5es do Colegiado de Coordenadores ser\u00e3o tomadas pela maioria absoluta de votos.<br \/>\nArt. 20. Nas decis\u00f5es em que se verificar empate, o Coordenador Geral ter\u00e1 voto de qualidade.<br \/>\nArt. 21. Sem preju\u00edzo das responsabilidades que caibam aos outros membros do Colegiado de Coordenadores, no exerc\u00edcio das respectivas fun\u00e7\u00f5es, o Coordenador Geral ser\u00e1 respons\u00e1vel pela administra\u00e7\u00e3o e orienta\u00e7\u00e3o geral da Rede Brasileira de Estudos Geogr\u00e1ficos Sobre Com\u00e9rcio e Consumo, ReBECCa.<br \/>\nArt. 22. Compete ao Coordenador Geral:<br \/>\nI &#8211; convocar e presidir as assembleias gerais e as reuni\u00f5es do Colegiado;<br \/>\nII &#8211; administrar a Rede Brasileira de Estudos Geogr\u00e1ficos Sobre Com\u00e9rcio e Consumo, ReBECCa, represent\u00e1-la ativa e passivamente em ju\u00edzo e extrajudicialmente;<br \/>\nIII &#8211; assinar a correspond\u00eancia dirigida ao p\u00fablico e institui\u00e7\u00f5es;<br \/>\nIV &#8211; autorizar a divulga\u00e7\u00e3o dos atos administrativos;<br \/>\nV &#8211; solucionar os casos omissos, de car\u00e1ter urgente, providenciando a sua inclus\u00e3o nas normas internas.<br \/>\nArt. 23. Compete \u00e0 Coordena\u00e7\u00e3o Adjunta:<br \/>\nI &#8211; substituir o Coordenador Geral em suas faltas e impedimentos, bem como auxili\u00e1-lo no desempenho de suas fun\u00e7\u00f5es;<br \/>\nII &#8211; substituir o Coordenador Geral quando este estiver impedido, por prazo inferior a 30 (trinta dias), sem qualquer outra formalidade;<br \/>\nEstatuto da Rede Brasileira de Estudos Geogr\u00e1ficos Sobre Com\u00e9rcio e Consumo \u2013 ReBECCa 6<br \/>\n\u00a7 1\u00ba. Quando o Coordenador Geral obtiver licen\u00e7a por prazo superior a 30 (trinta dias), at\u00e9 o limite permitido, o tesoureiro ficar\u00e1 no exerc\u00edcio da coordena\u00e7\u00e3o do Colegiado de Coordenadores, feitas as necess\u00e1rias comunica\u00e7\u00f5es \u00e0s entidades superiores;<br \/>\n\u00a7 2\u00ba. O Coordenador Adjunto ser\u00e1 empossado no cargo, caso de impedimento definitivo do Coordenador Geral, ato esse devidamente homologado pela Assembleia Geral Extraordin\u00e1ria.<br \/>\n\u00a7 3\u00ba. Empossado Coordenador Geral, poder\u00e1 nomear um novo Coordenador Adjunto.<br \/>\nArt. 24. Compete \u00e0 Coordena\u00e7\u00e3o de Eventos:<br \/>\nI \u2013 propor e realizar, pelo menos uma vez a cada dois anos, um evento cient\u00edfico e acad\u00eamico da Rede Brasileira de Estudos Geogr\u00e1ficos Sobre Com\u00e9rcio e Consumo, ReBECCa;<br \/>\nII \u2013 apoiar a realiza\u00e7\u00e3o de eventos organizados pelos membros da Rede Brasileira de Estudos Geogr\u00e1ficos Sobre Com\u00e9rcio e Consumo, ReBECCa.<br \/>\nPar\u00e1grafo \u00fanico \u2013 O Coordenador de Eventos poder\u00e1, com o aval do Col\u00e9gio de Coordenadores, criar equipe pr\u00f3pria para o desempenho de suas fun\u00e7\u00f5es estabelecendo os pap\u00e9is a serem desempenhados pelos membros escolhidos.<br \/>\nArt. 25. Compete \u00e0 Coordena\u00e7\u00e3o de Publica\u00e7\u00f5es:<br \/>\nI \u2013 publicar, pelo menos uma vez por ano, a Revista Brasileira de Estudos Geogr\u00e1ficos Sobre Com\u00e9rcio e Consumo, destinada a divulgar os trabalhos cient\u00edficos elaborados pelos membros da rede e outros, mediante criteriosa sele\u00e7\u00e3o cient\u00edfica;<br \/>\nII \u2013 organizar o Comit\u00ea Cient\u00edfico e o Comit\u00ea Editorial da Revista Brasileira de Estudos Geogr\u00e1ficos Sobre Com\u00e9rcio e Consumo, que definir\u00e3o os crit\u00e9rios de envio, sele\u00e7\u00e3o e publica\u00e7\u00e3o;<br \/>\nIII \u2013 criar e gerenciar o ambiente virtual para hospedar em meio eletr\u00f4nico a Revista Brasileira de Estudos Geogr\u00e1ficos Sobre Com\u00e9rcio e Consumo;<br \/>\nIV \u2013 apoiar outros tipos de publica\u00e7\u00f5es cient\u00edficas no ambiente da Rede Brasileira de Estudos Geogr\u00e1ficos Sobre Com\u00e9rcio e Consumo, ReBECCa, com o intuito de aprofundar os estudos sobre as tem\u00e1ticas de interesse dos integrantes da rede.<br \/>\nPar\u00e1grafo \u00fanico \u2013 O Coordenador de Publica\u00e7\u00f5es poder\u00e1, com o aval do Col\u00e9gio de Coordenadores, criar equipe pr\u00f3pria para o desempenho de suas fun\u00e7\u00f5es estabelecendo os pap\u00e9is a serem desempenhados pelos membros escolhidos.<br \/>\nArt. 26. Compete \u00e0 Coordena\u00e7\u00e3o de Rede Digital:<br \/>\nEstatuto da Rede Brasileira de Estudos Geogr\u00e1ficos Sobre Com\u00e9rcio e Consumo \u2013 ReBECCa 7<br \/>\nI \u2013 organizar ambiente virtual eletr\u00f4nico para a divulga\u00e7\u00e3o das informa\u00e7\u00f5es, atividades e trabalhos da Rede Brasileira de Estudos Geogr\u00e1ficos Sobre Com\u00e9rcio e Consumo, ReBECCa, por interm\u00e9dio de uma p\u00e1gina eletr\u00f4nica;<br \/>\nII \u2013 propor e criar outros meios digitais eletr\u00f4nicos para permitir o compartilhamento de dados, informa\u00e7\u00f5es e publica\u00e7\u00f5es;<br \/>\nIII \u2013 gerenciar os ambientes virtuais da Rede Brasileira de Estudos Geogr\u00e1ficos Sobre Com\u00e9rcio e Consumo, ReBECCa de forma a apoiar as a\u00e7\u00f5es das demais coordena\u00e7\u00f5es.<br \/>\nPar\u00e1grafo \u00fanico \u2013 O Coordenador de Rede Digital poder\u00e1, com o aval do Col\u00e9gio de Coordenadores, criar equipe pr\u00f3pria para o desempenho de suas fun\u00e7\u00f5es estabelecendo os pap\u00e9is a serem desempenhados pelos membros escolhidos.<br \/>\nArt. 27. Compete \u00e0 Coordena\u00e7\u00e3o de Filia\u00e7\u00e3o:<br \/>\nI \u2013 organizar o cadastro dos membros filiados em suas respectivas categorias e emitir certificado de filia\u00e7\u00e3o;<br \/>\nII \u2013 indicar \u00e0 Assembleia Geral sobre a aceita\u00e7\u00e3o ou n\u00e3o das propostas encaminhadas para a filia\u00e7\u00e3o \u00e0 rede;<br \/>\nIII \u2013 incentivar a amplia\u00e7\u00e3o do quadro de integrantes da rede, observado crit\u00e9rio de adequa\u00e7\u00e3o da a\u00e7\u00e3o do proponente com os objetivos da Rede Brasileira de Estudos Geogr\u00e1ficos Sobre Com\u00e9rcio e Consumo, ReBECCa.<br \/>\nIV \u2013 criar regulamento pr\u00f3prio, com o aval da Assembleia Geral, contendo os crit\u00e9rios de filia\u00e7\u00e3o e desfilia\u00e7\u00e3o.<br \/>\nPar\u00e1grafo \u00fanico \u2013 O Coordenador de Filia\u00e7\u00e3o poder\u00e1, com o aval do Col\u00e9gio de Coordenadores, criar equipe pr\u00f3pria para o desempenho de suas fun\u00e7\u00f5es estabelecendo os pap\u00e9is a serem desempenhados pelos membros escolhidos.<\/p>\n","protected":false},"excerpt":{"rendered":"<p>2\u00aa Coordena\u00e7\u00e3o &#8211; Bi\u00eanio 2021\/2023 Coordena\u00e7\u00e3o Geral: Sidney Gon\u00e7alves Vieira (UFPEL, RS); Coordena\u00e7\u00e3o Adjunta: Lincoln da Silva Diniz (UFCG, PB); Coordena\u00e7\u00e3o de Eventos: Dione Dutra Lihtnov (LEUR\/UFPel, RS); Coordena\u00e7\u00e3o de Publica\u00e7\u00f5es: Cl\u00e1udio Ressurrei\u00e7\u00e3o dos Santos (SEC\/BA) e Paulo Roberto Baqueiro Brand\u00e3o (UFOB, BA); Coordena\u00e7\u00e3o de Rede Digital: Carlos Henrique Costa da Silva (UFSCAR\/Sorocaba, SP); Coordena\u00e7\u00e3o de Filia\u00e7\u00e3o: K\u00e1tia Cristina Ribeiro Costa (UFCG, PB). &nbsp; 1\u00aa Coordena\u00e7\u00e3o &#8211; Bi\u00eanio 2019\/2021 Coordena\u00e7\u00e3o Geral: Silvana Maria Pintaudi (USP, SP); Coordena\u00e7\u00e3o Adjunta: Sidney Gon\u00e7alves Vieira (UFPEL, RS); Coordena\u00e7\u00e3o de Eventos: Virg\u00ednia C\u00e9lia Cavalcante de Holanda e Luiz Ant\u00f4nio Ara\u00fajo Gon\u00e7alves (UVA, CE); Coordena\u00e7\u00e3o de Publica\u00e7\u00f5es: Carlos Henrique Costa da Silva (UFSCAR, Sorocaba, SP); Coordena\u00e7\u00e3o de Rede Digital: Dione Dutra Lihtnov (UFPEL, RS) Coordena\u00e7\u00e3o de Filia\u00e7\u00e3o: Rita de C\u00e1ssia da Concei\u00e7\u00e3o Gomes (UFRN, RN). &nbsp; As coordena\u00e7\u00f5es tem suas atividades previstas no Estatuto da ReBECCa: Se\u00e7\u00e3o II Do Colegiado de Coordenadores Art. 17. O Colegiado&#46;&#46;&#46;<\/p>\n","protected":false},"author":802,"featured_media":0,"parent":57,"menu_order":0,"comment_status":"closed","ping_status":"closed","template":"","meta":{"jetpack_post_was_ever_published":false,"footnotes":""},"class_list":["post-335","page","type-page","status-publish","hentry"],"jetpack_sharing_enabled":true,"jetpack_shortlink":"https:\/\/wp.me\/P9g8aP-5p","jetpack_likes_enabled":true,"jetpack-related-posts":[{"id":8,"url":"https:\/\/wp.ufpel.edu.br\/rebecca\/quem-somos\/","url_meta":{"origin":335,"position":0},"title":"Hist\u00f3rico","author":"rebecca","date":"25\/09\/2017","format":false,"excerpt":"A cria\u00e7\u00e3o da Rede A ReBECCa, Rede Brasileira de Estudos Geogr\u00e1ficos sobre Com\u00e9rcio e Consumo, foi criada em 21 de novembro de 2015, durante a realiza\u00e7\u00e3o do XI Semin\u00e1rio de Estudos Urbanos e Regionais e o V Col\u00f3quio Internacional sobre Com\u00e9rcio e Consumo Urbano, organizado pela Universidade Federal de Pelotas,\u2026","rel":"","context":"Post similar","block_context":{"text":"Post similar","link":""},"img":{"alt_text":"","src":"https:\/\/i0.wp.com\/wp.ufpel.edu.br\/rebecca\/files\/2017\/09\/Rede-Pelotas-400x236.jpg?resize=350%2C200&ssl=1","width":350,"height":200},"classes":[]},{"id":127,"url":"https:\/\/wp.ufpel.edu.br\/rebecca\/filie-se-aqui\/membros-da-rebecca\/","url_meta":{"origin":335,"position":1},"title":"Membros da ReBECCa","author":"rebecca","date":"24\/10\/2017","format":false,"excerpt":"Os membros da ReBECCa, Rede Brasileira de Estudos Geogr\u00e1ficos Sobre Com\u00e9rcio e Consumo, est\u00e3o organizados nas seguintes categorias: I \u2013L\u00edderes de Grupos de Pesquisa das Universidades Conveniadas; II \u2013Membros dos Grupos de Pesquisa das Universidades Conveniadas; III \u2013 Colaboradores Individuais, Coletivos e Convidados. \u00a0 Veja a lista completa dos integrantes\u2026","rel":"","context":"Post similar","block_context":{"text":"Post similar","link":""},"img":{"alt_text":"","src":"https:\/\/i0.wp.com\/wp.ufpel.edu.br\/rebecca\/files\/2017\/10\/servletrecuperafoto-1-321x400.jpg?resize=350%2C200&ssl=1","width":350,"height":200},"classes":[]},{"id":626,"url":"https:\/\/wp.ufpel.edu.br\/rebecca\/coordinations\/","url_meta":{"origin":335,"position":2},"title":"Coordinations","author":"rebecca","date":"04\/05\/2022","format":false,"excerpt":"2nd Coordination - Biennium 2021\/2023 General Coordination: Sidney Gon\u00e7alves Vieira (UFPEL, RS); Adjunct Coordinator: Lincoln da Silva Diniz (UFCG, PB); Event Coordination: Dione Dutra Lihtnov (LEUR\/UFPel, RS); Publications Coordination: Cl\u00e1udio Ressurrei\u00e7\u00e3o dos Santos (SEC\/BA) and Paulo Roberto Baqueiro Brand\u00e3o (UFOB, BA); Digital Network Coordination: Carlos Henrique Costa da Silva (UFSCAR\/Sorocaba,\u2026","rel":"","context":"Post similar","block_context":{"text":"Post similar","link":""},"img":{"alt_text":"","src":"","width":0,"height":0},"classes":[]},{"id":57,"url":"https:\/\/wp.ufpel.edu.br\/rebecca\/conselho-diretor\/","url_meta":{"origin":335,"position":3},"title":"Organiza\u00e7\u00e3o","author":"rebecca","date":"29\/09\/2017","format":false,"excerpt":"A ReBECCa, Rede Brasileira de Estudos Geogr\u00e1ficos sobre Com\u00e9rcio e Consumo, est\u00e1 estruturada no formato de uma rede cujo n\u00f3 principal s\u00e3o as Universidades Conveniadas, por interm\u00e9dio dos L\u00edderes de Grupos de Pesquisa e Extens\u00e3o. Ligados a esse n\u00f3 est\u00e3o os Membros de Grupos de Pesquisa e Extens\u00e3o das Universidades\u2026","rel":"","context":"Post similar","block_context":{"text":"Post similar","link":""},"img":{"alt_text":"","src":"https:\/\/i0.wp.com\/wp.ufpel.edu.br\/rebecca\/files\/2017\/09\/organo-1024x848.png?resize=350%2C200&ssl=1","width":350,"height":200,"srcset":"https:\/\/i0.wp.com\/wp.ufpel.edu.br\/rebecca\/files\/2017\/09\/organo-1024x848.png?resize=350%2C200&ssl=1 1x, https:\/\/i0.wp.com\/wp.ufpel.edu.br\/rebecca\/files\/2017\/09\/organo-1024x848.png?resize=525%2C300&ssl=1 1.5x, https:\/\/i0.wp.com\/wp.ufpel.edu.br\/rebecca\/files\/2017\/09\/organo-1024x848.png?resize=700%2C400&ssl=1 2x"},"classes":[]},{"id":2,"url":"https:\/\/wp.ufpel.edu.br\/rebecca\/pagina-exemplo\/","url_meta":{"origin":335,"position":4},"title":"ReBECCa","author":"rebecca","date":"25\/09\/2017","format":false,"excerpt":"A\u00a0 ReBECCa \u00e9 a Rede Brasileira de Estudos sobre Com\u00e9rcio e Consumo, uma rede criada por pesquisadores brasileiros, em 21 de novembro de 2015, com o intuito de sistematizar os estudos da Geografia sobre Com\u00e9rcio, Consumo e Cidade, no Brasil. A ReBECCa \u00e9 composta por pesquisadores, professores e extensionistas da\u2026","rel":"","context":"Post similar","block_context":{"text":"Post similar","link":""},"img":{"alt_text":"","src":"","width":0,"height":0},"classes":[]},{"id":114,"url":"https:\/\/wp.ufpel.edu.br\/rebecca\/pesquisa-nacional-de-informacoes-sobre-comercio-e-consumo-em-municipios-selecionados\/","url_meta":{"origin":335,"position":5},"title":"Pesquisa Nacional de Informa\u00e7\u00f5es Sobre Com\u00e9rcio e Consumo em Munic\u00edpios Selecionados","author":"rebecca","date":"20\/10\/2017","format":false,"excerpt":"A ReBECCa, Rede Brasileira de Estudos Geogr\u00e1ficos Sobre Com\u00e9rcio e Consumo, realizar\u00e1 pesquisa anual, com base em uma mesma metodologia, contendo dados coletados em diversos munic\u00edpios brasileiros, com informa\u00e7\u00f5es acerca das atividades terci\u00e1rias. Em cada munic\u00edpio integrante da pesquisa, cuja participa\u00e7\u00e3o ser\u00e1 definida pela ReBECCa considerando a disponibilidade de informa\u00e7\u00f5es\u2026","rel":"","context":"Post similar","block_context":{"text":"Post similar","link":""},"img":{"alt_text":"","src":"","width":0,"height":0},"classes":[]}],"_links":{"self":[{"href":"https:\/\/wp.ufpel.edu.br\/rebecca\/wp-json\/wp\/v2\/pages\/335","targetHints":{"allow":["GET"]}}],"collection":[{"href":"https:\/\/wp.ufpel.edu.br\/rebecca\/wp-json\/wp\/v2\/pages"}],"about":[{"href":"https:\/\/wp.ufpel.edu.br\/rebecca\/wp-json\/wp\/v2\/types\/page"}],"author":[{"embeddable":true,"href":"https:\/\/wp.ufpel.edu.br\/rebecca\/wp-json\/wp\/v2\/users\/802"}],"replies":[{"embeddable":true,"href":"https:\/\/wp.ufpel.edu.br\/rebecca\/wp-json\/wp\/v2\/comments?post=335"}],"version-history":[{"count":3,"href":"https:\/\/wp.ufpel.edu.br\/rebecca\/wp-json\/wp\/v2\/pages\/335\/revisions"}],"predecessor-version":[{"id":608,"href":"https:\/\/wp.ufpel.edu.br\/rebecca\/wp-json\/wp\/v2\/pages\/335\/revisions\/608"}],"up":[{"embeddable":true,"href":"https:\/\/wp.ufpel.edu.br\/rebecca\/wp-json\/wp\/v2\/pages\/57"}],"wp:attachment":[{"href":"https:\/\/wp.ufpel.edu.br\/rebecca\/wp-json\/wp\/v2\/media?parent=335"}],"curies":[{"name":"wp","href":"https:\/\/api.w.org\/{rel}","templated":true}]}}