{"id":32,"date":"2017-09-25T13:31:10","date_gmt":"2017-09-25T16:31:10","guid":{"rendered":"https:\/\/wp.ufpel.edu.br\/rebecca\/?page_id=32"},"modified":"2022-05-04T16:44:08","modified_gmt":"2022-05-04T19:44:08","slug":"contatos","status":"publish","type":"page","link":"https:\/\/wp.ufpel.edu.br\/rebecca\/contatos\/","title":{"rendered":"Contatos"},"content":{"rendered":"<p>Para entrar em contato com a administra\u00e7\u00e3o da Rede Brasileira de Estudos Geogr\u00e1ficos sobre Com\u00e9rcio e Consumo, ReBECCa, preencha o formul\u00e1rio a seguir e clique em &#8220;Enviar&#8221;.<\/p>\n<p>To contact the administration of the Brazilian Network of Geographical Studies on Commerce and Consumption, ReBECCa, fill in the form below and click on \u201cSend\u201d (Enviar).<\/p>\n\n<div class=\"wpcf7 no-js\" id=\"wpcf7-f256-o1\" lang=\"pt-BR\" dir=\"ltr\" data-wpcf7-id=\"256\">\n<div class=\"screen-reader-response\"><p role=\"status\" aria-live=\"polite\" aria-atomic=\"true\"><\/p> <ul><\/ul><\/div>\n<form action=\"\/rebecca\/wp-json\/wp\/v2\/pages\/32#wpcf7-f256-o1\" method=\"post\" class=\"wpcf7-form init\" aria-label=\"Formul\u00e1rios de contato\" novalidate=\"novalidate\" data-status=\"init\">\n<fieldset class=\"hidden-fields-container\"><input type=\"hidden\" name=\"_wpcf7\" value=\"256\" \/><input type=\"hidden\" name=\"_wpcf7_version\" value=\"6.1.4\" \/><input type=\"hidden\" name=\"_wpcf7_locale\" value=\"pt_BR\" \/><input type=\"hidden\" name=\"_wpcf7_unit_tag\" value=\"wpcf7-f256-o1\" \/><input type=\"hidden\" name=\"_wpcf7_container_post\" value=\"0\" \/><input type=\"hidden\" name=\"_wpcf7_posted_data_hash\" value=\"\" \/><input type=\"hidden\" name=\"_wpcf7cf_hidden_group_fields\" value=\"[]\" \/><input type=\"hidden\" name=\"_wpcf7cf_hidden_groups\" value=\"[]\" \/><input type=\"hidden\" name=\"_wpcf7cf_visible_groups\" value=\"[]\" \/><input type=\"hidden\" name=\"_wpcf7cf_repeaters\" value=\"[]\" \/><input type=\"hidden\" name=\"_wpcf7cf_steps\" value=\"{}\" \/><input type=\"hidden\" name=\"_wpcf7cf_options\" value=\"{&quot;form_id&quot;:256,&quot;conditions&quot;:[],&quot;settings&quot;:{&quot;animation&quot;:&quot;yes&quot;,&quot;animation_intime&quot;:200,&quot;animation_outtime&quot;:200,&quot;conditions_ui&quot;:&quot;normal&quot;,&quot;notice_dismissed&quot;:false}}\" \/>\n<\/fieldset>\n<p><label> Seu nome (obrigat\u00f3rio)<br \/>\n<span class=\"wpcf7-form-control-wrap\" data-name=\"your-name\"><input size=\"40\" maxlength=\"400\" class=\"wpcf7-form-control wpcf7-text wpcf7-validates-as-required\" aria-required=\"true\" aria-invalid=\"false\" value=\"\" type=\"text\" name=\"your-name\" \/><\/span> <\/label>\n<\/p>\n<p><label> Seu e-mail (obrigat\u00f3rio)<br \/>\n<span class=\"wpcf7-form-control-wrap\" data-name=\"your-email\"><input size=\"40\" maxlength=\"400\" class=\"wpcf7-form-control wpcf7-email wpcf7-validates-as-required wpcf7-text wpcf7-validates-as-email\" aria-required=\"true\" aria-invalid=\"false\" value=\"\" type=\"email\" name=\"your-email\" \/><\/span> <\/label>\n<\/p>\n<p><label> Assunto<br \/>\n<span class=\"wpcf7-form-control-wrap\" data-name=\"your-subject\"><input size=\"40\" maxlength=\"400\" class=\"wpcf7-form-control wpcf7-text\" aria-invalid=\"false\" value=\"\" type=\"text\" name=\"your-subject\" \/><\/span> <\/label>\n<\/p>\n<p><label> Sua mensagem<br \/>\n<span class=\"wpcf7-form-control-wrap\" data-name=\"your-message\"><textarea cols=\"40\" rows=\"10\" maxlength=\"2000\" class=\"wpcf7-form-control wpcf7-textarea\" aria-invalid=\"false\" name=\"your-message\"><\/textarea><\/span> <\/label>\n<\/p>\n<p><input class=\"wpcf7-form-control wpcf7-submit has-spinner\" type=\"submit\" value=\"Enviar\" \/>\n<\/p><p style=\"display: none !important;\" class=\"akismet-fields-container\" data-prefix=\"_wpcf7_ak_\"><label>&#916;<textarea name=\"_wpcf7_ak_hp_textarea\" cols=\"45\" rows=\"8\" maxlength=\"100\"><\/textarea><\/label><input type=\"hidden\" id=\"ak_js_1\" name=\"_wpcf7_ak_js\" value=\"244\"\/><script>document.getElementById( \"ak_js_1\" ).setAttribute( \"value\", ( new Date() ).getTime() );<\/script><\/p><div class=\"wpcf7-response-output\" aria-hidden=\"true\"><\/div>\n<\/form>\n<\/div>\n\n","protected":false},"excerpt":{"rendered":"<p>Para entrar em contato com a administra\u00e7\u00e3o da Rede Brasileira de Estudos Geogr\u00e1ficos sobre Com\u00e9rcio e Consumo, ReBECCa, preencha o formul\u00e1rio a seguir e clique em &#8220;Enviar&#8221;. To contact the administration of the Brazilian Network of Geographical Studies on Commerce and Consumption, ReBECCa, fill in the form below and click on \u201cSend\u201d (Enviar).<\/p>\n","protected":false},"author":802,"featured_media":0,"parent":0,"menu_order":0,"comment_status":"closed","ping_status":"closed","template":"","meta":{"jetpack_post_was_ever_published":false,"footnotes":""},"class_list":["post-32","page","type-page","status-publish","hentry"],"jetpack_sharing_enabled":true,"jetpack_shortlink":"https:\/\/wp.me\/P9g8aP-w","jetpack_likes_enabled":true,"jetpack-related-posts":[{"id":617,"url":"https:\/\/wp.ufpel.edu.br\/rebecca\/join-the-network\/","url_meta":{"origin":32,"position":0},"title":"Join the network","author":"rebecca","date":"04\/05\/2022","format":false,"excerpt":"The Brazilian Network of Geographical Studies on Commerce and Consumption, ReBECCa, is a non-profit civil association that brings together professionals, researchers and professors in Geography and related areas, whose topics of interest are studies on commerce and consumption. To participate in the Network, send your request through the form below.\u2026","rel":"","context":"Post similar","block_context":{"text":"Post similar","link":""},"img":{"alt_text":"","src":"","width":0,"height":0},"classes":[]},{"id":635,"url":"https:\/\/wp.ufpel.edu.br\/rebecca\/objectives\/","url_meta":{"origin":32,"position":1},"title":"Objectives","author":"rebecca","date":"04\/05\/2022","format":false,"excerpt":"ReBECCa, the Brazilian Network of Geographical Studies on Trade and Consumption, based on its Statute, seeks to achieve the following objectives: \u00a0 I \u2013 To organize Brazilian professionals, professors and researchers, in an academic network of thematic studies on the Geography of commerce and consumption; II \u2013 Identify the national\u2026","rel":"","context":"Post similar","block_context":{"text":"Post similar","link":""},"img":{"alt_text":"","src":"","width":0,"height":0},"classes":[]},{"id":626,"url":"https:\/\/wp.ufpel.edu.br\/rebecca\/coordinations\/","url_meta":{"origin":32,"position":2},"title":"Coordinations","author":"rebecca","date":"04\/05\/2022","format":false,"excerpt":"2nd Coordination - Biennium 2021\/2023 General Coordination: Sidney Gon\u00e7alves Vieira (UFPEL, RS); Adjunct Coordinator: Lincoln da Silva Diniz (UFCG, PB); Event Coordination: Dione Dutra Lihtnov (LEUR\/UFPel, RS); Publications Coordination: Cl\u00e1udio Ressurrei\u00e7\u00e3o dos Santos (SEC\/BA) and Paulo Roberto Baqueiro Brand\u00e3o (UFOB, BA); Digital Network Coordination: Carlos Henrique Costa da Silva (UFSCAR\/Sorocaba,\u2026","rel":"","context":"Post similar","block_context":{"text":"Post similar","link":""},"img":{"alt_text":"","src":"","width":0,"height":0},"classes":[]},{"id":642,"url":"https:\/\/wp.ufpel.edu.br\/rebecca\/i-network-meeting\/","url_meta":{"origin":32,"position":3},"title":"I Network Meeting","author":"rebecca","date":"04\/05\/2022","format":false,"excerpt":"Access HERE Page of the I NATIONAL MEETING OF ReBECCa","rel":"","context":"Post similar","block_context":{"text":"Post similar","link":""},"img":{"alt_text":"","src":"","width":0,"height":0},"classes":[]},{"id":335,"url":"https:\/\/wp.ufpel.edu.br\/rebecca\/conselho-diretor\/coordenacoes\/","url_meta":{"origin":32,"position":4},"title":"Coordena\u00e7\u00f5es","author":"rebecca","date":"13\/12\/2017","format":false,"excerpt":"2\u00aa Coordena\u00e7\u00e3o - Bi\u00eanio 2021\/2023 Coordena\u00e7\u00e3o Geral: Sidney Gon\u00e7alves Vieira (UFPEL, RS); Coordena\u00e7\u00e3o Adjunta: Lincoln da Silva Diniz (UFCG, PB); Coordena\u00e7\u00e3o de Eventos: Dione Dutra Lihtnov (LEUR\/UFPel, RS); Coordena\u00e7\u00e3o de Publica\u00e7\u00f5es: Cl\u00e1udio Ressurrei\u00e7\u00e3o dos Santos (SEC\/BA) e Paulo Roberto Baqueiro Brand\u00e3o (UFOB, BA); Coordena\u00e7\u00e3o de Rede Digital: Carlos Henrique Costa\u2026","rel":"","context":"Post similar","block_context":{"text":"Post similar","link":""},"img":{"alt_text":"","src":"","width":0,"height":0},"classes":[]},{"id":2,"url":"https:\/\/wp.ufpel.edu.br\/rebecca\/pagina-exemplo\/","url_meta":{"origin":32,"position":5},"title":"ReBECCa","author":"rebecca","date":"25\/09\/2017","format":false,"excerpt":"A\u00a0 ReBECCa \u00e9 a Rede Brasileira de Estudos sobre Com\u00e9rcio e Consumo, uma rede criada por pesquisadores brasileiros, em 21 de novembro de 2015, com o intuito de sistematizar os estudos da Geografia sobre Com\u00e9rcio, Consumo e Cidade, no Brasil. A ReBECCa \u00e9 composta por pesquisadores, professores e extensionistas da\u2026","rel":"","context":"Post similar","block_context":{"text":"Post similar","link":""},"img":{"alt_text":"","src":"","width":0,"height":0},"classes":[]}],"_links":{"self":[{"href":"https:\/\/wp.ufpel.edu.br\/rebecca\/wp-json\/wp\/v2\/pages\/32","targetHints":{"allow":["GET"]}}],"collection":[{"href":"https:\/\/wp.ufpel.edu.br\/rebecca\/wp-json\/wp\/v2\/pages"}],"about":[{"href":"https:\/\/wp.ufpel.edu.br\/rebecca\/wp-json\/wp\/v2\/types\/page"}],"author":[{"embeddable":true,"href":"https:\/\/wp.ufpel.edu.br\/rebecca\/wp-json\/wp\/v2\/users\/802"}],"replies":[{"embeddable":true,"href":"https:\/\/wp.ufpel.edu.br\/rebecca\/wp-json\/wp\/v2\/comments?post=32"}],"version-history":[{"count":7,"href":"https:\/\/wp.ufpel.edu.br\/rebecca\/wp-json\/wp\/v2\/pages\/32\/revisions"}],"predecessor-version":[{"id":638,"href":"https:\/\/wp.ufpel.edu.br\/rebecca\/wp-json\/wp\/v2\/pages\/32\/revisions\/638"}],"wp:attachment":[{"href":"https:\/\/wp.ufpel.edu.br\/rebecca\/wp-json\/wp\/v2\/media?parent=32"}],"curies":[{"name":"wp","href":"https:\/\/api.w.org\/{rel}","templated":true}]}}