{"id":23,"date":"2017-09-25T11:42:06","date_gmt":"2017-09-25T14:42:06","guid":{"rendered":"https:\/\/wp.ufpel.edu.br\/rebecca\/?page_id=23"},"modified":"2017-12-01T17:11:49","modified_gmt":"2017-12-01T19:11:49","slug":"objetivos","status":"publish","type":"page","link":"https:\/\/wp.ufpel.edu.br\/rebecca\/objetivos\/","title":{"rendered":"Objetivos"},"content":{"rendered":"<p>A ReBECCa, Rede Brasileira de Estudos Geogr\u00e1ficos Sobre Com\u00e9rcio e Consumo, com base em seu Estatuto, busca a consecu\u00e7\u00e3o dos seguintes objetivos:<\/p>\n<p>&nbsp;<\/p>\n<p>I \u2013 Organizar profissionais, professores e pesquisadores brasileiros, em uma rede acad\u00eamica de estudos tem\u00e1ticos sobre a Geografia do com\u00e9rcio e do consumo;<\/p>\n<p>II &#8211; Identificar a produ\u00e7\u00e3o nacional de estudos tem\u00e1ticos sobre a Geografia do com\u00e9rcio e do consumo nas bases cient\u00edficas existentes;<\/p>\n<p>III &#8211; Sistematizar um invent\u00e1rio nacional de estudos tem\u00e1ticos sobre a Geografia do com\u00e9rcio e do consumo;<\/p>\n<p>IV \u2013Propor e realizar estudos sobre a Geografia do com\u00e9rcio e do consumo.<\/p>\n<p>&nbsp;<\/p>\n","protected":false},"excerpt":{"rendered":"<p>A ReBECCa, Rede Brasileira de Estudos Geogr\u00e1ficos Sobre Com\u00e9rcio e Consumo, com base em seu Estatuto, busca a consecu\u00e7\u00e3o dos seguintes objetivos: &nbsp; I \u2013 Organizar profissionais, professores e pesquisadores brasileiros, em uma rede acad\u00eamica de estudos tem\u00e1ticos sobre a Geografia do com\u00e9rcio e do consumo; II &#8211; Identificar a produ\u00e7\u00e3o nacional de estudos tem\u00e1ticos sobre a Geografia do com\u00e9rcio e do consumo nas bases cient\u00edficas existentes; III &#8211; Sistematizar um invent\u00e1rio nacional de estudos tem\u00e1ticos sobre a Geografia do com\u00e9rcio e do consumo; IV \u2013Propor e realizar estudos sobre a Geografia do com\u00e9rcio e do consumo. &nbsp;<\/p>\n","protected":false},"author":802,"featured_media":0,"parent":0,"menu_order":0,"comment_status":"closed","ping_status":"closed","template":"","meta":{"jetpack_post_was_ever_published":false,"footnotes":""},"class_list":["post-23","page","type-page","status-publish","hentry"],"jetpack_sharing_enabled":true,"jetpack_shortlink":"https:\/\/wp.me\/P9g8aP-n","jetpack_likes_enabled":true,"jetpack-related-posts":[{"id":335,"url":"https:\/\/wp.ufpel.edu.br\/rebecca\/conselho-diretor\/coordenacoes\/","url_meta":{"origin":23,"position":0},"title":"Coordena\u00e7\u00f5es","author":"rebecca","date":"13\/12\/2017","format":false,"excerpt":"2\u00aa Coordena\u00e7\u00e3o - Bi\u00eanio 2021\/2023 Coordena\u00e7\u00e3o Geral: Sidney Gon\u00e7alves Vieira (UFPEL, RS); Coordena\u00e7\u00e3o Adjunta: Lincoln da Silva Diniz (UFCG, PB); Coordena\u00e7\u00e3o de Eventos: Dione Dutra Lihtnov (LEUR\/UFPel, RS); Coordena\u00e7\u00e3o de Publica\u00e7\u00f5es: Cl\u00e1udio Ressurrei\u00e7\u00e3o dos Santos (SEC\/BA) e Paulo Roberto Baqueiro Brand\u00e3o (UFOB, BA); Coordena\u00e7\u00e3o de Rede Digital: Carlos Henrique Costa\u2026","rel":"","context":"Post similar","block_context":{"text":"Post similar","link":""},"img":{"alt_text":"","src":"","width":0,"height":0},"classes":[]},{"id":8,"url":"https:\/\/wp.ufpel.edu.br\/rebecca\/quem-somos\/","url_meta":{"origin":23,"position":1},"title":"Hist\u00f3rico","author":"rebecca","date":"25\/09\/2017","format":false,"excerpt":"A cria\u00e7\u00e3o da Rede A ReBECCa, Rede Brasileira de Estudos Geogr\u00e1ficos sobre Com\u00e9rcio e Consumo, foi criada em 21 de novembro de 2015, durante a realiza\u00e7\u00e3o do XI Semin\u00e1rio de Estudos Urbanos e Regionais e o V Col\u00f3quio Internacional sobre Com\u00e9rcio e Consumo Urbano, organizado pela Universidade Federal de Pelotas,\u2026","rel":"","context":"Post similar","block_context":{"text":"Post similar","link":""},"img":{"alt_text":"","src":"https:\/\/i0.wp.com\/wp.ufpel.edu.br\/rebecca\/files\/2017\/09\/Rede-Pelotas-400x236.jpg?resize=350%2C200&ssl=1","width":350,"height":200},"classes":[]},{"id":122,"url":"https:\/\/wp.ufpel.edu.br\/rebecca\/entre-na-rede\/","url_meta":{"origin":23,"position":2},"title":"Entre na Rede","author":"rebecca","date":"24\/10\/2017","format":false,"excerpt":"A Rede Brasileira de Estudos Geogr\u00e1ficos Sobre Com\u00e9rcio e Consumo, ReBECCa, \u00e9 uma associa\u00e7\u00e3o civil sem fins lucrativos que congrega profissionais, pesquisadores e professores, da Geografia e de \u00e1reas afins, cujos temas de interesse sejam os estudos sobre com\u00e9rcio e consumo. Para participar da Rede, encaminhe sua solicita\u00e7\u00e3o por interm\u00e9dio\u2026","rel":"","context":"Post similar","block_context":{"text":"Post similar","link":""},"img":{"alt_text":"","src":"","width":0,"height":0},"classes":[]},{"id":2,"url":"https:\/\/wp.ufpel.edu.br\/rebecca\/pagina-exemplo\/","url_meta":{"origin":23,"position":3},"title":"ReBECCa","author":"rebecca","date":"25\/09\/2017","format":false,"excerpt":"A\u00a0 ReBECCa \u00e9 a Rede Brasileira de Estudos sobre Com\u00e9rcio e Consumo, uma rede criada por pesquisadores brasileiros, em 21 de novembro de 2015, com o intuito de sistematizar os estudos da Geografia sobre Com\u00e9rcio, Consumo e Cidade, no Brasil. A ReBECCa \u00e9 composta por pesquisadores, professores e extensionistas da\u2026","rel":"","context":"Post similar","block_context":{"text":"Post similar","link":""},"img":{"alt_text":"","src":"","width":0,"height":0},"classes":[]},{"id":114,"url":"https:\/\/wp.ufpel.edu.br\/rebecca\/pesquisa-nacional-de-informacoes-sobre-comercio-e-consumo-em-municipios-selecionados\/","url_meta":{"origin":23,"position":4},"title":"Pesquisa Nacional de Informa\u00e7\u00f5es Sobre Com\u00e9rcio e Consumo em Munic\u00edpios Selecionados","author":"rebecca","date":"20\/10\/2017","format":false,"excerpt":"A ReBECCa, Rede Brasileira de Estudos Geogr\u00e1ficos Sobre Com\u00e9rcio e Consumo, realizar\u00e1 pesquisa anual, com base em uma mesma metodologia, contendo dados coletados em diversos munic\u00edpios brasileiros, com informa\u00e7\u00f5es acerca das atividades terci\u00e1rias. Em cada munic\u00edpio integrante da pesquisa, cuja participa\u00e7\u00e3o ser\u00e1 definida pela ReBECCa considerando a disponibilidade de informa\u00e7\u00f5es\u2026","rel":"","context":"Post similar","block_context":{"text":"Post similar","link":""},"img":{"alt_text":"","src":"","width":0,"height":0},"classes":[]},{"id":70,"url":"https:\/\/wp.ufpel.edu.br\/rebecca\/regulamento\/","url_meta":{"origin":23,"position":5},"title":"Estatuto","author":"rebecca","date":"29\/09\/2017","format":false,"excerpt":"O Estatuto da ReBECCa, Rede Brasileira de Estudos Geogr\u00e1ficos Sobre Com\u00e9rcio e Consumo, foi elaborado em conjunto pelas Universidades Conveniadas e serve de base para os relacionamentos entre os membros da rede. No Estatuto est\u00e3o delineadas a estrutura e funcionamento da rede, seus objetivos, membros participantes, bem como todas as\u2026","rel":"","context":"Post similar","block_context":{"text":"Post similar","link":""},"img":{"alt_text":"","src":"","width":0,"height":0},"classes":[]}],"_links":{"self":[{"href":"https:\/\/wp.ufpel.edu.br\/rebecca\/wp-json\/wp\/v2\/pages\/23","targetHints":{"allow":["GET"]}}],"collection":[{"href":"https:\/\/wp.ufpel.edu.br\/rebecca\/wp-json\/wp\/v2\/pages"}],"about":[{"href":"https:\/\/wp.ufpel.edu.br\/rebecca\/wp-json\/wp\/v2\/types\/page"}],"author":[{"embeddable":true,"href":"https:\/\/wp.ufpel.edu.br\/rebecca\/wp-json\/wp\/v2\/users\/802"}],"replies":[{"embeddable":true,"href":"https:\/\/wp.ufpel.edu.br\/rebecca\/wp-json\/wp\/v2\/comments?post=23"}],"version-history":[{"count":9,"href":"https:\/\/wp.ufpel.edu.br\/rebecca\/wp-json\/wp\/v2\/pages\/23\/revisions"}],"predecessor-version":[{"id":327,"href":"https:\/\/wp.ufpel.edu.br\/rebecca\/wp-json\/wp\/v2\/pages\/23\/revisions\/327"}],"wp:attachment":[{"href":"https:\/\/wp.ufpel.edu.br\/rebecca\/wp-json\/wp\/v2\/media?parent=23"}],"curies":[{"name":"wp","href":"https:\/\/api.w.org\/{rel}","templated":true}]}}