{"id":4,"date":"2025-10-08T15:44:27","date_gmt":"2025-10-08T18:44:27","guid":{"rendered":"https:\/\/wp.ufpel.edu.br\/read4earth\/?page_id=4"},"modified":"2025-10-08T15:46:03","modified_gmt":"2025-10-08T18:46:03","slug":"read4earth","status":"publish","type":"page","link":"https:\/\/wp.ufpel.edu.br\/read4earth\/read4earth\/","title":{"rendered":"Read4Earth"},"content":{"rendered":"<h1><em>Bem-vindo(a)!!<\/em><\/h1>\n<p>Aqui voc\u00ea vai encontrar o trabalho realizado por estudantes dos cursos de Engenharia Ambiental e Engenharia Sanit\u00e1ria da Universidade Federal de Pelotas.<\/p>\n<p>O projeto foi realizado durante o primeiro semestre letivo de 2025.<\/p>\n<p>Os resultados s\u00e3o tradu\u00e7\u00f5es anotadas de termos espec\u00edficos da \u00e1rea, provenientes de textos cient\u00edficos trabalhados em aula.<\/p>\n","protected":false},"excerpt":{"rendered":"<p>Bem-vindo(a)!! Aqui voc\u00ea vai encontrar o trabalho realizado por estudantes dos cursos de Engenharia Ambiental e Engenharia Sanit\u00e1ria da Universidade Federal de Pelotas. O projeto foi realizado durante o primeiro semestre letivo de 2025. Os resultados s\u00e3o tradu\u00e7\u00f5es anotadas de termos espec\u00edficos da \u00e1rea, provenientes de textos cient\u00edficos trabalhados em aula.<\/p>\n","protected":false},"author":1518,"featured_media":0,"parent":0,"menu_order":0,"comment_status":"closed","ping_status":"closed","template":"","meta":{"footnotes":""},"class_list":["post-4","page","type-page","status-publish","hentry"],"_links":{"self":[{"href":"https:\/\/wp.ufpel.edu.br\/read4earth\/wp-json\/wp\/v2\/pages\/4","targetHints":{"allow":["GET"]}}],"collection":[{"href":"https:\/\/wp.ufpel.edu.br\/read4earth\/wp-json\/wp\/v2\/pages"}],"about":[{"href":"https:\/\/wp.ufpel.edu.br\/read4earth\/wp-json\/wp\/v2\/types\/page"}],"author":[{"embeddable":true,"href":"https:\/\/wp.ufpel.edu.br\/read4earth\/wp-json\/wp\/v2\/users\/1518"}],"replies":[{"embeddable":true,"href":"https:\/\/wp.ufpel.edu.br\/read4earth\/wp-json\/wp\/v2\/comments?post=4"}],"version-history":[{"count":3,"href":"https:\/\/wp.ufpel.edu.br\/read4earth\/wp-json\/wp\/v2\/pages\/4\/revisions"}],"predecessor-version":[{"id":10,"href":"https:\/\/wp.ufpel.edu.br\/read4earth\/wp-json\/wp\/v2\/pages\/4\/revisions\/10"}],"wp:attachment":[{"href":"https:\/\/wp.ufpel.edu.br\/read4earth\/wp-json\/wp\/v2\/media?parent=4"}],"curies":[{"name":"wp","href":"https:\/\/api.w.org\/{rel}","templated":true}]}}