{"id":348,"date":"2023-05-23T10:50:50","date_gmt":"2023-05-23T13:50:50","guid":{"rendered":"https:\/\/wp.ufpel.edu.br\/rbes\/?page_id=348"},"modified":"2023-05-23T11:20:06","modified_gmt":"2023-05-23T14:20:06","slug":"secao-tematica","status":"publish","type":"page","link":"https:\/\/wp.ufpel.edu.br\/rbes\/secao-tematica\/","title":{"rendered":"Se\u00e7\u00f5es Tem\u00e1ticas"},"content":{"rendered":"<h2 class=\"section_policy\" style=\"text-align: justify;\">Criminologia Verde: Desvendando os Crimes contra o Meio Ambiente<\/h2>\n<p style=\"text-align: justify;\">A Criminologia Verde \u00e9 uma \u00e1rea emergente que se dedica ao estudo dos crimes ambientais e suas ramifica\u00e7\u00f5es. Nesta sess\u00e3o, exploraremos os desafios da criminologia verde, a compreens\u00e3o dos crimes contra o meio ambiente e a busca por solu\u00e7\u00f5es para a prote\u00e7\u00e3o da natureza. Nesta se\u00e7\u00e3o, ser\u00e3o aceitos investiga\u00e7\u00f5es e conscientiza\u00e7\u00f5es sobre os impactos criminosos no meio ambiente.<\/p>\n<div class=\"section_policy\" style=\"text-align: justify;\">\n<p>&nbsp;<\/p>\n<\/div>\n<div class=\"section_policy\" style=\"text-align: justify;\">\n<h2>Educa\u00e7\u00e3o Ambiental para Transformar o Mundo: Construindo um Futuro Sustent\u00e1vel<\/h2>\n<p>A preserva\u00e7\u00e3o do meio ambiente \u00e9 um desafio urgente e complexo que enfrentamos atualmente. Para garantir um futuro sustent\u00e1vel para as gera\u00e7\u00f5es vindouras, \u00e9 essencial investir em educa\u00e7\u00e3o ambiental. Nesta sess\u00e3o, exploraremos a import\u00e2ncia da educa\u00e7\u00e3o ambiental e seu papel na forma\u00e7\u00e3o de cidad\u00e3os conscientes e engajados na prote\u00e7\u00e3o do planeta.<\/p>\n<h2>Engenharia Ambiental: Promovendo Solu\u00e7\u00f5es Sustent\u00e1veis para as Metas de Desenvolvimento Sustent\u00e1vel<\/h2>\n<p>A engenharia ambiental desempenha um papel crucial na busca pela realiza\u00e7\u00e3o das Metas de Desenvolvimento Sustent\u00e1vel (ODS). Nesta sess\u00e3o, exploraremos as interse\u00e7\u00f5es entre a engenharia ambiental e as ODS, destacando como as pr\u00e1ticas e tecnologias dessa \u00e1rea podem contribuir para a gest\u00e3o eficiente dos recursos naturais, a prote\u00e7\u00e3o do meio ambiente, a promo\u00e7\u00e3o da sa\u00fade p\u00fablica e a cria\u00e7\u00e3o de cidades mais sustent\u00e1veis.<\/p>\n<h2>Engenharia Civil<\/h2>\n<p>A engenharia civil desempenha um papel crucial na busca pela realiza\u00e7\u00e3o das Metas de Desenvolvimento Sustent\u00e1vel (ODS). Nesta sess\u00e3o, exploraremos as interse\u00e7\u00f5es entre a engenharia civil e as ODS, destacando como as pr\u00e1ticas e tecnologias dessa \u00e1rea podem contribuir para a constru\u00e7\u00e3o de infraestruturas resilientes, cidades sustent\u00e1veis, acesso \u00e0 habita\u00e7\u00e3o adequada e a promo\u00e7\u00e3o da igualdade social. Se\u00e7\u00e3o voltada aos trabalhos da \u00e1rea de constru\u00e7\u00e3o civil, abordando novas tecnologias de constru\u00e7\u00e3o, com foco na redu\u00e7\u00e3o de impactos ambientais e em t\u00e9cnicas sustent\u00e1veis e produ\u00e7\u00e3o de ambientes com acessibilidade sustent\u00e1vel.<\/p>\n<\/div>\n<div class=\"section_policy\" style=\"text-align: justify;\">\n<p><span style=\"color: inherit; font-family: inherit; font-size: 30px; font-weight: bold;\">Engenharia de Materiais<\/span><\/p>\n<\/div>\n<div class=\"section_policy\" style=\"text-align: justify;\">\n<p>Trabalhos com inova\u00e7\u00e3o e valida\u00e7\u00e3o de novos materiais, al\u00e9m de produzir tecnologia para adequa\u00e7\u00e3o e reutiliza\u00e7\u00e3o de materiais j\u00e1 existentes.<\/p>\n<\/div>\n<div class=\"section_policy\" style=\"text-align: justify;\">\n<h2>Engenharia de Produ\u00e7\u00e3o<\/h2>\n<p>Se\u00e7\u00e3o voltada aos trabalhos que identifiquem e validem meios de produ\u00e7\u00e3o com maior efici\u00eancia energ\u00e9tica, tecnol\u00f3gica e econ\u00f4mica, preocupados com a sustentabilidade ambiental.<\/p>\n<h2>Energias Sustent\u00e1veis<\/h2>\n<p>As energias sustent\u00e1veis desempenham um papel crucial na busca pela realiza\u00e7\u00e3o das Metas de Desenvolvimento Sustent\u00e1vel (ODS). Nesta sess\u00e3o, exploraremos as interse\u00e7\u00f5es entre as energias renov\u00e1veis e as ODS, destacando como a transi\u00e7\u00e3o para fontes de energia limpas e sustent\u00e1veis pode contribuir para a mitiga\u00e7\u00e3o das mudan\u00e7as clim\u00e1ticas, o acesso universal \u00e0 energia, o desenvolvimento econ\u00f4mico e a promo\u00e7\u00e3o da sustentabilidade. Acompanhe-nos nesta jornada de descoberta das energias sustent\u00e1veis e sua rela\u00e7\u00e3o com as ODS, impulsionando um futuro mais sustent\u00e1vel.<\/p>\n<h2>Geotecnologias: Mapeando e Preservando o Meio Ambiente<\/h2>\n<p>As geotecnologias desempenham um papel essencial na an\u00e1lise, monitoramento e preserva\u00e7\u00e3o do meio ambiente. Nesta sess\u00e3o, exploraremos as diversas aplica\u00e7\u00f5es das geotecnologias para compreender melhor os desafios ambientais, avaliar impactos e planejar a\u00e7\u00f5es de conserva\u00e7\u00e3o.<\/p>\n<p><span style=\"color: inherit; font-family: inherit; font-size: 30px; font-weight: bold;\">Modelagem Matem\u00e1tica<\/span><\/p>\n<\/div>\n<div class=\"section_policy\" style=\"text-align: justify;\">\n<p>Se\u00e7\u00e3o voltada \u00e0 modelagem f\u00edsica e matem\u00e1tica de fen\u00f4menos e processos relacionados a quest\u00f5es de ambientais e sustentabilidade, tais como dispers\u00e3o de poluentes l\u00edquidos e gasosos, energias renov\u00e1veis e redu\u00e7\u00e3o de impactos ambientais.<\/p>\n<h2>Planejamento e Gest\u00e3o Ambiental: Construindo um Futuro Sustent\u00e1vel<\/h2>\n<p>O planejamento e a gest\u00e3o ambiental s\u00e3o fundamentais para alcan\u00e7ar a sustentabilidade e a conserva\u00e7\u00e3o dos recursos naturais. Nesta sess\u00e3o, exploraremos a import\u00e2ncia do planejamento e da gest\u00e3o ambiental, as melhores pr\u00e1ticas para enfrentar desafios ambientais e como podemos trabalhar juntos para construir um futuro sustent\u00e1vel.<\/p>\n<h2>Recursos H\u00eddricos: Protegendo Nossas Fontes de Vida<\/h2>\n<p>Os recursos h\u00eddricos desempenham um papel fundamental na sustentabilidade e na qualidade de vida em nosso planeta. Nesta sess\u00e3o, exploraremos a import\u00e2ncia dos recursos h\u00eddricos, os desafios que enfrentamos em sua gest\u00e3o e as solu\u00e7\u00f5es para proteger e conservar essas preciosas fontes de vida. Acompanhe-nos nesta jornada de conhecimento sobre os recursos h\u00eddricos e seu impacto em nosso presente e futuro.<\/p>\n<\/div>\n<div class=\"section_policy\" style=\"text-align: justify;\">\n<h2>Saneamento Urbano e Rural<\/h2>\n<p>se\u00e7\u00e3o para identifica\u00e7\u00e3o e valida\u00e7\u00e3o de t\u00e9cnicas, ferramentas e tratamento de res\u00edduos s\u00f3lidos e l\u00edquidos, gerados no meio urbano ou rural, al\u00e9m daqueles produzidos em meios de produ\u00e7\u00e3o industrial e agr\u00edcola.<\/p>\n<h2>Sementes<\/h2>\n<p>Insira aqui a pol\u00edtica desta se\u00e7\u00e3o<\/p>\n<\/div>\n<div id=\"privacyStatement\" class=\"privacy_statement\" style=\"text-align: justify;\">\n<div class=\"section_policy\" style=\"text-align: justify;\">\n<h2>Tecnologias Agr\u00edcolas e Agron\u00f4micas: Impulsionando as Metas de Desenvolvimento Sustent\u00e1vel<\/h2>\n<p>As tecnologias agr\u00edcolas e agron\u00f4micas desempenham um papel fundamental na busca por sistemas alimentares mais eficientes, sustent\u00e1veis e resilientes. E desempenham um papel fundamental na busca pela realiza\u00e7\u00e3o das Metas de Desenvolvimento Sustent\u00e1vel (ODS). Nesta sess\u00e3o, exploraremos as \u00faltimas inova\u00e7\u00f5es nesse campo, destacando o potencial das tecnologias para impulsionar a produ\u00e7\u00e3o agr\u00edcola, otimizar o uso de recursos naturais e promover a seguran\u00e7a alimentar. Exploraremos as interse\u00e7\u00f5es entre as tecnologias agr\u00edcolas e agron\u00f4micas e as ODS, destacando como a inova\u00e7\u00e3o e a ado\u00e7\u00e3o dessas tecnologias podem impulsionar a seguran\u00e7a alimentar, a sustentabilidade ambiental e o desenvolvimento rural.<\/p>\n<\/div>\n<\/div>\n","protected":false},"excerpt":{"rendered":"<p>Criminologia Verde: Desvendando os Crimes contra o Meio Ambiente A Criminologia Verde \u00e9 uma \u00e1rea emergente que se dedica ao estudo dos crimes ambientais e suas ramifica\u00e7\u00f5es. Nesta sess\u00e3o, exploraremos os desafios da criminologia verde, a compreens\u00e3o dos crimes contra o meio ambiente e a busca por solu\u00e7\u00f5es para a prote\u00e7\u00e3o da natureza. Nesta se\u00e7\u00e3o, &hellip; <\/p>\n<p><a class=\"more-link btn\" href=\"https:\/\/wp.ufpel.edu.br\/rbes\/secao-tematica\/\">Continue lendo<\/a><\/p>\n","protected":false},"author":510,"featured_media":0,"parent":0,"menu_order":0,"comment_status":"closed","ping_status":"closed","template":"","meta":{"jetpack_post_was_ever_published":false,"footnotes":""},"class_list":["post-348","page","type-page","status-publish","hentry","nodate","item-wrap"],"jetpack_sharing_enabled":true,"jetpack_shortlink":"https:\/\/wp.me\/P6SlvA-5C","_links":{"self":[{"href":"https:\/\/wp.ufpel.edu.br\/rbes\/wp-json\/wp\/v2\/pages\/348","targetHints":{"allow":["GET"]}}],"collection":[{"href":"https:\/\/wp.ufpel.edu.br\/rbes\/wp-json\/wp\/v2\/pages"}],"about":[{"href":"https:\/\/wp.ufpel.edu.br\/rbes\/wp-json\/wp\/v2\/types\/page"}],"author":[{"embeddable":true,"href":"https:\/\/wp.ufpel.edu.br\/rbes\/wp-json\/wp\/v2\/users\/510"}],"replies":[{"embeddable":true,"href":"https:\/\/wp.ufpel.edu.br\/rbes\/wp-json\/wp\/v2\/comments?post=348"}],"version-history":[{"count":10,"href":"https:\/\/wp.ufpel.edu.br\/rbes\/wp-json\/wp\/v2\/pages\/348\/revisions"}],"predecessor-version":[{"id":360,"href":"https:\/\/wp.ufpel.edu.br\/rbes\/wp-json\/wp\/v2\/pages\/348\/revisions\/360"}],"wp:attachment":[{"href":"https:\/\/wp.ufpel.edu.br\/rbes\/wp-json\/wp\/v2\/media?parent=348"}],"curies":[{"name":"wp","href":"https:\/\/api.w.org\/{rel}","templated":true}]}}