{"id":278,"date":"2023-04-20T18:16:27","date_gmt":"2023-04-20T21:16:27","guid":{"rendered":"https:\/\/wp.ufpel.edu.br\/rbes\/?page_id=278"},"modified":"2024-10-31T15:23:04","modified_gmt":"2024-10-31T18:23:04","slug":"diretrizes-para-autores","status":"publish","type":"page","link":"https:\/\/wp.ufpel.edu.br\/rbes\/diretrizes-para-autores\/","title":{"rendered":"Diretrizes para Autores"},"content":{"rendered":"<div class=\"pkp_structure_content\">\n<div id=\"pkp_content_main\" class=\"pkp_structure_main\" role=\"main\">\n<div class=\"page page_submissions\">\n<div id=\"authorGuidelines\" class=\"author_guidelines\">\n<h2 style=\"text-align: justify;\">Diretrizes<\/h2>\n<p>Composi\u00e7\u00e3o sequencial do artigo<\/p>\n<p style=\"text-align: justify;\"><span style=\"color: #ff0000;\"><a style=\"color: #ff0000;\" href=\"https:\/\/wp.ufpel.edu.br\/rbes\/files\/2024\/04\/TEMPLATE_RBES_atualizado_29_08_2023-1.docx\">TEMPLATE_RBES_Art<\/a>i<a style=\"color: #ff0000;\" href=\"https:\/\/wp.ufpel.edu.br\/rbes\/files\/2023\/05\/TEMPLATE_RBES_Ultima_Versao-1.docx\">go<\/a>\u00a0 \u00a0 \u00a0 \u00a0 \u00a0Baixe aqui!<\/span><\/p>\n<p>a) Titulo: engloba, com no m\u00e1ximo 15 palavras, o conte\u00fado e o objetivo do trabalho, incluindo-se os artigos, as preposi\u00e7\u00f5es e as conjun\u00e7\u00f5es, na fonte Verdana: tamanho 16pt em caixa alta; entretanto, quando o t\u00edtulo tiver um subt\u00edtulo, ou seja, com dois pontos (:), a primeira letra da primeira palavra do subt\u00edtulo (ao lado direito dos dois pontos) deve ser mai\u00fascula; enfim, o t\u00edtulo n\u00e3o dever\u00e1 ter as palavras efeito, avalia\u00e7\u00e3o, influ\u00eancia nem estudo.<\/p>\n<p>b) Nome(s) do(s) autor(es):<\/p>\n<p>\u2013 O arquivo do artigo enviado no ato da submiss\u00e3o n\u00e3o dever\u00e1 conter o(s) nome(s) do(s) autor(es) nem a identifica\u00e7\u00e3o de sua(s) institui\u00e7\u00e3o(\u00f5es), visto que este arquivo ser\u00e1\u0301 disponibilizado para os consultores no sistema; entretanto, o nome(s) do(s) autor(es) ser\u00e1\u0301(\u00e3o) informado(s) ao sistema pelo autor correspondente quando da submiss\u00e3o. Antes de o autor correspondente iniciar o processo de submiss\u00e3o todos os autores j\u00e1\u0301 dever\u00e3o estar cadastrados no sistema. Torna-se necess\u00e1rio que o autor correspondente inclua seu nome como autor definindo, assim, sua posi\u00e7\u00e3o em rela\u00e7\u00e3o aos demais. O artigo dever\u00e1 ter, no m\u00e1ximo, dez autores.<\/p>\n<p>\u2013 Em rela\u00e7\u00e3o ao que consta na primeira vers\u00e3o do artigo submetida \u00e0 Revista, n\u00e3o ser\u00e3o permitidas altera\u00e7\u00f5es posteriores na sequencia nem nos nomes dos autores.<\/p>\n<p>c) Resumo: no m\u00e1ximo com 15 linhas e n\u00e3o ter abreviaturas. Em fonte Verdana, tamanho 11.<\/p>\n<p>d) Palavras-chave: no m\u00ednimo tr\u00eas e no m\u00e1ximo cinco, n\u00e3o constantes no T\u00edtulo, separadas por virgula e com todas as letras min\u00fasculas. Em fonte Verdana, tamanho 10.<\/p>\n<p>e) T\u00edtulo em ingl\u00eas: ter\u00e1\u0301 a mesma normatiza\u00e7\u00e3o do t\u00edtulo em Portugu\u00eas.<\/p>\n<p>f) Abstract: no m\u00e1ximo com 15 linhas devendo ser tradu\u00e7\u00e3o fiel do Resumo. A casa decimal dos n\u00fameros deve ser indicada por ponto ao inv\u00e9s de virgula.<\/p>\n<p>g) Key worlds: ter\u00e1\u0301 a mesma normatiza\u00e7\u00e3o das palavras-chave e dever\u00e1 ser uma tradu\u00e7\u00e3o fiel das palavras-chave.<\/p>\n<p>h) Introdu\u00e7\u00e3o: destacar a relev\u00e2ncia da pesquisa, inclusive atrav\u00e9s de revis\u00e3o de literatura, em no m\u00e1ximo 1 (uma) pagina. N\u00e3o devem existir, na Introdu\u00e7\u00e3o, equa\u00e7\u00f5es, tabelas, figuras nem texto te\u00f3rico b\u00e1sico sobre determinado assunto, mas, sim, referente a resultados de pesquisa. O \u00faltimo par\u00e1grafo deve apresentar o objetivo da pesquisa. Subt\u00edtulos deveram ser no tamanho 12pt em negrito na fonte Verdana, com a primeira letra do subt\u00edtulo mai\u00fasculo e min\u00fasculo..<\/p>\n<p>i) Material e M\u00e9todos: deve conter informa\u00e7\u00f5es imprescind\u00edveis que possibilitem a repeti\u00e7\u00e3o da pesquisa por outros pesquisadores.<\/p>\n<p>j) Resultados e Discuss\u00e3o: os resultados obtidos devem ser discutidos e interpretados \u00e0 luz da literatura. N\u00e3o apresentar os mesmos resultados em tabelas e figuras.<\/p>\n<p>k) Conclus\u00f5es: devem ser numeradas e escritas de forma sucinta, isto \u00e9, sem coment\u00e1rios nem explica\u00e7\u00f5es adicionais baseando-se apenas nos resultados apresentados. N\u00e3o devem possuir abreviaturas.<\/p>\n<p>l) Agradecimentos (facultativo).<\/p>\n<p>m) Literatura Citada:<\/p>\n<p>\u2013 O artigo submetido deve ter no m\u00ednimo 70% de cita\u00e7\u00f5es de peri\u00f3dicos sendo pelo menos 40% dos \u00faltimos cinco anos.<\/p>\n<p>\u2013 N\u00e3o ser\u00e3o aceitas cita\u00e7\u00f5es bibliogr\u00e1ficas do tipo apud ou citado por, ou seja, as cita\u00e7\u00f5es dever\u00e3o ser apenas das refer\u00eancias originais.<\/p>\n<p>\u2013 Cita\u00e7\u00f5es de artigos no prelo, comunica\u00e7\u00e3o pessoal, folder, apostila, monografia, trabalho de conclus\u00e3o de curso de gradua\u00e7\u00e3o, relat\u00f3rio t\u00e9cnico e trabalhos em congressos, n\u00e3o s\u00e3o aceitas na elabora\u00e7\u00e3o dos artigos. Os trabalhos em congressos ser\u00e3o aceitos apenas quando inexistirem publica\u00e7\u00f5es em peri\u00f3dicos sobre o tema em quest\u00e3o.<\/p>\n<p>\u2013 Em determinada contextualiza\u00e7\u00e3o, cita\u00e7\u00e3o de mais de uma refer\u00eancia bibliogr\u00e1fica deve, primeiro, atender a ordem cronol\u00f3gica e depois a ordem alfab\u00e9tica dos autores; j\u00e1\u0301 em cita\u00e7\u00e3o de mais de uma refer\u00eancia bibliogr\u00e1fica dos mesmos autores n\u00e3o se deve repetir seu nome; entretanto, os anos de publica\u00e7\u00e3o devem ser separados por v\u00edrgula.<\/p>\n<p>\u2013 O artigo dever\u00e1 ter no m\u00ednimo 15 e no m\u00e1ximo 30 refer\u00eancias bibliogr\u00e1ficas. Para a contribui\u00e7\u00e3o na modalidade de revis\u00e3o de literatura n\u00e3o existe limite m\u00e1ximo de refer\u00eancias bibliogr\u00e1ficas.<\/p>\n<p>Para os artigos escritos em Ingl\u00eas, t\u00edtulo, resumo e palavras-chave dever\u00e3o, tamb\u00e9m, constar em Portugu\u00eas, vindo primeiro no idioma principal.<\/p>\n<p>A contribui\u00e7\u00e3o na forma de Revis\u00e3o de Literatura dever\u00e1 ter a seguinte composi\u00e7\u00e3o sequencial: t\u00edtulo, Resumo, Palavras-chave, T\u00edtulo em ingl\u00eas, Abstract, Key words, Introdu\u00e7\u00e3o, Itens sobre temas da revis\u00e3o, Conclus\u00f5es, Literatura Citada.<\/p>\n<p>&nbsp;<\/p>\n<h3><span style=\"color: #008000;\">Edi\u00e7\u00e3o do texto<\/span><\/h3>\n<p style=\"text-align: justify;\">a) O artigo dever\u00e1 ser editado no Microsoft Word ou em software similar, conforme o template dispon\u00edvel para download, e salvo em formato .doc.&#8221;<\/p>\n<p style=\"text-align: justify;\">b) Texto: Utilizar fonte Verdana, tamanho 14. O corpo do texto n\u00e3o deve conter palavras em negrito ou it\u00e1lico, com exce\u00e7\u00e3o de t\u00edtulos, itens e subitens, que devem estar em negrito, e dos nomes cient\u00edficos de esp\u00e9cies vegetais e animais, que devem estar em it\u00e1lico. Em equa\u00e7\u00f5es, tabelas e figuras, it\u00e1lico e negrito n\u00e3o devem ser aplicados. As equa\u00e7\u00f5es devem ser elaboradas no aplicativo MS Equation. Evitar par\u00e1grafos extensos, preferencialmente com at\u00e9 60 palavras.<\/p>\n<p>c) Espa\u00e7amento: 1,15.<\/p>\n<p>d) Par\u00e1grafo: 0,5 cm.<\/p>\n<p style=\"text-align: justify;\">e) P\u00e1gina: Papel A4, orienta\u00e7\u00e3o retrato, margens superior e inferior de 1,27 cm e esquerda e direita de 1,27 cm, no m\u00e1ximo de 15 p\u00e1ginas, incluindo tabelas e figuras. As p\u00e1ginas e as linhas dever\u00e3o ser numerados; a numera\u00e7\u00e3o das linhas dever\u00e1 ser continua, isto \u00e9, dando continuidade de uma p\u00e1gina para outra.<\/p>\n<p style=\"text-align: justify;\">f) Todos os itens em letras mai\u00fasculas, em negrito e centralizados, exceto Resumo, Abstract, Palavras-chave e Key worlds, dever\u00e3o ser alinhados \u00e0 esquerda e apenas a primeira letra mai\u00fascula. Os subitens dever\u00e3o ser alinhados \u00e0 esquerda, em negrito e somente a primeira letra mai\u00fascula.<\/p>\n<p style=\"text-align: justify;\">g) As grandezas devem ser expressas no SI (Sistema Internacional) e a terminologia cientifica deve seguir as conven\u00e7\u00f5es internacionais de cada \u00e1rea em quest\u00e3o.<\/p>\n<p style=\"text-align: justify;\">h) Tabelas e Figuras (gr\u00e1ficos, mapas, imagens, fotografias, desenhos):<\/p>\n<p style=\"text-align: justify;\">\u2013 As tabelas e figuras devem ser autoexplicativas e apresentar largura de 9 ou 18 cm, com texto em fonte Verdana tamanho 9 e ser inseridas logo abaixo do par\u00e1grafo no qual foram citadas a primeira vez. Exemplos de cita\u00e7\u00f5es no texto: Figura 1; Tabela 1. Tabelas e figuras que possuem praticamente o mesmo t\u00edtulo dever\u00e1 ser agrupado em uma \u00fanica tabela ou figura criando-se, no entanto, um indicador de diferencia\u00e7\u00e3o. A letra indicadora de cada subfigura em uma figura agrupada deve ser mai\u00fascula e com um ponto (exemplo: A.), posicionada ao lado esquerdo superior da figura. As figuras agrupadas devem ser citadas no texto, da seguinte forma: Figura 1A; Figura 1B; Figura 1C. As tabelas e figuras com 18 cm de largura. O total de figuras somado ao total de tabelas, n\u00e3o dever\u00e1 ser superior a 6, ou seja, um artigo que tenha 2 tabelas poder\u00e1 ter no m\u00e1ximo 4 figuras; no entanto, nesta contagem uma figura que seja o resultado do agrupamento de v\u00e1rias figuras, ser\u00e1 considerada uma \u00fanica figura.<\/p>\n<p style=\"text-align: justify;\">\u2013 As tabelas n\u00e3o devem ter tracejado vertical e o m\u00ednimo de tracejado horizontal. Nas colunas os valores num\u00e9ricos dever\u00e3o ser alinhados pelo \u00faltimo algarismo. Exemplo do t\u00edtulo, o qual deve ficar acima da tabela: Tabela 1. Esta\u00e7\u00f5es do INMET selecionadas (sem ponto no final). Em tabelas que apresentam a compara\u00e7\u00e3o de m\u00e9dias, segundo an\u00e1lise estat\u00edstica, dever\u00e1 haver um espa\u00e7o entre o valor num\u00e9rico (m\u00e9dia) e a letra. As unidades dever\u00e3o estar entre par\u00eantesis.<\/p>\n<p style=\"text-align: justify;\">\u2013 As figuras n\u00e3o devem ter bordadura e suas curvas (no caso de gr\u00e1ficos) dever\u00e3o ter espessura de 0,5 pt, podendo ser coloridas, mas possuindo, sempre, marcadores diversos de legenda, visto que legendas baseadas apenas em cores quando xerocadas, desaparecer\u00e3o. Exemplo do t\u00edtulo, o qual deve ficar abaixo da figura: Figura 1. Perda acumulada de solo em fun\u00e7\u00e3o do tempo de aplica\u00e7\u00e3o da chuva simulada (sem ponto no final). Para n\u00e3o se tornar redundante as figuras n\u00e3o devem ter dados constantes em tabelas. Se o t\u00edtulo e a numera\u00e7\u00e3o dos eixos x e\/ou y forem iguais em figuras agrupadas, deixar s\u00f3 um t\u00edtulo centralizado e a numera\u00e7\u00e3o em apenas um eixo. Gr\u00e1ficos, diagramas (curvas em geral) devem vir em imagem vetorial. Quando se tratar de figuras bitmap (mapa de bit), a resolu\u00e7\u00e3o m\u00ednima deve ser de 300 bpi. Os autores dever\u00e3o primar pela qualidade de resolu\u00e7\u00e3o das figuras tendo em vista a boa compreens\u00e3o sobre elas. As unidades nos eixos por v\u00edrgula. N\u00e3o dever\u00e3o existir figuras possuindo curvas com inferior a 0,60; nesses casos, apenas colocar no manuscrito a equa\u00e7\u00e3o e o respectivo das figuras devem estar entre par\u00eantesis, mas sem ser separadas do t\u00edtulo valor de r.<\/p>\n<p>&nbsp;<\/p>\n<h3><span style=\"color: #008000;\">Exemplos de cita\u00e7\u00f5es no texto<\/span><\/h3>\n<p>Um autor:<\/p>\n<p>a) Incluso na senten\u00e7a: Segundo Zonta (2010) a m\u00e9dia \u00e9\u2026<\/p>\n<p>b) No final da senten\u00e7a\/par\u00e1grafo: (ZONTA, 2010).<\/p>\n<p>Dois autores:<\/p>\n<p>a) Incluso na senten\u00e7a: Segundo Mielniczuk e Tornquist (2010) a m\u00e9dia \u00e9\u2026<\/p>\n<p>b) No final da senten\u00e7a\/par\u00e1grafo: (MIELNICZUK; TORNQUIST, 2010).<\/p>\n<p>Tr\u00eas autores:<\/p>\n<p>a) Incluso na senten\u00e7a: Segundo Silva, Chagas e Gomes (2010) a m\u00e9dia \u00e9\u2026<\/p>\n<p>b) No final da senten\u00e7a\/par\u00e1grafo: (SILVA; CHAGAS;GOMES, 2010).<\/p>\n<p>Mais de tr\u00eas autores:<\/p>\n<p>a) Incluso na senten\u00e7a: Segundo Pezzopane et al. (2010) a m\u00e9dia \u00e9\u2026<\/p>\n<p>b) No final da senten\u00e7a\/par\u00e1grafo: (PEZZOPANE et al., 2010).<\/p>\n<p>Siglas:<\/p>\n<p>a) Incluso na senten\u00e7a: Segundo EMBRAPA (2010) a m\u00e9dia \u00e9\u2026<\/p>\n<p>b) No final da senten\u00e7a\/par\u00e1grafo: (EMBRAPA, 2010).<\/p>\n<p>Se houver mais fontes de consulta em um \u00fanico par\u00e1grafo, s\u00e3o separadas por ponto e v\u00edrgula:<\/p>\n<p>a) (ZONTA, 2010; MIELNICZUK; TORNQUIST, 2010; PEZZOPANE et al., 2010).<\/p>\n<p>Se houver mais de uma data da mesma fonte, s\u00e3o separadas por v\u00edrgula:<\/p>\n<p>a) (ZONTA, 2008, 2009, 2010).<\/p>\n<p>Lista da Literatura Citada<\/p>\n<p style=\"text-align: justify;\">As bibliografias citadas no texto dever\u00e3o ser dispostas na lista em ordem alfab\u00e9tica come\u00e7ando pelo \u00faltimo sobrenome do primeiro autor e, em ordem cronol\u00f3gica crescente e conter os nomes de todos os autores. S\u00e3o apresentados, a seguir, exemplos de formata\u00e7\u00e3o:<\/p>\n<p style=\"text-align: justify;\">a) Livros<\/p>\n<p style=\"text-align: justify;\">PAZ, V. P. S.; OLIVEIRA, A.; PERREIRA, F. A.; GHEYI, H. R. Manejo e sustentabilidade da irriga\u00e7\u00e3o em regi\u00f5es \u00e1ridas e semi\u00e1ridas. 1.ed. Cruz das Armas: UFRB, 2009. 344p.<\/p>\n<p style=\"text-align: justify;\">b) Cap\u00edtulo de livros<\/p>\n<p style=\"text-align: justify;\">ANTUNIASSI, U. R.; BAIO, F. H. R. Tecnologia de aplica\u00e7\u00e3o de defensivos. In: Vargas, L.; Roman, E. S. Manual de manejo e controle de plantas daninhas. Passo Fundo: Embrapa Trigo, 2009. Cap.5, p.173-212.<\/p>\n<p style=\"text-align: justify;\">c) Revistas<\/p>\n<p style=\"text-align: justify;\">SILVA, V. G. DE F.; ANDRADE, A. P. DE; FERNANDES, P. D.; SILVA, I. DE F. DA; AZEVEDO, C. A. V.; ARAUJO, J. S. Productive characteristics and water use efficiency in cotton plants under different irrigation strategies. Revista Brasileira de Engenharia Agr\u00edcola e Ambiental, v.14, p.451-457, 2010.<\/p>\n<p style=\"text-align: justify;\">d) Disserta\u00e7\u00f5es e teses<\/p>\n<p style=\"text-align: justify;\">PEDRO, Ant\u00f4nio. A locomotiva no ar: r\u00e1dio na cidade de S\u00e3o Paulo 1924\/1934. 1987. 289f. Tese (Doutorado em Hist\u00f3ria Social) \u2013 Faculdade de Filosofia, Letras e Ci\u00eancias Humanas, USP, S\u00e3o Paulo.<\/p>\n<p style=\"text-align: justify;\">e) Trabalhos apresentados em congressos (Anais, Resumos, Proceedings, Disquetes, CD Roms)<\/p>\n<p style=\"text-align: justify;\">CENTENO, C. R. M.; AZEVEDO, C. A. V.; SANTOS, D. B. dos; LIRA, V. M. de; LIMA, V. L. A. de. Coeficiente de cultivo da mamona BRS energia irrigada com diferentes n\u00edveis de \u00e1gua salina. In: Congresso Latino-Americano e do Caribe de Engenharia Agr\u00edcola, 9, e Congresso Brasileiro de Engenharia Agr\u00edcola, 39, 2010, Vit\u00f3ria. Anais\u2026 Jaboticabal: SBEA, 2010. CD Rom.<\/p>\n<p>No caso de CD Rom o t\u00edtulo da publica\u00e7\u00e3o continuar\u00e1 sendo Anais, Resumos ou Proceedings mas o n\u00famero de p\u00e1ginas ser\u00e1 substitu\u00eddo pelas palavras CD Rom. Para as revistas disponibilizadas na internet n\u00e3o colocar informa\u00e7\u00e3o alguma de endere\u00e7o da p\u00e1gina, conforme o exemplo acima (item c).<\/p>\n<p>&nbsp;<\/p>\n<h3><span style=\"color: #008000;\">Outras informa\u00e7\u00f5es sobre normatiza\u00e7\u00e3o de artigos<\/span><\/h3>\n<p>&nbsp;<\/p>\n<p style=\"text-align: justify;\">a) N\u00e3o colocar ponto no final das palavras-chave, key words e t\u00edtulos de tabelas e figuras.<\/p>\n<p style=\"text-align: justify;\">b) Na descri\u00e7\u00e3o dos par\u00e2metros e vari\u00e1veis de uma equa\u00e7\u00e3o dever\u00e1 haver um tra\u00e7o separando o s\u00edmbolo de sua descri\u00e7\u00e3o e ponto e v\u00edrgula no final de cada descri\u00e7\u00e3o havendo ponto, entretanto, na \u00faltima. A numera\u00e7\u00e3o de uma equa\u00e7\u00e3o dever\u00e1 estar entre par\u00eantesis e alinhada \u00e0 direita: exemplo: (1). As equa\u00e7\u00f5es dever\u00e3o ser citadas no texto, conforme os seguintes exemplos: Eq. 1; Eqs. 3 e 4.<\/p>\n<p style=\"text-align: justify;\">c) Todas as letras de uma sigla devem ser mai\u00fasculas; j\u00e1 o nome por extenso de uma institui\u00e7\u00e3o deve ter mai\u00fascula apenas a primeira letra de cada palavra.<\/p>\n<p style=\"text-align: justify;\">d) A % \u00e9 a \u00fanica unidade que deve estar junto ao n\u00famero (45%). Quando no texto existirem valores num\u00e9ricos seguidos que possuem a mesma unidade, colocar a unidade somente no \u00faltimo valor. Exemplos: 20 m e 40 m = 20 e 40 m; 56,1%, 82,5% e 90,2% = 56,1, 82,5 e 90,2%.<\/p>\n<p style=\"text-align: justify;\">e) Quando pertinente, deixar os valores num\u00e9ricos no texto, tabelas e figuras com no m\u00e1ximo duas casas decimais.<\/p>\n<p style=\"text-align: justify;\">f) Os t\u00edtulos das bibliografias listadas devem ter apenas a primeira letra da primeira palavra mai\u00fascula, com exce\u00e7\u00e3o de nomes pr\u00f3prios. O t\u00edtulo de eventos dever\u00e1 ter mai\u00fascula apenas a 1a letra de cada palavra.<\/p>\n<h3><span style=\"color: #008000;\">Etapas de submiss\u00e3o on-line dos artigos<\/span><\/h3>\n<p>&nbsp;<\/p>\n<p style=\"text-align: justify;\">A submiss\u00e3o dos artigos se dar\u00e1 apenas on-line, em quatro etapas, descritas a seguir:<\/p>\n<p style=\"text-align: justify;\">1<sup>a<\/sup>\u00a0ETAPA DA SUBMISS\u00c3O: VERIFICA\u00c7\u00c3O DAS NORMAS DA REVISTA<\/p>\n<p style=\"text-align: justify;\">Ser\u00e1 solicitado, ao autor correspondente, verificar, no ato da submiss\u00e3o do artigo, o atendimento integral das normas da Revista de vez que o artigo submetido ser\u00e1 selecionado para avalia\u00e7\u00e3o apenas se estiver integralmente dentro das normas da Revista.<\/p>\n<p style=\"text-align: justify;\">2<sup>a<\/sup> ETAPA DA SUBMISS\u00c3O: INCLUS\u00c3O DE METADADOS (INDEXA\u00c7\u00c3O)<\/p>\n<p style=\"text-align: justify;\">Nesta etapa dever\u00e3o ser fornecidas as seguintes informa\u00e7\u00f5es: \u00e1rea em que se enquadra o artigo; idioma do artigo; nome dos autores; T\u00edtulo; Resumo e Palavras-chave.<\/p>\n<p style=\"text-align: justify;\">Antes da submiss\u00e3o do artigo cada autor dever\u00e1 cadastrar-se no sistema fornecendo as seguintes informa\u00e7\u00f5es: nome abreviado, institui\u00e7\u00e3o, fun\u00e7\u00e3o, telefone, forma\u00e7\u00e3o acad\u00eamica, maior titula\u00e7\u00e3o, \u00e1reas de atua\u00e7\u00e3o, informar se tem interesse em avaliar artigos da Revista RBES, endere\u00e7o completo, dados de acesso ao sistema (login, e-mail e senha). Na submiss\u00e3o de futuros artigos autores j\u00e1 cadastrados n\u00e3o precisar\u00e3o se cadastrar novamente. Caso seja necess\u00e1rio os autores poder\u00e3o atualizar seus dados cadastrais no sistema, a qualquer momento.<\/p>\n<p>3<sup>a<\/sup> ETAPA DA SUBMISS\u00c3O: TRANSFER\u00caNCIA DO MANUSCRITO<\/p>\n<p style=\"text-align: justify;\">Nesta etapa ser\u00e1 feita a transfer\u00eancia do arquivo do artigo submetido, o qual n\u00e3o dever\u00e1 ter os nomes dos autores nem seus endere\u00e7os institucionais e eletr\u00f4nicos.<\/p>\n<p style=\"text-align: justify;\">4<sup>a<\/sup> ETAPA DA SUBMISS\u00c3O: TRANSFER\u00caNCIA DE DOCUMENTOS SUPLEMENTARES<\/p>\n<p style=\"text-align: justify;\">Encaminhe o que seja relevante aos revisores<\/p>\n<p>&nbsp;<\/p>\n<h3 style=\"text-align: justify;\"><span style=\"color: #008000;\">Procedimentos para an\u00e1lise de artigos<\/span><\/h3>\n<p style=\"text-align: justify;\">a) Considerando a demanda e a capacidade de publica\u00e7\u00e3o da Revista, apenas parte dos artigos submetidos \u00e9 selecionada pela Equipe Editorial para an\u00e1lise, com base no crit\u00e9rio da relev\u00e2ncia relativa; os artigos que n\u00e3o atenderem integralmente \u00e0s normas da Revista, n\u00e3o ser\u00e3o selecionados. Para os artigos n\u00e3o selecionados n\u00e3o cabe pedido de reconsidera\u00e7\u00e3o a esta decis\u00e3o, mas poder\u00e3o ser resubmetidos; Ap\u00f3s o recebimento desses arquivos o artigo \u00e9 protocolado e encaminhado para an\u00e1lise cega (sem identifica\u00e7\u00e3o dos autores) por parte dos consultores; em seguida, os autores ser\u00e3o informados por Email sobre o n\u00famero de protocolo do artigo e, a partir da\u00ed, poder\u00e3o acompanhar o processo de an\u00e1lise do artigo na p\u00e1gina do usu\u00e1rio da RBES, isto \u00e9, referente ao autor. Para qualquer informa\u00e7\u00e3o sobre o andamento do artigo solicitada ao Editor-chefe, os autores dever\u00e3o fornecer o n\u00famero de seu protocolo. Qualquer arquivo, seja da submiss\u00e3o e\/ou da corre\u00e7\u00e3o do artigo, dever\u00e1 ser enviado \u00e0 Revista exclusivamente atrav\u00e9s do sistema online, ou seja, n\u00e3o \u00e9 permitido o envio pelo Email.<\/p>\n<p style=\"text-align: justify;\">b) Com o aux\u00edlio dos pareceres e sugest\u00f5es de Consultores Ad hoc sobre a primeira vers\u00e3o do artigo, a Equipe Editorial poder\u00e1 recus\u00e1-lo ou solicitar ao(s) autor(es) uma segunda vers\u00e3o, que ser\u00e1 novamente avaliada tanto pelos Consultores Ad hoc como pela Equipe Editorial. Em sua segunda vers\u00e3o o artigo poder\u00e1 ser recusado, aprovado e\/ou devolvido ao(s) autor(es) para uma terceira vers\u00e3o.<\/p>\n<p style=\"text-align: justify;\">c) Os artigos ser\u00e3o avaliados por no m\u00ednimo tr\u00eas consultores da \u00e1rea de conhecimento da pesquisa, de institui\u00e7\u00f5es de ensino e\/ou pesquisa nacionais e estrangeiras, de comprovada produ\u00e7\u00e3o cient\u00edfica. Ap\u00f3s as devidas corre\u00e7\u00f5es e poss\u00edveis sugest\u00f5es, o artigo ser\u00e1 aceito se tiver dois pareceres favor\u00e1veis e rejeitado quando dois pareceres forem desfavor\u00e1veis.<\/p>\n<p style=\"text-align: justify;\">d) A princ\u00edpio, as sugest\u00f5es dos Consultores Ad hoc e da Equipe Editorial ao texto dos artigos, dever\u00e3o ser incorporadas pelo(s) autor(es); entretanto, o(s) mesmo(s) tem(\u00eam) o direito de n\u00e3o acat\u00e1-las, mediante justificativa expressa, que ser\u00e1 analisada pelo(s) Consultor(es) e pela Equipe Editorial.<\/p>\n<p style=\"text-align: justify;\">e) Al\u00e9m do arquivo da nova vers\u00e3o do artigo os autores dever\u00e3o enviar, via sistema online, arquivo contendo a resposta dos autores aos coment\u00e1rios do consultor e, se for o caso, apresentar justificativa pela n\u00e3o inser\u00e7\u00e3o de determinadas sugest\u00f5es de corre\u00e7\u00e3o. Dever\u00e1 ser enviado um arquivo em PDF para cada consultor; nenhum tipo de identifica\u00e7\u00e3o dos autores dever\u00e1 existir nesses arquivos.<\/p>\n<p style=\"text-align: justify;\">f) No caso de artigo rejeitado caber\u00e1 pedido de reconsidera\u00e7\u00e3o pelo autor- correspondente, no prazo m\u00e1ximo de dez dias corridos a contar da data do recebimento do e-mail comunicando a rejei\u00e7\u00e3o do artigo; a Equipe Editorial encaminhar\u00e1 o pedido de reconsidera\u00e7\u00e3o ao respectivo consultor para an\u00e1lise.<\/p>\n<p style=\"text-align: justify;\">g) No caso de aprova\u00e7\u00e3o do artigo ser\u00e3o solicitadas, ao autor correspondente, se necess\u00e1rio, informa\u00e7\u00f5es complementares; posteriormente, o artigo lhe \u00e9 enviado na forma de documento PDF, para revis\u00e3o final, o qual comunicar\u00e1, \u00e0 Equipe Editorial, eventuais corre\u00e7\u00f5es e altera\u00e7\u00f5es.<\/p>\n<p>h) Ap\u00f3s publica\u00e7\u00e3o quaisquer erros encontrados por parte de autores ou leitores, quando comunicados \u00e0 Equipe Editorial, ser\u00e3o corrigidos atrav\u00e9s de errata no pr\u00f3ximo n\u00famero da Revista.<\/p>\n<p>&nbsp;<\/p>\n<h3><span style=\"color: #008000;\">Outras Informa\u00e7\u00f5es<\/span><\/h3>\n<p style=\"text-align: justify;\">a) Os assuntos, dados e conceitos emitidos nesta Revista, s\u00e3o de exclusiva responsabilidade dos autores. A eventual cita\u00e7\u00e3o de produtos e marcas comerciais n\u00e3o significa recomenda\u00e7\u00e3o de utiliza\u00e7\u00e3o por parte da Revista. A reprodu\u00e7\u00e3o dos artigos publicados \u00e9 permitida, desde que seja citada a fonte.<\/p>\n<p style=\"text-align: justify;\">b) Os autores ter\u00e3o o prazo m\u00e1ximo de dez dias corridos para devolu\u00e7\u00e3o dos artigos corrigidos, a partir da data de recebimento do e-mail solicitando as corre\u00e7\u00f5es; o n\u00e3o cumprimento deste prazo resultar\u00e1 automaticamente no cancelamento do artigo.<\/p>\n<p style=\"text-align: justify;\">\n<\/div>\n<\/div>\n<\/div>\n<div id=\"pkp_content_main\" class=\"pkp_structure_main\" role=\"main\">\n<div class=\"page page_submissions\">\n<div class=\"section_policy\" style=\"text-align: justify;\"><\/div>\n<div id=\"privacyStatement\" class=\"privacy_statement\" style=\"text-align: justify;\">\n<h2>Pol\u00edtica de Privacidade<\/h2>\n<p>Os nomes e endere\u00e7os informados nesta revista ser\u00e3o usados exclusivamente para os servi\u00e7os prestados por esta publica\u00e7\u00e3o, n\u00e3o sendo disponibilizados para outras finalidades ou a terceiros.<\/p>\n<\/div>\n<\/div>\n<\/div>\n<\/div>\n<div id=\"pkp_content_footer\" class=\"pkp_structure_footer_wrapper\" role=\"contentinfo\">\n<div class=\"pkp_structure_footer\">\n<div class=\"pkp_brand_footer\" style=\"text-align: justify;\" role=\"complementary\"><\/div>\n<\/div>\n<\/div>\n","protected":false},"excerpt":{"rendered":"<p>Diretrizes Composi\u00e7\u00e3o sequencial do artigo TEMPLATE_RBES_Artigo\u00a0 \u00a0 \u00a0 \u00a0 \u00a0Baixe aqui! a) Titulo: engloba, com no m\u00e1ximo 15 palavras, o conte\u00fado e o objetivo do trabalho, incluindo-se os artigos, as preposi\u00e7\u00f5es e as conjun\u00e7\u00f5es, na fonte Verdana: tamanho 16pt em caixa alta; entretanto, quando o t\u00edtulo tiver um subt\u00edtulo, ou seja, com dois pontos (:), &hellip; <\/p>\n<p><a class=\"more-link btn\" href=\"https:\/\/wp.ufpel.edu.br\/rbes\/diretrizes-para-autores\/\">Continue lendo<\/a><\/p>\n","protected":false},"author":510,"featured_media":0,"parent":0,"menu_order":0,"comment_status":"closed","ping_status":"closed","template":"","meta":{"jetpack_post_was_ever_published":false,"footnotes":""},"class_list":["post-278","page","type-page","status-publish","hentry","nodate","item-wrap"],"jetpack_sharing_enabled":true,"jetpack_shortlink":"https:\/\/wp.me\/P6SlvA-4u","_links":{"self":[{"href":"https:\/\/wp.ufpel.edu.br\/rbes\/wp-json\/wp\/v2\/pages\/278","targetHints":{"allow":["GET"]}}],"collection":[{"href":"https:\/\/wp.ufpel.edu.br\/rbes\/wp-json\/wp\/v2\/pages"}],"about":[{"href":"https:\/\/wp.ufpel.edu.br\/rbes\/wp-json\/wp\/v2\/types\/page"}],"author":[{"embeddable":true,"href":"https:\/\/wp.ufpel.edu.br\/rbes\/wp-json\/wp\/v2\/users\/510"}],"replies":[{"embeddable":true,"href":"https:\/\/wp.ufpel.edu.br\/rbes\/wp-json\/wp\/v2\/comments?post=278"}],"version-history":[{"count":12,"href":"https:\/\/wp.ufpel.edu.br\/rbes\/wp-json\/wp\/v2\/pages\/278\/revisions"}],"predecessor-version":[{"id":421,"href":"https:\/\/wp.ufpel.edu.br\/rbes\/wp-json\/wp\/v2\/pages\/278\/revisions\/421"}],"wp:attachment":[{"href":"https:\/\/wp.ufpel.edu.br\/rbes\/wp-json\/wp\/v2\/media?parent=278"}],"curies":[{"name":"wp","href":"https:\/\/api.w.org\/{rel}","templated":true}]}}