{"id":267,"date":"2023-04-20T18:07:56","date_gmt":"2023-04-20T21:07:56","guid":{"rendered":"https:\/\/wp.ufpel.edu.br\/rbes\/?page_id=267"},"modified":"2024-02-07T14:00:06","modified_gmt":"2024-02-07T17:00:06","slug":"edicoes","status":"publish","type":"page","link":"https:\/\/wp.ufpel.edu.br\/rbes\/edicoes\/","title":{"rendered":"Edi\u00e7\u00f5es"},"content":{"rendered":"<p><a href=\"https:\/\/periodicos.ufpel.edu.br\/index.php\/RBES\/issue\/view\/1194\">Edi\u00e7\u00e3o Atual<\/a><\/p>\n<p><a href=\"https:\/\/revistas.ufpel.edu.br\/index.php\/rbes\/issue\/archive\" target=\"_blank\" rel=\"noopener\">Edi\u00e7\u00f5es Anteriores<\/a><\/p>\n<p><a href=\"https:\/\/periodicos.ufpel.edu.br\/index.php\/RBES\" target=\"_blank\" rel=\"noopener\">Edi\u00e7\u00f5es Anteriores<\/a><\/p>\n","protected":false},"excerpt":{"rendered":"<p>Edi\u00e7\u00e3o Atual Edi\u00e7\u00f5es Anteriores Edi\u00e7\u00f5es Anteriores<\/p>\n","protected":false},"author":510,"featured_media":0,"parent":0,"menu_order":0,"comment_status":"closed","ping_status":"closed","template":"","meta":{"jetpack_post_was_ever_published":false,"footnotes":""},"class_list":["post-267","page","type-page","status-publish","hentry","nodate","item-wrap"],"jetpack_sharing_enabled":true,"jetpack_shortlink":"https:\/\/wp.me\/P6SlvA-4j","_links":{"self":[{"href":"https:\/\/wp.ufpel.edu.br\/rbes\/wp-json\/wp\/v2\/pages\/267","targetHints":{"allow":["GET"]}}],"collection":[{"href":"https:\/\/wp.ufpel.edu.br\/rbes\/wp-json\/wp\/v2\/pages"}],"about":[{"href":"https:\/\/wp.ufpel.edu.br\/rbes\/wp-json\/wp\/v2\/types\/page"}],"author":[{"embeddable":true,"href":"https:\/\/wp.ufpel.edu.br\/rbes\/wp-json\/wp\/v2\/users\/510"}],"replies":[{"embeddable":true,"href":"https:\/\/wp.ufpel.edu.br\/rbes\/wp-json\/wp\/v2\/comments?post=267"}],"version-history":[{"count":7,"href":"https:\/\/wp.ufpel.edu.br\/rbes\/wp-json\/wp\/v2\/pages\/267\/revisions"}],"predecessor-version":[{"id":388,"href":"https:\/\/wp.ufpel.edu.br\/rbes\/wp-json\/wp\/v2\/pages\/267\/revisions\/388"}],"wp:attachment":[{"href":"https:\/\/wp.ufpel.edu.br\/rbes\/wp-json\/wp\/v2\/media?parent=267"}],"curies":[{"name":"wp","href":"https:\/\/api.w.org\/{rel}","templated":true}]}}