{"id":261,"date":"2023-04-20T18:02:05","date_gmt":"2023-04-20T21:02:05","guid":{"rendered":"https:\/\/wp.ufpel.edu.br\/rbes\/?page_id=261"},"modified":"2023-04-20T18:02:08","modified_gmt":"2023-04-20T21:02:08","slug":"declaracao-de-privacidade","status":"publish","type":"page","link":"https:\/\/wp.ufpel.edu.br\/rbes\/declaracao-de-privacidade\/","title":{"rendered":"Declara\u00e7\u00e3o de Privacidade"},"content":{"rendered":"<p>Os nomes e endere\u00e7os informados nesta revista ser\u00e3o usados exclusivamente para os servi\u00e7os prestados por esta publica\u00e7\u00e3o, n\u00e3o sendo disponibilizados para outras finalidades ou a terceiros.<\/p>\n","protected":false},"excerpt":{"rendered":"<p>Os nomes e endere\u00e7os informados nesta revista ser\u00e3o usados exclusivamente para os servi\u00e7os prestados por esta publica\u00e7\u00e3o, n\u00e3o sendo disponibilizados para outras finalidades ou a terceiros.<\/p>\n","protected":false},"author":510,"featured_media":0,"parent":0,"menu_order":0,"comment_status":"closed","ping_status":"closed","template":"","meta":{"jetpack_post_was_ever_published":false,"footnotes":""},"class_list":["post-261","page","type-page","status-publish","hentry","nodate","item-wrap"],"jetpack_sharing_enabled":true,"jetpack_shortlink":"https:\/\/wp.me\/P6SlvA-4d","_links":{"self":[{"href":"https:\/\/wp.ufpel.edu.br\/rbes\/wp-json\/wp\/v2\/pages\/261","targetHints":{"allow":["GET"]}}],"collection":[{"href":"https:\/\/wp.ufpel.edu.br\/rbes\/wp-json\/wp\/v2\/pages"}],"about":[{"href":"https:\/\/wp.ufpel.edu.br\/rbes\/wp-json\/wp\/v2\/types\/page"}],"author":[{"embeddable":true,"href":"https:\/\/wp.ufpel.edu.br\/rbes\/wp-json\/wp\/v2\/users\/510"}],"replies":[{"embeddable":true,"href":"https:\/\/wp.ufpel.edu.br\/rbes\/wp-json\/wp\/v2\/comments?post=261"}],"version-history":[{"count":1,"href":"https:\/\/wp.ufpel.edu.br\/rbes\/wp-json\/wp\/v2\/pages\/261\/revisions"}],"predecessor-version":[{"id":263,"href":"https:\/\/wp.ufpel.edu.br\/rbes\/wp-json\/wp\/v2\/pages\/261\/revisions\/263"}],"wp:attachment":[{"href":"https:\/\/wp.ufpel.edu.br\/rbes\/wp-json\/wp\/v2\/media?parent=261"}],"curies":[{"name":"wp","href":"https:\/\/api.w.org\/{rel}","templated":true}]}}