{"id":96,"date":"2011-01-28T09:36:24","date_gmt":"2011-01-28T12:36:24","guid":{"rendered":"https:\/\/wp.ufpel.edu.br\/quimicaindustrial\/"},"modified":"2019-08-29T13:08:22","modified_gmt":"2019-08-29T16:08:22","slug":"contatos","status":"publish","type":"page","link":"https:\/\/wp.ufpel.edu.br\/quimicaindustrial\/contatos\/","title":{"rendered":"Contatos"},"content":{"rendered":"<address><strong>COLEGIADO DO CURSO DE QU\u00cdMICA INDUSTRIAL<br \/>\n<\/strong><em>Campus Universit\u00e1rio Cap\u00e3o do Le\u00e3o<\/em><\/address>\n<address><em>Pr\u00e9dio 31, sala 102<br \/>\n<\/em><em>Cep 96010-900 \u2013 Caixa Postal 354<br \/>\n<\/em><em>Pelotas \u2013 RS \u2013 Brasil<br \/>\n<\/em><strong>Telefone:<\/strong> (53) 3275 7454<br \/>\n<strong> E-mail: <\/strong><em>quimind.sec@ufpel.edu.br\u00a0<\/em><\/address>\n<address>\u00a0<\/address>\n<address><strong>SECRET\u00c1RIA<\/strong><\/address>\n<address>Vanessa Elert<\/address>\n<address>E-mail: vanessa.elert@ufpel.edu.br<\/address>\n<address>\u00a0<\/address>\n<address>\u00a0<\/address>\n<address><strong>HOR\u00c1RIO DE ATENDIMENTO<\/strong><\/address>\n<address>\u00a0<\/address>\n<address>das 8h \u00e0s 20h<\/address>\n<address>\u00a0<\/address>\n","protected":false},"excerpt":{"rendered":"<p>COLEGIADO DO CURSO DE QU\u00cdMICA INDUSTRIAL Campus Universit\u00e1rio Cap\u00e3o do Le\u00e3o Pr\u00e9dio 31, sala 102 Cep 96010-900 \u2013 Caixa Postal 354 Pelotas \u2013 RS \u2013 Brasil Telefone: (53) 3275 7454 E-mail: quimind.sec@ufpel.edu.br\u00a0 \u00a0 SECRET\u00c1RIA Vanessa Elert E-mail: vanessa.elert@ufpel.edu.br \u00a0 \u00a0 &hellip; <a href=\"https:\/\/wp.ufpel.edu.br\/quimicaindustrial\/contatos\/\">Continue lendo <span class=\"meta-nav\">&rarr;<\/span><\/a><\/p>\n","protected":false},"author":92,"featured_media":0,"parent":0,"menu_order":7,"comment_status":"closed","ping_status":"closed","template":"","meta":{"footnotes":""},"class_list":["post-96","page","type-page","status-publish","hentry"],"_links":{"self":[{"href":"https:\/\/wp.ufpel.edu.br\/quimicaindustrial\/wp-json\/wp\/v2\/pages\/96","targetHints":{"allow":["GET"]}}],"collection":[{"href":"https:\/\/wp.ufpel.edu.br\/quimicaindustrial\/wp-json\/wp\/v2\/pages"}],"about":[{"href":"https:\/\/wp.ufpel.edu.br\/quimicaindustrial\/wp-json\/wp\/v2\/types\/page"}],"author":[{"embeddable":true,"href":"https:\/\/wp.ufpel.edu.br\/quimicaindustrial\/wp-json\/wp\/v2\/users\/92"}],"replies":[{"embeddable":true,"href":"https:\/\/wp.ufpel.edu.br\/quimicaindustrial\/wp-json\/wp\/v2\/comments?post=96"}],"version-history":[{"count":16,"href":"https:\/\/wp.ufpel.edu.br\/quimicaindustrial\/wp-json\/wp\/v2\/pages\/96\/revisions"}],"predecessor-version":[{"id":1408,"href":"https:\/\/wp.ufpel.edu.br\/quimicaindustrial\/wp-json\/wp\/v2\/pages\/96\/revisions\/1408"}],"wp:attachment":[{"href":"https:\/\/wp.ufpel.edu.br\/quimicaindustrial\/wp-json\/wp\/v2\/media?parent=96"}],"curies":[{"name":"wp","href":"https:\/\/api.w.org\/{rel}","templated":true}]}}