{"id":608,"date":"2012-09-06T18:43:29","date_gmt":"2012-09-06T18:43:29","guid":{"rendered":"https:\/\/wp.ufpel.edu.br\/quimicaindustrial\/?page_id=608"},"modified":"2026-03-30T12:26:42","modified_gmt":"2026-03-30T15:26:42","slug":"apresentacao-final","status":"publish","type":"page","link":"https:\/\/wp.ufpel.edu.br\/quimicaindustrial\/estagio\/apresentacao-final\/","title":{"rendered":"Apresenta\u00e7\u00e3o Final"},"content":{"rendered":"<address>&#8211; No final do est\u00e1gio, o aluno dever\u00e1 entregar ao docente orientador o relat\u00f3rio de atividades de est\u00e1gio preenchido pelo supervisor. Esse documento pode ser acessado no link abaixo:<\/address>\n<address><a href=\"https:\/\/wp.ufpel.edu.br\/quimicaindustrial\/files\/2026\/03\/Relatorio-de-Atividades-Estagio.docx\">Relat\u00f3rio de Atividades Est\u00e1gio<\/a><\/address>\n<address>\u00a0<\/address>\n<address>&#8211; Al\u00e9m disso, o estagi\u00e1rio deve elaborar um Manuscrito final detalhado, enfatizando o aprendizado e as experi\u00eancias adquiridas durante o est\u00e1gio e o impacto destas experi\u00eancias na sua forma\u00e7\u00e3o. Este Manuscrito deve ser corrigido pelo docente orientador e, ap\u00f3s, ser encaminhado ao N\u00facleo de Est\u00e1gio.\u00a0<\/address>\n<address>\u00a0<\/address>\n","protected":false},"excerpt":{"rendered":"<p>&#8211; No final do est\u00e1gio, o aluno dever\u00e1 entregar ao docente orientador o relat\u00f3rio de atividades de est\u00e1gio preenchido pelo supervisor. Esse documento pode ser acessado no link abaixo: Relat\u00f3rio de Atividades Est\u00e1gio \u00a0 &#8211; Al\u00e9m disso, o estagi\u00e1rio deve &hellip; <a href=\"https:\/\/wp.ufpel.edu.br\/quimicaindustrial\/estagio\/apresentacao-final\/\">Continue lendo <span class=\"meta-nav\">&rarr;<\/span><\/a><\/p>\n","protected":false},"author":92,"featured_media":0,"parent":344,"menu_order":4,"comment_status":"closed","ping_status":"closed","template":"","meta":{"footnotes":""},"class_list":["post-608","page","type-page","status-publish","hentry"],"_links":{"self":[{"href":"https:\/\/wp.ufpel.edu.br\/quimicaindustrial\/wp-json\/wp\/v2\/pages\/608","targetHints":{"allow":["GET"]}}],"collection":[{"href":"https:\/\/wp.ufpel.edu.br\/quimicaindustrial\/wp-json\/wp\/v2\/pages"}],"about":[{"href":"https:\/\/wp.ufpel.edu.br\/quimicaindustrial\/wp-json\/wp\/v2\/types\/page"}],"author":[{"embeddable":true,"href":"https:\/\/wp.ufpel.edu.br\/quimicaindustrial\/wp-json\/wp\/v2\/users\/92"}],"replies":[{"embeddable":true,"href":"https:\/\/wp.ufpel.edu.br\/quimicaindustrial\/wp-json\/wp\/v2\/comments?post=608"}],"version-history":[{"count":3,"href":"https:\/\/wp.ufpel.edu.br\/quimicaindustrial\/wp-json\/wp\/v2\/pages\/608\/revisions"}],"predecessor-version":[{"id":1950,"href":"https:\/\/wp.ufpel.edu.br\/quimicaindustrial\/wp-json\/wp\/v2\/pages\/608\/revisions\/1950"}],"up":[{"embeddable":true,"href":"https:\/\/wp.ufpel.edu.br\/quimicaindustrial\/wp-json\/wp\/v2\/pages\/344"}],"wp:attachment":[{"href":"https:\/\/wp.ufpel.edu.br\/quimicaindustrial\/wp-json\/wp\/v2\/media?parent=608"}],"curies":[{"name":"wp","href":"https:\/\/api.w.org\/{rel}","templated":true}]}}