{"id":604,"date":"2012-09-06T18:11:37","date_gmt":"2012-09-06T18:11:37","guid":{"rendered":"https:\/\/wp.ufpel.edu.br\/quimicaindustrial\/?page_id=604"},"modified":"2026-03-30T12:24:54","modified_gmt":"2026-03-30T15:24:54","slug":"documentacao","status":"publish","type":"page","link":"https:\/\/wp.ufpel.edu.br\/quimicaindustrial\/estagio\/documentacao\/","title":{"rendered":"Documentos"},"content":{"rendered":"<address>Os documentos necess\u00e1rios para a oficializa\u00e7\u00e3o do est\u00e1gio curricular obrigat\u00f3rio s\u00e3o:<\/address>\n<address>\u00a0<\/address>\n<address><strong><strong>1) Termo de Compromisso:<\/strong>\u00a0Formaliza o in\u00edcio do est\u00e1gio e dever\u00e1 ser elaborado, em triplicata, pelo estagi\u00e1rio em conjunto com a empresa concedente do est\u00e1gio, o supervisor de est\u00e1gio e o docente orientador<\/strong>\u00a0(uma c\u00f3pia deve ser entregue ao Colegiado antes do in\u00edcio do Est\u00e1gio).<\/address>\n<address><a href=\"https:\/\/wp.ufpel.edu.br\/quimicaindustrial\/files\/2026\/03\/Termo-de-Compromisso-UFPel-como-INSTITUICAO-DE-ENSINO.doc\">Termo de Compromisso UFPel como INSTITUICAO DE ENSINO<\/a><\/address>\n<address>ou<\/address>\n<address><a href=\"https:\/\/wp.ufpel.edu.br\/quimicaindustrial\/files\/2026\/03\/Termo-de-Compromisso-UFPel-como-PARTE-CONCEDENTE.doc\">Termo de Compromisso UFPel como PARTE CONCEDENTE<\/a><\/address>\n<address>\u00a0<\/address>\n<address><strong>2) Plano de Est\u00e1gio: <\/strong>\u00c9 o documento que formaliza a proposta de trabalho a ser desenvolvida pelo estagi\u00e1rio, evidenciando os objetivos a serem atingidos, a metodologia a ser aplicada, o cronograma de trabalho e os resultados esperados\u00a0(deve ser entregue, no m\u00e1ximo, at\u00e9 15 dias ap\u00f3s o in\u00edcio do Est\u00e1gio)<\/address>\n<address><a href=\"https:\/\/wp.ufpel.edu.br\/quimicaindustrial\/files\/2026\/03\/Plano-de-Estagio.doc\">Plano de Est\u00e1gio<\/a><\/address>\n<p>&nbsp;<\/p>\n<p><span style=\"font-size: 10pt;\"><strong>OBS: N\u00e3o \u00e9 mais necess\u00e1rio solicitar o seguro para os Est\u00e1gios, todos os alunos matriculados no componente curricular estar\u00e3o automaticamente amparados pela ap\u00f3lice coletiva da UFPel.<\/strong><\/span><\/p>\n","protected":false},"excerpt":{"rendered":"<p>Os documentos necess\u00e1rios para a oficializa\u00e7\u00e3o do est\u00e1gio curricular obrigat\u00f3rio s\u00e3o: \u00a0 1) Termo de Compromisso:\u00a0Formaliza o in\u00edcio do est\u00e1gio e dever\u00e1 ser elaborado, em triplicata, pelo estagi\u00e1rio em conjunto com a empresa concedente do est\u00e1gio, o supervisor de est\u00e1gio &hellip; <a href=\"https:\/\/wp.ufpel.edu.br\/quimicaindustrial\/estagio\/documentacao\/\">Continue lendo <span class=\"meta-nav\">&rarr;<\/span><\/a><\/p>\n","protected":false},"author":92,"featured_media":0,"parent":344,"menu_order":3,"comment_status":"closed","ping_status":"closed","template":"","meta":{"footnotes":""},"class_list":["post-604","page","type-page","status-publish","hentry"],"_links":{"self":[{"href":"https:\/\/wp.ufpel.edu.br\/quimicaindustrial\/wp-json\/wp\/v2\/pages\/604","targetHints":{"allow":["GET"]}}],"collection":[{"href":"https:\/\/wp.ufpel.edu.br\/quimicaindustrial\/wp-json\/wp\/v2\/pages"}],"about":[{"href":"https:\/\/wp.ufpel.edu.br\/quimicaindustrial\/wp-json\/wp\/v2\/types\/page"}],"author":[{"embeddable":true,"href":"https:\/\/wp.ufpel.edu.br\/quimicaindustrial\/wp-json\/wp\/v2\/users\/92"}],"replies":[{"embeddable":true,"href":"https:\/\/wp.ufpel.edu.br\/quimicaindustrial\/wp-json\/wp\/v2\/comments?post=604"}],"version-history":[{"count":3,"href":"https:\/\/wp.ufpel.edu.br\/quimicaindustrial\/wp-json\/wp\/v2\/pages\/604\/revisions"}],"predecessor-version":[{"id":1948,"href":"https:\/\/wp.ufpel.edu.br\/quimicaindustrial\/wp-json\/wp\/v2\/pages\/604\/revisions\/1948"}],"up":[{"embeddable":true,"href":"https:\/\/wp.ufpel.edu.br\/quimicaindustrial\/wp-json\/wp\/v2\/pages\/344"}],"wp:attachment":[{"href":"https:\/\/wp.ufpel.edu.br\/quimicaindustrial\/wp-json\/wp\/v2\/media?parent=604"}],"curies":[{"name":"wp","href":"https:\/\/api.w.org\/{rel}","templated":true}]}}