{"id":598,"date":"2012-09-06T14:49:54","date_gmt":"2012-09-06T17:49:54","guid":{"rendered":"https:\/\/wp.ufpel.edu.br\/quimicaindustrial\/?page_id=598"},"modified":"2016-05-16T10:32:05","modified_gmt":"2016-05-16T13:32:05","slug":"regimento","status":"publish","type":"page","link":"https:\/\/wp.ufpel.edu.br\/quimicaindustrial\/estagio\/regimento\/","title":{"rendered":"Regimento"},"content":{"rendered":"<address>\u00a0<\/address>\n<address>O Regimento regulamenta o funcionamento do pr\u00f3prio NE e indica as compet\u00eancias do estagi\u00e1rio, do professor orientador e do supervisor da empresa ou institui\u00e7\u00e3o concedente do est\u00e1gio. Al\u00e9m disso, orienta os discentes sobre os procedimentos formais necess\u00e1rios para o in\u00edcio do est\u00e1gio obrigat\u00f3rio e regula a forma de apresenta\u00e7\u00e3o final e os crit\u00e9rios de avalia\u00e7\u00e3o que ser\u00e3o utilizados pela banca avaliadora.<\/address>\n<address>Voc\u00ea pode acess\u00e1-lo clicando no link abaixo:<\/address>\n<address>\u00a0<\/address>\n<address><a href=\"https:\/\/wp.ufpel.edu.br\/quimicaindustrial\/files\/2012\/09\/Regimento_Final_NE_abril_de_2015.pdf\">Regimento_Final_NE_abril_de_2015<\/a><\/address>\n<address>\u00a0<\/address>\n<address>\u00a0<\/address>\n","protected":false},"excerpt":{"rendered":"<p>\u00a0 O Regimento regulamenta o funcionamento do pr\u00f3prio NE e indica as compet\u00eancias do estagi\u00e1rio, do professor orientador e do supervisor da empresa ou institui\u00e7\u00e3o concedente do est\u00e1gio. Al\u00e9m disso, orienta os discentes sobre os procedimentos formais necess\u00e1rios para o &hellip; <a href=\"https:\/\/wp.ufpel.edu.br\/quimicaindustrial\/estagio\/regimento\/\">Continue lendo <span class=\"meta-nav\">&rarr;<\/span><\/a><\/p>\n","protected":false},"author":92,"featured_media":0,"parent":344,"menu_order":2,"comment_status":"closed","ping_status":"closed","template":"","meta":{"footnotes":""},"class_list":["post-598","page","type-page","status-publish","hentry"],"_links":{"self":[{"href":"https:\/\/wp.ufpel.edu.br\/quimicaindustrial\/wp-json\/wp\/v2\/pages\/598","targetHints":{"allow":["GET"]}}],"collection":[{"href":"https:\/\/wp.ufpel.edu.br\/quimicaindustrial\/wp-json\/wp\/v2\/pages"}],"about":[{"href":"https:\/\/wp.ufpel.edu.br\/quimicaindustrial\/wp-json\/wp\/v2\/types\/page"}],"author":[{"embeddable":true,"href":"https:\/\/wp.ufpel.edu.br\/quimicaindustrial\/wp-json\/wp\/v2\/users\/92"}],"replies":[{"embeddable":true,"href":"https:\/\/wp.ufpel.edu.br\/quimicaindustrial\/wp-json\/wp\/v2\/comments?post=598"}],"version-history":[{"count":6,"href":"https:\/\/wp.ufpel.edu.br\/quimicaindustrial\/wp-json\/wp\/v2\/pages\/598\/revisions"}],"predecessor-version":[{"id":1243,"href":"https:\/\/wp.ufpel.edu.br\/quimicaindustrial\/wp-json\/wp\/v2\/pages\/598\/revisions\/1243"}],"up":[{"embeddable":true,"href":"https:\/\/wp.ufpel.edu.br\/quimicaindustrial\/wp-json\/wp\/v2\/pages\/344"}],"wp:attachment":[{"href":"https:\/\/wp.ufpel.edu.br\/quimicaindustrial\/wp-json\/wp\/v2\/media?parent=598"}],"curies":[{"name":"wp","href":"https:\/\/api.w.org\/{rel}","templated":true}]}}