{"id":595,"date":"2012-09-06T17:33:06","date_gmt":"2012-09-06T17:33:06","guid":{"rendered":"https:\/\/wp.ufpel.edu.br\/quimicaindustrial\/?page_id=595"},"modified":"2020-10-20T12:14:17","modified_gmt":"2020-10-20T15:14:17","slug":"595-2","status":"publish","type":"page","link":"https:\/\/wp.ufpel.edu.br\/quimicaindustrial\/estagio\/595-2\/","title":{"rendered":"N\u00facleo de Est\u00e1gio"},"content":{"rendered":"<address><strong>Conforme a <a href=\"https:\/\/wp.ufpel.edu.br\/quimicaindustrial\/files\/2020\/10\/Portaria-No-13-de-02-de-maio-de-2018.pdf\">Portaria N\u00ba 13, de 02 de maio de 2018<\/a>, o N\u00facleo de Est\u00e1gio do curso de Qu\u00edmica Industrial est\u00e1 constitu\u00eddo da seguinte forma:<\/strong><\/address>\n<address>\u00a0<\/address>\n<address>Professora Adriane Medeiros Nunes<\/address>\n<address>Professora Daniela Bianchini<\/address>\n<address>Professora Grac\u00e9lie Aparecida Serpa Schulz<\/address>\n<address>\u00a0<\/address>\n<address>\u00a0<\/address>\n<address>\u00a0<\/address>\n<address>\u00a0<\/address>\n","protected":false},"excerpt":{"rendered":"<p>Conforme a Portaria N\u00ba 13, de 02 de maio de 2018, o N\u00facleo de Est\u00e1gio do curso de Qu\u00edmica Industrial est\u00e1 constitu\u00eddo da seguinte forma: \u00a0 Professora Adriane Medeiros Nunes Professora Daniela Bianchini Professora Grac\u00e9lie Aparecida Serpa Schulz \u00a0 \u00a0 &hellip; <a href=\"https:\/\/wp.ufpel.edu.br\/quimicaindustrial\/estagio\/595-2\/\">Continue lendo <span class=\"meta-nav\">&rarr;<\/span><\/a><\/p>\n","protected":false},"author":92,"featured_media":0,"parent":344,"menu_order":1,"comment_status":"closed","ping_status":"closed","template":"","meta":{"footnotes":""},"class_list":["post-595","page","type-page","status-publish","hentry"],"_links":{"self":[{"href":"https:\/\/wp.ufpel.edu.br\/quimicaindustrial\/wp-json\/wp\/v2\/pages\/595","targetHints":{"allow":["GET"]}}],"collection":[{"href":"https:\/\/wp.ufpel.edu.br\/quimicaindustrial\/wp-json\/wp\/v2\/pages"}],"about":[{"href":"https:\/\/wp.ufpel.edu.br\/quimicaindustrial\/wp-json\/wp\/v2\/types\/page"}],"author":[{"embeddable":true,"href":"https:\/\/wp.ufpel.edu.br\/quimicaindustrial\/wp-json\/wp\/v2\/users\/92"}],"replies":[{"embeddable":true,"href":"https:\/\/wp.ufpel.edu.br\/quimicaindustrial\/wp-json\/wp\/v2\/comments?post=595"}],"version-history":[{"count":7,"href":"https:\/\/wp.ufpel.edu.br\/quimicaindustrial\/wp-json\/wp\/v2\/pages\/595\/revisions"}],"predecessor-version":[{"id":1507,"href":"https:\/\/wp.ufpel.edu.br\/quimicaindustrial\/wp-json\/wp\/v2\/pages\/595\/revisions\/1507"}],"up":[{"embeddable":true,"href":"https:\/\/wp.ufpel.edu.br\/quimicaindustrial\/wp-json\/wp\/v2\/pages\/344"}],"wp:attachment":[{"href":"https:\/\/wp.ufpel.edu.br\/quimicaindustrial\/wp-json\/wp\/v2\/media?parent=595"}],"curies":[{"name":"wp","href":"https:\/\/api.w.org\/{rel}","templated":true}]}}