{"id":590,"date":"2012-09-04T09:06:18","date_gmt":"2012-09-04T12:06:18","guid":{"rendered":"https:\/\/wp.ufpel.edu.br\/quimicaindustrial\/?page_id=590"},"modified":"2015-08-24T22:04:09","modified_gmt":"2015-08-25T01:04:09","slug":"conteudos-programaticos-das-disciplinas","status":"publish","type":"page","link":"https:\/\/wp.ufpel.edu.br\/quimicaindustrial\/estrutura-curricular\/conteudos-programaticos-das-disciplinas\/","title":{"rendered":"Conte\u00fados Program\u00e1ticos das Disciplinas"},"content":{"rendered":"<p>1\u00ba Semestre<br \/>\n<a href=\"https:\/\/wp.ufpel.edu.br\/quimicaindustrial\/files\/2012\/09\/ALGA_0100045.pdf\">ALGA_0100045<\/a><br \/>\n<a href=\"https:\/\/wp.ufpel.edu.br\/quimicaindustrial\/files\/2012\/09\/C\u00e1lculo_1_0100301.pdf\">C\u00e1lculo_1_0100301<\/a><br \/>\n<a href=\"https:\/\/wp.ufpel.edu.br\/quimicaindustrial\/files\/2012\/09\/Desenho_T\u00e9cnico_1640006.pdf\">Desenho_T\u00e9cnico_1640006<\/a><br \/>\n<a href=\"https:\/\/wp.ufpel.edu.br\/quimicaindustrial\/files\/2012\/09\/Qu\u00edmica_Geral_1650085.pdf\">Qu\u00edmica_Geral_1650085<\/a><br \/>\n<a href=\"https:\/\/wp.ufpel.edu.br\/quimicaindustrial\/files\/2012\/09\/Qu\u00edmica_Geral_Experimental_1650086.pdf\">Qu\u00edmica_Geral_Experimental_1650086<\/a><\/p>\n<p>2\u00ba Semestre<br \/>\n<a href=\"https:\/\/wp.ufpel.edu.br\/quimicaindustrial\/files\/2012\/09\/C\u00e1lculo_2_0100302.pdf\">C\u00e1lculo_2_0100302<\/a><br \/>\n<a href=\"https:\/\/wp.ufpel.edu.br\/quimicaindustrial\/files\/2012\/09\/F\u00edsica_B\u00e1sica_I_0090113.pdf\">F\u00edsica_B\u00e1sica_I_0090113<\/a><br \/>\n<a href=\"https:\/\/wp.ufpel.edu.br\/quimicaindustrial\/files\/2012\/09\/Higiene_e_Seguran\u00e7a_Industrial_0150097.pdf\">Higiene_e_Seguran\u00e7a_Industrial_0150097<\/a><br \/>\n<a href=\"https:\/\/wp.ufpel.edu.br\/quimicaindustrial\/files\/2012\/09\/Qu\u00edmica_Inorg\u00e2nica_1_1650103.pdf\">Qu\u00edmica_Inorg\u00e2nica_1_1650103<\/a><br \/>\n<a href=\"https:\/\/wp.ufpel.edu.br\/quimicaindustrial\/files\/2012\/09\/Qu\u00edmica_Inorg\u00e2nica_Experimental_1_1650102.pdf\">Qu\u00edmica_Inorg\u00e2nica_Experimental_1_1650102<\/a><br \/>\n<a href=\"https:\/\/wp.ufpel.edu.br\/quimicaindustrial\/files\/2012\/09\/Qu\u00edmica_Org\u00e2nica_I_0170067.pdf\">Qu\u00edmica_Org\u00e2nica_I_0170067<\/a><\/p>\n<p>3\u00ba Semestre<br \/>\n<a href=\"https:\/\/wp.ufpel.edu.br\/quimicaindustrial\/files\/2012\/09\/C\u00e1lculo_3_0100303.pdf\">C\u00e1lculo_3_0100303<\/a><br \/>\n<a href=\"https:\/\/wp.ufpel.edu.br\/quimicaindustrial\/files\/2012\/09\/Estat\u00edstica_B\u00e1sica_0100226.pdf\">Estat\u00edstica_B\u00e1sica_0100226<\/a><br \/>\n<a href=\"https:\/\/wp.ufpel.edu.br\/quimicaindustrial\/files\/2012\/09\/F\u00edsica_B\u00e1sica_II_0090114.pdf\">F\u00edsica_B\u00e1sica_II_0090114<\/a><br \/>\n<a href=\"https:\/\/wp.ufpel.edu.br\/quimicaindustrial\/files\/2012\/09\/Mineralogia_I_0060274.pdf\">Mineralogia_I_0060274<\/a><br \/>\n<a href=\"https:\/\/wp.ufpel.edu.br\/quimicaindustrial\/files\/2012\/09\/Qu\u00edmica_Inorg\u00e2nica_2_1650088.pdf\">Qu\u00edmica_Inorg\u00e2nica_2_1650088<\/a><br \/>\n<a href=\"https:\/\/wp.ufpel.edu.br\/quimicaindustrial\/files\/2012\/09\/Qu\u00edmica_Inorg\u00e2nica_Experimental_2_1650089.pdf\">Qu\u00edmica_Inorg\u00e2nica_Experimental_2_1650089<\/a><br \/>\n<a href=\"https:\/\/wp.ufpel.edu.br\/quimicaindustrial\/files\/2012\/09\/Qu\u00edmica_Org\u00e2nica_II_0170041.pdf\">Qu\u00edmica_Org\u00e2nica_II_0170041<\/a><\/p>\n<p>4\u00ba Semestre<br \/>\n<a href=\"https:\/\/wp.ufpel.edu.br\/quimicaindustrial\/files\/2012\/09\/Bioqu\u00edmica_0160015.pdf\">Bioqu\u00edmica_0160015<\/a><br \/>\n<a href=\"https:\/\/wp.ufpel.edu.br\/quimicaindustrial\/files\/2012\/09\/Equa\u00e7\u00f5es_Diferenciais_0100269.pdf\">Equa\u00e7\u00f5es_Diferenciais_0100269<\/a><br \/>\n<a href=\"https:\/\/wp.ufpel.edu.br\/quimicaindustrial\/files\/2012\/09\/F\u00edsica_B\u00e1sica_III_0090115.pdf\">F\u00edsica_B\u00e1sica_III_0090115<\/a><br \/>\n<a href=\"https:\/\/wp.ufpel.edu.br\/quimicaindustrial\/files\/2012\/09\/F\u00edsico-Qu\u00edmica_1_1650101.pdf\">F\u00edsico-Qu\u00edmica_1_1650101<\/a><br \/>\n<a href=\"https:\/\/wp.ufpel.edu.br\/quimicaindustrial\/files\/2012\/09\/M\u00e9todos_F\u00edsicos_de_An\u00e1lise_I_0170043.pdf\">M\u00e9todos_F\u00edsicos_de_An\u00e1lise_I_0170043<\/a><br \/>\n<a href=\"https:\/\/wp.ufpel.edu.br\/quimicaindustrial\/files\/2012\/09\/Qualidade_na_Ind\u00fastria_Qu\u00edmica_0150103.pdf\">Qualidade_na_Ind\u00fastria_Qu\u00edmica_0150103<\/a><br \/>\n<a href=\"https:\/\/wp.ufpel.edu.br\/quimicaindustrial\/files\/2012\/09\/Qu\u00edmica_Anal\u00edtica_Cl\u00e1ssica_1650098.pdf\">Qu\u00edmica_Anal\u00edtica_Cl\u00e1ssica_1650098<\/a><\/p>\n<p>5\u00ba Semestre<br \/>\n<a href=\"https:\/\/wp.ufpel.edu.br\/quimicaindustrial\/files\/2012\/09\/F\u00edsico-Qu\u00edmica_2_1650091.pdf\">F\u00edsico-Qu\u00edmica_2_1650091<\/a><br \/>\n<a href=\"https:\/\/wp.ufpel.edu.br\/quimicaindustrial\/files\/2012\/09\/F\u00edsico-Qu\u00edmica_Experimental_1_1650092.pdf\">F\u00edsico-Qu\u00edmica_Experimental_1_1650092<\/a><br \/>\n<a href=\"https:\/\/wp.ufpel.edu.br\/quimicaindustrial\/files\/2012\/09\/Materiais_Polim\u00e9ricos_D000634.pdf\">Materiais_Polim\u00e9ricos_D000634<\/a><br \/>\n<a href=\"https:\/\/wp.ufpel.edu.br\/quimicaindustrial\/files\/2012\/09\/Qu\u00edmica_Anal\u00edtica_Instrumental_1_1650090.pdf\">Qu\u00edmica_Anal\u00edtica_Instrumental_1_1650090<\/a><br \/>\n<a href=\"https:\/\/wp.ufpel.edu.br\/quimicaindustrial\/files\/2012\/09\/Qu\u00edmica_Org\u00e2nica_Experimental_0170066.pdf\">Qu\u00edmica_Org\u00e2nica_Experimental_0170066<\/a><br \/>\n<a href=\"https:\/\/wp.ufpel.edu.br\/quimicaindustrial\/files\/2012\/09\/Qu\u00edmica_Verde_1650093.pdf\">Qu\u00edmica_Verde_1650093<\/a><\/p>\n<p>6\u00ba Semestre<br \/>\n<a href=\"https:\/\/wp.ufpel.edu.br\/quimicaindustrial\/files\/2012\/09\/F\u00edsico-Qu\u00edmica_3_D000509.pdf\">F\u00edsico-Qu\u00edmica_3_D000509<\/a><br \/>\n<a href=\"https:\/\/wp.ufpel.edu.br\/quimicaindustrial\/files\/2012\/09\/F\u00edsico-Qu\u00edmica_Experimental_2_D000507.pdf\">F\u00edsico-Qu\u00edmica_Experimental_2_D000507<\/a><br \/>\n<a href=\"https:\/\/wp.ufpel.edu.br\/quimicaindustrial\/files\/2012\/09\/Intera\u00e7\u00e3o_com_a_Ind\u00fastria_D000633.pdf\">Intera\u00e7\u00e3o_com_a_Ind\u00fastria_D000633<\/a><br \/>\n<a href=\"https:\/\/wp.ufpel.edu.br\/quimicaindustrial\/files\/2012\/09\/Microbiologia_0030053.pdf\">Microbiologia_0030053<\/a><br \/>\n<a href=\"https:\/\/wp.ufpel.edu.br\/quimicaindustrial\/files\/2012\/09\/Processos_Qu\u00edmicos_Industriais_D000631.pdf\">Processos_Qu\u00edmicos_Industriais_D000631<\/a><br \/>\n<a href=\"https:\/\/wp.ufpel.edu.br\/quimicaindustrial\/files\/2012\/09\/Qu\u00edmica_Ambiental_1650100.pdf\">Qu\u00edmica_Ambiental_1650100<\/a><br \/>\n<a href=\"https:\/\/wp.ufpel.edu.br\/quimicaindustrial\/files\/2012\/09\/Qu\u00edmica_Anal\u00edtica_Instrumental_2_D000632.pdf\">Qu\u00edmica_Anal\u00edtica_Instrumental_2_D000632<\/a><\/p>\n<p>7\u00ba Semestre<br \/>\n<a href=\"https:\/\/wp.ufpel.edu.br\/quimicaindustrial\/files\/2012\/09\/Administra\u00e7\u00e3o_1700110.pdf\">Administra\u00e7\u00e3o_1700110<\/a><br \/>\n<a href=\"https:\/\/wp.ufpel.edu.br\/quimicaindustrial\/files\/2012\/09\/Opera\u00e7\u00f5es_Unit\u00e1rias_0170073.pdf\">Opera\u00e7\u00f5es_Unit\u00e1rias_0170073<\/a><br \/>\n<a href=\"https:\/\/wp.ufpel.edu.br\/quimicaindustrial\/files\/2012\/09\/Tecnologia_de_Bioprocessos_Industriais_D001099.pdf\">Tecnologia_de_Bioprocessos_Industriais_D001099<\/a><br \/>\n<a href=\"https:\/\/wp.ufpel.edu.br\/quimicaindustrial\/files\/2012\/09\/Tecnologias_de_Convers\u00e3o_Energ\u00e9tica_da_Biomassa_D001113.pdf\">Tecnologias_de_Convers\u00e3o_Energ\u00e9tica_da_Biomassa_D001113<\/a><br \/>\n<a href=\"https:\/\/wp.ufpel.edu.br\/quimicaindustrial\/files\/2012\/09\/Tratamento_de_\u00c1gua_e_Res\u00edduos_Industriais_0150106.pdf\">Tratamento_de_\u00c1gua_e_Res\u00edduos_Industriais_0150106<\/a><\/p>\n<p>8\u00ba Semestre<br \/>\n<a href=\"https:\/\/wp.ufpel.edu.br\/quimicaindustrial\/files\/2012\/09\/Est\u00e1gio_Supervisionado_D001128.pdf\">Est\u00e1gio_Supervisionado_D001128<\/a><\/p>\n<p>Optativas<br \/>\n<a href=\"https:\/\/wp.ufpel.edu.br\/quimicaindustrial\/files\/2012\/09\/Leitura_e_Produ\u00e7\u00e3o_de_Textos.pdf\">Leitura_e_Produ\u00e7\u00e3o_de_Textos<\/a><br \/>\n<a href=\"https:\/\/wp.ufpel.edu.br\/quimicaindustrial\/files\/2012\/09\/Mecanismos_de_Rea\u00e7\u00f5es_Org\u00e2nicas.pdf\">Mecanismos_de_Rea\u00e7\u00f5es_Org\u00e2nicas<\/a><br \/>\n<a href=\"https:\/\/wp.ufpel.edu.br\/quimicaindustrial\/files\/2012\/09\/M\u00e9todos_de_Preparo_de_Amostras_para_An\u00e1lise_Elementar.pdf\">M\u00e9todos_de_Preparo_de_Amostras_para_An\u00e1lise_Elementar<\/a><br \/>\n<a href=\"https:\/\/wp.ufpel.edu.br\/quimicaindustrial\/files\/2012\/09\/M\u00e9todos_F\u00edsicos_de_An\u00e1lise_II.pdf\">M\u00e9todos_F\u00edsicos_de_An\u00e1lise_II<\/a><br \/>\n<a href=\"https:\/\/wp.ufpel.edu.br\/quimicaindustrial\/files\/2012\/09\/Projetos_em_S\u00edntese_Org\u00e2nica.pdf\">Projetos_em_S\u00edntese_Org\u00e2nica<\/a><br \/>\n<a href=\"https:\/\/wp.ufpel.edu.br\/quimicaindustrial\/files\/2012\/09\/Qu\u00edmica_a_partir_de_Recursos_Renov\u00e1veis.pdf\">Qu\u00edmica_a_partir_de_Recursos_Renov\u00e1veis<\/a><br \/>\n<a href=\"https:\/\/wp.ufpel.edu.br\/quimicaindustrial\/files\/2012\/09\/Qu\u00edmica_Industrial_I.pdf\">Qu\u00edmica_Industrial_I<\/a><br \/>\n<a href=\"https:\/\/wp.ufpel.edu.br\/quimicaindustrial\/files\/2012\/09\/Qu\u00edmica_Industrial_II.pdf\">Qu\u00edmica_Industrial_II<\/a><br \/>\n<a href=\"https:\/\/wp.ufpel.edu.br\/quimicaindustrial\/files\/2012\/09\/S\u00edntese_Org\u00e2nica_Te\u00f3rica.pdf\">S\u00edntese_Org\u00e2nica_Te\u00f3rica<\/a><br \/>\n<a href=\"https:\/\/wp.ufpel.edu.br\/quimicaindustrial\/files\/2012\/09\/Tecnologia_Bioinorg\u00e2nica.pdf\">Tecnologia_Bioinorg\u00e2nica<\/a><br \/>\n<a href=\"https:\/\/wp.ufpel.edu.br\/quimicaindustrial\/files\/2012\/09\/Tecnologia_Bioorg\u00e2nica.pdf\">Tecnologia_Bioorg\u00e2nica<\/a><br \/>\n<a href=\"https:\/\/wp.ufpel.edu.br\/quimicaindustrial\/files\/2012\/09\/Tecnologia_de_Processos_Inorg\u00e2nicos.pdf\">Tecnologia_de_Processos_Inorg\u00e2nicos<\/a><br \/>\n<a href=\"https:\/\/wp.ufpel.edu.br\/quimicaindustrial\/files\/2012\/09\/Tecnologia_de_Processos_Org\u00e2nicos.pdf\">Tecnologia_de_Processos_Org\u00e2nicos<\/a><br \/>\n<a href=\"https:\/\/wp.ufpel.edu.br\/quimicaindustrial\/files\/2012\/09\/Tecnologia_de_Processos_Qu\u00edmicos_I.pdf\">Tecnologia_de_Processos_Qu\u00edmicos_I<\/a><br \/>\n<a href=\"https:\/\/wp.ufpel.edu.br\/quimicaindustrial\/files\/2012\/09\/Tecnologia_de_Terpenos_e_suas_Aplica\u00e7\u00f5es_Industriais.pdf\">Tecnologia_de_Terpenos_e_suas_Aplica\u00e7\u00f5es_Industriais<\/a><br \/>\n<a href=\"https:\/\/wp.ufpel.edu.br\/quimicaindustrial\/files\/2012\/09\/Tratamento_de_\u00c1gua_de_Abastecimento.pdf\">Tratamento_de_\u00c1gua_de_Abastecimento<\/a><\/p>\n","protected":false},"excerpt":{"rendered":"<p>1\u00ba Semestre ALGA_0100045 C\u00e1lculo_1_0100301 Desenho_T\u00e9cnico_1640006 Qu\u00edmica_Geral_1650085 Qu\u00edmica_Geral_Experimental_1650086 2\u00ba Semestre C\u00e1lculo_2_0100302 F\u00edsica_B\u00e1sica_I_0090113 Higiene_e_Seguran\u00e7a_Industrial_0150097 Qu\u00edmica_Inorg\u00e2nica_1_1650103 Qu\u00edmica_Inorg\u00e2nica_Experimental_1_1650102 Qu\u00edmica_Org\u00e2nica_I_0170067 3\u00ba Semestre C\u00e1lculo_3_0100303 Estat\u00edstica_B\u00e1sica_0100226 F\u00edsica_B\u00e1sica_II_0090114 Mineralogia_I_0060274 Qu\u00edmica_Inorg\u00e2nica_2_1650088 Qu\u00edmica_Inorg\u00e2nica_Experimental_2_1650089 Qu\u00edmica_Org\u00e2nica_II_0170041 4\u00ba Semestre Bioqu\u00edmica_0160015 Equa\u00e7\u00f5es_Diferenciais_0100269 F\u00edsica_B\u00e1sica_III_0090115 F\u00edsico-Qu\u00edmica_1_1650101 M\u00e9todos_F\u00edsicos_de_An\u00e1lise_I_0170043 Qualidade_na_Ind\u00fastria_Qu\u00edmica_0150103 Qu\u00edmica_Anal\u00edtica_Cl\u00e1ssica_1650098 5\u00ba Semestre F\u00edsico-Qu\u00edmica_2_1650091 F\u00edsico-Qu\u00edmica_Experimental_1_1650092 Materiais_Polim\u00e9ricos_D000634 Qu\u00edmica_Anal\u00edtica_Instrumental_1_1650090 Qu\u00edmica_Org\u00e2nica_Experimental_0170066 &hellip; <a href=\"https:\/\/wp.ufpel.edu.br\/quimicaindustrial\/estrutura-curricular\/conteudos-programaticos-das-disciplinas\/\">Continue lendo <span class=\"meta-nav\">&rarr;<\/span><\/a><\/p>\n","protected":false},"author":92,"featured_media":0,"parent":576,"menu_order":3,"comment_status":"closed","ping_status":"closed","template":"","meta":{"footnotes":""},"class_list":["post-590","page","type-page","status-publish","hentry"],"_links":{"self":[{"href":"https:\/\/wp.ufpel.edu.br\/quimicaindustrial\/wp-json\/wp\/v2\/pages\/590","targetHints":{"allow":["GET"]}}],"collection":[{"href":"https:\/\/wp.ufpel.edu.br\/quimicaindustrial\/wp-json\/wp\/v2\/pages"}],"about":[{"href":"https:\/\/wp.ufpel.edu.br\/quimicaindustrial\/wp-json\/wp\/v2\/types\/page"}],"author":[{"embeddable":true,"href":"https:\/\/wp.ufpel.edu.br\/quimicaindustrial\/wp-json\/wp\/v2\/users\/92"}],"replies":[{"embeddable":true,"href":"https:\/\/wp.ufpel.edu.br\/quimicaindustrial\/wp-json\/wp\/v2\/comments?post=590"}],"version-history":[{"count":19,"href":"https:\/\/wp.ufpel.edu.br\/quimicaindustrial\/wp-json\/wp\/v2\/pages\/590\/revisions"}],"predecessor-version":[{"id":1043,"href":"https:\/\/wp.ufpel.edu.br\/quimicaindustrial\/wp-json\/wp\/v2\/pages\/590\/revisions\/1043"}],"up":[{"embeddable":true,"href":"https:\/\/wp.ufpel.edu.br\/quimicaindustrial\/wp-json\/wp\/v2\/pages\/576"}],"wp:attachment":[{"href":"https:\/\/wp.ufpel.edu.br\/quimicaindustrial\/wp-json\/wp\/v2\/media?parent=590"}],"curies":[{"name":"wp","href":"https:\/\/api.w.org\/{rel}","templated":true}]}}