{"id":556,"date":"2012-09-03T18:06:50","date_gmt":"2012-09-03T18:06:50","guid":{"rendered":"https:\/\/wp.ufpel.edu.br\/quimicaindustrial\/?page_id=556"},"modified":"2021-09-13T15:36:23","modified_gmt":"2021-09-13T18:36:23","slug":"556-2","status":"publish","type":"page","link":"https:\/\/wp.ufpel.edu.br\/quimicaindustrial\/coordenacao-do-colegiado-2\/556-2\/","title":{"rendered":"Composi\u00e7\u00e3o do Colegiado"},"content":{"rendered":"<address><span style=\"font-size: 10pt\">\u00a0O Colegiado do Curso de Bacharelado em Qu\u00edmica Industrial, conforme Portaria interna n\u00ba 48, de 10 de setembro de 2021,\u00a0 \u00e9 composto pelos seguintes membros:<\/span><\/address>\n<address>\u00a0<\/address>\n<address>\n<p class=\"Texto_Justificado_Recuo_Primeira_Linha\"><span style=\"font-size: 10pt\"><strong>\u00c1rea B\u00e1sica<\/strong><\/span><\/p>\n<p class=\"Texto_Justificado_Recuo_Primeira_Linha\"><span style=\"font-size: 10pt\"><em>\u00c1rea de Qu\u00edmica Anal\u00edtica:<\/em><\/span><\/p>\n<p class=\"Texto_Justificado_Recuo_Primeira_Linha\"><span style=\"font-size: 10pt\">Prof.\u00aa Mariana Antunes Vieira (Coordenadora)<\/span><\/p>\n<p class=\"Texto_Justificado_Recuo_Primeira_Linha\"><span style=\"font-size: 10pt\"><em>\u00c1rea de Qu\u00edmica Inorg\u00e2nica:<\/em><\/span><\/p>\n<p class=\"Texto_Justificado_Recuo_Primeira_Linha\"><span style=\"font-size: 10pt\">Prof.\u00aa Daniela Bianchini (Coordenadora Adjunta)<\/span><\/p>\n<p class=\"Texto_Justificado_Recuo_Primeira_Linha\"><span style=\"font-size: 10pt\"><em>\u00c1rea de Qu\u00edmica Org\u00e2nica:<\/em><\/span><\/p>\n<p class=\"Texto_Justificado_Recuo_Primeira_Linha\"><span style=\"font-size: 10pt\">Prof. Diego da Silva Alves<\/span><\/p>\n<p class=\"Texto_Justificado_Recuo_Primeira_Linha\"><span style=\"font-size: 10pt\"><em>\u00c1rea de F\u00edsico-Qu\u00edmica:<\/em><\/span><\/p>\n<p class=\"Texto_Justificado_Recuo_Primeira_Linha\"><span style=\"font-size: 10pt\">Prof.<sup>a<\/sup>\u00a0Grac\u00e9lie Aparecida Serpa Schulz<\/span><\/p>\n<p class=\"Texto_Justificado_Recuo_Primeira_Linha\"><span style=\"font-size: 10pt\"><strong>Representantes do Departamento de Matem\u00e1tica e Estat\u00edstica<\/strong><\/span><\/p>\n<p class=\"Texto_Justificado_Recuo_Primeira_Linha\"><span style=\"font-size: 10pt\">Prof. Giovanni da Silva Nunes (titular)<\/span><\/p>\n<p class=\"Texto_Justificado_Recuo_Primeira_Linha\"><span style=\"font-size: 10pt\">Prof.\u00aa Ana Rita de Assump\u00e7\u00e3o Mazzini (suplente)<\/span><\/p>\n<p class=\"Texto_Justificado_Recuo_Primeira_Linha\"><span style=\"font-size: 10pt\"><strong>Representantes do Departamento de F\u00edsica<\/strong><\/span><\/p>\n<p class=\"Texto_Justificado_Recuo_Primeira_Linha\"><span style=\"font-size: 10pt\">Prof. Jos\u00e9 Rafael Bordin (titular)<\/span><\/p>\n<p class=\"Texto_Justificado_Recuo_Primeira_Linha\"><span style=\"font-size: 10pt\">Prof. Fernando Jaques Ruiz Sim\u00f5es Junior (suplente)<\/span><\/p>\n<p class=\"Texto_Justificado_Recuo_Primeira_Linha\"><span style=\"font-size: 10pt\"><strong>\u00c1rea Profissionalizante<\/strong><\/span><\/p>\n<p class=\"Texto_Justificado_Recuo_Primeira_Linha\"><span style=\"font-size: 10pt\"><em>\u00c1rea de Qu\u00edmica Sustent\u00e1vel:<\/em><\/span><\/p>\n<p class=\"Texto_Justificado_Recuo_Primeira_Linha\"><span style=\"font-size: 10pt\">Prof. Eder Jo\u00e3o Lenard\u00e3o<\/span><\/p>\n<p class=\"Texto_Justificado_Recuo_Primeira_Linha\"><span style=\"font-size: 10pt\"><em>\u00c1rea de Tecnologia:<\/em><\/span><\/p>\n<p class=\"Texto_Justificado_Recuo_Primeira_Linha\"><span style=\"font-size: 10pt\">Prof.\u00aa Raquel Guimar\u00e3es Jacob<\/span><\/p>\n<p class=\"Texto_Justificado_Recuo_Primeira_Linha\"><span style=\"font-size: 10pt\"><em>\u00c1rea de Opera\u00e7\u00f5es Unit\u00e1rias:<\/em><\/span><\/p>\n<p class=\"Texto_Justificado_Recuo_Primeira_Linha\"><span style=\"font-size: 10pt\">Prof.\u00aa C\u00e9lia Francisca Centeno da Rosa<\/span><\/p>\n<p class=\"Texto_Justificado_Recuo_Primeira_Linha\"><span style=\"font-size: 10pt\"><em>\u00c1rea da Ind\u00fastria Qu\u00edmica:<\/em><\/span><\/p>\n<p class=\"Texto_Justificado_Recuo_Primeira_Linha\"><span style=\"font-size: 10pt\">Prof. Gelson Perin<\/span><\/p>\n<p class=\"Texto_Justificado_Recuo_Primeira_Linha\"><span style=\"font-size: 10pt\"><em>\u00c1rea de Bioprocessos:<\/em><\/span><\/p>\n<p class=\"Texto_Justificado_Recuo_Primeira_Linha\"><span style=\"font-size: 10pt\">Prof. Marcio Santos da Silva<\/span><\/p>\n<p class=\"Texto_Justificado_Recuo_Primeira_Linha\"><span style=\"font-size: 10pt\"><em>\u00c1rea de Est\u00e1gio:<\/em><\/span><\/p>\n<p class=\"Texto_Justificado_Recuo_Primeira_Linha\"><span style=\"font-size: 10pt\">Prof.\u00aa Adriane Medeiros Nunes<\/span><\/p>\n<p class=\"Texto_Justificado_Recuo_Primeira_Linha\"><span style=\"font-size: 10pt\"><strong>Representa\u00e7\u00e3o Discente<\/strong><\/span><\/p>\n<p class=\"Texto_Justificado_Recuo_Primeira_Linha\"><span style=\"font-size: 10pt\">Acad. Miguel Pereira Soares (titular)<\/span><\/p>\n<p class=\"Texto_Justificado_Recuo_Primeira_Linha\"><span style=\"font-size: 10pt\">Acad. Vict\u00f3ria Ross Soares (suplente)<\/span><\/p>\n<\/address>\n<address>\u00a0<\/address>\n<address>\u00a0<\/address>\n<address>\u00a0<\/address>\n<p>&nbsp;<\/p>\n<address>\u00a0<\/address>\n","protected":false},"excerpt":{"rendered":"<p>\u00a0O Colegiado do Curso de Bacharelado em Qu\u00edmica Industrial, conforme Portaria interna n\u00ba 48, de 10 de setembro de 2021,\u00a0 \u00e9 composto pelos seguintes membros: \u00a0 \u00c1rea B\u00e1sica \u00c1rea de Qu\u00edmica Anal\u00edtica: Prof.\u00aa Mariana Antunes Vieira (Coordenadora) \u00c1rea de Qu\u00edmica &hellip; <a href=\"https:\/\/wp.ufpel.edu.br\/quimicaindustrial\/coordenacao-do-colegiado-2\/556-2\/\">Continue lendo <span class=\"meta-nav\">&rarr;<\/span><\/a><\/p>\n","protected":false},"author":92,"featured_media":0,"parent":86,"menu_order":2,"comment_status":"closed","ping_status":"closed","template":"","meta":{"footnotes":""},"class_list":["post-556","page","type-page","status-publish","hentry"],"_links":{"self":[{"href":"https:\/\/wp.ufpel.edu.br\/quimicaindustrial\/wp-json\/wp\/v2\/pages\/556","targetHints":{"allow":["GET"]}}],"collection":[{"href":"https:\/\/wp.ufpel.edu.br\/quimicaindustrial\/wp-json\/wp\/v2\/pages"}],"about":[{"href":"https:\/\/wp.ufpel.edu.br\/quimicaindustrial\/wp-json\/wp\/v2\/types\/page"}],"author":[{"embeddable":true,"href":"https:\/\/wp.ufpel.edu.br\/quimicaindustrial\/wp-json\/wp\/v2\/users\/92"}],"replies":[{"embeddable":true,"href":"https:\/\/wp.ufpel.edu.br\/quimicaindustrial\/wp-json\/wp\/v2\/comments?post=556"}],"version-history":[{"count":13,"href":"https:\/\/wp.ufpel.edu.br\/quimicaindustrial\/wp-json\/wp\/v2\/pages\/556\/revisions"}],"predecessor-version":[{"id":1612,"href":"https:\/\/wp.ufpel.edu.br\/quimicaindustrial\/wp-json\/wp\/v2\/pages\/556\/revisions\/1612"}],"up":[{"embeddable":true,"href":"https:\/\/wp.ufpel.edu.br\/quimicaindustrial\/wp-json\/wp\/v2\/pages\/86"}],"wp:attachment":[{"href":"https:\/\/wp.ufpel.edu.br\/quimicaindustrial\/wp-json\/wp\/v2\/media?parent=556"}],"curies":[{"name":"wp","href":"https:\/\/api.w.org\/{rel}","templated":true}]}}