{"id":551,"date":"2012-09-03T17:55:55","date_gmt":"2012-09-03T17:55:55","guid":{"rendered":"https:\/\/wp.ufpel.edu.br\/quimicaindustrial\/?page_id=551"},"modified":"2018-07-23T13:44:17","modified_gmt":"2018-07-23T16:44:17","slug":"551-2","status":"publish","type":"page","link":"https:\/\/wp.ufpel.edu.br\/quimicaindustrial\/coordenacao-do-colegiado-2\/551-2\/","title":{"rendered":"Coordena\u00e7\u00e3o"},"content":{"rendered":"<address><strong>A Coordena\u00e7\u00e3o do Colegiado de Qu\u00edmica Industrial \u00e9 composta da seguinte forma:<\/strong><\/address>\n<p>&nbsp;<\/p>\n<address><strong>Coordenadora:<\/strong> Profa. Dra. Mariana Antunes Vieira<\/address>\n<address>(Portaria n\u00ba. 1101, de 16 de maio de 2018)<\/address>\n<address>\u00a0<\/address>\n<address>\u00a0<\/address>\n<address>\n<address><strong>Coordenadora Adjunta:<\/strong> Profa. Dra. Daniela Bianchini<\/address>\n<address>(Portaria n\u00ba. 1102, de 16 de maio de 2018)<\/address>\n<\/address>\n<p>&nbsp;<\/p>\n","protected":false},"excerpt":{"rendered":"<p>A Coordena\u00e7\u00e3o do Colegiado de Qu\u00edmica Industrial \u00e9 composta da seguinte forma: &nbsp; Coordenadora: Profa. Dra. Mariana Antunes Vieira (Portaria n\u00ba. 1101, de 16 de maio de 2018) \u00a0 \u00a0 Coordenadora Adjunta: Profa. Dra. Daniela Bianchini (Portaria n\u00ba. 1102, de &hellip; <a href=\"https:\/\/wp.ufpel.edu.br\/quimicaindustrial\/coordenacao-do-colegiado-2\/551-2\/\">Continue lendo <span class=\"meta-nav\">&rarr;<\/span><\/a><\/p>\n","protected":false},"author":92,"featured_media":0,"parent":86,"menu_order":1,"comment_status":"closed","ping_status":"closed","template":"","meta":{"footnotes":""},"class_list":["post-551","page","type-page","status-publish","hentry"],"_links":{"self":[{"href":"https:\/\/wp.ufpel.edu.br\/quimicaindustrial\/wp-json\/wp\/v2\/pages\/551","targetHints":{"allow":["GET"]}}],"collection":[{"href":"https:\/\/wp.ufpel.edu.br\/quimicaindustrial\/wp-json\/wp\/v2\/pages"}],"about":[{"href":"https:\/\/wp.ufpel.edu.br\/quimicaindustrial\/wp-json\/wp\/v2\/types\/page"}],"author":[{"embeddable":true,"href":"https:\/\/wp.ufpel.edu.br\/quimicaindustrial\/wp-json\/wp\/v2\/users\/92"}],"replies":[{"embeddable":true,"href":"https:\/\/wp.ufpel.edu.br\/quimicaindustrial\/wp-json\/wp\/v2\/comments?post=551"}],"version-history":[{"count":9,"href":"https:\/\/wp.ufpel.edu.br\/quimicaindustrial\/wp-json\/wp\/v2\/pages\/551\/revisions"}],"predecessor-version":[{"id":1342,"href":"https:\/\/wp.ufpel.edu.br\/quimicaindustrial\/wp-json\/wp\/v2\/pages\/551\/revisions\/1342"}],"up":[{"embeddable":true,"href":"https:\/\/wp.ufpel.edu.br\/quimicaindustrial\/wp-json\/wp\/v2\/pages\/86"}],"wp:attachment":[{"href":"https:\/\/wp.ufpel.edu.br\/quimicaindustrial\/wp-json\/wp\/v2\/media?parent=551"}],"curies":[{"name":"wp","href":"https:\/\/api.w.org\/{rel}","templated":true}]}}