{"id":1788,"date":"2023-11-29T16:33:13","date_gmt":"2023-11-29T19:33:13","guid":{"rendered":"https:\/\/wp.ufpel.edu.br\/quimicaindustrial\/?page_id=1788"},"modified":"2023-11-29T16:33:13","modified_gmt":"2023-11-29T19:33:13","slug":"duvidas-frequentes","status":"publish","type":"page","link":"https:\/\/wp.ufpel.edu.br\/quimicaindustrial\/duvidas-frequentes\/","title":{"rendered":"D\u00favidas Frequentes"},"content":{"rendered":"<p>Abaixo listamos algumas d\u00favidas mais frequentes. Caso n\u00e3o encontre o que procurava escreva para colegiadodaquimica@gmail.com que iremos te ajudar:<\/p>\n<ul>\n<li><strong>Como fa\u00e7o para obter\u00a0atestado de matr\u00edcula?\u00a0<\/strong>O pr\u00f3prio acad\u00eamico pode baixar o seu atestado de matr\u00edcula atrav\u00e9s do cobalto. O atestado apresenta c\u00f3digo validador ao final da p\u00e1gina, n\u00e3o sendo necess\u00e1ria a assinatura pelo coordenador do curso. Para isso o (a) discente dever\u00e1: fazer\u00a0<i>login<\/i>\u00a0no sistema acad\u00eamico, acessar o menu \u201cAluno\/Consultas\/Matr\u00edcula\u201d e clicar em \u201cImprimir\u201d, ser\u00e1 gerado um arquivo no formato PDF.<\/li>\n<\/ul>\n<ul>\n<li><strong><a href=\"https:\/\/wp.ufpel.edu.br\/cra\/trancamentos\/\">Como fa\u00e7o para\u00a0trancar uma disciplina?<\/a><\/strong><\/li>\n<\/ul>\n<ul>\n<li><strong><a href=\"https:\/\/wp.ufpel.edu.br\/cra\/trancamentos\/\">Como fa\u00e7o para\u00a0trancar o curso\u00a0(Trancamento Geral de Matr\u00edcula \u2013 TGM)?<\/a>\u00a0\u00a0<\/strong>Clique na pergunta e saiba mais.<\/li>\n<\/ul>\n<ul>\n<li><strong><a href=\"https:\/\/wp.ufpel.edu.br\/cra\/matricula\/\">Como fa\u00e7o para solicitar\u00a0matr\u00edcula especial?<\/a><\/strong>\u00a0Clique na pergunta e saiba mais.<\/li>\n<li><strong><a href=\"https:\/\/wp.ufpel.edu.br\/cra\/informacoes-academicas\/avaliacao-segunda-chamada\/\">Como fa\u00e7o para solicitar\u00a0segunda chamada de uma avalia\u00e7\u00e3o perdida?<\/a><\/strong>\u00a0Clique na pergunta e saiba mais.<\/li>\n<li><strong><a href=\"https:\/\/wp.ufpel.edu.br\/cra\/informacoes-academicas\/exercicios-domiciliares\/\">Como fa\u00e7o para solicitar<\/a>\u00a0exerc\u00edcios domiciliares?<\/strong><\/li>\n<li><strong><a href=\"https:\/\/wp.ufpel.edu.br\/cra\/informacoes-academicas\/aproveitamento-de-disciplina\/\">Como fa\u00e7o para\u00a0aproveitar disciplinas\u00a0cursadas em outro curso e\/ou outra institui\u00e7\u00e3o?<\/a><\/strong>\u00a0Clique na pergunta e saiba mais<\/li>\n<\/ul>\n<ul>\n<li><a href=\"https:\/\/wp.ufpel.edu.br\/cra\/transferencia-voluntaria\/\"><strong>Quero saber informa\u00e7\u00f5es sobre\u00a0transfer\u00eancia\u00a0vindo de outra institui\u00e7\u00e3o.<\/strong><\/a>\u00a0Clique na pergunta e saiba mais. IMPORTANTE: As vagas para ingresso nos cursos da UFPel s\u00e3o publicadas e definidas pela Coordena\u00e7\u00e3o de Registros Acad\u00eamicos (CRA). Acesse\u00a0<a href=\"https:\/\/wp.ufpel.edu.br\/cra\/\">https:\/\/wp.ufpel.edu.br\/cra\/<\/a><\/li>\n<\/ul>\n<ul>\n<li><strong><a href=\"https:\/\/wp.ufpel.edu.br\/cra\/reopcao\/\">Quero saber informa\u00e7\u00f5es sobre\u00a0reop\u00e7\u00e3o\u00a0de curso.\u00a0<\/a><\/strong>Clique na pergunta e saiba mais. IMPORTANTE: As vagas para ingresso nos cursos da UFPel s\u00e3o publicadas e definidas pela Coordena\u00e7\u00e3o de Registros Acad\u00eamicos (CRA). Acesse\u00a0<a href=\"https:\/\/wp.ufpel.edu.br\/cra\/\">https:\/\/wp.ufpel.edu.br\/cra\/<\/a><\/li>\n<\/ul>\n<ul>\n<li><strong><a href=\"https:\/\/wp.ufpel.edu.br\/cra\/portador-de-diploma\/\">Quero saber informa\u00e7\u00f5es sobre ingresso como\u00a0portador de diploma.<\/a><\/strong>\u00a0Clique na pergunta e saiba mais. IMPORTANTE: As vagas para ingresso nos cursos da UFPel s\u00e3o publicadas e definidas pela Coordena\u00e7\u00e3o de Registros Acad\u00eamicos (CRA). Acesse\u00a0<a href=\"https:\/\/wp.ufpel.edu.br\/cra\/\">https:\/\/wp.ufpel.edu.br\/cra\/<\/a><\/li>\n<\/ul>\n<ul>\n<li><strong>Quais as linhas e hor\u00e1rios do\u00a0transporte de apoio\u00a0da UFPel?<\/strong>\u00a0 Para saber sobre os hor\u00e1rios dos \u00f4nibus que circulam entre os campi da UFPel clique\u00a0 no link\u00a0 a seguir do site do N\u00facleo de Transporte da UFPel (NUTRANS):\u00a0<a href=\"https:\/\/wp.ufpel.edu.br\/transporte\/transporte-apoio\/\">https:\/\/wp.ufpel.edu.br\/transporte\/transporte-apoio\/<\/a><\/li>\n<\/ul>\n<ul>\n<li><strong>Com qual setor devo entrar em contato para saber sobre\u00a0aux\u00edlio estudantil?<\/strong>\u00a0Para obter informa\u00e7\u00f5es sobre os diversos aux\u00edlios ao estudante (transporte, moradia, etc) deve-se contatar a Pr\u00f3-Reitoria de Assuntos Estudantis (PRAE), clique no link a seguir:\u00a0<a href=\"https:\/\/wp.ufpel.edu.br\/prae\/\">https:\/\/wp.ufpel.edu.br\/prae\/<\/a><\/li>\n<\/ul>\n<ul>\n<li><strong>Onde est\u00e3o localizados os\u00a0Restaurantes Universit\u00e1rios\u00a0(RUs)\u00a0e quais hor\u00e1rios de funcionamento?<\/strong>\u00a0Acesse a p\u00e1gina da Pr\u00f3-Reitoria de Assuntos Estudantis (PRAE) a seguir:\u00a0<a href=\"https:\/\/wp.ufpel.edu.br\/prae\/restaurante-universitario\/enderecos\/\">https:\/\/wp.ufpel.edu.br\/prae\/restaurante-universitario\/enderecos\/\u00a0<\/a><\/li>\n<\/ul>\n<ul>\n<li><strong>Onde fazer a\u00a0foto para a carteirinha de identifica\u00e7\u00e3o\u00a0de estudante da UFPel?<\/strong>\u00a0A fotografia para o documento de identifica\u00e7\u00e3o da UFPel poder\u00e1 ser enviada pelo\u00a0<a href=\"https:\/\/cobalto.ufpel.edu.br\/\">sistema Cobalto<\/a>. A novidade vem para desburocratizar o processo. Anteriormente, a fotografia era obrigatoriamente feita em uma das bibliotecas da Universidade. Agora, o estudante poder\u00e1 enviar sua pr\u00f3pria fotografia, acessando o menu Servi\u00e7os Gerais \u2192 Cadastros \u2192 Envio de foto para o Crach\u00e1 (localizado \u00e0 esquerda). O passo a passo est\u00e1 explicado\u00a0<a href=\"https:\/\/wikicobalto.ufpel.edu.br\/suporte:sg:atualizafoto\">aqui<\/a>.<\/li>\n<\/ul>\n","protected":false},"excerpt":{"rendered":"<p>Abaixo listamos algumas d\u00favidas mais frequentes. Caso n\u00e3o encontre o que procurava escreva para colegiadodaquimica@gmail.com que iremos te ajudar: Como fa\u00e7o para obter\u00a0atestado de matr\u00edcula?\u00a0O pr\u00f3prio acad\u00eamico pode baixar o seu atestado de matr\u00edcula atrav\u00e9s do cobalto. O atestado apresenta &hellip; <a href=\"https:\/\/wp.ufpel.edu.br\/quimicaindustrial\/duvidas-frequentes\/\">Continue lendo <span class=\"meta-nav\">&rarr;<\/span><\/a><\/p>\n","protected":false},"author":92,"featured_media":0,"parent":0,"menu_order":0,"comment_status":"closed","ping_status":"closed","template":"","meta":{"footnotes":""},"class_list":["post-1788","page","type-page","status-publish","hentry"],"_links":{"self":[{"href":"https:\/\/wp.ufpel.edu.br\/quimicaindustrial\/wp-json\/wp\/v2\/pages\/1788","targetHints":{"allow":["GET"]}}],"collection":[{"href":"https:\/\/wp.ufpel.edu.br\/quimicaindustrial\/wp-json\/wp\/v2\/pages"}],"about":[{"href":"https:\/\/wp.ufpel.edu.br\/quimicaindustrial\/wp-json\/wp\/v2\/types\/page"}],"author":[{"embeddable":true,"href":"https:\/\/wp.ufpel.edu.br\/quimicaindustrial\/wp-json\/wp\/v2\/users\/92"}],"replies":[{"embeddable":true,"href":"https:\/\/wp.ufpel.edu.br\/quimicaindustrial\/wp-json\/wp\/v2\/comments?post=1788"}],"version-history":[{"count":1,"href":"https:\/\/wp.ufpel.edu.br\/quimicaindustrial\/wp-json\/wp\/v2\/pages\/1788\/revisions"}],"predecessor-version":[{"id":1790,"href":"https:\/\/wp.ufpel.edu.br\/quimicaindustrial\/wp-json\/wp\/v2\/pages\/1788\/revisions\/1790"}],"wp:attachment":[{"href":"https:\/\/wp.ufpel.edu.br\/quimicaindustrial\/wp-json\/wp\/v2\/media?parent=1788"}],"curies":[{"name":"wp","href":"https:\/\/api.w.org\/{rel}","templated":true}]}}