{"id":1619,"date":"2022-02-01T14:28:46","date_gmt":"2022-02-01T17:28:46","guid":{"rendered":"https:\/\/wp.ufpel.edu.br\/quimicaindustrial\/?page_id=1619"},"modified":"2022-02-01T14:28:46","modified_gmt":"2022-02-01T17:28:46","slug":"estagios-informacao-importante","status":"publish","type":"page","link":"https:\/\/wp.ufpel.edu.br\/quimicaindustrial\/estagio\/estagios-informacao-importante\/","title":{"rendered":"Est\u00e1gios &#8211; Informa\u00e7\u00e3o Importante"},"content":{"rendered":"<p><strong>Aten\u00e7\u00e3o: Nenhum est\u00e1gio deve ser iniciado sem o conhecimento do N\u00facleo de Est\u00e1gios e a documenta\u00e7\u00e3o necess\u00e1ria, sob pena do est\u00e1gio n\u00e3o ser validado.<\/strong><\/p>\n<p>Entrar em contato com as Professoras: Daniela Bianchini (danielabianchini.ufpel@gmail.com), Adriane Medeiros Nunes (adriane.mn@hotmail.com) ou Grac\u00e9lie Serpa Schulz (grac\u00e9lie.serpa@gmail.com).<\/p>\n","protected":false},"excerpt":{"rendered":"<p>Aten\u00e7\u00e3o: Nenhum est\u00e1gio deve ser iniciado sem o conhecimento do N\u00facleo de Est\u00e1gios e a documenta\u00e7\u00e3o necess\u00e1ria, sob pena do est\u00e1gio n\u00e3o ser validado. Entrar em contato com as Professoras: Daniela Bianchini (danielabianchini.ufpel@gmail.com), Adriane Medeiros Nunes (adriane.mn@hotmail.com) ou Grac\u00e9lie Serpa &hellip; <a href=\"https:\/\/wp.ufpel.edu.br\/quimicaindustrial\/estagio\/estagios-informacao-importante\/\">Continue lendo <span class=\"meta-nav\">&rarr;<\/span><\/a><\/p>\n","protected":false},"author":92,"featured_media":0,"parent":344,"menu_order":1,"comment_status":"closed","ping_status":"closed","template":"","meta":{"footnotes":""},"class_list":["post-1619","page","type-page","status-publish","hentry"],"_links":{"self":[{"href":"https:\/\/wp.ufpel.edu.br\/quimicaindustrial\/wp-json\/wp\/v2\/pages\/1619","targetHints":{"allow":["GET"]}}],"collection":[{"href":"https:\/\/wp.ufpel.edu.br\/quimicaindustrial\/wp-json\/wp\/v2\/pages"}],"about":[{"href":"https:\/\/wp.ufpel.edu.br\/quimicaindustrial\/wp-json\/wp\/v2\/types\/page"}],"author":[{"embeddable":true,"href":"https:\/\/wp.ufpel.edu.br\/quimicaindustrial\/wp-json\/wp\/v2\/users\/92"}],"replies":[{"embeddable":true,"href":"https:\/\/wp.ufpel.edu.br\/quimicaindustrial\/wp-json\/wp\/v2\/comments?post=1619"}],"version-history":[{"count":1,"href":"https:\/\/wp.ufpel.edu.br\/quimicaindustrial\/wp-json\/wp\/v2\/pages\/1619\/revisions"}],"predecessor-version":[{"id":1621,"href":"https:\/\/wp.ufpel.edu.br\/quimicaindustrial\/wp-json\/wp\/v2\/pages\/1619\/revisions\/1621"}],"up":[{"embeddable":true,"href":"https:\/\/wp.ufpel.edu.br\/quimicaindustrial\/wp-json\/wp\/v2\/pages\/344"}],"wp:attachment":[{"href":"https:\/\/wp.ufpel.edu.br\/quimicaindustrial\/wp-json\/wp\/v2\/media?parent=1619"}],"curies":[{"name":"wp","href":"https:\/\/api.w.org\/{rel}","templated":true}]}}